{"id":261,"date":"2025-07-21T10:22:31","date_gmt":"2025-07-21T10:22:31","guid":{"rendered":"https:\/\/otakuoshi.com\/?page_id=261"},"modified":"2025-07-21T10:22:32","modified_gmt":"2025-07-21T10:22:32","slug":"cosplay-modelle","status":"publish","type":"page","link":"https:\/\/otakuoshi.com\/de\/cosplay-modelle\/","title":{"rendered":"Cosplay-Modelle"},"content":{"rendered":"<p><strong>Wer sind die Cosplay-Models?<\/strong>&nbsp;Cosplay-Modelle sind K\u00fcnstler, die sich darauf spezialisiert haben, Anime-, Manga-, Videospiel- und Filmfiguren durch detaillierte Kost\u00fcme und fotografische Darbietungen zum Leben zu erwecken. Neben der Herstellung und dem Tragen atemberaubender Kost\u00fcme fangen diese Models das Wesen und die Haltung der Figuren ein und schaffen Bilder, die die Otaku-Gemeinschaft verbl\u00fcffen und inspirieren.<\/p>\n\n\n\n<p><strong>Wie funktionieren Cosplay-Modelle?<\/strong>&nbsp;Der Arbeitsprozess eines Cosplay-Models ist eine Mischung aus Kreativit\u00e4t, Handwerkskunst und Kameraf\u00fchrung. Hier zeigen wir dir, wie sie ihre Kunst entwickelt:<\/p>\n\n\n\n<ol class=\"wp-block-list\">\n<li><strong>Auswahl der Zeichen<\/strong>\u00a0Die Models w\u00e4hlen Figuren aus, die ihnen am Herzen liegen und von denen sie glauben, dass sie sie \u00fcberzeugend spielen k\u00f6nnen. Diese Auswahl ist wichtig, um eine echte Verbindung mit der Figur herzustellen.<\/li>\n\n\n\n<li><strong>Forschung und Design<\/strong>\u00a0Bevor sie mit der Anfertigung des Kost\u00fcms beginnen, erforschen die Modelle jedes Detail der Figur, vom Kost\u00fcm \u00fcber die Accessoires bis hin zum Make-up. In dieser Phase wird sichergestellt, dass das Cosplay so originalgetreu wie m\u00f6glich ist.<\/li>\n\n\n\n<li><strong>Anfertigung des Kost\u00fcms<\/strong>\u00a0Cosplay-Modelle stellen ihre Kost\u00fcme mit verschiedenen N\u00e4h- und Fertigungstechniken her. Dazu kann die Verwendung spezieller Materialien zur Herstellung von R\u00fcstungen, Waffen und anderen komplexen Gegenst\u00e4nden geh\u00f6ren.<\/li>\n\n\n\n<li><strong>Make-up und Friseur<\/strong>\u00a0Um die Verwandlung zu vervollst\u00e4ndigen, tragen die Models Make-up und stilisierte Per\u00fccken, die das Aussehen der Figur nachahmen. Um ein authentisches und \u00fcberzeugendes Aussehen zu erreichen, ist die Liebe zum Detail entscheidend.<\/li>\n\n\n\n<li><strong>Foto-Sessions<\/strong>\u00a0Sobald das Kost\u00fcm fertig ist, nehmen die Models an professionellen Fotoshootings teil. Sie arbeiten mit spezialisierten Cosplay-Fotografen zusammen, um das Wesen des Charakters in qualitativ hochwertigen Bildern einzufangen.<\/li>\n\n\n\n<li><strong>Schnitt und Postproduktion<\/strong>\u00a0Die Fotos werden bearbeitet, um die Qualit\u00e4t zu verbessern und Spezialeffekte hinzuzuf\u00fcgen, um die Arbeit aufzuwerten. Dieser Schritt gew\u00e4hrleistet, dass die endg\u00fcltigen Bilder beeindruckend sind und der Vision des Models entsprechen.<\/li>\n\n\n\n<li><strong>Ver\u00f6ffentlichung und Werbung<\/strong>\u00a0Cosplay-Models stellen ihre Fotos in sozialen Medien, auf spezialisierten Websites und auf Abonnement-Plattformen zur Verf\u00fcgung. Werbung ist der Schl\u00fcssel, um ein gr\u00f6\u00dferes Publikum zu erreichen und eine treue Fangemeinde aufzubauen.<\/li>\n<\/ol>\n\n\n\n<p><strong>Verbinde dich mit deinen Lieblings-Cosplay-Models<\/strong>&nbsp;Auf unserer Plattform k\u00f6nnen Sie direkt mit den Cosplay-Models in Kontakt treten, die Sie bewundern. Sie erhalten Zugang zu exklusiven Inhalten wie Make-up- und Kost\u00fcm-Tutorials, Blicken hinter die Kulissen und unver\u00f6ffentlichten Fotos. Unterst\u00fctze ihre Kunst und sei Teil ihrer kreativen Reise. Mit einem Abonnement genie\u00dft du privilegierten Zugang zu ihrer Arbeit und hilfst ihnen dabei, weiterhin die erstaunlichen Kost\u00fcme zu kreieren, die dich so sehr inspirieren werden.<\/p>\n\n\n\n<p>Tritt unserer Community bei und entdecke noch heute die faszinierende Welt der Cosplay-Modelle!<\/p>","protected":false},"excerpt":{"rendered":"<p>\u00bfQuienes son los Modelos de Cosplay?&nbsp;Los modelos de cosplay son artistas que se especializan en dar vida a personajes de anime, manga, videojuegos y pel\u00edculas&hellip;<\/p>","protected":false},"author":1,"featured_media":0,"parent":0,"menu_order":0,"comment_status":"closed","ping_status":"closed","template":"","meta":{"footnotes":""},"class_list":["post-261","page","type-page","status-publish","hentry"],"yoast_head":"<!-- This site is optimized with the Yoast SEO plugin v26.8 - https:\/\/yoast.com\/product\/yoast-seo-wordpress\/ -->\n<title>Modelos de cosplay<\/title>\n<meta name=\"robots\" content=\"index, follow, max-snippet:-1, max-image-preview:large, max-video-preview:-1\" \/>\n<link rel=\"canonical\" href=\"https:\/\/otakuoshi.com\/de\/cosplay-modelle\/\" \/>\n<meta property=\"og:locale\" content=\"de_DE\" \/>\n<meta property=\"og:type\" content=\"article\" \/>\n<meta property=\"og:title\" content=\"Modelos de cosplay\" \/>\n<meta property=\"og:description\" content=\"\u00bfQuienes son los Modelos de Cosplay?&nbsp;Los modelos de cosplay son artistas que se especializan en dar vida a personajes de anime, manga, videojuegos y pel\u00edculas&hellip;\" \/>\n<meta property=\"og:url\" content=\"https:\/\/otakuoshi.com\/de\/cosplay-modelle\/\" \/>\n<meta property=\"og:site_name\" content=\"OtakuOshi\" \/>\n<meta property=\"article:modified_time\" content=\"2025-07-21T10:22:32+00:00\" \/>\n<meta property=\"og:image\" content=\"https:\/\/otakuoshi.com\/wp-content\/uploads\/2025\/07\/cropped-logo.jpg\" \/>\n\t<meta property=\"og:image:width\" content=\"512\" \/>\n\t<meta property=\"og:image:height\" content=\"512\" \/>\n\t<meta property=\"og:image:type\" content=\"image\/jpeg\" \/>\n<meta name=\"twitter:card\" content=\"summary_large_image\" \/>\n<meta name=\"twitter:site\" content=\"@OtakuOshi\" \/>\n<meta name=\"twitter:label1\" content=\"Gesch\u00e4tzte Lesezeit\" \/>\n\t<meta name=\"twitter:data1\" content=\"2\u00a0Minuten\" \/>\n<script type=\"application\/ld+json\" class=\"yoast-schema-graph\">{\"@context\":\"https:\/\/schema.org\",\"@graph\":[{\"@type\":\"WebPage\",\"@id\":\"https:\/\/otakuoshi.com\/modelos-de-cosplay\/\",\"url\":\"https:\/\/otakuoshi.com\/modelos-de-cosplay\/\",\"name\":\"Modelos de cosplay\",\"isPartOf\":{\"@id\":\"https:\/\/otakuoshi.com\/#website\"},\"datePublished\":\"2025-07-21T10:22:31+00:00\",\"dateModified\":\"2025-07-21T10:22:32+00:00\",\"breadcrumb\":{\"@id\":\"https:\/\/otakuoshi.com\/modelos-de-cosplay\/#breadcrumb\"},\"inLanguage\":\"de\",\"potentialAction\":[{\"@type\":\"ReadAction\",\"target\":[\"https:\/\/otakuoshi.com\/modelos-de-cosplay\/\"]}]},{\"@type\":\"BreadcrumbList\",\"@id\":\"https:\/\/otakuoshi.com\/modelos-de-cosplay\/#breadcrumb\",\"itemListElement\":[{\"@type\":\"ListItem\",\"position\":1,\"name\":\"Home\",\"item\":\"https:\/\/otakuoshi.com\/\"},{\"@type\":\"ListItem\",\"position\":2,\"name\":\"Modelos de cosplay\"}]},{\"@type\":\"WebSite\",\"@id\":\"https:\/\/otakuoshi.com\/#website\",\"url\":\"https:\/\/otakuoshi.com\/\",\"name\":\"OtakuOshi\",\"description\":\"\",\"publisher\":{\"@id\":\"https:\/\/otakuoshi.com\/#organization\"},\"alternateName\":\"Otaku Oshi\",\"potentialAction\":[{\"@type\":\"SearchAction\",\"target\":{\"@type\":\"EntryPoint\",\"urlTemplate\":\"https:\/\/otakuoshi.com\/?s={search_term_string}\"},\"query-input\":{\"@type\":\"PropertyValueSpecification\",\"valueRequired\":true,\"valueName\":\"search_term_string\"}}],\"inLanguage\":\"de\"},{\"@type\":\"Organization\",\"@id\":\"https:\/\/otakuoshi.com\/#organization\",\"name\":\"OtakuOshi\",\"url\":\"https:\/\/otakuoshi.com\/\",\"logo\":{\"@type\":\"ImageObject\",\"inLanguage\":\"de\",\"@id\":\"https:\/\/otakuoshi.com\/#\/schema\/logo\/image\/\",\"url\":\"https:\/\/otakuoshi.com\/wp-content\/uploads\/2025\/07\/logo.jpg\",\"contentUrl\":\"https:\/\/otakuoshi.com\/wp-content\/uploads\/2025\/07\/logo.jpg\",\"width\":458,\"height\":164,\"caption\":\"OtakuOshi\"},\"image\":{\"@id\":\"https:\/\/otakuoshi.com\/#\/schema\/logo\/image\/\"},\"sameAs\":[\"https:\/\/x.com\/OtakuOshi\"]}]}<\/script>\n<!-- \/ Yoast SEO plugin. -->","yoast_head_json":{"title":"Cosplay-Modelle","robots":{"index":"index","follow":"follow","max-snippet":"max-snippet:-1","max-image-preview":"max-image-preview:large","max-video-preview":"max-video-preview:-1"},"canonical":"https:\/\/otakuoshi.com\/de\/cosplay-modelle\/","og_locale":"de_DE","og_type":"article","og_title":"Modelos de cosplay","og_description":"\u00bfQuienes son los Modelos de Cosplay?&nbsp;Los modelos de cosplay son artistas que se especializan en dar vida a personajes de anime, manga, videojuegos y pel\u00edculas&hellip;","og_url":"https:\/\/otakuoshi.com\/de\/cosplay-modelle\/","og_site_name":"OtakuOshi","article_modified_time":"2025-07-21T10:22:32+00:00","og_image":[{"width":512,"height":512,"url":"https:\/\/otakuoshi.com\/wp-content\/uploads\/2025\/07\/cropped-logo.jpg","type":"image\/jpeg"}],"twitter_card":"summary_large_image","twitter_site":"@OtakuOshi","twitter_misc":{"Gesch\u00e4tzte Lesezeit":"2\u00a0Minuten"},"schema":{"@context":"https:\/\/schema.org","@graph":[{"@type":"WebPage","@id":"https:\/\/otakuoshi.com\/modelos-de-cosplay\/","url":"https:\/\/otakuoshi.com\/modelos-de-cosplay\/","name":"Cosplay-Modelle","isPartOf":{"@id":"https:\/\/otakuoshi.com\/#website"},"datePublished":"2025-07-21T10:22:31+00:00","dateModified":"2025-07-21T10:22:32+00:00","breadcrumb":{"@id":"https:\/\/otakuoshi.com\/modelos-de-cosplay\/#breadcrumb"},"inLanguage":"de","potentialAction":[{"@type":"ReadAction","target":["https:\/\/otakuoshi.com\/modelos-de-cosplay\/"]}]},{"@type":"BreadcrumbList","@id":"https:\/\/otakuoshi.com\/modelos-de-cosplay\/#breadcrumb","itemListElement":[{"@type":"ListItem","position":1,"name":"Home","item":"https:\/\/otakuoshi.com\/"},{"@type":"ListItem","position":2,"name":"Modelos de cosplay"}]},{"@type":"WebSite","@id":"https:\/\/otakuoshi.com\/#website","url":"https:\/\/otakuoshi.com\/","name":"OtakuOshi","description":"","publisher":{"@id":"https:\/\/otakuoshi.com\/#organization"},"alternateName":"Otaku Oshi","potentialAction":[{"@type":"SearchAction","target":{"@type":"EntryPoint","urlTemplate":"https:\/\/otakuoshi.com\/?s={search_term_string}"},"query-input":{"@type":"PropertyValueSpecification","valueRequired":true,"valueName":"search_term_string"}}],"inLanguage":"de"},{"@type":"Organization","@id":"https:\/\/otakuoshi.com\/#organization","name":"OtakuOshi","url":"https:\/\/otakuoshi.com\/","logo":{"@type":"ImageObject","inLanguage":"de","@id":"https:\/\/otakuoshi.com\/#\/schema\/logo\/image\/","url":"https:\/\/otakuoshi.com\/wp-content\/uploads\/2025\/07\/logo.jpg","contentUrl":"https:\/\/otakuoshi.com\/wp-content\/uploads\/2025\/07\/logo.jpg","width":458,"height":164,"caption":"OtakuOshi"},"image":{"@id":"https:\/\/otakuoshi.com\/#\/schema\/logo\/image\/"},"sameAs":["https:\/\/x.com\/OtakuOshi"]}]}},"_links":{"self":[{"href":"https:\/\/otakuoshi.com\/de\/wp-json\/wp\/v2\/pages\/261","targetHints":{"allow":["GET"]}}],"collection":[{"href":"https:\/\/otakuoshi.com\/de\/wp-json\/wp\/v2\/pages"}],"about":[{"href":"https:\/\/otakuoshi.com\/de\/wp-json\/wp\/v2\/types\/page"}],"author":[{"embeddable":true,"href":"https:\/\/otakuoshi.com\/de\/wp-json\/wp\/v2\/users\/1"}],"replies":[{"embeddable":true,"href":"https:\/\/otakuoshi.com\/de\/wp-json\/wp\/v2\/comments?post=261"}],"version-history":[{"count":0,"href":"https:\/\/otakuoshi.com\/de\/wp-json\/wp\/v2\/pages\/261\/revisions"}],"wp:attachment":[{"href":"https:\/\/otakuoshi.com\/de\/wp-json\/wp\/v2\/media?parent=261"}],"curies":[{"name":"wp","href":"https:\/\/api.w.org\/{rel}","templated":true}]}}