{"id":262,"date":"2025-07-21T10:22:54","date_gmt":"2025-07-21T10:22:54","guid":{"rendered":"https:\/\/otakuoshi.com\/?page_id=262"},"modified":"2025-07-21T10:22:55","modified_gmt":"2025-07-21T10:22:55","slug":"cosplay-fotografen","status":"publish","type":"page","link":"https:\/\/otakuoshi.com\/de\/cosplay-fotografen\/","title":{"rendered":"Cosplay-Fotografen"},"content":{"rendered":"<p><strong>Wer sind die Cosplay-Fotografen?<\/strong>&nbsp;Cosplay-Fotografen sind Fotografen, die sich darauf spezialisiert haben, das Wesentliche von Cosplayern und ihren Kost\u00fcmen einzufangen. Mit ihren F\u00e4higkeiten in Fotografie und visueller Kunst schaffen diese Profis atemberaubende Bilder, die das Talent und den Aufwand der Cosplayer hervorheben und fl\u00fcchtige Momente in bleibende Erinnerungen und Kunstwerke verwandeln.<\/p>\n\n\n\n<p><strong>Wie arbeiten Cosplay-Fotografen?<\/strong>&nbsp;Die Arbeit eines Cosplay-Fotografen ist sowohl technisch als auch k\u00fcnstlerisch und erfordert ein tiefes Verst\u00e4ndnis von Fotografie und Cosplay-Kultur. Hier zeigen wir Ihnen seinen Prozess:<\/p>\n\n\n\n<ol class=\"wp-block-list\">\n<li><strong>Planung und Konzeptionierung<\/strong>\u00a0Die Fotografen arbeiten mit den Cosplayern zusammen, um die Fotoshootings zu planen. Sie besprechen das Konzept, den Charakter und die Details des Kost\u00fcms, um sicherzustellen, dass das Shooting die Essenz des Charakters widerspiegelt.<\/li>\n\n\n\n<li><strong>Auswahl des Standorts<\/strong>\u00a0Die Wahl des Drehorts ist entscheidend. Die Fotografen suchen nach Schaupl\u00e4tzen, die die Figur und das Kost\u00fcm erg\u00e4nzen, von Studios mit speziellen Kulissen bis hin zu Au\u00dfenbereichen, die den Kontext der Figur hervorheben.<\/li>\n\n\n\n<li><strong>Technische Vorbereitung<\/strong>\u00a0Fotografen richten ihre Ausr\u00fcstung ein, einschlie\u00dflich Kameras, Objektive, Beleuchtung und anderes Zubeh\u00f6r. Sie passen die Kameraeinstellungen entsprechend den Lichtverh\u00e4ltnissen und der Umgebung an, um qualitativ hochwertige Fotos zu erhalten.<\/li>\n\n\n\n<li><strong>Foto-Shooting<\/strong>\u00a0W\u00e4hrend der Fotosession leiten die Fotografen die Cosplayer an und schlagen Posen und Blickwinkel vor, die die Details des Kost\u00fcms und die Pers\u00f6nlichkeit des Charakters hervorheben. Sie verwenden Fototechniken, um das beste Licht und die beste Komposition einzufangen.<\/li>\n\n\n\n<li><strong>Schnitt und Postproduktion<\/strong>\u00a0Nach dem Shooting bearbeiten die Fotografen die Fotos, um die Qualit\u00e4t zu verbessern, die Farben anzupassen und gegebenenfalls Spezialeffekte hinzuzuf\u00fcgen. Dazu kann auch eine Retusche geh\u00f6ren, um Unvollkommenheiten zu entfernen und die Details des Kost\u00fcms zu verbessern.<\/li>\n\n\n\n<li><strong>Lieferung und Ver\u00f6ffentlichung<\/strong>\u00a0Die endg\u00fcltigen Fotos werden den Cosplayern zur Verf\u00fcgung gestellt und auf sozialen Medien, Online-Portfolios und speziellen Plattformen ver\u00f6ffentlicht. Die Fotografen k\u00f6nnen ihre Arbeiten auch f\u00fcr Ausstellungen und Fotowettbewerbe einreichen.<\/li>\n\n\n\n<li><strong>Interaktion mit der Gemeinschaft<\/strong>\u00a0Die Fotografen tauschen ihre Arbeiten aus und arbeiten mit anderen Fachleuten und Cosplay-Fans zusammen. Diese Interaktion ist der Schl\u00fcssel zur Vernetzung und zur weiteren Verbesserung ihrer F\u00e4higkeiten.<\/li>\n<\/ol>\n\n\n\n<p><strong>Verbinde dich mit deinen Lieblings-Cosplay-Fotografen<\/strong>&nbsp;Auf unserer Plattform k\u00f6nnen Sie direkt mit Cosplay-Fotografen in Kontakt treten, die Sie bewundern. Sie erhalten Zugang zu exklusiven Inhalten wie Fotoshootings hinter den Kulissen, Fototutorials und speziellen Bearbeitungen. Unterst\u00fctze ihre Kunst und sei ein Teil ihrer kreativen Reise. Mit einem Abonnement genie\u00dft du privilegierten Zugang zu ihrer Arbeit und hilfst ihnen, weiterhin die atemberaubenden Cosplay-Fotos zu erstellen, die dich so sehr inspirieren werden.<\/p>\n\n\n\n<p>Treten Sie unserer Community bei und entdecken Sie noch heute die faszinierende Welt der Cosplay-Fotografen!<\/p>","protected":false},"excerpt":{"rendered":"<p>\u00bfQui\u00e9nes son los fot\u00f3grafos de cosplay?&nbsp;Los fot\u00f3grafos de cosplay son fot\u00f3grafos especializados en capturar la esencia de los cosplayers y sus disfraces. Utilizando su habilidad&hellip;<\/p>","protected":false},"author":1,"featured_media":0,"parent":0,"menu_order":0,"comment_status":"closed","ping_status":"closed","template":"","meta":{"footnotes":""},"class_list":["post-262","page","type-page","status-publish","hentry"],"yoast_head":"<!-- This site is optimized with the Yoast SEO plugin v26.8 - https:\/\/yoast.com\/product\/yoast-seo-wordpress\/ -->\n<title>Fot\u00f3grafos de cosplay<\/title>\n<meta name=\"robots\" content=\"index, follow, max-snippet:-1, max-image-preview:large, max-video-preview:-1\" \/>\n<link rel=\"canonical\" href=\"https:\/\/otakuoshi.com\/de\/cosplay-fotografen\/\" \/>\n<meta property=\"og:locale\" content=\"de_DE\" \/>\n<meta property=\"og:type\" content=\"article\" \/>\n<meta property=\"og:title\" content=\"Fot\u00f3grafos de cosplay\" \/>\n<meta property=\"og:description\" content=\"\u00bfQui\u00e9nes son los fot\u00f3grafos de cosplay?&nbsp;Los fot\u00f3grafos de cosplay son fot\u00f3grafos especializados en capturar la esencia de los cosplayers y sus disfraces. Utilizando su habilidad&hellip;\" \/>\n<meta property=\"og:url\" content=\"https:\/\/otakuoshi.com\/de\/cosplay-fotografen\/\" \/>\n<meta property=\"og:site_name\" content=\"OtakuOshi\" \/>\n<meta property=\"article:modified_time\" content=\"2025-07-21T10:22:55+00:00\" \/>\n<meta property=\"og:image\" content=\"https:\/\/otakuoshi.com\/wp-content\/uploads\/2025\/07\/cropped-logo.jpg\" \/>\n\t<meta property=\"og:image:width\" content=\"512\" \/>\n\t<meta property=\"og:image:height\" content=\"512\" \/>\n\t<meta property=\"og:image:type\" content=\"image\/jpeg\" \/>\n<meta name=\"twitter:card\" content=\"summary_large_image\" \/>\n<meta name=\"twitter:site\" content=\"@OtakuOshi\" \/>\n<meta name=\"twitter:label1\" content=\"Gesch\u00e4tzte Lesezeit\" \/>\n\t<meta name=\"twitter:data1\" content=\"2\u00a0Minuten\" \/>\n<script type=\"application\/ld+json\" class=\"yoast-schema-graph\">{\"@context\":\"https:\/\/schema.org\",\"@graph\":[{\"@type\":\"WebPage\",\"@id\":\"https:\/\/otakuoshi.com\/fotografos-de-cosplay\/\",\"url\":\"https:\/\/otakuoshi.com\/fotografos-de-cosplay\/\",\"name\":\"Fot\u00f3grafos de cosplay\",\"isPartOf\":{\"@id\":\"https:\/\/otakuoshi.com\/#website\"},\"datePublished\":\"2025-07-21T10:22:54+00:00\",\"dateModified\":\"2025-07-21T10:22:55+00:00\",\"breadcrumb\":{\"@id\":\"https:\/\/otakuoshi.com\/fotografos-de-cosplay\/#breadcrumb\"},\"inLanguage\":\"de\",\"potentialAction\":[{\"@type\":\"ReadAction\",\"target\":[\"https:\/\/otakuoshi.com\/fotografos-de-cosplay\/\"]}]},{\"@type\":\"BreadcrumbList\",\"@id\":\"https:\/\/otakuoshi.com\/fotografos-de-cosplay\/#breadcrumb\",\"itemListElement\":[{\"@type\":\"ListItem\",\"position\":1,\"name\":\"Home\",\"item\":\"https:\/\/otakuoshi.com\/\"},{\"@type\":\"ListItem\",\"position\":2,\"name\":\"Fot\u00f3grafos de cosplay\"}]},{\"@type\":\"WebSite\",\"@id\":\"https:\/\/otakuoshi.com\/#website\",\"url\":\"https:\/\/otakuoshi.com\/\",\"name\":\"OtakuOshi\",\"description\":\"\",\"publisher\":{\"@id\":\"https:\/\/otakuoshi.com\/#organization\"},\"alternateName\":\"Otaku Oshi\",\"potentialAction\":[{\"@type\":\"SearchAction\",\"target\":{\"@type\":\"EntryPoint\",\"urlTemplate\":\"https:\/\/otakuoshi.com\/?s={search_term_string}\"},\"query-input\":{\"@type\":\"PropertyValueSpecification\",\"valueRequired\":true,\"valueName\":\"search_term_string\"}}],\"inLanguage\":\"de\"},{\"@type\":\"Organization\",\"@id\":\"https:\/\/otakuoshi.com\/#organization\",\"name\":\"OtakuOshi\",\"url\":\"https:\/\/otakuoshi.com\/\",\"logo\":{\"@type\":\"ImageObject\",\"inLanguage\":\"de\",\"@id\":\"https:\/\/otakuoshi.com\/#\/schema\/logo\/image\/\",\"url\":\"https:\/\/otakuoshi.com\/wp-content\/uploads\/2025\/07\/logo.jpg\",\"contentUrl\":\"https:\/\/otakuoshi.com\/wp-content\/uploads\/2025\/07\/logo.jpg\",\"width\":458,\"height\":164,\"caption\":\"OtakuOshi\"},\"image\":{\"@id\":\"https:\/\/otakuoshi.com\/#\/schema\/logo\/image\/\"},\"sameAs\":[\"https:\/\/x.com\/OtakuOshi\"]}]}<\/script>\n<!-- \/ Yoast SEO plugin. -->","yoast_head_json":{"title":"Cosplay-Fotografen","robots":{"index":"index","follow":"follow","max-snippet":"max-snippet:-1","max-image-preview":"max-image-preview:large","max-video-preview":"max-video-preview:-1"},"canonical":"https:\/\/otakuoshi.com\/de\/cosplay-fotografen\/","og_locale":"de_DE","og_type":"article","og_title":"Fot\u00f3grafos de cosplay","og_description":"\u00bfQui\u00e9nes son los fot\u00f3grafos de cosplay?&nbsp;Los fot\u00f3grafos de cosplay son fot\u00f3grafos especializados en capturar la esencia de los cosplayers y sus disfraces. Utilizando su habilidad&hellip;","og_url":"https:\/\/otakuoshi.com\/de\/cosplay-fotografen\/","og_site_name":"OtakuOshi","article_modified_time":"2025-07-21T10:22:55+00:00","og_image":[{"width":512,"height":512,"url":"https:\/\/otakuoshi.com\/wp-content\/uploads\/2025\/07\/cropped-logo.jpg","type":"image\/jpeg"}],"twitter_card":"summary_large_image","twitter_site":"@OtakuOshi","twitter_misc":{"Gesch\u00e4tzte Lesezeit":"2\u00a0Minuten"},"schema":{"@context":"https:\/\/schema.org","@graph":[{"@type":"WebPage","@id":"https:\/\/otakuoshi.com\/fotografos-de-cosplay\/","url":"https:\/\/otakuoshi.com\/fotografos-de-cosplay\/","name":"Cosplay-Fotografen","isPartOf":{"@id":"https:\/\/otakuoshi.com\/#website"},"datePublished":"2025-07-21T10:22:54+00:00","dateModified":"2025-07-21T10:22:55+00:00","breadcrumb":{"@id":"https:\/\/otakuoshi.com\/fotografos-de-cosplay\/#breadcrumb"},"inLanguage":"de","potentialAction":[{"@type":"ReadAction","target":["https:\/\/otakuoshi.com\/fotografos-de-cosplay\/"]}]},{"@type":"BreadcrumbList","@id":"https:\/\/otakuoshi.com\/fotografos-de-cosplay\/#breadcrumb","itemListElement":[{"@type":"ListItem","position":1,"name":"Home","item":"https:\/\/otakuoshi.com\/"},{"@type":"ListItem","position":2,"name":"Fot\u00f3grafos de cosplay"}]},{"@type":"WebSite","@id":"https:\/\/otakuoshi.com\/#website","url":"https:\/\/otakuoshi.com\/","name":"OtakuOshi","description":"","publisher":{"@id":"https:\/\/otakuoshi.com\/#organization"},"alternateName":"Otaku Oshi","potentialAction":[{"@type":"SearchAction","target":{"@type":"EntryPoint","urlTemplate":"https:\/\/otakuoshi.com\/?s={search_term_string}"},"query-input":{"@type":"PropertyValueSpecification","valueRequired":true,"valueName":"search_term_string"}}],"inLanguage":"de"},{"@type":"Organization","@id":"https:\/\/otakuoshi.com\/#organization","name":"OtakuOshi","url":"https:\/\/otakuoshi.com\/","logo":{"@type":"ImageObject","inLanguage":"de","@id":"https:\/\/otakuoshi.com\/#\/schema\/logo\/image\/","url":"https:\/\/otakuoshi.com\/wp-content\/uploads\/2025\/07\/logo.jpg","contentUrl":"https:\/\/otakuoshi.com\/wp-content\/uploads\/2025\/07\/logo.jpg","width":458,"height":164,"caption":"OtakuOshi"},"image":{"@id":"https:\/\/otakuoshi.com\/#\/schema\/logo\/image\/"},"sameAs":["https:\/\/x.com\/OtakuOshi"]}]}},"_links":{"self":[{"href":"https:\/\/otakuoshi.com\/de\/wp-json\/wp\/v2\/pages\/262","targetHints":{"allow":["GET"]}}],"collection":[{"href":"https:\/\/otakuoshi.com\/de\/wp-json\/wp\/v2\/pages"}],"about":[{"href":"https:\/\/otakuoshi.com\/de\/wp-json\/wp\/v2\/types\/page"}],"author":[{"embeddable":true,"href":"https:\/\/otakuoshi.com\/de\/wp-json\/wp\/v2\/users\/1"}],"replies":[{"embeddable":true,"href":"https:\/\/otakuoshi.com\/de\/wp-json\/wp\/v2\/comments?post=262"}],"version-history":[{"count":0,"href":"https:\/\/otakuoshi.com\/de\/wp-json\/wp\/v2\/pages\/262\/revisions"}],"wp:attachment":[{"href":"https:\/\/otakuoshi.com\/de\/wp-json\/wp\/v2\/media?parent=262"}],"curies":[{"name":"wp","href":"https:\/\/api.w.org\/{rel}","templated":true}]}}