{"id":263,"date":"2025-07-21T10:23:37","date_gmt":"2025-07-21T10:23:37","guid":{"rendered":"https:\/\/otakuoshi.com\/?page_id=263"},"modified":"2025-07-21T10:23:39","modified_gmt":"2025-07-21T10:23:39","slug":"fanfiction-autoren","status":"publish","type":"page","link":"https:\/\/otakuoshi.com\/de\/fanfiction-autoren\/","title":{"rendered":"Fanfiction-Autoren"},"content":{"rendered":"<p><strong>Wer sind die Fanfiction-Autoren?<\/strong>&nbsp;Fanfiction-Autoren sind leidenschaftliche Geschichtenerz\u00e4hler, die neue Geschichten auf der Grundlage der Universen und Charaktere ihrer Lieblingsanime, -mangas, -videospiele und -filme erfinden. Diese Autoren nehmen die Elemente, die sie lieben, und erweitern sie. Sie bieten neue Perspektiven, alternative Handlungen und Charakterentwicklungen, die die Fantasie der Fangemeinde anregen.<\/p>\n\n\n\n<p><strong>Wie arbeiten Fanfiction-Autoren?<\/strong>&nbsp;Der Arbeitsprozess von Fanfiction-Autorinnen und -Autoren ist kreativ und detailliert und verbindet die Liebe zum Originalwerk mit ihrer eigenen erz\u00e4hlerischen Vision. Hier sehen Sie, wie sie ihre Geschichten entwickeln:<\/p>\n\n\n\n<ol class=\"wp-block-list\">\n<li><strong>Universum und Charakterauswahl<\/strong>\u00a0Die Autoren w\u00e4hlen das Universum und die Figuren aus, \u00fcber die sie schreiben wollen. Dies geschieht auf der Grundlage ihrer pers\u00f6nlichen Verbindung und ihres Interesses an der Erforschung neuer Geschichten innerhalb dieser Welt.<\/li>\n\n\n\n<li><strong>Grundst\u00fccksentwicklung<\/strong>\u00a0Erstellen Sie eine Handlung, die von kleinen Vignetten aus dem Alltagsleben der Figuren bis hin zu epischen, alternativen Sagen reichen kann. Die Handlung kann Originalelemente enthalten oder Ereignisse aus dem Originalwerk neu interpretieren.<\/li>\n\n\n\n<li><strong>Erstellung von Charakterskizzen<\/strong>\u00a0Obwohl die Charaktere bereits existieren, entwickeln Fanfiction-Autoren oft tiefere Charakterzeichnungen, in denen sie ihre Motivationen, Gef\u00fchle und Hintergr\u00fcnde detaillierter erforschen.<\/li>\n\n\n\n<li><strong>Schreiben des ersten Entwurfs<\/strong>\u00a0Die Autorinnen und Autoren beginnen mit dem Schreiben des ersten Entwurfs ihrer Fanfiction. Dieser Prozess kann flie\u00dfend oder geplant sein, je nach dem Stil des Autors. Wichtig ist, dass die Essenz der Figuren und des Universums erfasst wird, w\u00e4hrend sich die neue Geschichte entwickelt.<\/li>\n\n\n\n<li><strong>Korrektorat und Lektorat<\/strong>\u00a0Nach Fertigstellung des ersten Entwurfs \u00fcberarbeiten und redigieren die Autoren ihre Arbeit. Dies kann die Korrektur von grammatikalischen Fehlern, die Verbesserung der erz\u00e4hlerischen Koh\u00e4renz und die Anpassung von Dialogen und Beschreibungen beinhalten.<\/li>\n\n\n\n<li><strong>Feedback und Beta-Lesen<\/strong>\u00a0Viele Fanfiction-Autorinnen und -Autoren geben ihre Entw\u00fcrfe an Beta-Leserinnen und -Leser (Testleserinnen und -leser) weiter, die ihnen Feedback und Verbesserungsvorschl\u00e4ge f\u00fcr die Geschichte geben. Dieser Schritt ist entscheidend f\u00fcr den Feinschliff des endg\u00fcltigen Werks.<\/li>\n\n\n\n<li><strong>Ver\u00f6ffentlichung und Weitergabe<\/strong>\u00a0Die Autorinnen und Autoren ver\u00f6ffentlichen ihre Fanfiction auf speziellen Online-Plattformen wie Archive of Our Own (AO3), FanFiction.net und Wattpad. Sie teilen ihre Geschichten auch in sozialen Medien und Fan-Foren, um ein gr\u00f6\u00dferes Publikum zu erreichen.<\/li>\n<\/ol>\n\n\n\n<p><strong>Verbinde dich mit deinen Lieblings-Fanfiction-Autoren<\/strong>&nbsp;Auf unserer Plattform k\u00f6nnen Sie direkt mit den Fanfiction-Autoren in Kontakt treten, die Sie lieben. Sie erhalten Zugang zu exklusiven Inhalten, darunter unver\u00f6ffentlichte Kapitel, Notizen der Autoren und Einblicke in ihre Schreibprozesse. Unterst\u00fctze ihre Kunst und sei ein Teil ihrer kreativen Reise. Mit einem Abonnement genie\u00dft du privilegierten Zugang zu ihren Geschichten und hilfst ihnen, weiterhin die fesselnden Geschichten zu schreiben, die dir so gut gefallen.<\/p>","protected":false},"excerpt":{"rendered":"<p>\u00bfQui\u00e9nes son los Escritores de Fanfiction?&nbsp;Los escritores de fanfiction son narradores apasionados que crean nuevas historias basadas en los universos y personajes de sus animes,&hellip;<\/p>","protected":false},"author":1,"featured_media":0,"parent":0,"menu_order":0,"comment_status":"closed","ping_status":"closed","template":"","meta":{"footnotes":""},"class_list":["post-263","page","type-page","status-publish","hentry"],"yoast_head":"<!-- This site is optimized with the Yoast SEO plugin v26.8 - https:\/\/yoast.com\/product\/yoast-seo-wordpress\/ -->\n<title>Escritores de fanfiction<\/title>\n<meta name=\"robots\" content=\"index, follow, max-snippet:-1, max-image-preview:large, max-video-preview:-1\" \/>\n<link rel=\"canonical\" href=\"https:\/\/otakuoshi.com\/de\/fanfiction-autoren\/\" \/>\n<meta property=\"og:locale\" content=\"de_DE\" \/>\n<meta property=\"og:type\" content=\"article\" \/>\n<meta property=\"og:title\" content=\"Escritores de fanfiction\" \/>\n<meta property=\"og:description\" content=\"\u00bfQui\u00e9nes son los Escritores de Fanfiction?&nbsp;Los escritores de fanfiction son narradores apasionados que crean nuevas historias basadas en los universos y personajes de sus animes,&hellip;\" \/>\n<meta property=\"og:url\" content=\"https:\/\/otakuoshi.com\/de\/fanfiction-autoren\/\" \/>\n<meta property=\"og:site_name\" content=\"OtakuOshi\" \/>\n<meta property=\"article:modified_time\" content=\"2025-07-21T10:23:39+00:00\" \/>\n<meta property=\"og:image\" content=\"https:\/\/otakuoshi.com\/wp-content\/uploads\/2025\/07\/cropped-logo.jpg\" \/>\n\t<meta property=\"og:image:width\" content=\"512\" \/>\n\t<meta property=\"og:image:height\" content=\"512\" \/>\n\t<meta property=\"og:image:type\" content=\"image\/jpeg\" \/>\n<meta name=\"twitter:card\" content=\"summary_large_image\" \/>\n<meta name=\"twitter:site\" content=\"@OtakuOshi\" \/>\n<meta name=\"twitter:label1\" content=\"Gesch\u00e4tzte Lesezeit\" \/>\n\t<meta name=\"twitter:data1\" content=\"2\u00a0Minuten\" \/>\n<script type=\"application\/ld+json\" class=\"yoast-schema-graph\">{\"@context\":\"https:\/\/schema.org\",\"@graph\":[{\"@type\":\"WebPage\",\"@id\":\"https:\/\/otakuoshi.com\/escritores-de-fanfiction\/\",\"url\":\"https:\/\/otakuoshi.com\/escritores-de-fanfiction\/\",\"name\":\"Escritores de fanfiction\",\"isPartOf\":{\"@id\":\"https:\/\/otakuoshi.com\/#website\"},\"datePublished\":\"2025-07-21T10:23:37+00:00\",\"dateModified\":\"2025-07-21T10:23:39+00:00\",\"breadcrumb\":{\"@id\":\"https:\/\/otakuoshi.com\/escritores-de-fanfiction\/#breadcrumb\"},\"inLanguage\":\"de\",\"potentialAction\":[{\"@type\":\"ReadAction\",\"target\":[\"https:\/\/otakuoshi.com\/escritores-de-fanfiction\/\"]}]},{\"@type\":\"BreadcrumbList\",\"@id\":\"https:\/\/otakuoshi.com\/escritores-de-fanfiction\/#breadcrumb\",\"itemListElement\":[{\"@type\":\"ListItem\",\"position\":1,\"name\":\"Home\",\"item\":\"https:\/\/otakuoshi.com\/\"},{\"@type\":\"ListItem\",\"position\":2,\"name\":\"Escritores de fanfiction\"}]},{\"@type\":\"WebSite\",\"@id\":\"https:\/\/otakuoshi.com\/#website\",\"url\":\"https:\/\/otakuoshi.com\/\",\"name\":\"OtakuOshi\",\"description\":\"\",\"publisher\":{\"@id\":\"https:\/\/otakuoshi.com\/#organization\"},\"alternateName\":\"Otaku Oshi\",\"potentialAction\":[{\"@type\":\"SearchAction\",\"target\":{\"@type\":\"EntryPoint\",\"urlTemplate\":\"https:\/\/otakuoshi.com\/?s={search_term_string}\"},\"query-input\":{\"@type\":\"PropertyValueSpecification\",\"valueRequired\":true,\"valueName\":\"search_term_string\"}}],\"inLanguage\":\"de\"},{\"@type\":\"Organization\",\"@id\":\"https:\/\/otakuoshi.com\/#organization\",\"name\":\"OtakuOshi\",\"url\":\"https:\/\/otakuoshi.com\/\",\"logo\":{\"@type\":\"ImageObject\",\"inLanguage\":\"de\",\"@id\":\"https:\/\/otakuoshi.com\/#\/schema\/logo\/image\/\",\"url\":\"https:\/\/otakuoshi.com\/wp-content\/uploads\/2025\/07\/logo.jpg\",\"contentUrl\":\"https:\/\/otakuoshi.com\/wp-content\/uploads\/2025\/07\/logo.jpg\",\"width\":458,\"height\":164,\"caption\":\"OtakuOshi\"},\"image\":{\"@id\":\"https:\/\/otakuoshi.com\/#\/schema\/logo\/image\/\"},\"sameAs\":[\"https:\/\/x.com\/OtakuOshi\"]}]}<\/script>\n<!-- \/ Yoast SEO plugin. -->","yoast_head_json":{"title":"Fanfiction-Autoren","robots":{"index":"index","follow":"follow","max-snippet":"max-snippet:-1","max-image-preview":"max-image-preview:large","max-video-preview":"max-video-preview:-1"},"canonical":"https:\/\/otakuoshi.com\/de\/fanfiction-autoren\/","og_locale":"de_DE","og_type":"article","og_title":"Escritores de fanfiction","og_description":"\u00bfQui\u00e9nes son los Escritores de Fanfiction?&nbsp;Los escritores de fanfiction son narradores apasionados que crean nuevas historias basadas en los universos y personajes de sus animes,&hellip;","og_url":"https:\/\/otakuoshi.com\/de\/fanfiction-autoren\/","og_site_name":"OtakuOshi","article_modified_time":"2025-07-21T10:23:39+00:00","og_image":[{"width":512,"height":512,"url":"https:\/\/otakuoshi.com\/wp-content\/uploads\/2025\/07\/cropped-logo.jpg","type":"image\/jpeg"}],"twitter_card":"summary_large_image","twitter_site":"@OtakuOshi","twitter_misc":{"Gesch\u00e4tzte Lesezeit":"2\u00a0Minuten"},"schema":{"@context":"https:\/\/schema.org","@graph":[{"@type":"WebPage","@id":"https:\/\/otakuoshi.com\/escritores-de-fanfiction\/","url":"https:\/\/otakuoshi.com\/escritores-de-fanfiction\/","name":"Fanfiction-Autoren","isPartOf":{"@id":"https:\/\/otakuoshi.com\/#website"},"datePublished":"2025-07-21T10:23:37+00:00","dateModified":"2025-07-21T10:23:39+00:00","breadcrumb":{"@id":"https:\/\/otakuoshi.com\/escritores-de-fanfiction\/#breadcrumb"},"inLanguage":"de","potentialAction":[{"@type":"ReadAction","target":["https:\/\/otakuoshi.com\/escritores-de-fanfiction\/"]}]},{"@type":"BreadcrumbList","@id":"https:\/\/otakuoshi.com\/escritores-de-fanfiction\/#breadcrumb","itemListElement":[{"@type":"ListItem","position":1,"name":"Home","item":"https:\/\/otakuoshi.com\/"},{"@type":"ListItem","position":2,"name":"Escritores de fanfiction"}]},{"@type":"WebSite","@id":"https:\/\/otakuoshi.com\/#website","url":"https:\/\/otakuoshi.com\/","name":"OtakuOshi","description":"","publisher":{"@id":"https:\/\/otakuoshi.com\/#organization"},"alternateName":"Otaku Oshi","potentialAction":[{"@type":"SearchAction","target":{"@type":"EntryPoint","urlTemplate":"https:\/\/otakuoshi.com\/?s={search_term_string}"},"query-input":{"@type":"PropertyValueSpecification","valueRequired":true,"valueName":"search_term_string"}}],"inLanguage":"de"},{"@type":"Organization","@id":"https:\/\/otakuoshi.com\/#organization","name":"OtakuOshi","url":"https:\/\/otakuoshi.com\/","logo":{"@type":"ImageObject","inLanguage":"de","@id":"https:\/\/otakuoshi.com\/#\/schema\/logo\/image\/","url":"https:\/\/otakuoshi.com\/wp-content\/uploads\/2025\/07\/logo.jpg","contentUrl":"https:\/\/otakuoshi.com\/wp-content\/uploads\/2025\/07\/logo.jpg","width":458,"height":164,"caption":"OtakuOshi"},"image":{"@id":"https:\/\/otakuoshi.com\/#\/schema\/logo\/image\/"},"sameAs":["https:\/\/x.com\/OtakuOshi"]}]}},"_links":{"self":[{"href":"https:\/\/otakuoshi.com\/de\/wp-json\/wp\/v2\/pages\/263","targetHints":{"allow":["GET"]}}],"collection":[{"href":"https:\/\/otakuoshi.com\/de\/wp-json\/wp\/v2\/pages"}],"about":[{"href":"https:\/\/otakuoshi.com\/de\/wp-json\/wp\/v2\/types\/page"}],"author":[{"embeddable":true,"href":"https:\/\/otakuoshi.com\/de\/wp-json\/wp\/v2\/users\/1"}],"replies":[{"embeddable":true,"href":"https:\/\/otakuoshi.com\/de\/wp-json\/wp\/v2\/comments?post=263"}],"version-history":[{"count":0,"href":"https:\/\/otakuoshi.com\/de\/wp-json\/wp\/v2\/pages\/263\/revisions"}],"wp:attachment":[{"href":"https:\/\/otakuoshi.com\/de\/wp-json\/wp\/v2\/media?parent=263"}],"curies":[{"name":"wp","href":"https:\/\/api.w.org\/{rel}","templated":true}]}}