{"id":298,"date":"2025-07-22T08:38:50","date_gmt":"2025-07-22T08:38:50","guid":{"rendered":"https:\/\/otakuoshi.com\/?page_id=298"},"modified":"2025-07-22T08:38:51","modified_gmt":"2025-07-22T08:38:51","slug":"cookies","status":"publish","type":"page","link":"https:\/\/otakuoshi.com\/de\/cookies\/","title":{"rendered":"Cookies"},"content":{"rendered":"<p>Wir verwenden die folgenden Arten von Cookies auf OtakuOshi:<\/p>\n\n\n\n<h3 class=\"wp-block-heading\"><strong>Unverzichtbare Cookies<\/strong><\/h3>\n\n\n\n<p>Dazu geh\u00f6ren zum Beispiel Cookies, die es Ihnen erm\u00f6glichen, sich \u00fcber Ihr Konto bei OtakuOshi anzumelden, sich an Ihren Sitzungsstatus zu erinnern, wenn Sie ihn anfordern, Ihre Spracheinstellung zu speichern und OtakuOshis Sicherheit und Betrugsschutz zu gew\u00e4hrleisten.<\/p>\n\n\n\n<h3 class=\"wp-block-heading\"><strong>Nicht-essentielle Cookies<\/strong><\/h3>\n\n\n\n<p>Wenn Sie uns Ihre Zustimmung geben, verwenden wir nicht-essentielle Cookies, um empfehlende Nutzer und empfehlende Ersteller im Rahmen des Empfehlungsprogramms zu erkennen, wie in unseren Nutzungsbedingungen dargelegt.<\/p>\n\n\n\n<p>Derzeit <strong>wir verwenden keine Cross-Site-Tracking-Technologien<\/strong>Wir verkaufen die pers\u00f6nlichen Daten, die wir \u00fcber Sie sammeln, nicht und geben sie auch nicht f\u00fcr verhaltensorientierte Werbung in anderen Kontexten weiter.<\/p>\n\n\n\n<p>Weitere Informationen dar\u00fcber, was Cookies sind, warum wir sie verwenden und wie Sie sie deaktivieren, verwalten oder l\u00f6schen k\u00f6nnen, finden Sie in unserem Cookie-Hinweis. Alle mit Cookies verbundenen personenbezogenen Daten werden in \u00dcbereinstimmung mit unserer Datenschutzrichtlinie verarbeitet.<\/p>\n\n\n\n<hr class=\"wp-block-separator has-alpha-channel-opacity\"\/>\n\n\n\n<h2 class=\"wp-block-heading\">Was sind Cookies?<\/h2>\n\n\n\n<p>Cookies\" sind kleine Textfolgen oder Computercodes, die lokal auf Ihrem Ger\u00e4t gespeichert werden und es uns und unseren Drittanbietern erm\u00f6glichen, sich an einen bestimmten Browser oder ein bestimmtes Ger\u00e4t zu \"erinnern\" oder es zu \"erkennen\" und in einigen F\u00e4llen Informationen \u00fcber diese zu speichern.<\/p>\n\n\n\n<hr class=\"wp-block-separator has-alpha-channel-opacity\"\/>\n\n\n\n<h2 class=\"wp-block-heading\">Wie lange werden Cookies auf meinem Ger\u00e4t gespeichert?<\/h2>\n\n\n\n<p><strong>Sitzungs-Cookies:<\/strong><br>Sie werden nur f\u00fcr die Dauer der Browser-Sitzung gespeichert. Wenn Sie den Browser schlie\u00dfen, werden sie gel\u00f6scht.<\/p>\n\n\n\n<p><strong>Dauerhafte Cookies:<\/strong><br>Sie werden f\u00fcr einen bestimmten Zeitraum gespeichert (normalerweise zwischen 90 Tagen und 2 Jahren, je nach Nutzung). Sie werden nicht gel\u00f6scht, wenn der Browser geschlossen wird.<\/p>\n\n\n\n<p>Ihre Wahl kann sich darauf auswirken, ob wir Sitzungs- oder dauerhafte Cookies verwenden. Wenn Sie beispielsweise bei der Anmeldung bei OtakuOshi die Option \"30 Tage lang merken\" w\u00e4hlen, wird ein dauerhafter Cookie gespeichert, um Ihre Authentifizierung auf diesem Ger\u00e4t aktiv zu halten.<\/p>\n\n\n\n<hr class=\"wp-block-separator has-alpha-channel-opacity\"\/>\n\n\n\n<h2 class=\"wp-block-heading\">Welche Cookies verwenden wir und warum?<\/h2>\n\n\n\n<h3 class=\"wp-block-heading\"><strong>Unverzichtbare Cookies (notwendig, damit OtakuOshi funktioniert):<\/strong><\/h3>\n\n\n\n<figure class=\"wp-block-table\"><table class=\"has-fixed-layout\"><thead><tr><th>Name<\/th><th>Beschreibung<\/th><\/tr><\/thead><tbody><tr><td>_cfuvid \/ __cf_bm<\/td><td>Sicherheitsfunktionen aktivieren<\/td><\/tr><tr><td>auth_id<\/td><td>Benutzer-ID-Authentifizierung<\/td><\/tr><tr><td>auth_uid_{userid}<\/td><td>erinnert auf Anfrage an die zweistufige Authentifizierung f\u00fcr 30 Tage<\/td><\/tr><tr><td>c<\/td><td>erm\u00f6glicht Funktionen f\u00fcr Werbekampagnen (kostenlose Tests\/Rabatte)<\/td><\/tr><tr><td>CloudFront-Richtlinie \/ CloudFront-Signatur \/ CloudFront-Schl\u00fcsselpaar-Id<\/td><td>Verwaltung digitaler Rechte<\/td><\/tr><tr><td>cookiesAccepted<\/td><td>Ihre Cookie-Pr\u00e4ferenz speichern (\"nur wesentliche\" oder \"alle\")<\/td><\/tr><tr><td>csrf<\/td><td>Token zum Aufbau einer sicheren Verbindung<\/td><\/tr><tr><td>fp<\/td><td>Browser-Fingerabdruck zur Aktivierung von Sicherheitsfunktionen<\/td><\/tr><tr><td>lang<\/td><td>Erinnerung an die Sprachpr\u00e4ferenz<\/td><\/tr><tr><td>pa_url_hash<\/td><td>gew\u00e4hrt Zugang zum Profil des Benutzers<\/td><\/tr><tr><td>sess<\/td><td>h\u00e4lt die Sitzungsauthentifizierung aktiv<\/td><\/tr><tr><td>st \/ str\u00f6me<\/td><td>erm\u00f6glicht den Zugriff auf Live-Streaming und Miniaturansichten von Sendungen<\/td><\/tr><\/tbody><\/table><\/figure>\n\n\n\n<p><strong>Das Deaktivieren, L\u00f6schen oder Blockieren dieser Cookies in Ihrem Browser kann dazu f\u00fchren, dass OtakuOshi oder einige Funktionen nicht mehr richtig oder \u00fcberhaupt nicht mehr funktionieren.<\/strong><\/p>\n\n\n\n<hr class=\"wp-block-separator has-alpha-channel-opacity\"\/>\n\n\n\n<h3 class=\"wp-block-heading\"><strong>Nicht-essentielle Cookies (Empfehlungsprogramm)<\/strong><\/h3>\n\n\n\n<p>OtakuOshi hat ein Empfehlungsprogramm, bei dem bestehende Sch\u00f6pfer ihren Empfehlungscode weitergeben k\u00f6nnen, um andere einzuladen, neue Sch\u00f6pfer zu werden. Das Programm unterliegt den Nutzungsbedingungen und alle Empfehlungszahlungen werden wie in diesen Bedingungen angegeben berechnet und gedeckelt.<\/p>\n\n\n\n<p>Damit wir den werbenden Nutzer und den geworbenen Sch\u00f6pfer erkennen k\u00f6nnen, ist es notwendig, diese nicht-essentiellen Cookies zu akzeptieren. Wenn einer der beiden diese Cookies nicht akzeptiert, k\u00f6nnen wir die Empfehlung nicht erkennen oder keine Zahlungen f\u00fcr die Empfehlung leisten.<\/p>\n\n\n\n<figure class=\"wp-block-table\"><table class=\"has-fixed-layout\"><thead><tr><th>Name<\/th><th>Beschreibung<\/th><\/tr><\/thead><tbody><tr><td>ref_src<\/td><td>identifiziert die Quelle der Referrer-ID (Referrer User)<\/td><\/tr><tr><td>ref<\/td><td>identifiziert den verweisenden Nutzer (Referring Creator)<\/td><\/tr><tr><td>reg_ref_user_id \/ reg_ref<\/td><td>den verweisenden Ersteller durch den verweisenden Nutzer anerkennt<\/td><\/tr><\/tbody><\/table><\/figure>\n\n\n\n<hr class=\"wp-block-separator has-alpha-channel-opacity\"\/>\n\n\n\n<h2 class=\"wp-block-heading\">Funktionalit\u00e4ten von Drittanbietern<\/h2>\n\n\n\n<p>Wir haben keine Kontrolle \u00fcber die Cookies oder Funktionen, die von Websites Dritter verwendet werden. Die Informationspraktiken dieser Websites werden von dieser Datenschutzrichtlinie oder diesem Cookie-Hinweis nicht abgedeckt.<\/p>\n\n\n\n<hr class=\"wp-block-separator has-alpha-channel-opacity\"\/>\n\n\n\n<h2 class=\"wp-block-heading\">Wie kann ich Cookies kontrollieren oder einstellen?<\/h2>\n\n\n\n<h3 class=\"wp-block-heading\"><strong>Akzeptieren oder Ablehnen nicht notwendiger Cookies<\/strong><\/h3>\n\n\n\n<p>Wir werden nur dann nicht-essentielle Cookies auf Ihrem Ger\u00e4t platzieren, wenn Sie beim ersten Zugriff auf OtakuOshi im Cookie-Banner auf \"Alle akzeptieren\" klicken.<\/p>\n\n\n\n<h3 class=\"wp-block-heading\"><strong>Manuelles Verwalten von Cookies<\/strong><\/h3>\n\n\n\n<p>Sie k\u00f6nnen Ihre Browser- oder Ger\u00e4teeinstellungen (oder Browsererweiterungen) \u00fcberpr\u00fcfen, um einige oder alle Cookies zu deaktivieren, zu blockieren oder zu l\u00f6schen, oder um Benachrichtigungen zu erhalten, wenn neue Cookies erzeugt werden.<\/p>\n\n\n\n<p>Einzelheiten dazu finden Sie im Men\u00fc \"Hilfe\", \"Extras\" oder \"Einstellungen\" Ihres Browsers oder Ger\u00e4ts.<\/p>","protected":false},"excerpt":{"rendered":"<p>Wir verwenden die folgenden Arten von Cookies auf OtakuOshi: Grundlegende Cookies Dazu geh\u00f6ren zum Beispiel Cookies, die es Ihnen erm\u00f6glichen, OtakuOshi \u00fcber Ihren Browser aufzurufen....<\/p>","protected":false},"author":1,"featured_media":0,"parent":0,"menu_order":0,"comment_status":"closed","ping_status":"closed","template":"","meta":{"footnotes":""},"class_list":["post-298","page","type-page","status-publish","hentry"],"yoast_head":"<!-- This site is optimized with the Yoast SEO plugin v26.8 - https:\/\/yoast.com\/product\/yoast-seo-wordpress\/ -->\n<title>Cookies<\/title>\n<meta name=\"robots\" content=\"index, follow, max-snippet:-1, max-image-preview:large, max-video-preview:-1\" \/>\n<link rel=\"canonical\" href=\"https:\/\/otakuoshi.com\/de\/cookies\/\" \/>\n<meta property=\"og:locale\" content=\"de_DE\" \/>\n<meta property=\"og:type\" content=\"article\" \/>\n<meta property=\"og:title\" content=\"Cookies\" \/>\n<meta property=\"og:description\" content=\"Utilizamos los siguientes tipos de cookies en OtakuOshi: Cookies esenciales Estas incluyen, por ejemplo, cookies que te permiten acceder a OtakuOshi a trav\u00e9s de tu&hellip;\" \/>\n<meta property=\"og:url\" content=\"https:\/\/otakuoshi.com\/de\/cookies\/\" \/>\n<meta property=\"og:site_name\" content=\"OtakuOshi\" \/>\n<meta property=\"article:modified_time\" content=\"2025-07-22T08:38:51+00:00\" \/>\n<meta property=\"og:image\" content=\"https:\/\/otakuoshi.com\/wp-content\/uploads\/2025\/07\/cropped-logo.jpg\" \/>\n\t<meta property=\"og:image:width\" content=\"512\" \/>\n\t<meta property=\"og:image:height\" content=\"512\" \/>\n\t<meta property=\"og:image:type\" content=\"image\/jpeg\" \/>\n<meta name=\"twitter:card\" content=\"summary_large_image\" \/>\n<meta name=\"twitter:site\" content=\"@OtakuOshi\" \/>\n<meta name=\"twitter:label1\" content=\"Gesch\u00e4tzte Lesezeit\" \/>\n\t<meta name=\"twitter:data1\" content=\"3\u00a0Minuten\" \/>\n<script type=\"application\/ld+json\" class=\"yoast-schema-graph\">{\"@context\":\"https:\/\/schema.org\",\"@graph\":[{\"@type\":\"WebPage\",\"@id\":\"https:\/\/otakuoshi.com\/cookies\/\",\"url\":\"https:\/\/otakuoshi.com\/cookies\/\",\"name\":\"Cookies\",\"isPartOf\":{\"@id\":\"https:\/\/otakuoshi.com\/#website\"},\"datePublished\":\"2025-07-22T08:38:50+00:00\",\"dateModified\":\"2025-07-22T08:38:51+00:00\",\"breadcrumb\":{\"@id\":\"https:\/\/otakuoshi.com\/cookies\/#breadcrumb\"},\"inLanguage\":\"de\",\"potentialAction\":[{\"@type\":\"ReadAction\",\"target\":[\"https:\/\/otakuoshi.com\/cookies\/\"]}]},{\"@type\":\"BreadcrumbList\",\"@id\":\"https:\/\/otakuoshi.com\/cookies\/#breadcrumb\",\"itemListElement\":[{\"@type\":\"ListItem\",\"position\":1,\"name\":\"Home\",\"item\":\"https:\/\/otakuoshi.com\/\"},{\"@type\":\"ListItem\",\"position\":2,\"name\":\"Cookies\"}]},{\"@type\":\"WebSite\",\"@id\":\"https:\/\/otakuoshi.com\/#website\",\"url\":\"https:\/\/otakuoshi.com\/\",\"name\":\"OtakuOshi\",\"description\":\"\",\"publisher\":{\"@id\":\"https:\/\/otakuoshi.com\/#organization\"},\"alternateName\":\"Otaku Oshi\",\"potentialAction\":[{\"@type\":\"SearchAction\",\"target\":{\"@type\":\"EntryPoint\",\"urlTemplate\":\"https:\/\/otakuoshi.com\/?s={search_term_string}\"},\"query-input\":{\"@type\":\"PropertyValueSpecification\",\"valueRequired\":true,\"valueName\":\"search_term_string\"}}],\"inLanguage\":\"de\"},{\"@type\":\"Organization\",\"@id\":\"https:\/\/otakuoshi.com\/#organization\",\"name\":\"OtakuOshi\",\"url\":\"https:\/\/otakuoshi.com\/\",\"logo\":{\"@type\":\"ImageObject\",\"inLanguage\":\"de\",\"@id\":\"https:\/\/otakuoshi.com\/#\/schema\/logo\/image\/\",\"url\":\"https:\/\/otakuoshi.com\/wp-content\/uploads\/2025\/07\/logo.jpg\",\"contentUrl\":\"https:\/\/otakuoshi.com\/wp-content\/uploads\/2025\/07\/logo.jpg\",\"width\":458,\"height\":164,\"caption\":\"OtakuOshi\"},\"image\":{\"@id\":\"https:\/\/otakuoshi.com\/#\/schema\/logo\/image\/\"},\"sameAs\":[\"https:\/\/x.com\/OtakuOshi\"]}]}<\/script>\n<!-- \/ Yoast SEO plugin. -->","yoast_head_json":{"title":"Cookies","robots":{"index":"index","follow":"follow","max-snippet":"max-snippet:-1","max-image-preview":"max-image-preview:large","max-video-preview":"max-video-preview:-1"},"canonical":"https:\/\/otakuoshi.com\/de\/cookies\/","og_locale":"de_DE","og_type":"article","og_title":"Cookies","og_description":"Utilizamos los siguientes tipos de cookies en OtakuOshi: Cookies esenciales Estas incluyen, por ejemplo, cookies que te permiten acceder a OtakuOshi a trav\u00e9s de tu&hellip;","og_url":"https:\/\/otakuoshi.com\/de\/cookies\/","og_site_name":"OtakuOshi","article_modified_time":"2025-07-22T08:38:51+00:00","og_image":[{"width":512,"height":512,"url":"https:\/\/otakuoshi.com\/wp-content\/uploads\/2025\/07\/cropped-logo.jpg","type":"image\/jpeg"}],"twitter_card":"summary_large_image","twitter_site":"@OtakuOshi","twitter_misc":{"Gesch\u00e4tzte Lesezeit":"3\u00a0Minuten"},"schema":{"@context":"https:\/\/schema.org","@graph":[{"@type":"WebPage","@id":"https:\/\/otakuoshi.com\/cookies\/","url":"https:\/\/otakuoshi.com\/cookies\/","name":"Cookies","isPartOf":{"@id":"https:\/\/otakuoshi.com\/#website"},"datePublished":"2025-07-22T08:38:50+00:00","dateModified":"2025-07-22T08:38:51+00:00","breadcrumb":{"@id":"https:\/\/otakuoshi.com\/cookies\/#breadcrumb"},"inLanguage":"de","potentialAction":[{"@type":"ReadAction","target":["https:\/\/otakuoshi.com\/cookies\/"]}]},{"@type":"BreadcrumbList","@id":"https:\/\/otakuoshi.com\/cookies\/#breadcrumb","itemListElement":[{"@type":"ListItem","position":1,"name":"Home","item":"https:\/\/otakuoshi.com\/"},{"@type":"ListItem","position":2,"name":"Cookies"}]},{"@type":"WebSite","@id":"https:\/\/otakuoshi.com\/#website","url":"https:\/\/otakuoshi.com\/","name":"OtakuOshi","description":"","publisher":{"@id":"https:\/\/otakuoshi.com\/#organization"},"alternateName":"Otaku Oshi","potentialAction":[{"@type":"SearchAction","target":{"@type":"EntryPoint","urlTemplate":"https:\/\/otakuoshi.com\/?s={search_term_string}"},"query-input":{"@type":"PropertyValueSpecification","valueRequired":true,"valueName":"search_term_string"}}],"inLanguage":"de"},{"@type":"Organization","@id":"https:\/\/otakuoshi.com\/#organization","name":"OtakuOshi","url":"https:\/\/otakuoshi.com\/","logo":{"@type":"ImageObject","inLanguage":"de","@id":"https:\/\/otakuoshi.com\/#\/schema\/logo\/image\/","url":"https:\/\/otakuoshi.com\/wp-content\/uploads\/2025\/07\/logo.jpg","contentUrl":"https:\/\/otakuoshi.com\/wp-content\/uploads\/2025\/07\/logo.jpg","width":458,"height":164,"caption":"OtakuOshi"},"image":{"@id":"https:\/\/otakuoshi.com\/#\/schema\/logo\/image\/"},"sameAs":["https:\/\/x.com\/OtakuOshi"]}]}},"_links":{"self":[{"href":"https:\/\/otakuoshi.com\/de\/wp-json\/wp\/v2\/pages\/298","targetHints":{"allow":["GET"]}}],"collection":[{"href":"https:\/\/otakuoshi.com\/de\/wp-json\/wp\/v2\/pages"}],"about":[{"href":"https:\/\/otakuoshi.com\/de\/wp-json\/wp\/v2\/types\/page"}],"author":[{"embeddable":true,"href":"https:\/\/otakuoshi.com\/de\/wp-json\/wp\/v2\/users\/1"}],"replies":[{"embeddable":true,"href":"https:\/\/otakuoshi.com\/de\/wp-json\/wp\/v2\/comments?post=298"}],"version-history":[{"count":0,"href":"https:\/\/otakuoshi.com\/de\/wp-json\/wp\/v2\/pages\/298\/revisions"}],"wp:attachment":[{"href":"https:\/\/otakuoshi.com\/de\/wp-json\/wp\/v2\/media?parent=298"}],"curies":[{"name":"wp","href":"https:\/\/api.w.org\/{rel}","templated":true}]}}