{"id":309,"date":"2025-07-22T08:56:00","date_gmt":"2025-07-22T08:56:00","guid":{"rendered":"https:\/\/otakuoshi.com\/?page_id=309"},"modified":"2025-07-22T08:56:01","modified_gmt":"2025-07-22T08:56:01","slug":"usc2257","status":"publish","type":"page","link":"https:\/\/otakuoshi.com\/de\/usc2257\/","title":{"rendered":"USC2257"},"content":{"rendered":"<h2 class=\"wp-block-heading\">Einf\u00fchrung<\/h2>\n\n\n\n<p>Diese Website, <strong>OtakuOshi.com<\/strong>in den Vereinigten Staaten angesiedelt ist und von dort aus betrieben wird und die Anforderungen der folgenden Artikel erf\u00fcllt <strong>18 U.S.C. \u00a7\u00a72257, 2257A<\/strong> y <strong>28 C.F.R. \u00a775<\/strong>in dem Ma\u00dfe, wie es das US-Bundesgesetz vorschreibt.<\/p>\n\n\n\n<h2 class=\"wp-block-heading\">Inhalte, die mit der Verordnung \u00fcbereinstimmen<\/h2>\n\n\n\n<p>Alle Modelle, Schauspieler, Schauspielerinnen und andere Personen, die in visuellen Darstellungen sexueller Handlungen, real oder simuliert, auf dieser Website erscheinen, <strong>18 Jahre alt oder \u00e4lter waren<\/strong> zum Zeitpunkt der Erstellung dieser Bilder.<\/p>\n\n\n\n<p>Die Aufzeichnungen, die f\u00fcr alle Darstellungen von eindeutig sexuellen Handlungen gem\u00e4\u00df <strong>18 U.S.C. \u00a72257<\/strong> y <strong>28 C.F.R. \u00a775 et seq.<\/strong>ordnungsgem\u00e4\u00df bei der benannten Registerbeh\u00f6rde hinterlegt sind.<\/p>\n\n\n\n<h2 class=\"wp-block-heading\">Ausgenommene Inhalte<\/h2>\n\n\n\n<p>Alle anderen visuellen Darstellungen auf dieser Website sind <strong>die von den Bestimmungen des Abschnitts 2257 ausgenommen sind<\/strong> denn:<\/p>\n\n\n\n<ol class=\"wp-block-list\">\n<li>Sie stellen kein spezifisches Verhalten dar, das in <strong>18 U.S.C. \u00a72256(2)(A)(i) bis (iv)<\/strong>;<\/li>\n\n\n\n<li>Sie zeigen keine Verhaltensweisen, die in <strong>18 U.S.C. \u00a72257A<\/strong> und wurden nach dem <strong>19. M\u00e4rz 2009<\/strong>;<\/li>\n\n\n\n<li>Sie umfassen nicht das Verhalten, das in <strong>18 U.S.C. \u00a72256(2)(A)(v)<\/strong> produziert nach dem <strong>19. M\u00e4rz 2009<\/strong>;<\/li>\n\n\n\n<li>Die visuellen Darstellungen wurden vor der <strong>3. Juli 1995<\/strong>; o<\/li>\n\n\n\n<li>Dieses Unternehmen <strong>fungiert nicht als \"Produzent<\/strong> in Bezug auf die Verbreitung solcher freigestellten Bilder, wie dieser Begriff in <strong>28 C.F.R. \u00a775.1(c)<\/strong>.<\/li>\n<\/ol>\n\n\n\n<h2 class=\"wp-block-heading\">Titel des Werkes<\/h2>\n\n\n\n<p>Der Titel dieses Werkes lautet: <strong>OtakuOshi<\/strong><\/p>\n\n\n\n<h2 class=\"wp-block-heading\">Einsichtnahme in Register<\/h2>\n\n\n\n<p>Alle Aufzeichnungen im Zusammenhang mit den auf dieser Website enthaltenen visuellen Darstellungen, die gem\u00e4\u00df Bundesgesetz aufbewahrt werden m\u00fcssen, <strong>zur Einsichtnahme durch Beauftragte verf\u00fcgbar sind<\/strong>am folgenden Standort:<\/p>\n\n\n\n<p><strong>Verwahrer der Aufzeichnungen<\/strong><br><strong>Polaris Nexus LLC<\/strong><br>1621 Central Ave, Cheyenne, WY 82001, USA.<br><\/p>\n\n\n\n<p><strong>Rechtlicher Hinweis:<\/strong> Diese Erkl\u00e4rung entspricht den Anforderungen der <strong>Titel 18 des United States Code<\/strong>und soll volle Transparenz und rechtlichen Schutz im Rahmen der geltenden US-Gesetze \u00fcber ausdr\u00fccklich darstellende Inhalte bieten.<\/p>","protected":false},"excerpt":{"rendered":"<p>Einleitung Diese Website, OtakuOshi.com, befindet sich in den Vereinigten Staaten und wird von dort aus betrieben und entspricht den Anforderungen von 18 U.S.C. \u00a7\u00a72257,...<\/p>","protected":false},"author":1,"featured_media":0,"parent":0,"menu_order":0,"comment_status":"closed","ping_status":"closed","template":"","meta":{"footnotes":""},"class_list":["post-309","page","type-page","status-publish","hentry"],"yoast_head":"<!-- This site is optimized with the Yoast SEO plugin v26.8 - https:\/\/yoast.com\/product\/yoast-seo-wordpress\/ -->\n<title>USC2257<\/title>\n<meta name=\"robots\" content=\"index, follow, max-snippet:-1, max-image-preview:large, max-video-preview:-1\" \/>\n<link rel=\"canonical\" href=\"https:\/\/otakuoshi.com\/de\/usc2257\/\" \/>\n<meta property=\"og:locale\" content=\"de_DE\" \/>\n<meta property=\"og:type\" content=\"article\" \/>\n<meta property=\"og:title\" content=\"USC2257\" \/>\n<meta property=\"og:description\" content=\"Introducci\u00f3n Este sitio web, OtakuOshi.com, est\u00e1 ubicado y operado desde los Estados Unidos y cumple con los requisitos establecidos en los art\u00edculos 18 U.S.C. \u00a7\u00a72257,&hellip;\" \/>\n<meta property=\"og:url\" content=\"https:\/\/otakuoshi.com\/de\/usc2257\/\" \/>\n<meta property=\"og:site_name\" content=\"OtakuOshi\" \/>\n<meta property=\"article:modified_time\" content=\"2025-07-22T08:56:01+00:00\" \/>\n<meta property=\"og:image\" content=\"https:\/\/otakuoshi.com\/wp-content\/uploads\/2025\/07\/cropped-logo.jpg\" \/>\n\t<meta property=\"og:image:width\" content=\"512\" \/>\n\t<meta property=\"og:image:height\" content=\"512\" \/>\n\t<meta property=\"og:image:type\" content=\"image\/jpeg\" \/>\n<meta name=\"twitter:card\" content=\"summary_large_image\" \/>\n<meta name=\"twitter:site\" content=\"@OtakuOshi\" \/>\n<meta name=\"twitter:label1\" content=\"Gesch\u00e4tzte Lesezeit\" \/>\n\t<meta name=\"twitter:data1\" content=\"2\u00a0Minuten\" \/>\n<script type=\"application\/ld+json\" class=\"yoast-schema-graph\">{\"@context\":\"https:\/\/schema.org\",\"@graph\":[{\"@type\":\"WebPage\",\"@id\":\"https:\/\/otakuoshi.com\/usc2257\/\",\"url\":\"https:\/\/otakuoshi.com\/usc2257\/\",\"name\":\"USC2257\",\"isPartOf\":{\"@id\":\"https:\/\/otakuoshi.com\/#website\"},\"datePublished\":\"2025-07-22T08:56:00+00:00\",\"dateModified\":\"2025-07-22T08:56:01+00:00\",\"breadcrumb\":{\"@id\":\"https:\/\/otakuoshi.com\/usc2257\/#breadcrumb\"},\"inLanguage\":\"de\",\"potentialAction\":[{\"@type\":\"ReadAction\",\"target\":[\"https:\/\/otakuoshi.com\/usc2257\/\"]}]},{\"@type\":\"BreadcrumbList\",\"@id\":\"https:\/\/otakuoshi.com\/usc2257\/#breadcrumb\",\"itemListElement\":[{\"@type\":\"ListItem\",\"position\":1,\"name\":\"Home\",\"item\":\"https:\/\/otakuoshi.com\/\"},{\"@type\":\"ListItem\",\"position\":2,\"name\":\"USC2257\"}]},{\"@type\":\"WebSite\",\"@id\":\"https:\/\/otakuoshi.com\/#website\",\"url\":\"https:\/\/otakuoshi.com\/\",\"name\":\"OtakuOshi\",\"description\":\"\",\"publisher\":{\"@id\":\"https:\/\/otakuoshi.com\/#organization\"},\"alternateName\":\"Otaku Oshi\",\"potentialAction\":[{\"@type\":\"SearchAction\",\"target\":{\"@type\":\"EntryPoint\",\"urlTemplate\":\"https:\/\/otakuoshi.com\/?s={search_term_string}\"},\"query-input\":{\"@type\":\"PropertyValueSpecification\",\"valueRequired\":true,\"valueName\":\"search_term_string\"}}],\"inLanguage\":\"de\"},{\"@type\":\"Organization\",\"@id\":\"https:\/\/otakuoshi.com\/#organization\",\"name\":\"OtakuOshi\",\"url\":\"https:\/\/otakuoshi.com\/\",\"logo\":{\"@type\":\"ImageObject\",\"inLanguage\":\"de\",\"@id\":\"https:\/\/otakuoshi.com\/#\/schema\/logo\/image\/\",\"url\":\"https:\/\/otakuoshi.com\/wp-content\/uploads\/2025\/07\/logo.jpg\",\"contentUrl\":\"https:\/\/otakuoshi.com\/wp-content\/uploads\/2025\/07\/logo.jpg\",\"width\":458,\"height\":164,\"caption\":\"OtakuOshi\"},\"image\":{\"@id\":\"https:\/\/otakuoshi.com\/#\/schema\/logo\/image\/\"},\"sameAs\":[\"https:\/\/x.com\/OtakuOshi\"]}]}<\/script>\n<!-- \/ Yoast SEO plugin. -->","yoast_head_json":{"title":"USC2257","robots":{"index":"index","follow":"follow","max-snippet":"max-snippet:-1","max-image-preview":"max-image-preview:large","max-video-preview":"max-video-preview:-1"},"canonical":"https:\/\/otakuoshi.com\/de\/usc2257\/","og_locale":"de_DE","og_type":"article","og_title":"USC2257","og_description":"Introducci\u00f3n Este sitio web, OtakuOshi.com, est\u00e1 ubicado y operado desde los Estados Unidos y cumple con los requisitos establecidos en los art\u00edculos 18 U.S.C. \u00a7\u00a72257,&hellip;","og_url":"https:\/\/otakuoshi.com\/de\/usc2257\/","og_site_name":"OtakuOshi","article_modified_time":"2025-07-22T08:56:01+00:00","og_image":[{"width":512,"height":512,"url":"https:\/\/otakuoshi.com\/wp-content\/uploads\/2025\/07\/cropped-logo.jpg","type":"image\/jpeg"}],"twitter_card":"summary_large_image","twitter_site":"@OtakuOshi","twitter_misc":{"Gesch\u00e4tzte Lesezeit":"2\u00a0Minuten"},"schema":{"@context":"https:\/\/schema.org","@graph":[{"@type":"WebPage","@id":"https:\/\/otakuoshi.com\/usc2257\/","url":"https:\/\/otakuoshi.com\/usc2257\/","name":"USC2257","isPartOf":{"@id":"https:\/\/otakuoshi.com\/#website"},"datePublished":"2025-07-22T08:56:00+00:00","dateModified":"2025-07-22T08:56:01+00:00","breadcrumb":{"@id":"https:\/\/otakuoshi.com\/usc2257\/#breadcrumb"},"inLanguage":"de","potentialAction":[{"@type":"ReadAction","target":["https:\/\/otakuoshi.com\/usc2257\/"]}]},{"@type":"BreadcrumbList","@id":"https:\/\/otakuoshi.com\/usc2257\/#breadcrumb","itemListElement":[{"@type":"ListItem","position":1,"name":"Home","item":"https:\/\/otakuoshi.com\/"},{"@type":"ListItem","position":2,"name":"USC2257"}]},{"@type":"WebSite","@id":"https:\/\/otakuoshi.com\/#website","url":"https:\/\/otakuoshi.com\/","name":"OtakuOshi","description":"","publisher":{"@id":"https:\/\/otakuoshi.com\/#organization"},"alternateName":"Otaku Oshi","potentialAction":[{"@type":"SearchAction","target":{"@type":"EntryPoint","urlTemplate":"https:\/\/otakuoshi.com\/?s={search_term_string}"},"query-input":{"@type":"PropertyValueSpecification","valueRequired":true,"valueName":"search_term_string"}}],"inLanguage":"de"},{"@type":"Organization","@id":"https:\/\/otakuoshi.com\/#organization","name":"OtakuOshi","url":"https:\/\/otakuoshi.com\/","logo":{"@type":"ImageObject","inLanguage":"de","@id":"https:\/\/otakuoshi.com\/#\/schema\/logo\/image\/","url":"https:\/\/otakuoshi.com\/wp-content\/uploads\/2025\/07\/logo.jpg","contentUrl":"https:\/\/otakuoshi.com\/wp-content\/uploads\/2025\/07\/logo.jpg","width":458,"height":164,"caption":"OtakuOshi"},"image":{"@id":"https:\/\/otakuoshi.com\/#\/schema\/logo\/image\/"},"sameAs":["https:\/\/x.com\/OtakuOshi"]}]}},"_links":{"self":[{"href":"https:\/\/otakuoshi.com\/de\/wp-json\/wp\/v2\/pages\/309","targetHints":{"allow":["GET"]}}],"collection":[{"href":"https:\/\/otakuoshi.com\/de\/wp-json\/wp\/v2\/pages"}],"about":[{"href":"https:\/\/otakuoshi.com\/de\/wp-json\/wp\/v2\/types\/page"}],"author":[{"embeddable":true,"href":"https:\/\/otakuoshi.com\/de\/wp-json\/wp\/v2\/users\/1"}],"replies":[{"embeddable":true,"href":"https:\/\/otakuoshi.com\/de\/wp-json\/wp\/v2\/comments?post=309"}],"version-history":[{"count":0,"href":"https:\/\/otakuoshi.com\/de\/wp-json\/wp\/v2\/pages\/309\/revisions"}],"wp:attachment":[{"href":"https:\/\/otakuoshi.com\/de\/wp-json\/wp\/v2\/media?parent=309"}],"curies":[{"name":"wp","href":"https:\/\/api.w.org\/{rel}","templated":true}]}}