{"id":313,"date":"2025-07-22T09:01:00","date_gmt":"2025-07-22T09:01:00","guid":{"rendered":"https:\/\/otakuoshi.com\/?page_id=313"},"modified":"2025-07-22T09:01:00","modified_gmt":"2025-07-22T09:01:00","slug":"marca","status":"publish","type":"page","link":"https:\/\/otakuoshi.com\/de\/marca\/","title":{"rendered":"Marke"},"content":{"rendered":"<p><strong>OtakuOshi<\/strong> ist mehr als eine Plattform: Es ist eine Marke, die auf der Leidenschaft, der Identit\u00e4t und dem Geist der globalen Otaku-Kultur basiert.<\/p>\n\n\n\n<p>Entstanden aus dem Bed\u00fcrfnis nach einem Raum, in dem <strong>Sch\u00f6pfer, Fans und K\u00fcnstler<\/strong> OtakuOshi steht f\u00fcr eine neue Generation digitaler Plattformen, die sich frei, authentisch und professionell ausdr\u00fccken k\u00f6nnen: spezialisiert, ethisch und auf die Gemeinschaft ausgerichtet.<\/p>\n\n\n\n<p>Das Wort \"<strong>Oshi<\/strong>\"Otaku\" kommt aus dem Japanischen \u63a8\u3057, ein Begriff, der sich auf die Figur, das Idol oder den K\u00fcnstler bezieht, den ein Fan von ganzem Herzen unterst\u00fctzt. Indem wir es mit \"Otaku\" verbinden, definieren wir klar unser Ziel: <strong>das digitale Zuhause sein, in dem Fans ihre wahren Oshis unterst\u00fctzen, entdecken und mit ihnen in Kontakt treten<\/strong>.<\/p>\n\n\n\n<h3 class=\"wp-block-heading\">Unsere Vision<\/h3>\n\n\n\n<p>Ein zug\u00e4ngliches, sicheres und modernes \u00d6kosystem zu schaffen, in dem alle Kreativen aus der Otaku-Welt - Cosplayer, Illustratoren, Geschichtenerz\u00e4hler, Designer, Synchronsprecher usw. - ihre Arbeiten ohne unn\u00f6tige Einschr\u00e4nkungen oder generische Plattformen teilen und vermarkten k\u00f6nnen.<\/p>\n\n\n\n<h3 class=\"wp-block-heading\">Wof\u00fcr unsere Marke steht<\/h3>\n\n\n\n<ul class=\"wp-block-list\">\n<li><strong>Respekt vor der Otaku-Kultur<\/strong><br>Wir ehren ihre Wurzeln, ihre Vielfalt und ihre globale Entwicklung.<\/li>\n\n\n\n<li><strong>Authentizit\u00e4t und direkte Verbindung<\/strong><br>Keine Zwischenh\u00e4ndler, keine undurchsichtigen Algorithmen. Nur Fans, die ihre Sch\u00f6pfer unterst\u00fctzen.<\/li>\n\n\n\n<li><strong>Datenschutz und Sicherheit als Grundlage<\/strong><br>Wir sch\u00fctzen sowohl die Sch\u00f6pfer als auch die Fans mit professionellen Standards.<\/li>\n\n\n\n<li><strong>Kreativit\u00e4t ohne Grenzen<\/strong><br>OtakuOshi ist ein freier Raum zur Erforschung von Ideen, Stilen, Erz\u00e4hlungen und Genres innerhalb eines legalen und ethischen Rahmens.<\/li>\n<\/ul>\n\n\n\n<h3 class=\"wp-block-heading\">An wen richtet sich die Marke?<\/h3>\n\n\n\n<ul class=\"wp-block-list\">\n<li>Zum <strong>Fans von Anime, Manga, Cosplay, digitaler Kunst, ASMR und narrativen Inhalten<\/strong>.<\/li>\n\n\n\n<li>F\u00fcr Kreative, die nicht in die traditionellen Plattformen passen.<\/li>\n\n\n\n<li>Sammler und Fans, die authentische Verbindungen und mit Leidenschaft gemachte Inhalte sch\u00e4tzen.<\/li>\n<\/ul>\n\n\n\n<p><strong>OtakuOshi<\/strong> ist keine Kopie. Es ist nicht einfach ein weiteres soziales Netzwerk.<br>Sie ist eine Marke mit einem Ziel: <strong>denjenigen, die das Fandom als Teil ihrer Identit\u00e4t leben, Sichtbarkeit, kreative Freiheit und echte Werkzeuge zu geben.<\/strong><\/p>\n\n\n\n<p>Denn in der Otaku-Welt ist man <strong>oshi<\/strong> Es sieht nicht nur so aus. Es wird unterst\u00fctzt.<br>Und OtakuOshi ist hier, um es m\u00f6glich zu machen.<\/p>","protected":false},"excerpt":{"rendered":"<p>OtakuOshi ist mehr als eine Plattform: Es ist eine Marke, die auf der Leidenschaft, der Identit\u00e4t und dem Geist der globalen Otaku-Kultur basiert. Geboren aus der...<\/p>","protected":false},"author":1,"featured_media":0,"parent":0,"menu_order":0,"comment_status":"closed","ping_status":"closed","template":"","meta":{"footnotes":""},"class_list":["post-313","page","type-page","status-publish","hentry"],"yoast_head":"<!-- This site is optimized with the Yoast SEO plugin v26.8 - https:\/\/yoast.com\/product\/yoast-seo-wordpress\/ -->\n<title>Marca<\/title>\n<meta name=\"robots\" content=\"index, follow, max-snippet:-1, max-image-preview:large, max-video-preview:-1\" \/>\n<link rel=\"canonical\" href=\"https:\/\/otakuoshi.com\/de\/marca\/\" \/>\n<meta property=\"og:locale\" content=\"de_DE\" \/>\n<meta property=\"og:type\" content=\"article\" \/>\n<meta property=\"og:title\" content=\"Marca\" \/>\n<meta property=\"og:description\" content=\"OtakuOshi es m\u00e1s que una plataforma: es una marca construida sobre la pasi\u00f3n, la identidad y el esp\u00edritu de la cultura otaku global. Nacida de&hellip;\" \/>\n<meta property=\"og:url\" content=\"https:\/\/otakuoshi.com\/de\/marca\/\" \/>\n<meta property=\"og:site_name\" content=\"OtakuOshi\" \/>\n<meta property=\"og:image\" content=\"https:\/\/otakuoshi.com\/wp-content\/uploads\/2025\/07\/cropped-logo.jpg\" \/>\n\t<meta property=\"og:image:width\" content=\"512\" \/>\n\t<meta property=\"og:image:height\" content=\"512\" \/>\n\t<meta property=\"og:image:type\" content=\"image\/jpeg\" \/>\n<meta name=\"twitter:card\" content=\"summary_large_image\" \/>\n<meta name=\"twitter:site\" content=\"@OtakuOshi\" \/>\n<meta name=\"twitter:label1\" content=\"Gesch\u00e4tzte Lesezeit\" \/>\n\t<meta name=\"twitter:data1\" content=\"2\u00a0Minuten\" \/>\n<script type=\"application\/ld+json\" class=\"yoast-schema-graph\">{\"@context\":\"https:\/\/schema.org\",\"@graph\":[{\"@type\":\"WebPage\",\"@id\":\"https:\/\/otakuoshi.com\/marca\/\",\"url\":\"https:\/\/otakuoshi.com\/marca\/\",\"name\":\"Marca\",\"isPartOf\":{\"@id\":\"https:\/\/otakuoshi.com\/#website\"},\"datePublished\":\"2025-07-22T09:01:00+00:00\",\"breadcrumb\":{\"@id\":\"https:\/\/otakuoshi.com\/marca\/#breadcrumb\"},\"inLanguage\":\"de\",\"potentialAction\":[{\"@type\":\"ReadAction\",\"target\":[\"https:\/\/otakuoshi.com\/marca\/\"]}]},{\"@type\":\"BreadcrumbList\",\"@id\":\"https:\/\/otakuoshi.com\/marca\/#breadcrumb\",\"itemListElement\":[{\"@type\":\"ListItem\",\"position\":1,\"name\":\"Home\",\"item\":\"https:\/\/otakuoshi.com\/\"},{\"@type\":\"ListItem\",\"position\":2,\"name\":\"Marca\"}]},{\"@type\":\"WebSite\",\"@id\":\"https:\/\/otakuoshi.com\/#website\",\"url\":\"https:\/\/otakuoshi.com\/\",\"name\":\"OtakuOshi\",\"description\":\"\",\"publisher\":{\"@id\":\"https:\/\/otakuoshi.com\/#organization\"},\"alternateName\":\"Otaku Oshi\",\"potentialAction\":[{\"@type\":\"SearchAction\",\"target\":{\"@type\":\"EntryPoint\",\"urlTemplate\":\"https:\/\/otakuoshi.com\/?s={search_term_string}\"},\"query-input\":{\"@type\":\"PropertyValueSpecification\",\"valueRequired\":true,\"valueName\":\"search_term_string\"}}],\"inLanguage\":\"de\"},{\"@type\":\"Organization\",\"@id\":\"https:\/\/otakuoshi.com\/#organization\",\"name\":\"OtakuOshi\",\"url\":\"https:\/\/otakuoshi.com\/\",\"logo\":{\"@type\":\"ImageObject\",\"inLanguage\":\"de\",\"@id\":\"https:\/\/otakuoshi.com\/#\/schema\/logo\/image\/\",\"url\":\"https:\/\/otakuoshi.com\/wp-content\/uploads\/2025\/07\/logo.jpg\",\"contentUrl\":\"https:\/\/otakuoshi.com\/wp-content\/uploads\/2025\/07\/logo.jpg\",\"width\":458,\"height\":164,\"caption\":\"OtakuOshi\"},\"image\":{\"@id\":\"https:\/\/otakuoshi.com\/#\/schema\/logo\/image\/\"},\"sameAs\":[\"https:\/\/x.com\/OtakuOshi\"]}]}<\/script>\n<!-- \/ Yoast SEO plugin. -->","yoast_head_json":{"title":"Marke","robots":{"index":"index","follow":"follow","max-snippet":"max-snippet:-1","max-image-preview":"max-image-preview:large","max-video-preview":"max-video-preview:-1"},"canonical":"https:\/\/otakuoshi.com\/de\/marca\/","og_locale":"de_DE","og_type":"article","og_title":"Marca","og_description":"OtakuOshi es m\u00e1s que una plataforma: es una marca construida sobre la pasi\u00f3n, la identidad y el esp\u00edritu de la cultura otaku global. Nacida de&hellip;","og_url":"https:\/\/otakuoshi.com\/de\/marca\/","og_site_name":"OtakuOshi","og_image":[{"width":512,"height":512,"url":"https:\/\/otakuoshi.com\/wp-content\/uploads\/2025\/07\/cropped-logo.jpg","type":"image\/jpeg"}],"twitter_card":"summary_large_image","twitter_site":"@OtakuOshi","twitter_misc":{"Gesch\u00e4tzte Lesezeit":"2\u00a0Minuten"},"schema":{"@context":"https:\/\/schema.org","@graph":[{"@type":"WebPage","@id":"https:\/\/otakuoshi.com\/marca\/","url":"https:\/\/otakuoshi.com\/marca\/","name":"Marke","isPartOf":{"@id":"https:\/\/otakuoshi.com\/#website"},"datePublished":"2025-07-22T09:01:00+00:00","breadcrumb":{"@id":"https:\/\/otakuoshi.com\/marca\/#breadcrumb"},"inLanguage":"de","potentialAction":[{"@type":"ReadAction","target":["https:\/\/otakuoshi.com\/marca\/"]}]},{"@type":"BreadcrumbList","@id":"https:\/\/otakuoshi.com\/marca\/#breadcrumb","itemListElement":[{"@type":"ListItem","position":1,"name":"Home","item":"https:\/\/otakuoshi.com\/"},{"@type":"ListItem","position":2,"name":"Marca"}]},{"@type":"WebSite","@id":"https:\/\/otakuoshi.com\/#website","url":"https:\/\/otakuoshi.com\/","name":"OtakuOshi","description":"","publisher":{"@id":"https:\/\/otakuoshi.com\/#organization"},"alternateName":"Otaku Oshi","potentialAction":[{"@type":"SearchAction","target":{"@type":"EntryPoint","urlTemplate":"https:\/\/otakuoshi.com\/?s={search_term_string}"},"query-input":{"@type":"PropertyValueSpecification","valueRequired":true,"valueName":"search_term_string"}}],"inLanguage":"de"},{"@type":"Organization","@id":"https:\/\/otakuoshi.com\/#organization","name":"OtakuOshi","url":"https:\/\/otakuoshi.com\/","logo":{"@type":"ImageObject","inLanguage":"de","@id":"https:\/\/otakuoshi.com\/#\/schema\/logo\/image\/","url":"https:\/\/otakuoshi.com\/wp-content\/uploads\/2025\/07\/logo.jpg","contentUrl":"https:\/\/otakuoshi.com\/wp-content\/uploads\/2025\/07\/logo.jpg","width":458,"height":164,"caption":"OtakuOshi"},"image":{"@id":"https:\/\/otakuoshi.com\/#\/schema\/logo\/image\/"},"sameAs":["https:\/\/x.com\/OtakuOshi"]}]}},"_links":{"self":[{"href":"https:\/\/otakuoshi.com\/de\/wp-json\/wp\/v2\/pages\/313","targetHints":{"allow":["GET"]}}],"collection":[{"href":"https:\/\/otakuoshi.com\/de\/wp-json\/wp\/v2\/pages"}],"about":[{"href":"https:\/\/otakuoshi.com\/de\/wp-json\/wp\/v2\/types\/page"}],"author":[{"embeddable":true,"href":"https:\/\/otakuoshi.com\/de\/wp-json\/wp\/v2\/users\/1"}],"replies":[{"embeddable":true,"href":"https:\/\/otakuoshi.com\/de\/wp-json\/wp\/v2\/comments?post=313"}],"version-history":[{"count":0,"href":"https:\/\/otakuoshi.com\/de\/wp-json\/wp\/v2\/pages\/313\/revisions"}],"wp:attachment":[{"href":"https:\/\/otakuoshi.com\/de\/wp-json\/wp\/v2\/media?parent=313"}],"curies":[{"name":"wp","href":"https:\/\/api.w.org\/{rel}","templated":true}]}}