{"id":95,"date":"2025-07-20T06:00:15","date_gmt":"2025-07-20T06:00:15","guid":{"rendered":"https:\/\/otakuoshi.com\/?page_id=95"},"modified":"2026-02-21T10:12:40","modified_gmt":"2026-02-21T10:12:40","slug":"home","status":"publish","type":"page","link":"https:\/\/otakuoshi.com\/de\/","title":{"rendered":"Startseite"},"content":{"rendered":"<p><!-- ======= HERO ======= --><\/p>\n<section class=\"hero\">\n<div class=\"hero__bg\"><\/div>\n<div class=\"hero__inner\">\n    <span class=\"oshi-badge\">\u304a\u305f\u304f\u304a\u3057 - Plattform f\u00fcr Otaku-Sch\u00f6pfer<\/span><\/p>\n<h1>Deine Otaku-Kunst verdient es<br \/>eine B\u00fchne <em>auf Ihrem Niveau<\/em><\/h1>\n<p class=\"hero__sub\">Machen Sie Ihr Talent als Illustrator, Cosplayer, Mangaka oder digitaler K\u00fcnstler zu Geld. Schlie\u00dfen Sie sich mit Fans zusammen, die Ihre Werke zu sch\u00e4tzen wissen.<\/p>\n<div class=\"hero__ctas\">\n      <a href=\"https:\/\/fans.otakuoshi.com\/\" class=\"btn btn--fill\">Erstellen Sie kostenlos<\/a><br \/>\n      <a href=\"\/de\/inhalt\/\" class=\"btn btn--ghost\">Inhalt erkunden<\/a>\n    <\/div>\n<p class=\"hero__meta\">+9 Kategorien - Zahlungen weltweit - 100% Englisch und Japanisch<\/p>\n<\/p><\/div>\n<\/section>\n<p><!-- ======= CATEGOR\u00cdAS ======= --><\/p>\n<section class=\"cats\" id=\"categorias\">\n<div class=\"oshi-wrap\">\n<div class=\"sec-head\">\n<h2>Nach Kategorie suchen<\/h2>\n<p>Von Fankunst bis ASMR: Finden Sie den Inhalt, der Sie begeistert - oder die perfekte Nische, um Ihr Talent zu Geld zu machen.<\/p>\n<\/p><\/div>\n<div class=\"cats__grid\">\n<p>      <a href=\"\/de\/cosplay\/\" class=\"ccard\"><\/p>\n<div class=\"ccard__img\">\n          <img decoding=\"async\" src=\"https:\/\/otakuoshi.com\/wp-content\/uploads\/2025\/09\/Cosplay-1.png\" alt=\"Cosplay - exklusive Fotoserien\" loading=\"lazy\">\n        <\/div>\n<div class=\"ccard__body\">\n<h3 class=\"ccard__title\">Cosplay<\/h3>\n<p class=\"ccard__text\">Fotoserien, Blicke hinter die Kulissen und exklusive Inhalte von professionellen und unabh\u00e4ngigen Cosplayern.<\/p>\n<\/p><\/div>\n<p>      <\/a><\/p>\n<p>      <a href=\"\/de\/manga-zeichner\/\" class=\"ccard\"><\/p>\n<div class=\"ccard__img\">\n          <img decoding=\"async\" src=\"https:\/\/otakuoshi.com\/wp-content\/uploads\/2025\/09\/Ilustracion.png\" alt=\"Manga-Illustration und Fankunst\" loading=\"lazy\">\n        <\/div>\n<div class=\"ccard__body\">\n<h3 class=\"ccard__title\">Illustration und Fankunst<\/h3>\n<p class=\"ccard__text\">Originalillustrationen, Fankunst, laufende Arbeiten und kreative Prozesse von digitalen K\u00fcnstlern.<\/p>\n<\/p><\/div>\n<p>      <\/a><\/p>\n<p>      <a href=\"\/de\/doujin-manga\/\" class=\"ccard\"><\/p>\n<div class=\"ccard__img\">\n          <img decoding=\"async\" src=\"https:\/\/otakuoshi.com\/wp-content\/uploads\/2025\/09\/Manga.png\" alt=\"Manga und Indie-Doujinshi\" loading=\"lazy\">\n        <\/div>\n<div class=\"ccard__body\">\n<h3 class=\"ccard__title\">Manga &amp; Doujinshi<\/h3>\n<p class=\"ccard__text\">Originalwerke, Doujinshi und fortlaufende Serien von unabh\u00e4ngigen Autoren.<\/p>\n<\/p><\/div>\n<p>      <\/a><\/p>\n<p>      <a href=\"\/de\/bewegungsanimation\/\" class=\"ccard\"><\/p>\n<div class=\"ccard__img\">\n          <img decoding=\"async\" src=\"https:\/\/otakuoshi.com\/wp-content\/uploads\/2025\/09\/Animacion.png\" alt=\"Animation und animierte Grafiken Anime\" loading=\"lazy\">\n        <\/div>\n<div class=\"ccard__body\">\n<h3 class=\"ccard__title\">Animation und Bewegung<\/h3>\n<p class=\"ccard__text\">Kurzfilme, animierte Loops, Animationsgrafiken und Indie-Animationsprojekte.<\/p>\n<\/p><\/div>\n<p>      <\/a><\/p>\n<p>      <a href=\"\/de\/asmr-zeichen-stimme\/\" class=\"ccard\"><\/p>\n<div class=\"ccard__img\">\n          <img decoding=\"async\" src=\"https:\/\/otakuoshi.com\/wp-content\/uploads\/2025\/09\/ASMR.png\" alt=\"ASMR und Charakterstimme\" loading=\"lazy\">\n        <\/div>\n<div class=\"ccard__body\">\n<h3 class=\"ccard__title\">ASMR &amp; Charakter-Stimme<\/h3>\n<p class=\"ccard__text\">Immersive Audio, Situationsstimme, thematisches ASMR und originelle Charaktersynchronisation.<\/p>\n<\/p><\/div>\n<p>      <\/a><\/p>\n<p>      <a href=\"\/de\/making-of-tutoriales-y-plantillas\/\" class=\"ccard\"><\/p>\n<div class=\"ccard__img\">\n          <img decoding=\"async\" src=\"https:\/\/otakuoshi.com\/wp-content\/uploads\/2025\/09\/Tutoriales.png\" alt=\"Tutorials und Making-of\" loading=\"lazy\">\n        <\/div>\n<div class=\"ccard__body\">\n<h3 class=\"ccard__title\">Making-of &amp; Tutorials<\/h3>\n<p class=\"ccard__text\">Kreative Prozesse, Vorlagen, Pinsel und Schritt-f\u00fcr-Schritt-Tutorials f\u00fcr K\u00fcnstler.<\/p>\n<\/p><\/div>\n<p>      <\/a><\/p>\n<p>      <a href=\"\/de\/3d-avatare-vroid\/\" class=\"ccard\"><\/p>\n<div class=\"ccard__img\">\n          <img decoding=\"async\" src=\"https:\/\/otakuoshi.com\/wp-content\/uploads\/2025\/09\/3d.png\" alt=\"3D-Modelle und VRoid-Avatare\" loading=\"lazy\">\n        <\/div>\n<div class=\"ccard__body\">\n<h3 class=\"ccard__title\">3D \/ Avatare \/ VRoid<\/h3>\n<p class=\"ccard__text\">3D-Modelle, VRoid-Avatare, Assets f\u00fcr VTuber und Szenen f\u00fcr Unity oder Blender.<\/p>\n<\/p><\/div>\n<p>      <\/a><\/p>\n<p>      <a href=\"\/de\/contenidos-r-15\/\" class=\"ccard\"><\/p>\n<div class=\"ccard__img\">\n          <img decoding=\"async\" src=\"https:\/\/otakuoshi.com\/wp-content\/uploads\/2025\/09\/r15.png\" alt=\"Inhalt R-15\" loading=\"lazy\">\n        <\/div>\n<div class=\"ccard__body\">\n<h3 class=\"ccard__title\">Inhalt R-15<\/h3>\n<p class=\"ccard__text\">Suggestive Fotografie, Ecchi-Art und sinnliche Inhalte mit einem k\u00fcnstlerischen und respektvollen Ansatz.<\/p>\n<\/p><\/div>\n<p>      <\/a><\/p>\n<p>      <a href=\"\/de\/inhalt-r18\/\" class=\"ccard\"><\/p>\n<div class=\"ccard__img\">\n          <img decoding=\"async\" src=\"https:\/\/otakuoshi.com\/wp-content\/uploads\/2025\/07\/cosplay-erotico.jpg\" alt=\"Inhalt R-18\" loading=\"lazy\">\n        <\/div>\n<div class=\"ccard__body\">\n<h3 class=\"ccard__title\">Inhalt R-18<\/h3>\n<p class=\"ccard__text\">Gepr\u00fcfte Inhalte f\u00fcr Erwachsene: Illustration, erotisches Cosplay und Kunstfotografie.<\/p>\n<\/p><\/div>\n<p>      <\/a><\/p><\/div>\n<div class=\"cats__bottom\">\n      <a href=\"\/de\/inhalt\/\" class=\"btn btn--ghost\">Alle Kategorien anzeigen<\/a>\n    <\/div>\n<\/p><\/div>\n<\/section>\n<p><!-- ======= VALOR ======= --><\/p>\n<section class=\"value\">\n<div class=\"oshi-wrap\">\n<div class=\"sec-head\">\n<h2>Mehr als eine Plattform: eine Gemeinschaft mit einer Otaku-Seele<\/h2>\n<p>OtakuOshi verbindet Sch\u00f6pfer und Fans in einem \u00d6kosystem aus Respekt, Leidenschaft und direkter Unterst\u00fctzung. Hier sind die Fans <em>shien-sha<\/em> und die Sch\u00f6pfer sind <em>oshis<\/em>.<\/p>\n<\/p><\/div>\n<div class=\"value__grid\">\n<div class=\"vbox\">\n<h3>Sind Sie ein Fan?<\/h3>\n<p>Entdecken Sie K\u00fcnstler, die Sie im Alltag inspirieren. Unterst\u00fctzen Sie sie mit Abonnements, digitalen Tipps oder privaten Nachrichten. Bauen Sie eine echte Verbindung mit Ihren <em>oshi<\/em>.<\/p>\n<ul>\n<li>Zugang zu exklusiven Inhalten, die Sie in sozialen Netzwerken nicht finden werden<\/li>\n<li>Senden Sie Requisiten, Nachrichten und direkte Kommentare an den Sch\u00f6pfer<\/li>\n<li>Entdecken Sie K\u00fcnstler in <a href=\"\/de\/cosplay\/\">Cosplay<\/a>, <a href=\"\/de\/fanart\/\">Fankunst<\/a> o <a href=\"\/de\/asmr-zeichen-stimme\/\">ASMR<\/a><\/li>\n<li>Unterst\u00fctzt <a href=\"\/de\/cosplay-modelle\/\">Modelle<\/a>, <a href=\"\/de\/manga-zeichner\/\">mangakas<\/a> y <a href=\"\/de\/cosplay-fotografen\/\">Fotografen<\/a><\/li>\n<\/ul>\n<p>        <a href=\"https:\/\/fans.otakuoshi.com\/\" class=\"btn btn--fill\">Sch\u00f6pfer entdecken<\/a>\n      <\/div>\n<div class=\"vbox\">\n<h3>Sind Sie ein Sch\u00f6pfer?<\/h3>\n<p>Verwandeln Sie Ihre Leidenschaft in echtes Einkommen. Bieten Sie Abonnements an, verkaufen Sie exklusive Inhalte und lassen Sie Ihre Fans zu Sponsoren werden.<\/p>\n<ul>\n<li>Monetarisieren <a href=\"\/de\/manga-zeichner\/\">Abbildungen<\/a>, S\u00e4tze von <a href=\"\/de\/cosplay\/\">Cosplay<\/a> o <a href=\"\/de\/doujin-manga\/\">doujinshi<\/a><\/li>\n<li>Erhalten Sie direkte Unterst\u00fctzung durch Abonnements und Tipps<\/li>\n<li>Verwalten Sie Inhalte, Community und Shop von einem Profil aus<\/li>\n<li>Cobra in jedem Land - Cobra in jedem Land - Cobra in jedem Land - Cobra in jedem Land - Cobra in jedem Land - Cobra in jedem Land <a href=\"\/de\/financiacion\/\">Mehr Informationen \u00fcber Zahlungen<\/a><\/li>\n<\/ul>\n<p>        <a href=\"https:\/\/fans.otakuoshi.com\/\" class=\"btn btn--fill\">\u00d6ffnen Sie Ihr kostenloses Profil<\/a>\n      <\/div>\n<\/p><\/div>\n<\/p><\/div>\n<\/section>\n<p><!-- ======= BANNER CTA ======= --><\/p>\n<section class=\"banner\" style=\"background-image:url('https:\/\/otakuoshi.com\/wp-content\/uploads\/2025\/07\/ot1.png')\">\n<div class=\"banner__ov\"><\/div>\n<div class=\"banner__in\">\n<h2>Ihre Kunst verdient einen Platz, an dem sie nicht im L\u00e4rm untergeht.<\/h2>\n<p>Ihre Community wartet schon auf Sie. Er\u00f6ffnen Sie Ihr Profil in weniger als 5 Minuten und beginnen Sie noch heute, Geld zu verdienen.<\/p>\n<p>    <a href=\"https:\/\/fans.otakuoshi.com\/\" class=\"btn btn--fill btn--lg\">Erstellen Sie Ihr kostenloses Konto<\/a>\n  <\/div>\n<\/section>\n<p><!-- ======= PASOS ======= --><\/p>\n<section class=\"steps\" id=\"como-funciona\">\n<div class=\"oshi-wrap\">\n<div class=\"sec-head\">\n<h2>Wie funktioniert OtakuOshi?<\/h2>\n<p>In drei Schritten k\u00f6nnen Sie vom Betrachter zum Ersteller mit wiederkehrenden Einnahmen werden. Der gesamte Prozess dauert weniger als 5 Minuten.<\/p>\n<\/p><\/div>\n<div class=\"steps__grid\">\n<div class=\"stp\">\n        <span class=\"stp__num\">01<\/span><\/p>\n<h3>Register<\/h3>\n<p>Erstellen Sie Ihr Konto auf <a href=\"https:\/\/fans.otakuoshi.com\/\">fans.otakuoshi.com<\/a>. Best\u00e4tigen Sie Ihre E-Mail und richten Sie Ihr Erstellerprofil in wenigen Minuten ein.<\/p>\n<\/p><\/div>\n<div class=\"stp\">\n        <span class=\"stp__num\">02<\/span><\/p>\n<h3>Ver\u00f6ffentlichen und teilen<\/h3>\n<p>Laden Sie Bilder, Videos, Audios und Dokumente hoch. Entscheiden Sie, was \u00f6ffentlich und was exklusiv ist. Lesen Sie unser <a href=\"\/de\/principios-de-publicacion\/\">Grunds\u00e4tze der Ver\u00f6ffentlichung<\/a>.<\/p>\n<\/p><\/div>\n<div class=\"stp\">\n        <span class=\"stp__num\">03<\/span><\/p>\n<h3>Zahlungen entgegennehmen<\/h3>\n<p>Auszahlungen in jedes Land. Sie k\u00f6nnen sich auch ohne Bankkonto auszahlen lassen. <a href=\"\/de\/financiacion\/\">Weitere Informationen zu den Zahlungsarten<\/a>.<\/p>\n<\/p><\/div>\n<\/p><\/div>\n<\/p><\/div>\n<\/section>\n<p><!-- ======= NICHOS ======= --><\/p>\n<section class=\"niches\">\n<div class=\"oshi-wrap\">\n<div class=\"sec-head\">\n<h2>Ein Feld f\u00fcr jede Art von Ersteller<\/h2>\n<p>Ganz gleich, in welcher Disziplin du bist: Wenn du zum Otaku-Universum geh\u00f6rst, hast du hier ein Zuhause, in dem dein Talent gesch\u00e4tzt wird.<\/p>\n<\/p><\/div>\n<div class=\"niches__grid\">\n      <a href=\"\/de\/cosplay-modelle\/\" class=\"ncard\"><br \/>\n        <span class=\"ncard__ico\">\ud83d\udcf8<\/span><\/p>\n<h3>Cosplay-Modelle<\/h3>\n<p>Exklusive Sets, thematische Sitzungen und Inhalte hinter den Kulissen.<\/p>\n<p>      <\/a><br \/>\n      <a href=\"\/de\/cosplay-fotografen\/\" class=\"ncard\"><br \/>\n        <span class=\"ncard__ico\">\ud83c\udf9e\ufe0f<\/span><\/p>\n<h3>Cosplay-Fotografen<\/h3>\n<p>Portfolio, Abz\u00fcge und thematische Fotografie-Tutorials.<\/p>\n<p>      <\/a><br \/>\n      <a href=\"\/de\/fanfiction-autoren\/\" class=\"ncard\"><br \/>\n        <span class=\"ncard__ico\">\u270d\ufe0f<\/span><\/p>\n<h3>Fanfiction-Autoren<\/h3>\n<p>Exklusive Kapitel und fortlaufende Serien f\u00fcr passionierte Leser.<\/p>\n<p>      <\/a><br \/>\n      <a href=\"\/de\/dojinshi-autoren\/\" class=\"ncard\"><br \/>\n        <span class=\"ncard__ico\">\ud83d\udcd6<\/span><\/p>\n<h3>Doujinshi-Autoren<\/h3>\n<p>Sie vertreibt Indie-Manga, erh\u00e4lt Feedback und finanziert Projekte.<\/p>\n<p>      <\/a><br \/>\n      <a href=\"\/de\/fanart\/\" class=\"ncard\"><br \/>\n        <span class=\"ncard__ico\">\ud83c\udfa8<\/span><\/p>\n<h3>Fan-Art-K\u00fcnstler<\/h3>\n<p>Teilen Sie Ihre Kreationen, verkaufen Sie Provisionen und erweitern Sie Ihre Community.<\/p>\n<p>      <\/a><br \/>\n      <a href=\"\/de\/ecchi-kunstler\/\" class=\"ncard\"><br \/>\n        <span class=\"ncard__ico\">\ud83d\udd25<\/span><\/p>\n<h3>Ecchi-K\u00fcnstler<\/h3>\n<p>Sicherer Raum mit <a href=\"\/de\/politica-etica\/\">ethische Grunds\u00e4tze<\/a> und Alters\u00fcberpr\u00fcfung.<\/p>\n<p>      <\/a>\n    <\/div>\n<\/p><\/div>\n<\/section>\n<p><!-- ======= JAP\u00d3N BANNER ======= --><\/p>\n<section class=\"banner\" style=\"background-image:url('https:\/\/otakuoshi.com\/wp-content\/uploads\/2025\/07\/japanflag.jpg')\">\n<div class=\"banner__ov\"><\/div>\n<div class=\"banner__in\">\n<h2>Japanische Identit\u00e4t, offen f\u00fcr die Welt<\/h2>\n<p>OtakuOshi nimmt das Beste des japanischen kreativen Geistes und \u00f6ffnet ihn f\u00fcr die Welt. Deine Stimme wird auf Englisch und \u65e5\u672c\u8a9e geh\u00f6rt.<\/p>\n<p>    <a href=\"https:\/\/otakuoshi.jp\/\" class=\"btn btn--fill btn--lg\" target=\"_blank\" rel=\"noopener\">Entdecken Sie OtakuOshi Japan<\/a>\n  <\/div>\n<\/section>\n<p><!-- ======= CONFIANZA ======= --><\/p>\n<section class=\"trust\">\n<div class=\"oshi-wrap\">\n<div class=\"sec-head\">\n<h2>Auf Prinzipien aufgebaut, nicht nur auf Code<\/h2>\n<p>Die Otaku-Kultur verdient eine Plattform, die sie respektiert.<\/p>\n<\/p><\/div>\n<div class=\"trust__grid\">\n<div class=\"tcard\">\n<h3>Echte Sicherheit<\/h3>\n<p>Verschl\u00fcsselte Zahlungen, Identit\u00e4ts\u00fcberpr\u00fcfung und <a href=\"\/de\/sicherheit\/\">professionelle Protokolle<\/a>.<\/p>\n<\/p><\/div>\n<div class=\"tcard\">\n<h3>Kompromisslose Ethik<\/h3>\n<p><a href=\"\/de\/politica-etica\/\">Ethische Politik<\/a> gegen illegale Inhalte und Deepfakes. Wir erf\u00fcllen <a href=\"\/de\/usc2257\/\">USC 2257<\/a>.<\/p>\n<\/p><\/div>\n<div class=\"tcard\">\n<h3>Diversit\u00e4t und Integration<\/h3>\n<p>Alle Otaku-Ausdr\u00fccke sind willkommen. <a href=\"\/de\/diversidad\/\">Erkl\u00e4rung zur Diversit\u00e4t<\/a>.<\/p>\n<\/p><\/div>\n<div class=\"tcard\">\n<h3>Aktive Antwort<\/h3>\n<p><a href=\"\/de\/beschwerden\/\">Beanstandungen<\/a> mit realen Zeiten. <a href=\"\/de\/respuesta-activa\/\">Antwortpolitik<\/a>.<\/p>\n<\/p><\/div>\n<div class=\"tcard\">\n<h3>Redaktionelle Transparenz<\/h3>\n<p><a href=\"\/de\/principios-de-publicacion\/\">Grunds\u00e4tze der Ver\u00f6ffentlichung<\/a> y <a href=\"\/de\/politica-de-correcciones\/\">Korrekturpolitik<\/a> offen.<\/p>\n<\/p><\/div>\n<div class=\"tcard\">\n<h3>Klare Bedingungen<\/h3>\n<p><a href=\"\/de\/servicebedingungen\/\">Bedingungen<\/a>, <a href=\"\/de\/datenschutzbestimmungen\/\">Datenschutz<\/a>, <a href=\"\/de\/cookies\/\">Cookies<\/a> y <a href=\"\/de\/contrato-entre-fan-y-creador\/\">Fan-Hersteller-Vertrag<\/a>.<\/p>\n<\/p><\/div>\n<\/p><\/div>\n<\/p><\/div>\n<\/section>\n<p><!-- ======= CTA FINAL ======= --><\/p>\n<section class=\"final\">\n<div class=\"oshi-wrap\">\n<h2>Sind Sie bereit, dass Ihr Otaku-Talent den Wert erh\u00e4lt, den es verdient?<\/h2>\n<p class=\"final__desc\">Treten Sie der Community bei, in der sich Fans und Kreative treffen. Melden Sie sich kostenlos an und ver\u00f6ffentlichen Sie noch heute Ihre ersten Inhalte.<\/p>\n<div class=\"final__btns\">\n      <a href=\"https:\/\/fans.otakuoshi.com\/\" class=\"btn btn--fill btn--lg\">Erstellen Sie Ihr Erstellerprofil<\/a><br \/>\n      <a href=\"\/de\/uber-uns\/\" class=\"btn btn--ghost\">\u00dcber OtakuOshi<\/a>\n    <\/div>\n<p class=\"final__links\">\n      <a href=\"\/de\/ayuda\/\">Hilfe<\/a> \u00b7 <a href=\"\/de\/kontakt\/\">Kontakt<\/a> \u00b7 <a href=\"\/de\/colaboraciones\/\">Kollaborationen<\/a> \u00b7 <a href=\"\/de\/prensa\/\">Presse<\/a> \u00b7 <a href=\"\/de\/newsletter\/\">Newsletter<\/a> \u00b7 <a href=\"\/de\/marca\/\">Markenkit<\/a>\n    <\/p>\n<\/p><\/div>\n<\/section>","protected":false},"excerpt":{"rendered":"<p>\u304a\u305f\u304f\u304f\u304f\u304a\u3057 - Plattform f\u00fcr Otaku-K\u00fcnstler Deine Otaku-Kunst verdient eine passende B\u00fchne Vermarkte dein Talent als Illustrator, Cosplayer, Mangaka oder digitaler K\u00fcnstler. Verbinde...<\/p>","protected":false},"author":1,"featured_media":0,"parent":0,"menu_order":0,"comment_status":"closed","ping_status":"closed","template":"page-fullwidth-content.php","meta":{"footnotes":""},"class_list":["post-95","page","type-page","status-publish","hentry"],"yoast_head":"<!-- This site is optimized with the Yoast SEO plugin v26.8 - https:\/\/yoast.com\/product\/yoast-seo-wordpress\/ -->\n<title>Home<\/title>\n<meta name=\"robots\" content=\"index, follow, max-snippet:-1, max-image-preview:large, max-video-preview:-1\" \/>\n<link rel=\"canonical\" href=\"https:\/\/otakuoshi.com\/de\/\" \/>\n<meta property=\"og:locale\" content=\"de_DE\" \/>\n<meta property=\"og:type\" content=\"article\" \/>\n<meta property=\"og:title\" content=\"Home\" \/>\n<meta property=\"og:description\" content=\"\u304a\u305f\u304f\u304a\u3057 \u2014 Plataforma para creadores otaku Tu arte otaku mereceun escenario a su altura Monetiza tu talento como ilustrador, cosplayer, mangaka o artista digital. Conecta&hellip;\" \/>\n<meta property=\"og:url\" content=\"https:\/\/otakuoshi.com\/de\/\" \/>\n<meta property=\"og:site_name\" content=\"OtakuOshi\" \/>\n<meta property=\"article:modified_time\" content=\"2026-02-21T10:12:40+00:00\" \/>\n<meta property=\"og:image\" content=\"https:\/\/otakuoshi.com\/wp-content\/uploads\/2025\/09\/Cosplay-1.png\" \/>\n<meta name=\"twitter:card\" content=\"summary_large_image\" \/>\n<meta name=\"twitter:site\" content=\"@OtakuOshi\" \/>\n<script type=\"application\/ld+json\" class=\"yoast-schema-graph\">{\"@context\":\"https:\/\/schema.org\",\"@graph\":[{\"@type\":\"WebPage\",\"@id\":\"https:\/\/otakuoshi.com\/\",\"url\":\"https:\/\/otakuoshi.com\/\",\"name\":\"Home\",\"isPartOf\":{\"@id\":\"https:\/\/otakuoshi.com\/#website\"},\"primaryImageOfPage\":{\"@id\":\"https:\/\/otakuoshi.com\/#primaryimage\"},\"image\":{\"@id\":\"https:\/\/otakuoshi.com\/#primaryimage\"},\"thumbnailUrl\":\"https:\/\/otakuoshi.com\/wp-content\/uploads\/2025\/09\/Cosplay-1.png\",\"datePublished\":\"2025-07-20T06:00:15+00:00\",\"dateModified\":\"2026-02-21T10:12:40+00:00\",\"breadcrumb\":{\"@id\":\"https:\/\/otakuoshi.com\/#breadcrumb\"},\"inLanguage\":\"de\",\"potentialAction\":[{\"@type\":\"ReadAction\",\"target\":[\"https:\/\/otakuoshi.com\/\"]}]},{\"@type\":\"ImageObject\",\"inLanguage\":\"de\",\"@id\":\"https:\/\/otakuoshi.com\/#primaryimage\",\"url\":\"https:\/\/otakuoshi.com\/wp-content\/uploads\/2025\/09\/Cosplay-1.png\",\"contentUrl\":\"https:\/\/otakuoshi.com\/wp-content\/uploads\/2025\/09\/Cosplay-1.png\"},{\"@type\":\"BreadcrumbList\",\"@id\":\"https:\/\/otakuoshi.com\/#breadcrumb\",\"itemListElement\":[{\"@type\":\"ListItem\",\"position\":1,\"name\":\"Home\",\"item\":\"https:\/\/otakuoshi.com\/\"},{\"@type\":\"ListItem\",\"position\":2,\"name\":\"Home\"}]},{\"@type\":\"WebSite\",\"@id\":\"https:\/\/otakuoshi.com\/#website\",\"url\":\"https:\/\/otakuoshi.com\/\",\"name\":\"OtakuOshi\",\"description\":\"\",\"publisher\":{\"@id\":\"https:\/\/otakuoshi.com\/#organization\"},\"alternateName\":\"Otaku Oshi\",\"potentialAction\":[{\"@type\":\"SearchAction\",\"target\":{\"@type\":\"EntryPoint\",\"urlTemplate\":\"https:\/\/otakuoshi.com\/?s={search_term_string}\"},\"query-input\":{\"@type\":\"PropertyValueSpecification\",\"valueRequired\":true,\"valueName\":\"search_term_string\"}}],\"inLanguage\":\"de\"},{\"@type\":\"Organization\",\"@id\":\"https:\/\/otakuoshi.com\/#organization\",\"name\":\"OtakuOshi\",\"url\":\"https:\/\/otakuoshi.com\/\",\"logo\":{\"@type\":\"ImageObject\",\"inLanguage\":\"de\",\"@id\":\"https:\/\/otakuoshi.com\/#\/schema\/logo\/image\/\",\"url\":\"https:\/\/otakuoshi.com\/wp-content\/uploads\/2025\/07\/logo.jpg\",\"contentUrl\":\"https:\/\/otakuoshi.com\/wp-content\/uploads\/2025\/07\/logo.jpg\",\"width\":458,\"height\":164,\"caption\":\"OtakuOshi\"},\"image\":{\"@id\":\"https:\/\/otakuoshi.com\/#\/schema\/logo\/image\/\"},\"sameAs\":[\"https:\/\/x.com\/OtakuOshi\"]}]}<\/script>\n<!-- \/ Yoast SEO plugin. -->","yoast_head_json":{"title":"Startseite","robots":{"index":"index","follow":"follow","max-snippet":"max-snippet:-1","max-image-preview":"max-image-preview:large","max-video-preview":"max-video-preview:-1"},"canonical":"https:\/\/otakuoshi.com\/de\/","og_locale":"de_DE","og_type":"article","og_title":"Home","og_description":"\u304a\u305f\u304f\u304a\u3057 \u2014 Plataforma para creadores otaku Tu arte otaku mereceun escenario a su altura Monetiza tu talento como ilustrador, cosplayer, mangaka o artista digital. Conecta&hellip;","og_url":"https:\/\/otakuoshi.com\/de\/","og_site_name":"OtakuOshi","article_modified_time":"2026-02-21T10:12:40+00:00","og_image":[{"url":"https:\/\/otakuoshi.com\/wp-content\/uploads\/2025\/09\/Cosplay-1.png","type":"","width":"","height":""}],"twitter_card":"summary_large_image","twitter_site":"@OtakuOshi","schema":{"@context":"https:\/\/schema.org","@graph":[{"@type":"WebPage","@id":"https:\/\/otakuoshi.com\/","url":"https:\/\/otakuoshi.com\/","name":"Startseite","isPartOf":{"@id":"https:\/\/otakuoshi.com\/#website"},"primaryImageOfPage":{"@id":"https:\/\/otakuoshi.com\/#primaryimage"},"image":{"@id":"https:\/\/otakuoshi.com\/#primaryimage"},"thumbnailUrl":"https:\/\/otakuoshi.com\/wp-content\/uploads\/2025\/09\/Cosplay-1.png","datePublished":"2025-07-20T06:00:15+00:00","dateModified":"2026-02-21T10:12:40+00:00","breadcrumb":{"@id":"https:\/\/otakuoshi.com\/#breadcrumb"},"inLanguage":"de","potentialAction":[{"@type":"ReadAction","target":["https:\/\/otakuoshi.com\/"]}]},{"@type":"ImageObject","inLanguage":"de","@id":"https:\/\/otakuoshi.com\/#primaryimage","url":"https:\/\/otakuoshi.com\/wp-content\/uploads\/2025\/09\/Cosplay-1.png","contentUrl":"https:\/\/otakuoshi.com\/wp-content\/uploads\/2025\/09\/Cosplay-1.png"},{"@type":"BreadcrumbList","@id":"https:\/\/otakuoshi.com\/#breadcrumb","itemListElement":[{"@type":"ListItem","position":1,"name":"Home","item":"https:\/\/otakuoshi.com\/"},{"@type":"ListItem","position":2,"name":"Home"}]},{"@type":"WebSite","@id":"https:\/\/otakuoshi.com\/#website","url":"https:\/\/otakuoshi.com\/","name":"OtakuOshi","description":"","publisher":{"@id":"https:\/\/otakuoshi.com\/#organization"},"alternateName":"Otaku Oshi","potentialAction":[{"@type":"SearchAction","target":{"@type":"EntryPoint","urlTemplate":"https:\/\/otakuoshi.com\/?s={search_term_string}"},"query-input":{"@type":"PropertyValueSpecification","valueRequired":true,"valueName":"search_term_string"}}],"inLanguage":"de"},{"@type":"Organization","@id":"https:\/\/otakuoshi.com\/#organization","name":"OtakuOshi","url":"https:\/\/otakuoshi.com\/","logo":{"@type":"ImageObject","inLanguage":"de","@id":"https:\/\/otakuoshi.com\/#\/schema\/logo\/image\/","url":"https:\/\/otakuoshi.com\/wp-content\/uploads\/2025\/07\/logo.jpg","contentUrl":"https:\/\/otakuoshi.com\/wp-content\/uploads\/2025\/07\/logo.jpg","width":458,"height":164,"caption":"OtakuOshi"},"image":{"@id":"https:\/\/otakuoshi.com\/#\/schema\/logo\/image\/"},"sameAs":["https:\/\/x.com\/OtakuOshi"]}]}},"_links":{"self":[{"href":"https:\/\/otakuoshi.com\/de\/wp-json\/wp\/v2\/pages\/95","targetHints":{"allow":["GET"]}}],"collection":[{"href":"https:\/\/otakuoshi.com\/de\/wp-json\/wp\/v2\/pages"}],"about":[{"href":"https:\/\/otakuoshi.com\/de\/wp-json\/wp\/v2\/types\/page"}],"author":[{"embeddable":true,"href":"https:\/\/otakuoshi.com\/de\/wp-json\/wp\/v2\/users\/1"}],"replies":[{"embeddable":true,"href":"https:\/\/otakuoshi.com\/de\/wp-json\/wp\/v2\/comments?post=95"}],"version-history":[{"count":0,"href":"https:\/\/otakuoshi.com\/de\/wp-json\/wp\/v2\/pages\/95\/revisions"}],"wp:attachment":[{"href":"https:\/\/otakuoshi.com\/de\/wp-json\/wp\/v2\/media?parent=95"}],"curies":[{"name":"wp","href":"https:\/\/api.w.org\/{rel}","templated":true}]}}