{"id":309,"date":"2025-07-22T08:56:00","date_gmt":"2025-07-22T08:56:00","guid":{"rendered":"https:\/\/otakuoshi.com\/?page_id=309"},"modified":"2025-07-22T08:56:01","modified_gmt":"2025-07-22T08:56:01","slug":"usc2257","status":"publish","type":"page","link":"https:\/\/otakuoshi.com\/en\/usc2257\/","title":{"rendered":"USC2257"},"content":{"rendered":"<h2 class=\"wp-block-heading\">Introduction<\/h2>\n\n\n\n<p>This website, <strong>OtakuOshi.com<\/strong>is located in and operated from the United States and complies with the requirements set forth in the Articles of Incorporation. <strong>18 U.S.C. \u00a7\u00a72257, 2257A<\/strong> y <strong>28 C.F.R. \u00a775<\/strong>to the extent required by U.S. federal law.<\/p>\n\n\n\n<h2 class=\"wp-block-heading\">Regulatory compliant content<\/h2>\n\n\n\n<p>All models, actors, actresses and other persons appearing in any visual depiction of sexually explicit conduct, real or simulated, contained in this site, <strong>were 18 years of age or older<\/strong> at the time of the production of these visual images.<\/p>\n\n\n\n<p>The required records for all depictions of sexually explicit conduct pursuant to <strong>18 U.S.C. \u00a72257<\/strong> y <strong>28 C.F.R. \u00a775 et seq.<\/strong>The records are duly filed with the designated Custodian of Records.<\/p>\n\n\n\n<h2 class=\"wp-block-heading\">Exempt content<\/h2>\n\n\n\n<p>All other visual depictions shown on this site are <strong>exempted from the provisions of Section 2257<\/strong> because:<\/p>\n\n\n\n<ol class=\"wp-block-list\">\n<li>They do not represent behaviors specifically described in <strong>18 U.S.C \u00a72256(2)(A)(i) through (iv)<\/strong>;<\/li>\n\n\n\n<li>They do not show behaviors included in <strong>18 U.S.C. \u00a72257A<\/strong> and were produced after the <strong>March 19, 2009<\/strong>;<\/li>\n\n\n\n<li>They do not include behaviors described in <strong>18 U.S.C. \u00a72256(2)(A)(v)<\/strong> produced after the <strong>March 19, 2009<\/strong>;<\/li>\n\n\n\n<li>Visual representations were created before the <strong>July 3, 1995<\/strong>; o<\/li>\n\n\n\n<li>This company <strong>does not act as a \"producer<\/strong> with respect to the distribution of such exempt images, as the term is defined in <strong>28 C.F.R. \u00a775.1(c)<\/strong>.<\/li>\n<\/ol>\n\n\n\n<h2 class=\"wp-block-heading\">Title of the work<\/h2>\n\n\n\n<p>The title of this work is: <strong>OtakuOshi<\/strong><\/p>\n\n\n\n<h2 class=\"wp-block-heading\">Inspection of Records<\/h2>\n\n\n\n<p>All records associated with the visual depictions contained on this site, and which must be maintained in accordance with federal law, <strong>are available for inspection by authorized agents<\/strong>at the following location:<\/p>\n\n\n\n<p><strong>Custodian of Records<\/strong><br><strong>Polaris Nexus LLC<\/strong><br>1621 Central Ave, Cheyenne, WY 82001, USA.<br><\/p>\n\n\n\n<p><strong>Legal note:<\/strong> This statement complies with the requirements of the <strong>Title 18 of the United States Code<\/strong>and is designed to provide full transparency and legal protection in accordance with U.S. regulations on content with explicit representations.<\/p>","protected":false},"excerpt":{"rendered":"<p>Introduction This website, OtakuOshi.com, is located in and operated from the United States and complies with the requirements set forth in 18 U.S.C. \u00a7\u00a72257,...<\/p>","protected":false},"author":1,"featured_media":0,"parent":0,"menu_order":0,"comment_status":"closed","ping_status":"closed","template":"","meta":{"footnotes":""},"class_list":["post-309","page","type-page","status-publish","hentry"],"yoast_head":"<!-- This site is optimized with the Yoast SEO plugin v26.8 - https:\/\/yoast.com\/product\/yoast-seo-wordpress\/ -->\n<title>USC2257<\/title>\n<meta name=\"robots\" content=\"index, follow, max-snippet:-1, max-image-preview:large, max-video-preview:-1\" \/>\n<link rel=\"canonical\" href=\"https:\/\/otakuoshi.com\/en\/usc2257\/\" \/>\n<meta property=\"og:locale\" content=\"en_US\" \/>\n<meta property=\"og:type\" content=\"article\" \/>\n<meta property=\"og:title\" content=\"USC2257\" \/>\n<meta property=\"og:description\" content=\"Introducci\u00f3n Este sitio web, OtakuOshi.com, est\u00e1 ubicado y operado desde los Estados Unidos y cumple con los requisitos establecidos en los art\u00edculos 18 U.S.C. \u00a7\u00a72257,&hellip;\" \/>\n<meta property=\"og:url\" content=\"https:\/\/otakuoshi.com\/en\/usc2257\/\" \/>\n<meta property=\"og:site_name\" content=\"OtakuOshi\" \/>\n<meta property=\"article:modified_time\" content=\"2025-07-22T08:56:01+00:00\" \/>\n<meta property=\"og:image\" content=\"https:\/\/otakuoshi.com\/wp-content\/uploads\/2025\/07\/cropped-logo.jpg\" \/>\n\t<meta property=\"og:image:width\" content=\"512\" \/>\n\t<meta property=\"og:image:height\" content=\"512\" \/>\n\t<meta property=\"og:image:type\" content=\"image\/jpeg\" \/>\n<meta name=\"twitter:card\" content=\"summary_large_image\" \/>\n<meta name=\"twitter:site\" content=\"@OtakuOshi\" \/>\n<meta name=\"twitter:label1\" content=\"Est. reading time\" \/>\n\t<meta name=\"twitter:data1\" content=\"2 minutes\" \/>\n<script type=\"application\/ld+json\" class=\"yoast-schema-graph\">{\"@context\":\"https:\/\/schema.org\",\"@graph\":[{\"@type\":\"WebPage\",\"@id\":\"https:\/\/otakuoshi.com\/usc2257\/\",\"url\":\"https:\/\/otakuoshi.com\/usc2257\/\",\"name\":\"USC2257\",\"isPartOf\":{\"@id\":\"https:\/\/otakuoshi.com\/#website\"},\"datePublished\":\"2025-07-22T08:56:00+00:00\",\"dateModified\":\"2025-07-22T08:56:01+00:00\",\"breadcrumb\":{\"@id\":\"https:\/\/otakuoshi.com\/usc2257\/#breadcrumb\"},\"inLanguage\":\"en-US\",\"potentialAction\":[{\"@type\":\"ReadAction\",\"target\":[\"https:\/\/otakuoshi.com\/usc2257\/\"]}]},{\"@type\":\"BreadcrumbList\",\"@id\":\"https:\/\/otakuoshi.com\/usc2257\/#breadcrumb\",\"itemListElement\":[{\"@type\":\"ListItem\",\"position\":1,\"name\":\"Home\",\"item\":\"https:\/\/otakuoshi.com\/\"},{\"@type\":\"ListItem\",\"position\":2,\"name\":\"USC2257\"}]},{\"@type\":\"WebSite\",\"@id\":\"https:\/\/otakuoshi.com\/#website\",\"url\":\"https:\/\/otakuoshi.com\/\",\"name\":\"OtakuOshi\",\"description\":\"\",\"publisher\":{\"@id\":\"https:\/\/otakuoshi.com\/#organization\"},\"alternateName\":\"Otaku Oshi\",\"potentialAction\":[{\"@type\":\"SearchAction\",\"target\":{\"@type\":\"EntryPoint\",\"urlTemplate\":\"https:\/\/otakuoshi.com\/?s={search_term_string}\"},\"query-input\":{\"@type\":\"PropertyValueSpecification\",\"valueRequired\":true,\"valueName\":\"search_term_string\"}}],\"inLanguage\":\"en-US\"},{\"@type\":\"Organization\",\"@id\":\"https:\/\/otakuoshi.com\/#organization\",\"name\":\"OtakuOshi\",\"url\":\"https:\/\/otakuoshi.com\/\",\"logo\":{\"@type\":\"ImageObject\",\"inLanguage\":\"en-US\",\"@id\":\"https:\/\/otakuoshi.com\/#\/schema\/logo\/image\/\",\"url\":\"https:\/\/otakuoshi.com\/wp-content\/uploads\/2025\/07\/logo.jpg\",\"contentUrl\":\"https:\/\/otakuoshi.com\/wp-content\/uploads\/2025\/07\/logo.jpg\",\"width\":458,\"height\":164,\"caption\":\"OtakuOshi\"},\"image\":{\"@id\":\"https:\/\/otakuoshi.com\/#\/schema\/logo\/image\/\"},\"sameAs\":[\"https:\/\/x.com\/OtakuOshi\"]}]}<\/script>\n<!-- \/ Yoast SEO plugin. -->","yoast_head_json":{"title":"USC2257","robots":{"index":"index","follow":"follow","max-snippet":"max-snippet:-1","max-image-preview":"max-image-preview:large","max-video-preview":"max-video-preview:-1"},"canonical":"https:\/\/otakuoshi.com\/en\/usc2257\/","og_locale":"en_US","og_type":"article","og_title":"USC2257","og_description":"Introducci\u00f3n Este sitio web, OtakuOshi.com, est\u00e1 ubicado y operado desde los Estados Unidos y cumple con los requisitos establecidos en los art\u00edculos 18 U.S.C. \u00a7\u00a72257,&hellip;","og_url":"https:\/\/otakuoshi.com\/en\/usc2257\/","og_site_name":"OtakuOshi","article_modified_time":"2025-07-22T08:56:01+00:00","og_image":[{"width":512,"height":512,"url":"https:\/\/otakuoshi.com\/wp-content\/uploads\/2025\/07\/cropped-logo.jpg","type":"image\/jpeg"}],"twitter_card":"summary_large_image","twitter_site":"@OtakuOshi","twitter_misc":{"Est. reading time":"2 minutes"},"schema":{"@context":"https:\/\/schema.org","@graph":[{"@type":"WebPage","@id":"https:\/\/otakuoshi.com\/usc2257\/","url":"https:\/\/otakuoshi.com\/usc2257\/","name":"USC2257","isPartOf":{"@id":"https:\/\/otakuoshi.com\/#website"},"datePublished":"2025-07-22T08:56:00+00:00","dateModified":"2025-07-22T08:56:01+00:00","breadcrumb":{"@id":"https:\/\/otakuoshi.com\/usc2257\/#breadcrumb"},"inLanguage":"en-US","potentialAction":[{"@type":"ReadAction","target":["https:\/\/otakuoshi.com\/usc2257\/"]}]},{"@type":"BreadcrumbList","@id":"https:\/\/otakuoshi.com\/usc2257\/#breadcrumb","itemListElement":[{"@type":"ListItem","position":1,"name":"Home","item":"https:\/\/otakuoshi.com\/"},{"@type":"ListItem","position":2,"name":"USC2257"}]},{"@type":"WebSite","@id":"https:\/\/otakuoshi.com\/#website","url":"https:\/\/otakuoshi.com\/","name":"OtakuOshi","description":"","publisher":{"@id":"https:\/\/otakuoshi.com\/#organization"},"alternateName":"Otaku Oshi","potentialAction":[{"@type":"SearchAction","target":{"@type":"EntryPoint","urlTemplate":"https:\/\/otakuoshi.com\/?s={search_term_string}"},"query-input":{"@type":"PropertyValueSpecification","valueRequired":true,"valueName":"search_term_string"}}],"inLanguage":"en-US"},{"@type":"Organization","@id":"https:\/\/otakuoshi.com\/#organization","name":"OtakuOshi","url":"https:\/\/otakuoshi.com\/","logo":{"@type":"ImageObject","inLanguage":"en-US","@id":"https:\/\/otakuoshi.com\/#\/schema\/logo\/image\/","url":"https:\/\/otakuoshi.com\/wp-content\/uploads\/2025\/07\/logo.jpg","contentUrl":"https:\/\/otakuoshi.com\/wp-content\/uploads\/2025\/07\/logo.jpg","width":458,"height":164,"caption":"OtakuOshi"},"image":{"@id":"https:\/\/otakuoshi.com\/#\/schema\/logo\/image\/"},"sameAs":["https:\/\/x.com\/OtakuOshi"]}]}},"_links":{"self":[{"href":"https:\/\/otakuoshi.com\/en\/wp-json\/wp\/v2\/pages\/309","targetHints":{"allow":["GET"]}}],"collection":[{"href":"https:\/\/otakuoshi.com\/en\/wp-json\/wp\/v2\/pages"}],"about":[{"href":"https:\/\/otakuoshi.com\/en\/wp-json\/wp\/v2\/types\/page"}],"author":[{"embeddable":true,"href":"https:\/\/otakuoshi.com\/en\/wp-json\/wp\/v2\/users\/1"}],"replies":[{"embeddable":true,"href":"https:\/\/otakuoshi.com\/en\/wp-json\/wp\/v2\/comments?post=309"}],"version-history":[{"count":0,"href":"https:\/\/otakuoshi.com\/en\/wp-json\/wp\/v2\/pages\/309\/revisions"}],"wp:attachment":[{"href":"https:\/\/otakuoshi.com\/en\/wp-json\/wp\/v2\/media?parent=309"}],"curies":[{"name":"wp","href":"https:\/\/api.w.org\/{rel}","templated":true}]}}