{"id":262,"date":"2025-07-21T10:22:54","date_gmt":"2025-07-21T10:22:54","guid":{"rendered":"https:\/\/otakuoshi.com\/?page_id=262"},"modified":"2025-07-21T10:22:55","modified_gmt":"2025-07-21T10:22:55","slug":"photographes-de-cosplay","status":"publish","type":"page","link":"https:\/\/otakuoshi.com\/fr\/photographes-de-cosplay\/","title":{"rendered":"Photographes de cosplay"},"content":{"rendered":"<p><strong>Qui sont les photographes de cosplay ?<\/strong>&nbsp;Les photographes de cosplay sont des photographes sp\u00e9cialis\u00e9s dans la capture de l'essence des cosplayeurs et de leurs costumes. Gr\u00e2ce \u00e0 leurs comp\u00e9tences en photographie et en art visuel, ces professionnels cr\u00e9ent des images \u00e9poustouflantes qui mettent en valeur le talent et les efforts des cosplayeurs, transformant des moments \u00e9ph\u00e9m\u00e8res en souvenirs durables et en \u0153uvres d'art.<\/p>\n\n\n\n<p><strong>Comment travaillent les photographes de cosplay ?<\/strong>&nbsp;Le travail d'un photographe de cosplay est \u00e0 la fois technique et artistique, et n\u00e9cessite une connaissance approfondie de la photographie et de la culture cosplay. Nous vous pr\u00e9sentons ici son processus :<\/p>\n\n\n\n<ol class=\"wp-block-list\">\n<li><strong>Planification et conceptualisation<\/strong>\u00a0Les photographes collaborent avec les cosplayeurs pour planifier les s\u00e9ances photo. Ils discutent du concept, du personnage et des d\u00e9tails du costume pour s'assurer que la s\u00e9ance photo refl\u00e8te l'essence du personnage.<\/li>\n\n\n\n<li><strong>S\u00e9lection du lieu<\/strong>\u00a0Le choix du lieu de tournage est crucial. Les photographes recherchent des d\u00e9cors qui compl\u00e8tent le personnage et le costume, qu'il s'agisse de studios avec des toiles de fond sp\u00e9cifiques ou d'ext\u00e9rieurs qui mettent en valeur le contexte du personnage.<\/li>\n\n\n\n<li><strong>Pr\u00e9paration technique<\/strong>\u00a0Les photographes installent leur \u00e9quipement, y compris les appareils photo, les objectifs, l'\u00e9clairage et d'autres accessoires. Ajuster les r\u00e9glages de l'appareil photo en fonction des conditions d'\u00e9clairage et de l'environnement afin de garantir des photos de haute qualit\u00e9.<\/li>\n\n\n\n<li><strong>S\u00e9ance photo<\/strong>\u00a0Pendant la s\u00e9ance, les photographes dirigent les cosplayeurs en leur sugg\u00e9rant des poses et des angles qui font ressortir les d\u00e9tails du costume et la personnalit\u00e9 du personnage. Ils utilisent des techniques de photographie pour capturer la meilleure lumi\u00e8re et la meilleure composition.<\/li>\n\n\n\n<li><strong>Montage et post-production<\/strong>\u00a0Apr\u00e8s la s\u00e9ance, les photographes \u00e9ditent les photos pour en am\u00e9liorer la qualit\u00e9, ajuster les couleurs et ajouter des effets sp\u00e9ciaux si n\u00e9cessaire. Ce processus peut inclure des retouches pour supprimer les imperfections et rehausser les d\u00e9tails du costume.<\/li>\n\n\n\n<li><strong>Livraison et publication<\/strong>\u00a0Les photos finales sont remises aux cosplayeurs et publi\u00e9es sur les m\u00e9dias sociaux, les portfolios en ligne et les plateformes sp\u00e9cialis\u00e9es. Les photographes peuvent \u00e9galement soumettre leur travail \u00e0 des expositions et \u00e0 des concours photographiques.<\/li>\n\n\n\n<li><strong>Interaction avec la Communaut\u00e9<\/strong>\u00a0Les photographes partagent leur travail et collaborent avec d'autres professionnels et fans de cosplay. Cette interaction est essentielle \u00e0 la mise en r\u00e9seau et \u00e0 l'am\u00e9lioration de leurs comp\u00e9tences.<\/li>\n<\/ol>\n\n\n\n<p><strong>Connectez-vous avec vos photographes de cosplay pr\u00e9f\u00e9r\u00e9s<\/strong>&nbsp;Sur notre plateforme, vous pouvez vous connecter directement avec les photographes de cosplay que vous admirez. Acc\u00e9dez \u00e0 des contenus exclusifs tels que des s\u00e9ances photo en coulisses, des tutoriels photo et des montages sp\u00e9ciaux. Soutenez leur art et participez \u00e0 leur aventure cr\u00e9ative. En vous abonnant, vous b\u00e9n\u00e9ficierez d'un acc\u00e8s privil\u00e9gi\u00e9 \u00e0 leur travail et vous les aiderez \u00e0 continuer \u00e0 cr\u00e9er les superbes photos de cosplay qui vous inspireront tant.<\/p>\n\n\n\n<p>Rejoignez notre communaut\u00e9 et explorez le monde fascinant des photographes de cosplay d\u00e8s aujourd'hui !<\/p>","protected":false},"excerpt":{"rendered":"<p>\u00bfQui\u00e9nes son los fot\u00f3grafos de cosplay?&nbsp;Los fot\u00f3grafos de cosplay son fot\u00f3grafos especializados en capturar la esencia de los cosplayers y sus disfraces. Utilizando su habilidad&hellip;<\/p>","protected":false},"author":1,"featured_media":0,"parent":0,"menu_order":0,"comment_status":"closed","ping_status":"closed","template":"","meta":{"footnotes":""},"class_list":["post-262","page","type-page","status-publish","hentry"],"yoast_head":"<!-- This site is optimized with the Yoast SEO plugin v26.8 - https:\/\/yoast.com\/product\/yoast-seo-wordpress\/ -->\n<title>Fot\u00f3grafos de cosplay<\/title>\n<meta name=\"robots\" content=\"index, follow, max-snippet:-1, max-image-preview:large, max-video-preview:-1\" \/>\n<link rel=\"canonical\" href=\"https:\/\/otakuoshi.com\/fr\/photographes-de-cosplay\/\" \/>\n<meta property=\"og:locale\" content=\"fr_FR\" \/>\n<meta property=\"og:type\" content=\"article\" \/>\n<meta property=\"og:title\" content=\"Fot\u00f3grafos de cosplay\" \/>\n<meta property=\"og:description\" content=\"\u00bfQui\u00e9nes son los fot\u00f3grafos de cosplay?&nbsp;Los fot\u00f3grafos de cosplay son fot\u00f3grafos especializados en capturar la esencia de los cosplayers y sus disfraces. Utilizando su habilidad&hellip;\" \/>\n<meta property=\"og:url\" content=\"https:\/\/otakuoshi.com\/fr\/photographes-de-cosplay\/\" \/>\n<meta property=\"og:site_name\" content=\"OtakuOshi\" \/>\n<meta property=\"article:modified_time\" content=\"2025-07-21T10:22:55+00:00\" \/>\n<meta property=\"og:image\" content=\"https:\/\/otakuoshi.com\/wp-content\/uploads\/2025\/07\/cropped-logo.jpg\" \/>\n\t<meta property=\"og:image:width\" content=\"512\" \/>\n\t<meta property=\"og:image:height\" content=\"512\" \/>\n\t<meta property=\"og:image:type\" content=\"image\/jpeg\" \/>\n<meta name=\"twitter:card\" content=\"summary_large_image\" \/>\n<meta name=\"twitter:site\" content=\"@OtakuOshi\" \/>\n<meta name=\"twitter:label1\" content=\"Dur\u00e9e de lecture estim\u00e9e\" \/>\n\t<meta name=\"twitter:data1\" content=\"2 minutes\" \/>\n<script type=\"application\/ld+json\" class=\"yoast-schema-graph\">{\"@context\":\"https:\/\/schema.org\",\"@graph\":[{\"@type\":\"WebPage\",\"@id\":\"https:\/\/otakuoshi.com\/fotografos-de-cosplay\/\",\"url\":\"https:\/\/otakuoshi.com\/fotografos-de-cosplay\/\",\"name\":\"Fot\u00f3grafos de cosplay\",\"isPartOf\":{\"@id\":\"https:\/\/otakuoshi.com\/#website\"},\"datePublished\":\"2025-07-21T10:22:54+00:00\",\"dateModified\":\"2025-07-21T10:22:55+00:00\",\"breadcrumb\":{\"@id\":\"https:\/\/otakuoshi.com\/fotografos-de-cosplay\/#breadcrumb\"},\"inLanguage\":\"fr-FR\",\"potentialAction\":[{\"@type\":\"ReadAction\",\"target\":[\"https:\/\/otakuoshi.com\/fotografos-de-cosplay\/\"]}]},{\"@type\":\"BreadcrumbList\",\"@id\":\"https:\/\/otakuoshi.com\/fotografos-de-cosplay\/#breadcrumb\",\"itemListElement\":[{\"@type\":\"ListItem\",\"position\":1,\"name\":\"Home\",\"item\":\"https:\/\/otakuoshi.com\/\"},{\"@type\":\"ListItem\",\"position\":2,\"name\":\"Fot\u00f3grafos de cosplay\"}]},{\"@type\":\"WebSite\",\"@id\":\"https:\/\/otakuoshi.com\/#website\",\"url\":\"https:\/\/otakuoshi.com\/\",\"name\":\"OtakuOshi\",\"description\":\"\",\"publisher\":{\"@id\":\"https:\/\/otakuoshi.com\/#organization\"},\"alternateName\":\"Otaku Oshi\",\"potentialAction\":[{\"@type\":\"SearchAction\",\"target\":{\"@type\":\"EntryPoint\",\"urlTemplate\":\"https:\/\/otakuoshi.com\/?s={search_term_string}\"},\"query-input\":{\"@type\":\"PropertyValueSpecification\",\"valueRequired\":true,\"valueName\":\"search_term_string\"}}],\"inLanguage\":\"fr-FR\"},{\"@type\":\"Organization\",\"@id\":\"https:\/\/otakuoshi.com\/#organization\",\"name\":\"OtakuOshi\",\"url\":\"https:\/\/otakuoshi.com\/\",\"logo\":{\"@type\":\"ImageObject\",\"inLanguage\":\"fr-FR\",\"@id\":\"https:\/\/otakuoshi.com\/#\/schema\/logo\/image\/\",\"url\":\"https:\/\/otakuoshi.com\/wp-content\/uploads\/2025\/07\/logo.jpg\",\"contentUrl\":\"https:\/\/otakuoshi.com\/wp-content\/uploads\/2025\/07\/logo.jpg\",\"width\":458,\"height\":164,\"caption\":\"OtakuOshi\"},\"image\":{\"@id\":\"https:\/\/otakuoshi.com\/#\/schema\/logo\/image\/\"},\"sameAs\":[\"https:\/\/x.com\/OtakuOshi\"]}]}<\/script>\n<!-- \/ Yoast SEO plugin. -->","yoast_head_json":{"title":"Photographes de cosplay","robots":{"index":"index","follow":"follow","max-snippet":"max-snippet:-1","max-image-preview":"max-image-preview:large","max-video-preview":"max-video-preview:-1"},"canonical":"https:\/\/otakuoshi.com\/fr\/photographes-de-cosplay\/","og_locale":"fr_FR","og_type":"article","og_title":"Fot\u00f3grafos de cosplay","og_description":"\u00bfQui\u00e9nes son los fot\u00f3grafos de cosplay?&nbsp;Los fot\u00f3grafos de cosplay son fot\u00f3grafos especializados en capturar la esencia de los cosplayers y sus disfraces. Utilizando su habilidad&hellip;","og_url":"https:\/\/otakuoshi.com\/fr\/photographes-de-cosplay\/","og_site_name":"OtakuOshi","article_modified_time":"2025-07-21T10:22:55+00:00","og_image":[{"width":512,"height":512,"url":"https:\/\/otakuoshi.com\/wp-content\/uploads\/2025\/07\/cropped-logo.jpg","type":"image\/jpeg"}],"twitter_card":"summary_large_image","twitter_site":"@OtakuOshi","twitter_misc":{"Dur\u00e9e de lecture estim\u00e9e":"2 minutes"},"schema":{"@context":"https:\/\/schema.org","@graph":[{"@type":"WebPage","@id":"https:\/\/otakuoshi.com\/fotografos-de-cosplay\/","url":"https:\/\/otakuoshi.com\/fotografos-de-cosplay\/","name":"Photographes de cosplay","isPartOf":{"@id":"https:\/\/otakuoshi.com\/#website"},"datePublished":"2025-07-21T10:22:54+00:00","dateModified":"2025-07-21T10:22:55+00:00","breadcrumb":{"@id":"https:\/\/otakuoshi.com\/fotografos-de-cosplay\/#breadcrumb"},"inLanguage":"fr-FR","potentialAction":[{"@type":"ReadAction","target":["https:\/\/otakuoshi.com\/fotografos-de-cosplay\/"]}]},{"@type":"BreadcrumbList","@id":"https:\/\/otakuoshi.com\/fotografos-de-cosplay\/#breadcrumb","itemListElement":[{"@type":"ListItem","position":1,"name":"Home","item":"https:\/\/otakuoshi.com\/"},{"@type":"ListItem","position":2,"name":"Fot\u00f3grafos de cosplay"}]},{"@type":"WebSite","@id":"https:\/\/otakuoshi.com\/#website","url":"https:\/\/otakuoshi.com\/","name":"OtakuOshi","description":"","publisher":{"@id":"https:\/\/otakuoshi.com\/#organization"},"alternateName":"Otaku Oshi","potentialAction":[{"@type":"SearchAction","target":{"@type":"EntryPoint","urlTemplate":"https:\/\/otakuoshi.com\/?s={search_term_string}"},"query-input":{"@type":"PropertyValueSpecification","valueRequired":true,"valueName":"search_term_string"}}],"inLanguage":"fr-FR"},{"@type":"Organization","@id":"https:\/\/otakuoshi.com\/#organization","name":"OtakuOshi","url":"https:\/\/otakuoshi.com\/","logo":{"@type":"ImageObject","inLanguage":"fr-FR","@id":"https:\/\/otakuoshi.com\/#\/schema\/logo\/image\/","url":"https:\/\/otakuoshi.com\/wp-content\/uploads\/2025\/07\/logo.jpg","contentUrl":"https:\/\/otakuoshi.com\/wp-content\/uploads\/2025\/07\/logo.jpg","width":458,"height":164,"caption":"OtakuOshi"},"image":{"@id":"https:\/\/otakuoshi.com\/#\/schema\/logo\/image\/"},"sameAs":["https:\/\/x.com\/OtakuOshi"]}]}},"_links":{"self":[{"href":"https:\/\/otakuoshi.com\/fr\/wp-json\/wp\/v2\/pages\/262","targetHints":{"allow":["GET"]}}],"collection":[{"href":"https:\/\/otakuoshi.com\/fr\/wp-json\/wp\/v2\/pages"}],"about":[{"href":"https:\/\/otakuoshi.com\/fr\/wp-json\/wp\/v2\/types\/page"}],"author":[{"embeddable":true,"href":"https:\/\/otakuoshi.com\/fr\/wp-json\/wp\/v2\/users\/1"}],"replies":[{"embeddable":true,"href":"https:\/\/otakuoshi.com\/fr\/wp-json\/wp\/v2\/comments?post=262"}],"version-history":[{"count":0,"href":"https:\/\/otakuoshi.com\/fr\/wp-json\/wp\/v2\/pages\/262\/revisions"}],"wp:attachment":[{"href":"https:\/\/otakuoshi.com\/fr\/wp-json\/wp\/v2\/media?parent=262"}],"curies":[{"name":"wp","href":"https:\/\/api.w.org\/{rel}","templated":true}]}}