{"id":298,"date":"2025-07-22T08:38:50","date_gmt":"2025-07-22T08:38:50","guid":{"rendered":"https:\/\/otakuoshi.com\/?page_id=298"},"modified":"2025-07-22T08:38:51","modified_gmt":"2025-07-22T08:38:51","slug":"biscuits","status":"publish","type":"page","link":"https:\/\/otakuoshi.com\/fr\/biscuits\/","title":{"rendered":"Cookies"},"content":{"rendered":"<p>Nous utilisons les types de cookies suivants sur OtakuOshi :<\/p>\n\n\n\n<h3 class=\"wp-block-heading\"><strong>Biscuits essentiels<\/strong><\/h3>\n\n\n\n<p>Il s'agit, par exemple, des cookies qui vous permettent de vous connecter \u00e0 OtakuOshi via votre compte, de m\u00e9moriser l'\u00e9tat de votre session lorsque vous le demandez, de m\u00e9moriser votre pr\u00e9f\u00e9rence linguistique et d'assurer la s\u00e9curit\u00e9 et la protection contre la fraude d'OtakuOshi.<\/p>\n\n\n\n<h3 class=\"wp-block-heading\"><strong>Cookies non essentiels<\/strong><\/h3>\n\n\n\n<p>Si vous nous donnez votre accord, nous utilisons des cookies non essentiels pour reconna\u00eetre les utilisateurs et les cr\u00e9ateurs r\u00e9f\u00e9rents, dans le cadre du programme de parrainage tel qu'il est d\u00e9fini dans nos conditions de service.<\/p>\n\n\n\n<p>Actuellement <strong>nous n'utilisons pas de technologies de suivi intersites<\/strong>Nous ne vendons pas les donn\u00e9es personnelles que nous recueillons \u00e0 votre sujet et nous ne les partageons pas non plus \u00e0 des fins de publicit\u00e9 comportementale dans d'autres contextes.<\/p>\n\n\n\n<p>Pour plus d'informations sur ce que sont les cookies, pourquoi nous les utilisons et comment vous pouvez les d\u00e9sactiver, les g\u00e9rer ou les supprimer, veuillez consulter notre avis sur les cookies. Toutes les donn\u00e9es personnelles associ\u00e9es aux cookies sont trait\u00e9es conform\u00e9ment \u00e0 notre politique de confidentialit\u00e9.<\/p>\n\n\n\n<hr class=\"wp-block-separator has-alpha-channel-opacity\"\/>\n\n\n\n<h2 class=\"wp-block-heading\">Qu'est-ce qu'un biscuit ?<\/h2>\n\n\n\n<p>Les \"cookies\" sont de petites cha\u00eenes de texte ou des codes informatiques stock\u00e9s localement sur votre appareil qui nous permettent, ainsi qu'\u00e0 nos fournisseurs de services tiers, de \"m\u00e9moriser\" ou de \"reconna\u00eetre\" un navigateur ou un appareil sp\u00e9cifique et, dans certains cas, de stocker des informations \u00e0 leur sujet.<\/p>\n\n\n\n<hr class=\"wp-block-separator has-alpha-channel-opacity\"\/>\n\n\n\n<h2 class=\"wp-block-heading\">Combien de temps les cookies sont-ils stock\u00e9s sur mon appareil ?<\/h2>\n\n\n\n<p><strong>Cookies de session :<\/strong><br>Elles ne sont stock\u00e9es que pour la dur\u00e9e de la session du navigateur. Lorsque vous fermez le navigateur, elles sont supprim\u00e9es.<\/p>\n\n\n\n<p><strong>Cookies persistants :<\/strong><br>Elles sont stock\u00e9es pendant une p\u00e9riode d\u00e9finie (g\u00e9n\u00e9ralement entre 90 jours et 2 ans, en fonction de l'utilisation). Elles ne sont pas supprim\u00e9es lorsque le navigateur est ferm\u00e9.<\/p>\n\n\n\n<p>Votre choix peut influer sur l'utilisation de cookies de session ou de cookies persistants. Par exemple, si vous choisissez \"Se souvenir de moi pendant 30 jours\" lorsque vous vous connectez \u00e0 OtakuOshi, un cookie persistant est stock\u00e9 pour maintenir votre authentification active sur cet appareil.<\/p>\n\n\n\n<hr class=\"wp-block-separator has-alpha-channel-opacity\"\/>\n\n\n\n<h2 class=\"wp-block-heading\">Quels sont les cookies que nous utilisons et pourquoi ?<\/h2>\n\n\n\n<h3 class=\"wp-block-heading\"><strong>Cookies essentiels (n\u00e9cessaires au fonctionnement d'OtakuOshi) :<\/strong><\/h3>\n\n\n\n<figure class=\"wp-block-table\"><table class=\"has-fixed-layout\"><thead><tr><th>Nom<\/th><th>Description<\/th><\/tr><\/thead><tbody><tr><td>_cfuvid \/ __cf_bm<\/td><td>activer les fonctions de s\u00e9curit\u00e9<\/td><\/tr><tr><td>auth_id<\/td><td>Authentification de l'ID de l'utilisateur<\/td><\/tr><tr><td>auth_uid_{userid}<\/td><td>se souvient de l'authentification en deux \u00e9tapes pendant 30 jours sur demande<\/td><\/tr><tr><td>c<\/td><td>permet de r\u00e9aliser des campagnes promotionnelles (essais gratuits\/r\u00e9ductions)<\/td><\/tr><tr><td>CloudFront-Policy \/ CloudFront-Signature \/ CloudFront-Key-Pair-Id<\/td><td>gestion des droits num\u00e9riques<\/td><\/tr><tr><td>cookiesAccept\u00e9s<\/td><td>m\u00e9moriser votre pr\u00e9f\u00e9rence en mati\u00e8re de cookies (\"essentiel seulement\" ou \"tous\")<\/td><\/tr><tr><td>csrf<\/td><td>jeton pour \u00e9tablir une connexion s\u00e9curis\u00e9e<\/td><\/tr><tr><td>fp<\/td><td>empreinte digitale du navigateur pour activer les fonctions de s\u00e9curit\u00e9<\/td><\/tr><tr><td>lang<\/td><td>se souvenir de la langue pr\u00e9f\u00e9r\u00e9e<\/td><\/tr><tr><td>pa_url_hash<\/td><td>permet d'acc\u00e9der au profil de l'utilisateur<\/td><\/tr><tr><td>sess<\/td><td>maintient l'authentification de la session active<\/td><\/tr><tr><td>st \/ streams<\/td><td>permet d'acc\u00e9der \u00e0 la diffusion en direct et aux vignettes des \u00e9missions<\/td><\/tr><\/tbody><\/table><\/figure>\n\n\n\n<p><strong>La d\u00e9sactivation, la suppression ou le blocage de ces cookies dans votre navigateur peut emp\u00eacher OtakuOshi, ou certaines de ses fonctions, de fonctionner correctement ou de fonctionner tout court.<\/strong><\/p>\n\n\n\n<hr class=\"wp-block-separator has-alpha-channel-opacity\"\/>\n\n\n\n<h3 class=\"wp-block-heading\"><strong>Cookies non essentiels (programme de r\u00e9f\u00e9rence)<\/strong><\/h3>\n\n\n\n<p>OtakuOshi propose un programme de parrainage dans le cadre duquel les cr\u00e9ateurs existants peuvent partager leur code de parrainage pour inviter d'autres personnes \u00e0 devenir cr\u00e9ateurs. Le programme est soumis aux conditions de service et les paiements de parrainage sont calcul\u00e9s et plafonn\u00e9s comme indiqu\u00e9 dans ces conditions.<\/p>\n\n\n\n<p>Pour que nous puissions reconna\u00eetre l'utilisateur r\u00e9f\u00e9rent et le cr\u00e9ateur r\u00e9f\u00e9renc\u00e9, il est n\u00e9cessaire d'accepter ces cookies non essentiels. Si l'un ou l'autre n'accepte pas ces cookies, nous ne serons pas en mesure de reconna\u00eetre le parrainage ou d'\u00e9mettre des paiements de parrainage.<\/p>\n\n\n\n<figure class=\"wp-block-table\"><table class=\"has-fixed-layout\"><thead><tr><th>Nom<\/th><th>Description<\/th><\/tr><\/thead><tbody><tr><td>ref_src<\/td><td>identifie la source de l'ID du r\u00e9f\u00e9rent (utilisateur du r\u00e9f\u00e9rent)<\/td><\/tr><tr><td>ref<\/td><td>identifie l'utilisateur r\u00e9f\u00e9renc\u00e9 (Cr\u00e9ateur r\u00e9f\u00e9rent)<\/td><\/tr><tr><td>reg_ref_user_id \/ reg_ref<\/td><td>reconna\u00eet le Cr\u00e9ateur r\u00e9f\u00e9rent par l'Utilisateur r\u00e9f\u00e9rent<\/td><\/tr><\/tbody><\/table><\/figure>\n\n\n\n<hr class=\"wp-block-separator has-alpha-channel-opacity\"\/>\n\n\n\n<h2 class=\"wp-block-heading\">Fonctionnalit\u00e9s tierces<\/h2>\n\n\n\n<p>Nous ne contr\u00f4lons pas les cookies ou les fonctionnalit\u00e9s utilis\u00e9s par les sites tiers. Les pratiques de ces sites en mati\u00e8re d'information ne sont pas couvertes par la pr\u00e9sente politique de confidentialit\u00e9 ni par le pr\u00e9sent avis sur les cookies.<\/p>\n\n\n\n<hr class=\"wp-block-separator has-alpha-channel-opacity\"\/>\n\n\n\n<h2 class=\"wp-block-heading\">Comment puis-je contr\u00f4ler ou param\u00e9trer les cookies ?<\/h2>\n\n\n\n<h3 class=\"wp-block-heading\"><strong>Accepter ou rejeter les cookies non essentiels<\/strong><\/h3>\n\n\n\n<p>Nous ne placerons des cookies non essentiels sur votre appareil que si vous cliquez sur \"Accepter tout\" dans la banni\u00e8re des cookies lorsque vous acc\u00e9dez \u00e0 OtakuOshi pour la premi\u00e8re fois.<\/p>\n\n\n\n<h3 class=\"wp-block-heading\"><strong>Gestion manuelle des cookies<\/strong><\/h3>\n\n\n\n<p>Vous pouvez modifier les param\u00e8tres de votre navigateur ou de votre appareil (ou les extensions de navigateur) pour d\u00e9sactiver, bloquer ou supprimer tout ou partie des cookies, ou pour recevoir des alertes lorsque de nouveaux cookies sont g\u00e9n\u00e9r\u00e9s.<\/p>\n\n\n\n<p>Consultez le menu \"Aide\", \"Outils\" ou \"Pr\u00e9f\u00e9rences\" de votre navigateur ou de votre appareil pour savoir comment proc\u00e9der.<\/p>","protected":false},"excerpt":{"rendered":"<p>Nous utilisons les types de cookies suivants sur OtakuOshi : Cookies essentiels Il s'agit, par exemple, des cookies qui vous permettent d'acc\u00e9der \u00e0 OtakuOshi via votre navigateur .....<\/p>","protected":false},"author":1,"featured_media":0,"parent":0,"menu_order":0,"comment_status":"closed","ping_status":"closed","template":"","meta":{"footnotes":""},"class_list":["post-298","page","type-page","status-publish","hentry"],"yoast_head":"<!-- This site is optimized with the Yoast SEO plugin v26.8 - https:\/\/yoast.com\/product\/yoast-seo-wordpress\/ -->\n<title>Cookies<\/title>\n<meta name=\"robots\" content=\"index, follow, max-snippet:-1, max-image-preview:large, max-video-preview:-1\" \/>\n<link rel=\"canonical\" href=\"https:\/\/otakuoshi.com\/fr\/biscuits\/\" \/>\n<meta property=\"og:locale\" content=\"fr_FR\" \/>\n<meta property=\"og:type\" content=\"article\" \/>\n<meta property=\"og:title\" content=\"Cookies\" \/>\n<meta property=\"og:description\" content=\"Utilizamos los siguientes tipos de cookies en OtakuOshi: Cookies esenciales Estas incluyen, por ejemplo, cookies que te permiten acceder a OtakuOshi a trav\u00e9s de tu&hellip;\" \/>\n<meta property=\"og:url\" content=\"https:\/\/otakuoshi.com\/fr\/biscuits\/\" \/>\n<meta property=\"og:site_name\" content=\"OtakuOshi\" \/>\n<meta property=\"article:modified_time\" content=\"2025-07-22T08:38:51+00:00\" \/>\n<meta property=\"og:image\" content=\"https:\/\/otakuoshi.com\/wp-content\/uploads\/2025\/07\/cropped-logo.jpg\" \/>\n\t<meta property=\"og:image:width\" content=\"512\" \/>\n\t<meta property=\"og:image:height\" content=\"512\" \/>\n\t<meta property=\"og:image:type\" content=\"image\/jpeg\" \/>\n<meta name=\"twitter:card\" content=\"summary_large_image\" \/>\n<meta name=\"twitter:site\" content=\"@OtakuOshi\" \/>\n<meta name=\"twitter:label1\" content=\"Dur\u00e9e de lecture estim\u00e9e\" \/>\n\t<meta name=\"twitter:data1\" content=\"3 minutes\" \/>\n<script type=\"application\/ld+json\" class=\"yoast-schema-graph\">{\"@context\":\"https:\/\/schema.org\",\"@graph\":[{\"@type\":\"WebPage\",\"@id\":\"https:\/\/otakuoshi.com\/cookies\/\",\"url\":\"https:\/\/otakuoshi.com\/cookies\/\",\"name\":\"Cookies\",\"isPartOf\":{\"@id\":\"https:\/\/otakuoshi.com\/#website\"},\"datePublished\":\"2025-07-22T08:38:50+00:00\",\"dateModified\":\"2025-07-22T08:38:51+00:00\",\"breadcrumb\":{\"@id\":\"https:\/\/otakuoshi.com\/cookies\/#breadcrumb\"},\"inLanguage\":\"fr-FR\",\"potentialAction\":[{\"@type\":\"ReadAction\",\"target\":[\"https:\/\/otakuoshi.com\/cookies\/\"]}]},{\"@type\":\"BreadcrumbList\",\"@id\":\"https:\/\/otakuoshi.com\/cookies\/#breadcrumb\",\"itemListElement\":[{\"@type\":\"ListItem\",\"position\":1,\"name\":\"Home\",\"item\":\"https:\/\/otakuoshi.com\/\"},{\"@type\":\"ListItem\",\"position\":2,\"name\":\"Cookies\"}]},{\"@type\":\"WebSite\",\"@id\":\"https:\/\/otakuoshi.com\/#website\",\"url\":\"https:\/\/otakuoshi.com\/\",\"name\":\"OtakuOshi\",\"description\":\"\",\"publisher\":{\"@id\":\"https:\/\/otakuoshi.com\/#organization\"},\"alternateName\":\"Otaku Oshi\",\"potentialAction\":[{\"@type\":\"SearchAction\",\"target\":{\"@type\":\"EntryPoint\",\"urlTemplate\":\"https:\/\/otakuoshi.com\/?s={search_term_string}\"},\"query-input\":{\"@type\":\"PropertyValueSpecification\",\"valueRequired\":true,\"valueName\":\"search_term_string\"}}],\"inLanguage\":\"fr-FR\"},{\"@type\":\"Organization\",\"@id\":\"https:\/\/otakuoshi.com\/#organization\",\"name\":\"OtakuOshi\",\"url\":\"https:\/\/otakuoshi.com\/\",\"logo\":{\"@type\":\"ImageObject\",\"inLanguage\":\"fr-FR\",\"@id\":\"https:\/\/otakuoshi.com\/#\/schema\/logo\/image\/\",\"url\":\"https:\/\/otakuoshi.com\/wp-content\/uploads\/2025\/07\/logo.jpg\",\"contentUrl\":\"https:\/\/otakuoshi.com\/wp-content\/uploads\/2025\/07\/logo.jpg\",\"width\":458,\"height\":164,\"caption\":\"OtakuOshi\"},\"image\":{\"@id\":\"https:\/\/otakuoshi.com\/#\/schema\/logo\/image\/\"},\"sameAs\":[\"https:\/\/x.com\/OtakuOshi\"]}]}<\/script>\n<!-- \/ Yoast SEO plugin. -->","yoast_head_json":{"title":"Cookies","robots":{"index":"index","follow":"follow","max-snippet":"max-snippet:-1","max-image-preview":"max-image-preview:large","max-video-preview":"max-video-preview:-1"},"canonical":"https:\/\/otakuoshi.com\/fr\/biscuits\/","og_locale":"fr_FR","og_type":"article","og_title":"Cookies","og_description":"Utilizamos los siguientes tipos de cookies en OtakuOshi: Cookies esenciales Estas incluyen, por ejemplo, cookies que te permiten acceder a OtakuOshi a trav\u00e9s de tu&hellip;","og_url":"https:\/\/otakuoshi.com\/fr\/biscuits\/","og_site_name":"OtakuOshi","article_modified_time":"2025-07-22T08:38:51+00:00","og_image":[{"width":512,"height":512,"url":"https:\/\/otakuoshi.com\/wp-content\/uploads\/2025\/07\/cropped-logo.jpg","type":"image\/jpeg"}],"twitter_card":"summary_large_image","twitter_site":"@OtakuOshi","twitter_misc":{"Dur\u00e9e de lecture estim\u00e9e":"3 minutes"},"schema":{"@context":"https:\/\/schema.org","@graph":[{"@type":"WebPage","@id":"https:\/\/otakuoshi.com\/cookies\/","url":"https:\/\/otakuoshi.com\/cookies\/","name":"Cookies","isPartOf":{"@id":"https:\/\/otakuoshi.com\/#website"},"datePublished":"2025-07-22T08:38:50+00:00","dateModified":"2025-07-22T08:38:51+00:00","breadcrumb":{"@id":"https:\/\/otakuoshi.com\/cookies\/#breadcrumb"},"inLanguage":"fr-FR","potentialAction":[{"@type":"ReadAction","target":["https:\/\/otakuoshi.com\/cookies\/"]}]},{"@type":"BreadcrumbList","@id":"https:\/\/otakuoshi.com\/cookies\/#breadcrumb","itemListElement":[{"@type":"ListItem","position":1,"name":"Home","item":"https:\/\/otakuoshi.com\/"},{"@type":"ListItem","position":2,"name":"Cookies"}]},{"@type":"WebSite","@id":"https:\/\/otakuoshi.com\/#website","url":"https:\/\/otakuoshi.com\/","name":"OtakuOshi","description":"","publisher":{"@id":"https:\/\/otakuoshi.com\/#organization"},"alternateName":"Otaku Oshi","potentialAction":[{"@type":"SearchAction","target":{"@type":"EntryPoint","urlTemplate":"https:\/\/otakuoshi.com\/?s={search_term_string}"},"query-input":{"@type":"PropertyValueSpecification","valueRequired":true,"valueName":"search_term_string"}}],"inLanguage":"fr-FR"},{"@type":"Organization","@id":"https:\/\/otakuoshi.com\/#organization","name":"OtakuOshi","url":"https:\/\/otakuoshi.com\/","logo":{"@type":"ImageObject","inLanguage":"fr-FR","@id":"https:\/\/otakuoshi.com\/#\/schema\/logo\/image\/","url":"https:\/\/otakuoshi.com\/wp-content\/uploads\/2025\/07\/logo.jpg","contentUrl":"https:\/\/otakuoshi.com\/wp-content\/uploads\/2025\/07\/logo.jpg","width":458,"height":164,"caption":"OtakuOshi"},"image":{"@id":"https:\/\/otakuoshi.com\/#\/schema\/logo\/image\/"},"sameAs":["https:\/\/x.com\/OtakuOshi"]}]}},"_links":{"self":[{"href":"https:\/\/otakuoshi.com\/fr\/wp-json\/wp\/v2\/pages\/298","targetHints":{"allow":["GET"]}}],"collection":[{"href":"https:\/\/otakuoshi.com\/fr\/wp-json\/wp\/v2\/pages"}],"about":[{"href":"https:\/\/otakuoshi.com\/fr\/wp-json\/wp\/v2\/types\/page"}],"author":[{"embeddable":true,"href":"https:\/\/otakuoshi.com\/fr\/wp-json\/wp\/v2\/users\/1"}],"replies":[{"embeddable":true,"href":"https:\/\/otakuoshi.com\/fr\/wp-json\/wp\/v2\/comments?post=298"}],"version-history":[{"count":0,"href":"https:\/\/otakuoshi.com\/fr\/wp-json\/wp\/v2\/pages\/298\/revisions"}],"wp:attachment":[{"href":"https:\/\/otakuoshi.com\/fr\/wp-json\/wp\/v2\/media?parent=298"}],"curies":[{"name":"wp","href":"https:\/\/api.w.org\/{rel}","templated":true}]}}