{"id":303,"date":"2025-07-22T08:41:21","date_gmt":"2025-07-22T08:41:21","guid":{"rendered":"https:\/\/otakuoshi.com\/?page_id=303"},"modified":"2025-07-22T08:41:22","modified_gmt":"2025-07-22T08:41:22","slug":"a-propos-de-nous","status":"publish","type":"page","link":"https:\/\/otakuoshi.com\/fr\/a-propos-de-nous\/","title":{"rendered":"A propos de nous"},"content":{"rendered":"<h2 class=\"wp-block-heading\">A propos de nous<\/h2>\n\n\n\n<p><strong>OtakuOshi<\/strong> est une plateforme cr\u00e9\u00e9e par et pour les fans d'anime, de cosplay, d'art et de culture otaku. Nous sommes un espace d\u00e9di\u00e9 \u00e0 l'autonomisation des cr\u00e9ateurs ind\u00e9pendants afin qu'ils puissent <strong>mon\u00e9tiser votre talent<\/strong>Connectez-vous avec votre communaut\u00e9 et partagez votre contenu en toute s\u00e9curit\u00e9, directement et sans filtres inutiles.<\/p>\n\n\n\n<p>Notre mission est d'offrir un <strong>alternative sp\u00e9cialis\u00e9e et \u00e9thique<\/strong> o\u00f9 les illustrateurs, les cosplayers, les conteurs, les acteurs vocaux et les amateurs de contenu japonais peuvent publier, vendre et g\u00e9rer leurs cr\u00e9ations sans d\u00e9pendre de r\u00e9seaux sociaux massifs qui ne comprennent pas leur niche.<\/p>\n\n\n\n<p>Chez OtakuOshi, nous croyons en :<\/p>\n\n\n\n<ul class=\"wp-block-list\">\n<li><strong>La passion des otakus comme moteur de cr\u00e9ation<\/strong><\/li>\n\n\n\n<li><strong>Respect entre les cr\u00e9ateurs et les fans<\/strong><\/li>\n\n\n\n<li> <strong>Libert\u00e9 artistique et autonomie financi\u00e8re<\/strong><\/li>\n\n\n\n<li><strong>Protection du contenu et de l'identit\u00e9<\/strong><\/li>\n<\/ul>\n\n\n\n<p>Nous agissons avec transparence et engagement de la part de <strong>Polaris Nexus LLC<\/strong>Le projet 100%, qui offre des outils modernes aux cr\u00e9ateurs et aux utilisateurs pour leur permettre de vivre une exp\u00e9rience s\u00fbre, intuitive et centr\u00e9e sur 100% dans la culture qu'ils aiment.<\/p>\n\n\n\n<p>Que vous soyez un artiste, un cosplayer ou simplement un fan d\u00e9sireux de soutenir un talent authentique : <strong>OtakuOshi est votre nouvelle maison num\u00e9rique<\/strong>.<\/p>\n\n\n\n<hr class=\"wp-block-separator has-alpha-channel-opacity\"\/>\n\n\n\n<p>Souhaitez-vous une version plus courte pour la page d'accueil ou une version plus \u00e9motionnelle pour les m\u00e9dias sociaux ou les pr\u00e9sentations ? Je peux \u00e9galement cr\u00e9er une version institutionnelle \"\u00e0 propos de l'entreprise\" si vous avez besoin de quelque chose de plus formel.<\/p>","protected":false},"excerpt":{"rendered":"<p>A propos de nous OtakuOshi est une plateforme cr\u00e9\u00e9e par et pour les fans d'anime, de cosplay, d'art et de culture otaku. Nous sommes un espace d\u00e9di\u00e9...<\/p>","protected":false},"author":1,"featured_media":0,"parent":0,"menu_order":0,"comment_status":"closed","ping_status":"closed","template":"","meta":{"footnotes":""},"class_list":["post-303","page","type-page","status-publish","hentry"],"yoast_head":"<!-- This site is optimized with the Yoast SEO plugin v26.8 - https:\/\/yoast.com\/product\/yoast-seo-wordpress\/ -->\n<title>About us<\/title>\n<meta name=\"robots\" content=\"index, follow, max-snippet:-1, max-image-preview:large, max-video-preview:-1\" \/>\n<link rel=\"canonical\" href=\"https:\/\/otakuoshi.com\/fr\/a-propos-de-nous\/\" \/>\n<meta property=\"og:locale\" content=\"fr_FR\" \/>\n<meta property=\"og:type\" content=\"article\" \/>\n<meta property=\"og:title\" content=\"About us\" \/>\n<meta property=\"og:description\" content=\"Sobre Nosotros OtakuOshi es una plataforma creada por y para fans del anime, el cosplay, el arte y la cultura otaku. Somos un espacio dedicado&hellip;\" \/>\n<meta property=\"og:url\" content=\"https:\/\/otakuoshi.com\/fr\/a-propos-de-nous\/\" \/>\n<meta property=\"og:site_name\" content=\"OtakuOshi\" \/>\n<meta property=\"article:modified_time\" content=\"2025-07-22T08:41:22+00:00\" \/>\n<meta property=\"og:image\" content=\"https:\/\/otakuoshi.com\/wp-content\/uploads\/2025\/07\/cropped-logo.jpg\" \/>\n\t<meta property=\"og:image:width\" content=\"512\" \/>\n\t<meta property=\"og:image:height\" content=\"512\" \/>\n\t<meta property=\"og:image:type\" content=\"image\/jpeg\" \/>\n<meta name=\"twitter:card\" content=\"summary_large_image\" \/>\n<meta name=\"twitter:site\" content=\"@OtakuOshi\" \/>\n<meta name=\"twitter:label1\" content=\"Dur\u00e9e de lecture estim\u00e9e\" \/>\n\t<meta name=\"twitter:data1\" content=\"1 minute\" \/>\n<script type=\"application\/ld+json\" class=\"yoast-schema-graph\">{\"@context\":\"https:\/\/schema.org\",\"@graph\":[{\"@type\":\"WebPage\",\"@id\":\"https:\/\/otakuoshi.com\/about-us\/\",\"url\":\"https:\/\/otakuoshi.com\/about-us\/\",\"name\":\"About us\",\"isPartOf\":{\"@id\":\"https:\/\/otakuoshi.com\/#website\"},\"datePublished\":\"2025-07-22T08:41:21+00:00\",\"dateModified\":\"2025-07-22T08:41:22+00:00\",\"breadcrumb\":{\"@id\":\"https:\/\/otakuoshi.com\/about-us\/#breadcrumb\"},\"inLanguage\":\"fr-FR\",\"potentialAction\":[{\"@type\":\"ReadAction\",\"target\":[\"https:\/\/otakuoshi.com\/about-us\/\"]}]},{\"@type\":\"BreadcrumbList\",\"@id\":\"https:\/\/otakuoshi.com\/about-us\/#breadcrumb\",\"itemListElement\":[{\"@type\":\"ListItem\",\"position\":1,\"name\":\"Home\",\"item\":\"https:\/\/otakuoshi.com\/\"},{\"@type\":\"ListItem\",\"position\":2,\"name\":\"About us\"}]},{\"@type\":\"WebSite\",\"@id\":\"https:\/\/otakuoshi.com\/#website\",\"url\":\"https:\/\/otakuoshi.com\/\",\"name\":\"OtakuOshi\",\"description\":\"\",\"publisher\":{\"@id\":\"https:\/\/otakuoshi.com\/#organization\"},\"alternateName\":\"Otaku Oshi\",\"potentialAction\":[{\"@type\":\"SearchAction\",\"target\":{\"@type\":\"EntryPoint\",\"urlTemplate\":\"https:\/\/otakuoshi.com\/?s={search_term_string}\"},\"query-input\":{\"@type\":\"PropertyValueSpecification\",\"valueRequired\":true,\"valueName\":\"search_term_string\"}}],\"inLanguage\":\"fr-FR\"},{\"@type\":\"Organization\",\"@id\":\"https:\/\/otakuoshi.com\/#organization\",\"name\":\"OtakuOshi\",\"url\":\"https:\/\/otakuoshi.com\/\",\"logo\":{\"@type\":\"ImageObject\",\"inLanguage\":\"fr-FR\",\"@id\":\"https:\/\/otakuoshi.com\/#\/schema\/logo\/image\/\",\"url\":\"https:\/\/otakuoshi.com\/wp-content\/uploads\/2025\/07\/logo.jpg\",\"contentUrl\":\"https:\/\/otakuoshi.com\/wp-content\/uploads\/2025\/07\/logo.jpg\",\"width\":458,\"height\":164,\"caption\":\"OtakuOshi\"},\"image\":{\"@id\":\"https:\/\/otakuoshi.com\/#\/schema\/logo\/image\/\"},\"sameAs\":[\"https:\/\/x.com\/OtakuOshi\"]}]}<\/script>\n<!-- \/ Yoast SEO plugin. -->","yoast_head_json":{"title":"A propos de nous","robots":{"index":"index","follow":"follow","max-snippet":"max-snippet:-1","max-image-preview":"max-image-preview:large","max-video-preview":"max-video-preview:-1"},"canonical":"https:\/\/otakuoshi.com\/fr\/a-propos-de-nous\/","og_locale":"fr_FR","og_type":"article","og_title":"About us","og_description":"Sobre Nosotros OtakuOshi es una plataforma creada por y para fans del anime, el cosplay, el arte y la cultura otaku. Somos un espacio dedicado&hellip;","og_url":"https:\/\/otakuoshi.com\/fr\/a-propos-de-nous\/","og_site_name":"OtakuOshi","article_modified_time":"2025-07-22T08:41:22+00:00","og_image":[{"width":512,"height":512,"url":"https:\/\/otakuoshi.com\/wp-content\/uploads\/2025\/07\/cropped-logo.jpg","type":"image\/jpeg"}],"twitter_card":"summary_large_image","twitter_site":"@OtakuOshi","twitter_misc":{"Dur\u00e9e de lecture estim\u00e9e":"1 minute"},"schema":{"@context":"https:\/\/schema.org","@graph":[{"@type":"WebPage","@id":"https:\/\/otakuoshi.com\/about-us\/","url":"https:\/\/otakuoshi.com\/about-us\/","name":"A propos de nous","isPartOf":{"@id":"https:\/\/otakuoshi.com\/#website"},"datePublished":"2025-07-22T08:41:21+00:00","dateModified":"2025-07-22T08:41:22+00:00","breadcrumb":{"@id":"https:\/\/otakuoshi.com\/about-us\/#breadcrumb"},"inLanguage":"fr-FR","potentialAction":[{"@type":"ReadAction","target":["https:\/\/otakuoshi.com\/about-us\/"]}]},{"@type":"BreadcrumbList","@id":"https:\/\/otakuoshi.com\/about-us\/#breadcrumb","itemListElement":[{"@type":"ListItem","position":1,"name":"Home","item":"https:\/\/otakuoshi.com\/"},{"@type":"ListItem","position":2,"name":"About us"}]},{"@type":"WebSite","@id":"https:\/\/otakuoshi.com\/#website","url":"https:\/\/otakuoshi.com\/","name":"OtakuOshi","description":"","publisher":{"@id":"https:\/\/otakuoshi.com\/#organization"},"alternateName":"Otaku Oshi","potentialAction":[{"@type":"SearchAction","target":{"@type":"EntryPoint","urlTemplate":"https:\/\/otakuoshi.com\/?s={search_term_string}"},"query-input":{"@type":"PropertyValueSpecification","valueRequired":true,"valueName":"search_term_string"}}],"inLanguage":"fr-FR"},{"@type":"Organization","@id":"https:\/\/otakuoshi.com\/#organization","name":"OtakuOshi","url":"https:\/\/otakuoshi.com\/","logo":{"@type":"ImageObject","inLanguage":"fr-FR","@id":"https:\/\/otakuoshi.com\/#\/schema\/logo\/image\/","url":"https:\/\/otakuoshi.com\/wp-content\/uploads\/2025\/07\/logo.jpg","contentUrl":"https:\/\/otakuoshi.com\/wp-content\/uploads\/2025\/07\/logo.jpg","width":458,"height":164,"caption":"OtakuOshi"},"image":{"@id":"https:\/\/otakuoshi.com\/#\/schema\/logo\/image\/"},"sameAs":["https:\/\/x.com\/OtakuOshi"]}]}},"_links":{"self":[{"href":"https:\/\/otakuoshi.com\/fr\/wp-json\/wp\/v2\/pages\/303","targetHints":{"allow":["GET"]}}],"collection":[{"href":"https:\/\/otakuoshi.com\/fr\/wp-json\/wp\/v2\/pages"}],"about":[{"href":"https:\/\/otakuoshi.com\/fr\/wp-json\/wp\/v2\/types\/page"}],"author":[{"embeddable":true,"href":"https:\/\/otakuoshi.com\/fr\/wp-json\/wp\/v2\/users\/1"}],"replies":[{"embeddable":true,"href":"https:\/\/otakuoshi.com\/fr\/wp-json\/wp\/v2\/comments?post=303"}],"version-history":[{"count":0,"href":"https:\/\/otakuoshi.com\/fr\/wp-json\/wp\/v2\/pages\/303\/revisions"}],"wp:attachment":[{"href":"https:\/\/otakuoshi.com\/fr\/wp-json\/wp\/v2\/media?parent=303"}],"curies":[{"name":"wp","href":"https:\/\/api.w.org\/{rel}","templated":true}]}}