{"id":313,"date":"2025-07-22T09:01:00","date_gmt":"2025-07-22T09:01:00","guid":{"rendered":"https:\/\/otakuoshi.com\/?page_id=313"},"modified":"2025-07-22T09:01:00","modified_gmt":"2025-07-22T09:01:00","slug":"marque","status":"publish","type":"page","link":"https:\/\/otakuoshi.com\/fr\/marque\/","title":{"rendered":"Marque"},"content":{"rendered":"<p><strong>OtakuOshi<\/strong> est plus qu'une plateforme : c'est une marque fond\u00e9e sur la passion, l'identit\u00e9 et l'esprit de la culture otaku mondiale.<\/p>\n\n\n\n<p>N\u00e9e de la n\u00e9cessit\u00e9 de cr\u00e9er un espace o\u00f9 <strong>cr\u00e9ateurs, fans et artistes<\/strong> OtakuOshi repr\u00e9sente une nouvelle g\u00e9n\u00e9ration de plateformes num\u00e9riques : sp\u00e9cialis\u00e9es, \u00e9thiques et ax\u00e9es sur la communaut\u00e9.<\/p>\n\n\n\n<p>Le mot \"<strong>Oshi<\/strong>Le terme \"Otaku\" vient du japonais \u63a8\u3057, un terme utilis\u00e9 pour d\u00e9signer le personnage, l'idole ou l'artiste qu'un fan soutient de tout son c\u0153ur. En l'associant \u00e0 \"Otaku\", nous d\u00e9finissons clairement notre objectif : <strong>\u00eatre la maison num\u00e9rique o\u00f9 les fans soutiennent, d\u00e9couvrent et se connectent avec leurs v\u00e9ritables oshis<\/strong>.<\/p>\n\n\n\n<h3 class=\"wp-block-heading\">Notre vision<\/h3>\n\n\n\n<p>Cr\u00e9er un \u00e9cosyst\u00e8me accessible, s\u00fbr et moderne o\u00f9 tout cr\u00e9ateur li\u00e9 au monde otaku - cosplayers, illustrateurs, conteurs, designers, artistes vocaux, etc. - peut partager et mon\u00e9tiser son travail sans restrictions inutiles ni plateformes g\u00e9n\u00e9riques.<\/p>\n\n\n\n<h3 class=\"wp-block-heading\">Ce que notre marque repr\u00e9sente<\/h3>\n\n\n\n<ul class=\"wp-block-list\">\n<li><strong>Respect de la culture otaku<\/strong><br>Nous rendons hommage \u00e0 leurs racines, \u00e0 leur diversit\u00e9 et \u00e0 leur \u00e9volution mondiale.<\/li>\n\n\n\n<li><strong>Authenticit\u00e9 et connexion directe<\/strong><br>Pas d'interm\u00e9diaires, pas d'algorithmes opaques. Juste des fans qui soutiennent les cr\u00e9ateurs.<\/li>\n\n\n\n<li><strong>La protection de la vie priv\u00e9e et la s\u00e9curit\u00e9 comme base<\/strong><br>Nous prot\u00e9geons les cr\u00e9ateurs et les fans en appliquant des normes professionnelles.<\/li>\n\n\n\n<li><strong>Une cr\u00e9ativit\u00e9 sans limites<\/strong><br>OtakuOshi est un espace libre permettant d'explorer des id\u00e9es, des styles, des r\u00e9cits et des genres dans des cadres l\u00e9gaux et \u00e9thiques.<\/li>\n<\/ul>\n\n\n\n<h3 class=\"wp-block-heading\">\u00c0 qui s'adresse la marque ?<\/h3>\n\n\n\n<ul class=\"wp-block-list\">\n<li>Aupr\u00e8s de la <strong>les fans d'anime, de manga, de cosplay, d'art num\u00e9rique, d'ASMR et de contenu narratif<\/strong>.<\/li>\n\n\n\n<li>Aux cr\u00e9ateurs qui ne correspondent pas aux plates-formes traditionnelles.<\/li>\n\n\n\n<li>Les collectionneurs et les fans qui appr\u00e9cient les liens authentiques et les contenus cr\u00e9\u00e9s avec passion.<\/li>\n<\/ul>\n\n\n\n<p><strong>OtakuOshi<\/strong> n'est pas une copie. Ce n'est pas un r\u00e9seau social de plus.<br>C'est une marque qui a une raison d'\u00eatre : <strong>pour donner de la visibilit\u00e9, de la libert\u00e9 cr\u00e9ative et de vrais outils \u00e0 ceux qui vivent le fandom comme une partie de leur identit\u00e9.<\/strong><\/p>\n\n\n\n<p>Parce que dans le monde des otakus, vous <strong>oshi<\/strong> n'est pas seulement regard\u00e9e. Il est soutenu.<br>Et OtakuOshi est l\u00e0 pour rendre cela possible.<\/p>","protected":false},"excerpt":{"rendered":"<p>OtakuOshi est plus qu'une plateforme : c'est une marque fond\u00e9e sur la passion, l'identit\u00e9 et l'esprit de la culture otaku mondiale. N\u00e9e de...<\/p>","protected":false},"author":1,"featured_media":0,"parent":0,"menu_order":0,"comment_status":"closed","ping_status":"closed","template":"","meta":{"footnotes":""},"class_list":["post-313","page","type-page","status-publish","hentry"],"yoast_head":"<!-- This site is optimized with the Yoast SEO plugin v26.8 - https:\/\/yoast.com\/product\/yoast-seo-wordpress\/ -->\n<title>Marca<\/title>\n<meta name=\"robots\" content=\"index, follow, max-snippet:-1, max-image-preview:large, max-video-preview:-1\" \/>\n<link rel=\"canonical\" href=\"https:\/\/otakuoshi.com\/fr\/marque\/\" \/>\n<meta property=\"og:locale\" content=\"fr_FR\" \/>\n<meta property=\"og:type\" content=\"article\" \/>\n<meta property=\"og:title\" content=\"Marca\" \/>\n<meta property=\"og:description\" content=\"OtakuOshi es m\u00e1s que una plataforma: es una marca construida sobre la pasi\u00f3n, la identidad y el esp\u00edritu de la cultura otaku global. Nacida de&hellip;\" \/>\n<meta property=\"og:url\" content=\"https:\/\/otakuoshi.com\/fr\/marque\/\" \/>\n<meta property=\"og:site_name\" content=\"OtakuOshi\" \/>\n<meta property=\"og:image\" content=\"https:\/\/otakuoshi.com\/wp-content\/uploads\/2025\/07\/cropped-logo.jpg\" \/>\n\t<meta property=\"og:image:width\" content=\"512\" \/>\n\t<meta property=\"og:image:height\" content=\"512\" \/>\n\t<meta property=\"og:image:type\" content=\"image\/jpeg\" \/>\n<meta name=\"twitter:card\" content=\"summary_large_image\" \/>\n<meta name=\"twitter:site\" content=\"@OtakuOshi\" \/>\n<meta name=\"twitter:label1\" content=\"Dur\u00e9e de lecture estim\u00e9e\" \/>\n\t<meta name=\"twitter:data1\" content=\"2 minutes\" \/>\n<script type=\"application\/ld+json\" class=\"yoast-schema-graph\">{\"@context\":\"https:\/\/schema.org\",\"@graph\":[{\"@type\":\"WebPage\",\"@id\":\"https:\/\/otakuoshi.com\/marca\/\",\"url\":\"https:\/\/otakuoshi.com\/marca\/\",\"name\":\"Marca\",\"isPartOf\":{\"@id\":\"https:\/\/otakuoshi.com\/#website\"},\"datePublished\":\"2025-07-22T09:01:00+00:00\",\"breadcrumb\":{\"@id\":\"https:\/\/otakuoshi.com\/marca\/#breadcrumb\"},\"inLanguage\":\"fr-FR\",\"potentialAction\":[{\"@type\":\"ReadAction\",\"target\":[\"https:\/\/otakuoshi.com\/marca\/\"]}]},{\"@type\":\"BreadcrumbList\",\"@id\":\"https:\/\/otakuoshi.com\/marca\/#breadcrumb\",\"itemListElement\":[{\"@type\":\"ListItem\",\"position\":1,\"name\":\"Home\",\"item\":\"https:\/\/otakuoshi.com\/\"},{\"@type\":\"ListItem\",\"position\":2,\"name\":\"Marca\"}]},{\"@type\":\"WebSite\",\"@id\":\"https:\/\/otakuoshi.com\/#website\",\"url\":\"https:\/\/otakuoshi.com\/\",\"name\":\"OtakuOshi\",\"description\":\"\",\"publisher\":{\"@id\":\"https:\/\/otakuoshi.com\/#organization\"},\"alternateName\":\"Otaku Oshi\",\"potentialAction\":[{\"@type\":\"SearchAction\",\"target\":{\"@type\":\"EntryPoint\",\"urlTemplate\":\"https:\/\/otakuoshi.com\/?s={search_term_string}\"},\"query-input\":{\"@type\":\"PropertyValueSpecification\",\"valueRequired\":true,\"valueName\":\"search_term_string\"}}],\"inLanguage\":\"fr-FR\"},{\"@type\":\"Organization\",\"@id\":\"https:\/\/otakuoshi.com\/#organization\",\"name\":\"OtakuOshi\",\"url\":\"https:\/\/otakuoshi.com\/\",\"logo\":{\"@type\":\"ImageObject\",\"inLanguage\":\"fr-FR\",\"@id\":\"https:\/\/otakuoshi.com\/#\/schema\/logo\/image\/\",\"url\":\"https:\/\/otakuoshi.com\/wp-content\/uploads\/2025\/07\/logo.jpg\",\"contentUrl\":\"https:\/\/otakuoshi.com\/wp-content\/uploads\/2025\/07\/logo.jpg\",\"width\":458,\"height\":164,\"caption\":\"OtakuOshi\"},\"image\":{\"@id\":\"https:\/\/otakuoshi.com\/#\/schema\/logo\/image\/\"},\"sameAs\":[\"https:\/\/x.com\/OtakuOshi\"]}]}<\/script>\n<!-- \/ Yoast SEO plugin. -->","yoast_head_json":{"title":"Marque","robots":{"index":"index","follow":"follow","max-snippet":"max-snippet:-1","max-image-preview":"max-image-preview:large","max-video-preview":"max-video-preview:-1"},"canonical":"https:\/\/otakuoshi.com\/fr\/marque\/","og_locale":"fr_FR","og_type":"article","og_title":"Marca","og_description":"OtakuOshi es m\u00e1s que una plataforma: es una marca construida sobre la pasi\u00f3n, la identidad y el esp\u00edritu de la cultura otaku global. Nacida de&hellip;","og_url":"https:\/\/otakuoshi.com\/fr\/marque\/","og_site_name":"OtakuOshi","og_image":[{"width":512,"height":512,"url":"https:\/\/otakuoshi.com\/wp-content\/uploads\/2025\/07\/cropped-logo.jpg","type":"image\/jpeg"}],"twitter_card":"summary_large_image","twitter_site":"@OtakuOshi","twitter_misc":{"Dur\u00e9e de lecture estim\u00e9e":"2 minutes"},"schema":{"@context":"https:\/\/schema.org","@graph":[{"@type":"WebPage","@id":"https:\/\/otakuoshi.com\/marca\/","url":"https:\/\/otakuoshi.com\/marca\/","name":"Marque","isPartOf":{"@id":"https:\/\/otakuoshi.com\/#website"},"datePublished":"2025-07-22T09:01:00+00:00","breadcrumb":{"@id":"https:\/\/otakuoshi.com\/marca\/#breadcrumb"},"inLanguage":"fr-FR","potentialAction":[{"@type":"ReadAction","target":["https:\/\/otakuoshi.com\/marca\/"]}]},{"@type":"BreadcrumbList","@id":"https:\/\/otakuoshi.com\/marca\/#breadcrumb","itemListElement":[{"@type":"ListItem","position":1,"name":"Home","item":"https:\/\/otakuoshi.com\/"},{"@type":"ListItem","position":2,"name":"Marca"}]},{"@type":"WebSite","@id":"https:\/\/otakuoshi.com\/#website","url":"https:\/\/otakuoshi.com\/","name":"OtakuOshi","description":"","publisher":{"@id":"https:\/\/otakuoshi.com\/#organization"},"alternateName":"Otaku Oshi","potentialAction":[{"@type":"SearchAction","target":{"@type":"EntryPoint","urlTemplate":"https:\/\/otakuoshi.com\/?s={search_term_string}"},"query-input":{"@type":"PropertyValueSpecification","valueRequired":true,"valueName":"search_term_string"}}],"inLanguage":"fr-FR"},{"@type":"Organization","@id":"https:\/\/otakuoshi.com\/#organization","name":"OtakuOshi","url":"https:\/\/otakuoshi.com\/","logo":{"@type":"ImageObject","inLanguage":"fr-FR","@id":"https:\/\/otakuoshi.com\/#\/schema\/logo\/image\/","url":"https:\/\/otakuoshi.com\/wp-content\/uploads\/2025\/07\/logo.jpg","contentUrl":"https:\/\/otakuoshi.com\/wp-content\/uploads\/2025\/07\/logo.jpg","width":458,"height":164,"caption":"OtakuOshi"},"image":{"@id":"https:\/\/otakuoshi.com\/#\/schema\/logo\/image\/"},"sameAs":["https:\/\/x.com\/OtakuOshi"]}]}},"_links":{"self":[{"href":"https:\/\/otakuoshi.com\/fr\/wp-json\/wp\/v2\/pages\/313","targetHints":{"allow":["GET"]}}],"collection":[{"href":"https:\/\/otakuoshi.com\/fr\/wp-json\/wp\/v2\/pages"}],"about":[{"href":"https:\/\/otakuoshi.com\/fr\/wp-json\/wp\/v2\/types\/page"}],"author":[{"embeddable":true,"href":"https:\/\/otakuoshi.com\/fr\/wp-json\/wp\/v2\/users\/1"}],"replies":[{"embeddable":true,"href":"https:\/\/otakuoshi.com\/fr\/wp-json\/wp\/v2\/comments?post=313"}],"version-history":[{"count":0,"href":"https:\/\/otakuoshi.com\/fr\/wp-json\/wp\/v2\/pages\/313\/revisions"}],"wp:attachment":[{"href":"https:\/\/otakuoshi.com\/fr\/wp-json\/wp\/v2\/media?parent=313"}],"curies":[{"name":"wp","href":"https:\/\/api.w.org\/{rel}","templated":true}]}}