{"id":95,"date":"2025-07-20T06:00:15","date_gmt":"2025-07-20T06:00:15","guid":{"rendered":"https:\/\/otakuoshi.com\/?page_id=95"},"modified":"2026-02-21T10:12:40","modified_gmt":"2026-02-21T10:12:40","slug":"home","status":"publish","type":"page","link":"https:\/\/otakuoshi.com\/fr\/","title":{"rendered":"Accueil"},"content":{"rendered":"<p><!-- ======= HERO ======= --><\/p>\n<section class=\"hero\">\n<div class=\"hero__bg\"><\/div>\n<div class=\"hero__inner\">\n    <span class=\"oshi-badge\">\u304a\u305f\u304f\u304a\u3057 - Plate-forme pour les cr\u00e9ateurs otaku<\/span><\/p>\n<h1>Votre art otaku m\u00e9rite<br \/>une \u00e9tape <em>\u00e0 votre niveau<\/em><\/h1>\n<p class=\"hero__sub\">Mon\u00e9tisez votre talent en tant qu'illustrateur, cosplayer, mangaka ou artiste num\u00e9rique. Entrez en contact avec des fans qui appr\u00e9cient vraiment ce que vous cr\u00e9ez.<\/p>\n<div class=\"hero__ctas\">\n      <a href=\"https:\/\/fans.otakuoshi.com\/\" class=\"btn btn--fill\">Commencer \u00e0 cr\u00e9er gratuitement<\/a><br \/>\n      <a href=\"\/fr\/contenu\/\" class=\"btn btn--ghost\">Explorer le contenu<\/a>\n    <\/div>\n<p class=\"hero__meta\">+9 cat\u00e9gories - Paiements dans le monde entier - 100% Anglais et Japonais<\/p>\n<\/p><\/div>\n<\/section>\n<p><!-- ======= CATEGOR\u00cdAS ======= --><\/p>\n<section class=\"cats\" id=\"categorias\">\n<div class=\"oshi-wrap\">\n<div class=\"sec-head\">\n<h2>Parcourir par cat\u00e9gorie<\/h2>\n<p>Du fan art \u00e0 l'ASMR, trouvez le contenu qui vous passionne ou le cr\u00e9neau id\u00e9al pour mon\u00e9tiser votre talent.<\/p>\n<\/p><\/div>\n<div class=\"cats__grid\">\n<p>      <a href=\"\/fr\/cosplay\/\" class=\"ccard\"><\/p>\n<div class=\"ccard__img\">\n          <img decoding=\"async\" src=\"https:\/\/otakuoshi.com\/wp-content\/uploads\/2025\/09\/Cosplay-1.png\" alt=\"Cosplay - s\u00e9ries de photos exclusives\" loading=\"lazy\">\n        <\/div>\n<div class=\"ccard__body\">\n<h3 class=\"ccard__title\">Cosplay<\/h3>\n<p class=\"ccard__text\">Des photos, des coulisses et des contenus exclusifs de cosplayeurs professionnels et ind\u00e9pendants.<\/p>\n<\/p><\/div>\n<p>      <\/a><\/p>\n<p>      <a href=\"\/fr\/illustrateurs-de-mangas\/\" class=\"ccard\"><\/p>\n<div class=\"ccard__img\">\n          <img decoding=\"async\" src=\"https:\/\/otakuoshi.com\/wp-content\/uploads\/2025\/09\/Ilustracion.png\" alt=\"Illustration et fan art manga\" loading=\"lazy\">\n        <\/div>\n<div class=\"ccard__body\">\n<h3 class=\"ccard__title\">Illustration et Fan Art<\/h3>\n<p class=\"ccard__text\">Illustrations originales, fan art, travaux en cours et processus cr\u00e9atifs d'artistes num\u00e9riques.<\/p>\n<\/p><\/div>\n<p>      <\/a><\/p>\n<p>      <a href=\"\/fr\/doujin-manga\/\" class=\"ccard\"><\/p>\n<div class=\"ccard__img\">\n          <img decoding=\"async\" src=\"https:\/\/otakuoshi.com\/wp-content\/uploads\/2025\/09\/Manga.png\" alt=\"Manga et doujinshi ind\u00e9pendants\" loading=\"lazy\">\n        <\/div>\n<div class=\"ccard__body\">\n<h3 class=\"ccard__title\">Manga &amp; Doujinshi<\/h3>\n<p class=\"ccard__text\">\u0152uvres originales, doujinshi et s\u00e9ries s\u00e9rialis\u00e9es d'auteurs ind\u00e9pendants.<\/p>\n<\/p><\/div>\n<p>      <\/a><\/p>\n<p>      <a href=\"\/fr\/animation-de-mouvement\/\" class=\"ccard\"><\/p>\n<div class=\"ccard__img\">\n          <img decoding=\"async\" src=\"https:\/\/otakuoshi.com\/wp-content\/uploads\/2025\/09\/Animacion.png\" alt=\"Animation et motion graphics anime\" loading=\"lazy\">\n        <\/div>\n<div class=\"ccard__body\">\n<h3 class=\"ccard__title\">Animation et mouvement<\/h3>\n<p class=\"ccard__text\">Courts m\u00e9trages, boucles anim\u00e9es, graphiques de mouvement et projets d'animation ind\u00e9pendants.<\/p>\n<\/p><\/div>\n<p>      <\/a><\/p>\n<p>      <a href=\"\/fr\/voix-de-personnage-asmr\/\" class=\"ccard\"><\/p>\n<div class=\"ccard__img\">\n          <img decoding=\"async\" src=\"https:\/\/otakuoshi.com\/wp-content\/uploads\/2025\/09\/ASMR.png\" alt=\"ASMR et voix de personnage\" loading=\"lazy\">\n        <\/div>\n<div class=\"ccard__body\">\n<h3 class=\"ccard__title\">ASMR et voix de personnages<\/h3>\n<p class=\"ccard__text\">Son immersif, voix de situation, ASMR th\u00e9matique et doublage de personnages originaux.<\/p>\n<\/p><\/div>\n<p>      <\/a><\/p>\n<p>      <a href=\"\/fr\/making-of-tutoriales-y-plantillas\/\" class=\"ccard\"><\/p>\n<div class=\"ccard__img\">\n          <img decoding=\"async\" src=\"https:\/\/otakuoshi.com\/wp-content\/uploads\/2025\/09\/Tutoriales.png\" alt=\"Tutoriels et making-of\" loading=\"lazy\">\n        <\/div>\n<div class=\"ccard__body\">\n<h3 class=\"ccard__title\">Making-of et tutoriels<\/h3>\n<p class=\"ccard__text\">Processus cr\u00e9atifs, mod\u00e8les, pinceaux et tutoriels \u00e9tape par \u00e9tape pour les artistes.<\/p>\n<\/p><\/div>\n<p>      <\/a><\/p>\n<p>      <a href=\"\/fr\/avatars-3d-vroid\/\" class=\"ccard\"><\/p>\n<div class=\"ccard__img\">\n          <img decoding=\"async\" src=\"https:\/\/otakuoshi.com\/wp-content\/uploads\/2025\/09\/3d.png\" alt=\"Mod\u00e8les 3D et avatars VRoid\" loading=\"lazy\">\n        <\/div>\n<div class=\"ccard__body\">\n<h3 class=\"ccard__title\">3D \/ Avatars \/ VRoid<\/h3>\n<p class=\"ccard__text\">Mod\u00e8les 3D, avatars VRoid, actifs pour VTubers et sc\u00e8nes pour Unity ou Blender.<\/p>\n<\/p><\/div>\n<p>      <\/a><\/p>\n<p>      <a href=\"\/fr\/contenidos-r-15\/\" class=\"ccard\"><\/p>\n<div class=\"ccard__img\">\n          <img decoding=\"async\" src=\"https:\/\/otakuoshi.com\/wp-content\/uploads\/2025\/09\/r15.png\" alt=\"Contenu R-15\" loading=\"lazy\">\n        <\/div>\n<div class=\"ccard__body\">\n<h3 class=\"ccard__title\">Contenu R-15<\/h3>\n<p class=\"ccard__text\">Photographie suggestive, art ecchi et contenu sensuel avec une approche artistique et respectueuse.<\/p>\n<\/p><\/div>\n<p>      <\/a><\/p>\n<p>      <a href=\"\/fr\/contenu-r18\/\" class=\"ccard\"><\/p>\n<div class=\"ccard__img\">\n          <img decoding=\"async\" src=\"https:\/\/otakuoshi.com\/wp-content\/uploads\/2025\/07\/cosplay-erotico.jpg\" alt=\"Contenu R-18\" loading=\"lazy\">\n        <\/div>\n<div class=\"ccard__body\">\n<h3 class=\"ccard__title\">Contenu R-18<\/h3>\n<p class=\"ccard__text\">Contenu adulte v\u00e9rifi\u00e9 : illustration, cosplay \u00e9rotique et photographie d'art.<\/p>\n<\/p><\/div>\n<p>      <\/a><\/p><\/div>\n<div class=\"cats__bottom\">\n      <a href=\"\/fr\/contenu\/\" class=\"btn btn--ghost\">Voir toutes les cat\u00e9gories<\/a>\n    <\/div>\n<\/p><\/div>\n<\/section>\n<p><!-- ======= VALOR ======= --><\/p>\n<section class=\"value\">\n<div class=\"oshi-wrap\">\n<div class=\"sec-head\">\n<h2>Plus qu'une plateforme : une communaut\u00e9 \u00e0 l'\u00e2me otaku<\/h2>\n<p>OtakuOshi relie les cr\u00e9ateurs et les fans dans un \u00e9cosyst\u00e8me de respect, de passion et de soutien direct. Ici, les fans sont <em>shien-sha<\/em> et les cr\u00e9ateurs sont <em>oshis<\/em>.<\/p>\n<\/p><\/div>\n<div class=\"value__grid\">\n<div class=\"vbox\">\n<h3>\u00cates-vous un fan ?<\/h3>\n<p>D\u00e9couvrez des cr\u00e9ateurs qui inspirent votre quotidien. Soutenez-les en vous abonnant, en leur donnant des conseils num\u00e9riques ou en leur envoyant des messages priv\u00e9s. Cr\u00e9ez un v\u00e9ritable lien avec vos <em>oshi<\/em>.<\/p>\n<ul>\n<li>Acc\u00e9dez \u00e0 des contenus exclusifs que vous ne trouverez pas sur les r\u00e9seaux sociaux<\/li>\n<li>Envoyer des accessoires, des messages et un retour d'information direct au cr\u00e9ateur<\/li>\n<li>D\u00e9couvrez les artistes en <a href=\"\/fr\/cosplay\/\">cosplay<\/a>, <a href=\"\/fr\/fanart\/\">fan art<\/a> o <a href=\"\/fr\/voix-de-personnage-asmr\/\">ASMR<\/a><\/li>\n<li>Soutien <a href=\"\/fr\/modeles-de-cosplay\/\">mod\u00e8les<\/a>, <a href=\"\/fr\/illustrateurs-de-mangas\/\">mangakas<\/a> y <a href=\"\/fr\/photographes-de-cosplay\/\">photographes<\/a><\/li>\n<\/ul>\n<p>        <a href=\"https:\/\/fans.otakuoshi.com\/\" class=\"btn btn--fill\">D\u00e9couvrir les cr\u00e9ateurs<\/a>\n      <\/div>\n<div class=\"vbox\">\n<h3>\u00cates-vous un cr\u00e9ateur ?<\/h3>\n<p>Transformez votre passion en revenus r\u00e9els. Proposez des abonnements, vendez du contenu exclusif et laissez vos fans devenir des sponsors.<\/p>\n<ul>\n<li>Mon\u00e9tiser <a href=\"\/fr\/illustrateurs-de-mangas\/\">illustrations<\/a>, des ensembles de <a href=\"\/fr\/cosplay\/\">cosplay<\/a> o <a href=\"\/fr\/doujin-manga\/\">doujinshi<\/a><\/li>\n<li>Recevoir un soutien direct par le biais d'abonnements et de conseils<\/li>\n<li>G\u00e9rer le contenu, la communaut\u00e9 et la boutique \u00e0 partir d'un seul profil<\/li>\n<li>Cobra dans tous les pays - Cobra dans tous les pays - Cobra dans tous les pays - Cobra dans tous les pays - Cobra dans tous les pays - Cobra dans tous les pays <a href=\"\/fr\/financiacion\/\">plus d'informations sur les paiements<\/a><\/li>\n<\/ul>\n<p>        <a href=\"https:\/\/fans.otakuoshi.com\/\" class=\"btn btn--fill\">Ouvrez votre profil gratuit<\/a>\n      <\/div>\n<\/p><\/div>\n<\/p><\/div>\n<\/section>\n<p><!-- ======= BANNER CTA ======= --><\/p>\n<section class=\"banner\" style=\"background-image:url('https:\/\/otakuoshi.com\/wp-content\/uploads\/2025\/07\/ot1.png')\">\n<div class=\"banner__ov\"><\/div>\n<div class=\"banner__in\">\n<h2>Votre art m\u00e9rite un endroit o\u00f9 il ne se perd pas dans le bruit.<\/h2>\n<p>Votre communaut\u00e9 vous attend. Ouvrez votre profil en moins de 5 minutes et commencez \u00e0 mon\u00e9tiser d\u00e8s aujourd'hui.<\/p>\n<p>    <a href=\"https:\/\/fans.otakuoshi.com\/\" class=\"btn btn--fill btn--lg\">Cr\u00e9ez votre compte gratuit<\/a>\n  <\/div>\n<\/section>\n<p><!-- ======= PASOS ======= --><\/p>\n<section class=\"steps\" id=\"como-funciona\">\n<div class=\"oshi-wrap\">\n<div class=\"sec-head\">\n<h2>Comment fonctionne OtakuOshi ?<\/h2>\n<p>En trois \u00e9tapes, vous pouvez passer du statut de spectateur \u00e0 celui de cr\u00e9ateur avec des revenus r\u00e9currents. L'ensemble du processus prend moins de 5 minutes.<\/p>\n<\/p><\/div>\n<div class=\"steps__grid\">\n<div class=\"stp\">\n        <span class=\"stp__num\">01<\/span><\/p>\n<h3>Registre<\/h3>\n<p>Cr\u00e9ez votre compte sur <a href=\"https:\/\/fans.otakuoshi.com\/\">fans.otakuoshi.com<\/a>. Confirmez votre adresse \u00e9lectronique et cr\u00e9ez votre profil de cr\u00e9ateur en quelques minutes.<\/p>\n<\/p><\/div>\n<div class=\"stp\">\n        <span class=\"stp__num\">02<\/span><\/p>\n<h3>Publier et partager<\/h3>\n<p>T\u00e9l\u00e9chargez des images, des vid\u00e9os, des audios et des documents. D\u00e9cidez ce qui est public et ce qui est exclusif. Lisez notre <a href=\"\/fr\/principios-de-publicacion\/\">principes de publication<\/a>.<\/p>\n<\/p><\/div>\n<div class=\"stp\">\n        <span class=\"stp__num\">03<\/span><\/p>\n<h3>Recevoir des paiements<\/h3>\n<p>Paiements vers n'importe quel pays. Sans compte bancaire, vous pouvez \u00e9galement retirer de l'argent. <a href=\"\/fr\/financiacion\/\">Plus d'informations sur les modes de paiement<\/a>.<\/p>\n<\/p><\/div>\n<\/p><\/div>\n<\/p><\/div>\n<\/section>\n<p><!-- ======= NICHOS ======= --><\/p>\n<section class=\"niches\">\n<div class=\"oshi-wrap\">\n<div class=\"sec-head\">\n<h2>Un espace pour chaque type de cr\u00e9ateur<\/h2>\n<p>Peu importe votre discipline : si vous appartenez \u00e0 l'univers otaku, vous avez ici un foyer o\u00f9 votre talent est appr\u00e9ci\u00e9.<\/p>\n<\/p><\/div>\n<div class=\"niches__grid\">\n      <a href=\"\/fr\/modeles-de-cosplay\/\" class=\"ncard\"><br \/>\n        <span class=\"ncard__ico\">\ud83d\udcf8<\/span><\/p>\n<h3>Mod\u00e8les de cosplay<\/h3>\n<p>Des d\u00e9cors exclusifs, des sessions th\u00e9matiques et du contenu en coulisses.<\/p>\n<p>      <\/a><br \/>\n      <a href=\"\/fr\/photographes-de-cosplay\/\" class=\"ncard\"><br \/>\n        <span class=\"ncard__ico\">\ud83c\udf9e\ufe0f<\/span><\/p>\n<h3>Photographes de cosplay<\/h3>\n<p>Portfolio, tirages et tutoriels photographiques th\u00e9matiques.<\/p>\n<p>      <\/a><br \/>\n      <a href=\"\/fr\/ecrivains-de-fanfictions\/\" class=\"ncard\"><br \/>\n        <span class=\"ncard__ico\">\u270d\ufe0f<\/span><\/p>\n<h3>\u00c9crivains de fanfictions<\/h3>\n<p>Des chapitres exclusifs et des s\u00e9ries pour les lecteurs passionn\u00e9s.<\/p>\n<p>      <\/a><br \/>\n      <a href=\"\/fr\/auteurs-de-dojinshi\/\" class=\"ncard\"><br \/>\n        <span class=\"ncard__ico\">\ud83d\udcd6<\/span><\/p>\n<h3>Auteurs de Doujinshi<\/h3>\n<p>Elle distribue des mangas ind\u00e9pendants, re\u00e7oit des commentaires et finance des projets.<\/p>\n<p>      <\/a><br \/>\n      <a href=\"\/fr\/fanart\/\" class=\"ncard\"><br \/>\n        <span class=\"ncard__ico\">\ud83c\udfa8<\/span><\/p>\n<h3>Artistes de l'art du fan<\/h3>\n<p>Partagez vos cr\u00e9ations, vendez des commissions et d\u00e9veloppez votre communaut\u00e9.<\/p>\n<p>      <\/a><br \/>\n      <a href=\"\/fr\/artistes-ecchi\/\" class=\"ncard\"><br \/>\n        <span class=\"ncard__ico\">\ud83d\udd25<\/span><\/p>\n<h3>Artistes Ecchi<\/h3>\n<p>Un espace s\u00fbr avec <a href=\"\/fr\/politica-etica\/\">politiques \u00e9thiques<\/a> et la v\u00e9rification de l'\u00e2ge.<\/p>\n<p>      <\/a>\n    <\/div>\n<\/p><\/div>\n<\/section>\n<p><!-- ======= JAP\u00d3N BANNER ======= --><\/p>\n<section class=\"banner\" style=\"background-image:url('https:\/\/otakuoshi.com\/wp-content\/uploads\/2025\/07\/japanflag.jpg')\">\n<div class=\"banner__ov\"><\/div>\n<div class=\"banner__in\">\n<h2>L'identit\u00e9 japonaise, ouverte sur le monde<\/h2>\n<p>OtakuOshi prend le meilleur de l'esprit cr\u00e9atif japonais et l'ouvre au monde. Votre voix est entendue en anglais et en \u65e5\u672c\u8a9e.<\/p>\n<p>    <a href=\"https:\/\/otakuoshi.jp\/\" class=\"btn btn--fill btn--lg\" target=\"_blank\" rel=\"noopener\">D\u00e9couvrir OtakuOshi Japon<\/a>\n  <\/div>\n<\/section>\n<p><!-- ======= CONFIANZA ======= --><\/p>\n<section class=\"trust\">\n<div class=\"oshi-wrap\">\n<div class=\"sec-head\">\n<h2>Construit sur des principes, pas seulement sur du code<\/h2>\n<p>La culture otaku m\u00e9rite une plateforme qui la respecte.<\/p>\n<\/p><\/div>\n<div class=\"trust__grid\">\n<div class=\"tcard\">\n<h3>S\u00e9curit\u00e9 r\u00e9elle<\/h3>\n<p>Paiements crypt\u00e9s, v\u00e9rification de l'identit\u00e9 et <a href=\"\/fr\/securite\/\">protocoles professionnels<\/a>.<\/p>\n<\/p><\/div>\n<div class=\"tcard\">\n<h3>Une \u00e9thique sans compromis<\/h3>\n<p><a href=\"\/fr\/politica-etica\/\">Politique \u00e9thique<\/a> contre les contenus ill\u00e9gaux et les \"deepfakes\". Nous respectons <a href=\"\/fr\/usc2257\/\">USC 2257<\/a>.<\/p>\n<\/p><\/div>\n<div class=\"tcard\">\n<h3>Diversit\u00e9 et inclusion<\/h3>\n<p>Toutes les expressions otaku sont les bienvenues. <a href=\"\/fr\/diversidad\/\">D\u00e9claration de diversit\u00e9<\/a>.<\/p>\n<\/p><\/div>\n<div class=\"tcard\">\n<h3>R\u00e9ponse active<\/h3>\n<p><a href=\"\/fr\/plaintes\/\">Plaintes<\/a> en temps r\u00e9el. <a href=\"\/fr\/respuesta-activa\/\">Politique de r\u00e9ponse<\/a>.<\/p>\n<\/p><\/div>\n<div class=\"tcard\">\n<h3>Transparence \u00e9ditoriale<\/h3>\n<p><a href=\"\/fr\/principios-de-publicacion\/\">Principes de publication<\/a> y <a href=\"\/fr\/politica-de-correcciones\/\">politique correctionnelle<\/a> ouvert.<\/p>\n<\/p><\/div>\n<div class=\"tcard\">\n<h3>Des conditions claires<\/h3>\n<p><a href=\"\/fr\/conditions-de-service\/\">Conditions<\/a>, <a href=\"\/fr\/politique-de-confidentialite\/\">Vie priv\u00e9e<\/a>, <a href=\"\/fr\/biscuits\/\">Cookies<\/a> y <a href=\"\/fr\/contrato-entre-fan-y-creador\/\">Contrat de cr\u00e9ateur de fan<\/a>.<\/p>\n<\/p><\/div>\n<\/p><\/div>\n<\/p><\/div>\n<\/section>\n<p><!-- ======= CTA FINAL ======= --><\/p>\n<section class=\"final\">\n<div class=\"oshi-wrap\">\n<h2>Pr\u00eat \u00e0 valoriser vos talents d'otaku ?<\/h2>\n<p class=\"final__desc\">Rejoignez la communaut\u00e9 o\u00f9 les fans et les cr\u00e9ateurs se rencontrent. Inscrivez-vous gratuitement et publiez votre premier contenu d\u00e8s aujourd'hui.<\/p>\n<div class=\"final__btns\">\n      <a href=\"https:\/\/fans.otakuoshi.com\/\" class=\"btn btn--fill btn--lg\">Cr\u00e9ez votre profil de cr\u00e9ateur<\/a><br \/>\n      <a href=\"\/fr\/a-propos-de-nous\/\" class=\"btn btn--ghost\">\u00c0 propos d'OtakuOshi<\/a>\n    <\/div>\n<p class=\"final__links\">\n      <a href=\"\/fr\/aide\/\">Aide<\/a> \u00b7 <a href=\"\/fr\/contact\/\">Contact<\/a> \u00b7 <a href=\"\/fr\/colaboraciones\/\">Collaborations<\/a> \u00b7 <a href=\"\/fr\/prensa\/\">Presse<\/a> \u00b7 <a href=\"\/fr\/newsletter\/\">Bulletin d'information<\/a> \u00b7 <a href=\"\/fr\/marque\/\">Kit de marque<\/a>\n    <\/p>\n<\/p><\/div>\n<\/section>","protected":false},"excerpt":{"rendered":"<p>\u304a\u305f\u304f\u304f\u304a\u3057 - Plateforme pour les cr\u00e9ateurs otaku Votre art otaku m\u00e9rite une sc\u00e8ne \u00e0 sa mesure Mon\u00e9tisez votre talent en tant qu'illustrateur, cosplayer, mangaka ou artiste num\u00e9rique. Connectez-vous...<\/p>","protected":false},"author":1,"featured_media":0,"parent":0,"menu_order":0,"comment_status":"closed","ping_status":"closed","template":"page-fullwidth-content.php","meta":{"footnotes":""},"class_list":["post-95","page","type-page","status-publish","hentry"],"yoast_head":"<!-- This site is optimized with the Yoast SEO plugin v26.8 - https:\/\/yoast.com\/product\/yoast-seo-wordpress\/ -->\n<title>Home<\/title>\n<meta name=\"robots\" content=\"index, follow, max-snippet:-1, max-image-preview:large, max-video-preview:-1\" \/>\n<link rel=\"canonical\" href=\"https:\/\/otakuoshi.com\/fr\/\" \/>\n<meta property=\"og:locale\" content=\"fr_FR\" \/>\n<meta property=\"og:type\" content=\"article\" \/>\n<meta property=\"og:title\" content=\"Home\" \/>\n<meta property=\"og:description\" content=\"\u304a\u305f\u304f\u304a\u3057 \u2014 Plataforma para creadores otaku Tu arte otaku mereceun escenario a su altura Monetiza tu talento como ilustrador, cosplayer, mangaka o artista digital. Conecta&hellip;\" \/>\n<meta property=\"og:url\" content=\"https:\/\/otakuoshi.com\/fr\/\" \/>\n<meta property=\"og:site_name\" content=\"OtakuOshi\" \/>\n<meta property=\"article:modified_time\" content=\"2026-02-21T10:12:40+00:00\" \/>\n<meta property=\"og:image\" content=\"https:\/\/otakuoshi.com\/wp-content\/uploads\/2025\/09\/Cosplay-1.png\" \/>\n<meta name=\"twitter:card\" content=\"summary_large_image\" \/>\n<meta name=\"twitter:site\" content=\"@OtakuOshi\" \/>\n<script type=\"application\/ld+json\" class=\"yoast-schema-graph\">{\"@context\":\"https:\/\/schema.org\",\"@graph\":[{\"@type\":\"WebPage\",\"@id\":\"https:\/\/otakuoshi.com\/\",\"url\":\"https:\/\/otakuoshi.com\/\",\"name\":\"Home\",\"isPartOf\":{\"@id\":\"https:\/\/otakuoshi.com\/#website\"},\"primaryImageOfPage\":{\"@id\":\"https:\/\/otakuoshi.com\/#primaryimage\"},\"image\":{\"@id\":\"https:\/\/otakuoshi.com\/#primaryimage\"},\"thumbnailUrl\":\"https:\/\/otakuoshi.com\/wp-content\/uploads\/2025\/09\/Cosplay-1.png\",\"datePublished\":\"2025-07-20T06:00:15+00:00\",\"dateModified\":\"2026-02-21T10:12:40+00:00\",\"breadcrumb\":{\"@id\":\"https:\/\/otakuoshi.com\/#breadcrumb\"},\"inLanguage\":\"fr-FR\",\"potentialAction\":[{\"@type\":\"ReadAction\",\"target\":[\"https:\/\/otakuoshi.com\/\"]}]},{\"@type\":\"ImageObject\",\"inLanguage\":\"fr-FR\",\"@id\":\"https:\/\/otakuoshi.com\/#primaryimage\",\"url\":\"https:\/\/otakuoshi.com\/wp-content\/uploads\/2025\/09\/Cosplay-1.png\",\"contentUrl\":\"https:\/\/otakuoshi.com\/wp-content\/uploads\/2025\/09\/Cosplay-1.png\"},{\"@type\":\"BreadcrumbList\",\"@id\":\"https:\/\/otakuoshi.com\/#breadcrumb\",\"itemListElement\":[{\"@type\":\"ListItem\",\"position\":1,\"name\":\"Home\",\"item\":\"https:\/\/otakuoshi.com\/\"},{\"@type\":\"ListItem\",\"position\":2,\"name\":\"Home\"}]},{\"@type\":\"WebSite\",\"@id\":\"https:\/\/otakuoshi.com\/#website\",\"url\":\"https:\/\/otakuoshi.com\/\",\"name\":\"OtakuOshi\",\"description\":\"\",\"publisher\":{\"@id\":\"https:\/\/otakuoshi.com\/#organization\"},\"alternateName\":\"Otaku Oshi\",\"potentialAction\":[{\"@type\":\"SearchAction\",\"target\":{\"@type\":\"EntryPoint\",\"urlTemplate\":\"https:\/\/otakuoshi.com\/?s={search_term_string}\"},\"query-input\":{\"@type\":\"PropertyValueSpecification\",\"valueRequired\":true,\"valueName\":\"search_term_string\"}}],\"inLanguage\":\"fr-FR\"},{\"@type\":\"Organization\",\"@id\":\"https:\/\/otakuoshi.com\/#organization\",\"name\":\"OtakuOshi\",\"url\":\"https:\/\/otakuoshi.com\/\",\"logo\":{\"@type\":\"ImageObject\",\"inLanguage\":\"fr-FR\",\"@id\":\"https:\/\/otakuoshi.com\/#\/schema\/logo\/image\/\",\"url\":\"https:\/\/otakuoshi.com\/wp-content\/uploads\/2025\/07\/logo.jpg\",\"contentUrl\":\"https:\/\/otakuoshi.com\/wp-content\/uploads\/2025\/07\/logo.jpg\",\"width\":458,\"height\":164,\"caption\":\"OtakuOshi\"},\"image\":{\"@id\":\"https:\/\/otakuoshi.com\/#\/schema\/logo\/image\/\"},\"sameAs\":[\"https:\/\/x.com\/OtakuOshi\"]}]}<\/script>\n<!-- \/ Yoast SEO plugin. -->","yoast_head_json":{"title":"Accueil","robots":{"index":"index","follow":"follow","max-snippet":"max-snippet:-1","max-image-preview":"max-image-preview:large","max-video-preview":"max-video-preview:-1"},"canonical":"https:\/\/otakuoshi.com\/fr\/","og_locale":"fr_FR","og_type":"article","og_title":"Home","og_description":"\u304a\u305f\u304f\u304a\u3057 \u2014 Plataforma para creadores otaku Tu arte otaku mereceun escenario a su altura Monetiza tu talento como ilustrador, cosplayer, mangaka o artista digital. Conecta&hellip;","og_url":"https:\/\/otakuoshi.com\/fr\/","og_site_name":"OtakuOshi","article_modified_time":"2026-02-21T10:12:40+00:00","og_image":[{"url":"https:\/\/otakuoshi.com\/wp-content\/uploads\/2025\/09\/Cosplay-1.png","type":"","width":"","height":""}],"twitter_card":"summary_large_image","twitter_site":"@OtakuOshi","schema":{"@context":"https:\/\/schema.org","@graph":[{"@type":"WebPage","@id":"https:\/\/otakuoshi.com\/","url":"https:\/\/otakuoshi.com\/","name":"Accueil","isPartOf":{"@id":"https:\/\/otakuoshi.com\/#website"},"primaryImageOfPage":{"@id":"https:\/\/otakuoshi.com\/#primaryimage"},"image":{"@id":"https:\/\/otakuoshi.com\/#primaryimage"},"thumbnailUrl":"https:\/\/otakuoshi.com\/wp-content\/uploads\/2025\/09\/Cosplay-1.png","datePublished":"2025-07-20T06:00:15+00:00","dateModified":"2026-02-21T10:12:40+00:00","breadcrumb":{"@id":"https:\/\/otakuoshi.com\/#breadcrumb"},"inLanguage":"fr-FR","potentialAction":[{"@type":"ReadAction","target":["https:\/\/otakuoshi.com\/"]}]},{"@type":"ImageObject","inLanguage":"fr-FR","@id":"https:\/\/otakuoshi.com\/#primaryimage","url":"https:\/\/otakuoshi.com\/wp-content\/uploads\/2025\/09\/Cosplay-1.png","contentUrl":"https:\/\/otakuoshi.com\/wp-content\/uploads\/2025\/09\/Cosplay-1.png"},{"@type":"BreadcrumbList","@id":"https:\/\/otakuoshi.com\/#breadcrumb","itemListElement":[{"@type":"ListItem","position":1,"name":"Home","item":"https:\/\/otakuoshi.com\/"},{"@type":"ListItem","position":2,"name":"Home"}]},{"@type":"WebSite","@id":"https:\/\/otakuoshi.com\/#website","url":"https:\/\/otakuoshi.com\/","name":"OtakuOshi","description":"","publisher":{"@id":"https:\/\/otakuoshi.com\/#organization"},"alternateName":"Otaku Oshi","potentialAction":[{"@type":"SearchAction","target":{"@type":"EntryPoint","urlTemplate":"https:\/\/otakuoshi.com\/?s={search_term_string}"},"query-input":{"@type":"PropertyValueSpecification","valueRequired":true,"valueName":"search_term_string"}}],"inLanguage":"fr-FR"},{"@type":"Organization","@id":"https:\/\/otakuoshi.com\/#organization","name":"OtakuOshi","url":"https:\/\/otakuoshi.com\/","logo":{"@type":"ImageObject","inLanguage":"fr-FR","@id":"https:\/\/otakuoshi.com\/#\/schema\/logo\/image\/","url":"https:\/\/otakuoshi.com\/wp-content\/uploads\/2025\/07\/logo.jpg","contentUrl":"https:\/\/otakuoshi.com\/wp-content\/uploads\/2025\/07\/logo.jpg","width":458,"height":164,"caption":"OtakuOshi"},"image":{"@id":"https:\/\/otakuoshi.com\/#\/schema\/logo\/image\/"},"sameAs":["https:\/\/x.com\/OtakuOshi"]}]}},"_links":{"self":[{"href":"https:\/\/otakuoshi.com\/fr\/wp-json\/wp\/v2\/pages\/95","targetHints":{"allow":["GET"]}}],"collection":[{"href":"https:\/\/otakuoshi.com\/fr\/wp-json\/wp\/v2\/pages"}],"about":[{"href":"https:\/\/otakuoshi.com\/fr\/wp-json\/wp\/v2\/types\/page"}],"author":[{"embeddable":true,"href":"https:\/\/otakuoshi.com\/fr\/wp-json\/wp\/v2\/users\/1"}],"replies":[{"embeddable":true,"href":"https:\/\/otakuoshi.com\/fr\/wp-json\/wp\/v2\/comments?post=95"}],"version-history":[{"count":0,"href":"https:\/\/otakuoshi.com\/fr\/wp-json\/wp\/v2\/pages\/95\/revisions"}],"wp:attachment":[{"href":"https:\/\/otakuoshi.com\/fr\/wp-json\/wp\/v2\/media?parent=95"}],"curies":[{"name":"wp","href":"https:\/\/api.w.org\/{rel}","templated":true}]}}