{"id":262,"date":"2025-07-21T10:22:54","date_gmt":"2025-07-21T10:22:54","guid":{"rendered":"https:\/\/otakuoshi.com\/?page_id=262"},"modified":"2025-07-21T10:22:55","modified_gmt":"2025-07-21T10:22:55","slug":"fotografi-di-cosplay","status":"publish","type":"page","link":"https:\/\/otakuoshi.com\/it\/fotografi-di-cosplay\/","title":{"rendered":"Fotografi di cosplay"},"content":{"rendered":"<p><strong>Chi sono i fotografi di cosplay?<\/strong>&nbsp;I fotografi di cosplay sono fotografi specializzati nel catturare l'essenza dei cosplayer e dei loro costumi. Utilizzando la loro abilit\u00e0 nella fotografia e nell'arte visiva, questi professionisti creano immagini straordinarie che evidenziano il talento e l'impegno dei cosplayer, trasformando momenti effimeri in ricordi duraturi e opere d'arte.<\/p>\n\n\n\n<p><strong>Come lavorano i fotografi di cosplay?<\/strong>&nbsp;Il lavoro di un fotografo di cosplay \u00e8 sia tecnico che artistico e richiede una profonda conoscenza della fotografia e della cultura cosplay. Qui vi mostriamo il suo processo:<\/p>\n\n\n\n<ol class=\"wp-block-list\">\n<li><strong>Pianificazione e concettualizzazione<\/strong>\u00a0I fotografi lavorano insieme ai cosplayer per pianificare i servizi fotografici. Discutono il concetto, il personaggio e i dettagli del costume per garantire che il servizio fotografico rifletta l'essenza del personaggio.<\/li>\n\n\n\n<li><strong>Selezione della posizione<\/strong>\u00a0La scelta della location \u00e8 fondamentale. I fotografi cercano ambientazioni che siano complementari al personaggio e al costume, da studi con fondali specifici a esterni che mettano in risalto il contesto del personaggio.<\/li>\n\n\n\n<li><strong>Preparazione tecnica<\/strong>\u00a0I fotografi preparano le loro attrezzature, tra cui fotocamere, obiettivi, illuminazione e altri accessori. Regolano le impostazioni della fotocamera in base alle condizioni di luce e all'ambiente per garantire foto di alta qualit\u00e0.<\/li>\n\n\n\n<li><strong>Servizio fotografico<\/strong>\u00a0Durante la sessione, i fotografi dirigono i cosplayer, suggerendo pose e angolazioni che mettono in risalto i dettagli del costume e la personalit\u00e0 del personaggio. Utilizzano tecniche fotografiche per catturare la luce e la composizione migliori.<\/li>\n\n\n\n<li><strong>Editing e post-produzione<\/strong>\u00a0Dopo la sessione, i fotografi modificano le foto per migliorarne la qualit\u00e0, regolare i colori e aggiungere effetti speciali, se necessario. Questo processo pu\u00f2 includere il ritocco per rimuovere le imperfezioni e migliorare i dettagli del costume.<\/li>\n\n\n\n<li><strong>Consegna e pubblicazione<\/strong>\u00a0Le foto finali vengono consegnate ai cosplayer e pubblicate su social media, portafogli online e piattaforme specializzate. I fotografi possono anche presentare i loro lavori a mostre e concorsi fotografici.<\/li>\n\n\n\n<li><strong>Interazione con la comunit\u00e0<\/strong>\u00a0I fotografi condividono il loro lavoro e collaborano con altri professionisti e appassionati di cosplay. Questa interazione \u00e8 fondamentale per fare rete e migliorare ulteriormente le proprie capacit\u00e0.<\/li>\n<\/ol>\n\n\n\n<p><strong>Connettiti con i tuoi fotografi cosplay preferiti<\/strong>&nbsp;Sulla nostra piattaforma, puoi connetterti direttamente con i fotografi cosplay che ammiri. Accedere a contenuti esclusivi come servizi fotografici dietro le quinte, tutorial fotografici e modifiche speciali. Sostenete la loro arte e partecipate al loro viaggio creativo. Con un abbonamento, potrete godere di un accesso privilegiato al loro lavoro e aiutarli a continuare a creare le splendide foto cosplay che vi ispireranno cos\u00ec tanto.<\/p>\n\n\n\n<p>Unisciti alla nostra comunit\u00e0 ed esplora l'affascinante mondo dei fotografi cosplay oggi stesso!<\/p>","protected":false},"excerpt":{"rendered":"<p>\u00bfQui\u00e9nes son los fot\u00f3grafos de cosplay?&nbsp;Los fot\u00f3grafos de cosplay son fot\u00f3grafos especializados en capturar la esencia de los cosplayers y sus disfraces. Utilizando su habilidad&hellip;<\/p>","protected":false},"author":1,"featured_media":0,"parent":0,"menu_order":0,"comment_status":"closed","ping_status":"closed","template":"","meta":{"footnotes":""},"class_list":["post-262","page","type-page","status-publish","hentry"],"yoast_head":"<!-- This site is optimized with the Yoast SEO plugin v26.8 - https:\/\/yoast.com\/product\/yoast-seo-wordpress\/ -->\n<title>Fot\u00f3grafos de cosplay<\/title>\n<meta name=\"robots\" content=\"index, follow, max-snippet:-1, max-image-preview:large, max-video-preview:-1\" \/>\n<link rel=\"canonical\" href=\"https:\/\/otakuoshi.com\/it\/fotografi-di-cosplay\/\" \/>\n<meta property=\"og:locale\" content=\"it_IT\" \/>\n<meta property=\"og:type\" content=\"article\" \/>\n<meta property=\"og:title\" content=\"Fot\u00f3grafos de cosplay\" \/>\n<meta property=\"og:description\" content=\"\u00bfQui\u00e9nes son los fot\u00f3grafos de cosplay?&nbsp;Los fot\u00f3grafos de cosplay son fot\u00f3grafos especializados en capturar la esencia de los cosplayers y sus disfraces. Utilizando su habilidad&hellip;\" \/>\n<meta property=\"og:url\" content=\"https:\/\/otakuoshi.com\/it\/fotografi-di-cosplay\/\" \/>\n<meta property=\"og:site_name\" content=\"OtakuOshi\" \/>\n<meta property=\"article:modified_time\" content=\"2025-07-21T10:22:55+00:00\" \/>\n<meta property=\"og:image\" content=\"https:\/\/otakuoshi.com\/wp-content\/uploads\/2025\/07\/cropped-logo.jpg\" \/>\n\t<meta property=\"og:image:width\" content=\"512\" \/>\n\t<meta property=\"og:image:height\" content=\"512\" \/>\n\t<meta property=\"og:image:type\" content=\"image\/jpeg\" \/>\n<meta name=\"twitter:card\" content=\"summary_large_image\" \/>\n<meta name=\"twitter:site\" content=\"@OtakuOshi\" \/>\n<meta name=\"twitter:label1\" content=\"Tempo di lettura stimato\" \/>\n\t<meta name=\"twitter:data1\" content=\"2 minuti\" \/>\n<script type=\"application\/ld+json\" class=\"yoast-schema-graph\">{\"@context\":\"https:\/\/schema.org\",\"@graph\":[{\"@type\":\"WebPage\",\"@id\":\"https:\/\/otakuoshi.com\/fotografos-de-cosplay\/\",\"url\":\"https:\/\/otakuoshi.com\/fotografos-de-cosplay\/\",\"name\":\"Fot\u00f3grafos de cosplay\",\"isPartOf\":{\"@id\":\"https:\/\/otakuoshi.com\/#website\"},\"datePublished\":\"2025-07-21T10:22:54+00:00\",\"dateModified\":\"2025-07-21T10:22:55+00:00\",\"breadcrumb\":{\"@id\":\"https:\/\/otakuoshi.com\/fotografos-de-cosplay\/#breadcrumb\"},\"inLanguage\":\"it-IT\",\"potentialAction\":[{\"@type\":\"ReadAction\",\"target\":[\"https:\/\/otakuoshi.com\/fotografos-de-cosplay\/\"]}]},{\"@type\":\"BreadcrumbList\",\"@id\":\"https:\/\/otakuoshi.com\/fotografos-de-cosplay\/#breadcrumb\",\"itemListElement\":[{\"@type\":\"ListItem\",\"position\":1,\"name\":\"Home\",\"item\":\"https:\/\/otakuoshi.com\/\"},{\"@type\":\"ListItem\",\"position\":2,\"name\":\"Fot\u00f3grafos de cosplay\"}]},{\"@type\":\"WebSite\",\"@id\":\"https:\/\/otakuoshi.com\/#website\",\"url\":\"https:\/\/otakuoshi.com\/\",\"name\":\"OtakuOshi\",\"description\":\"\",\"publisher\":{\"@id\":\"https:\/\/otakuoshi.com\/#organization\"},\"alternateName\":\"Otaku Oshi\",\"potentialAction\":[{\"@type\":\"SearchAction\",\"target\":{\"@type\":\"EntryPoint\",\"urlTemplate\":\"https:\/\/otakuoshi.com\/?s={search_term_string}\"},\"query-input\":{\"@type\":\"PropertyValueSpecification\",\"valueRequired\":true,\"valueName\":\"search_term_string\"}}],\"inLanguage\":\"it-IT\"},{\"@type\":\"Organization\",\"@id\":\"https:\/\/otakuoshi.com\/#organization\",\"name\":\"OtakuOshi\",\"url\":\"https:\/\/otakuoshi.com\/\",\"logo\":{\"@type\":\"ImageObject\",\"inLanguage\":\"it-IT\",\"@id\":\"https:\/\/otakuoshi.com\/#\/schema\/logo\/image\/\",\"url\":\"https:\/\/otakuoshi.com\/wp-content\/uploads\/2025\/07\/logo.jpg\",\"contentUrl\":\"https:\/\/otakuoshi.com\/wp-content\/uploads\/2025\/07\/logo.jpg\",\"width\":458,\"height\":164,\"caption\":\"OtakuOshi\"},\"image\":{\"@id\":\"https:\/\/otakuoshi.com\/#\/schema\/logo\/image\/\"},\"sameAs\":[\"https:\/\/x.com\/OtakuOshi\"]}]}<\/script>\n<!-- \/ Yoast SEO plugin. -->","yoast_head_json":{"title":"Fotografi di cosplay","robots":{"index":"index","follow":"follow","max-snippet":"max-snippet:-1","max-image-preview":"max-image-preview:large","max-video-preview":"max-video-preview:-1"},"canonical":"https:\/\/otakuoshi.com\/it\/fotografi-di-cosplay\/","og_locale":"it_IT","og_type":"article","og_title":"Fot\u00f3grafos de cosplay","og_description":"\u00bfQui\u00e9nes son los fot\u00f3grafos de cosplay?&nbsp;Los fot\u00f3grafos de cosplay son fot\u00f3grafos especializados en capturar la esencia de los cosplayers y sus disfraces. Utilizando su habilidad&hellip;","og_url":"https:\/\/otakuoshi.com\/it\/fotografi-di-cosplay\/","og_site_name":"OtakuOshi","article_modified_time":"2025-07-21T10:22:55+00:00","og_image":[{"width":512,"height":512,"url":"https:\/\/otakuoshi.com\/wp-content\/uploads\/2025\/07\/cropped-logo.jpg","type":"image\/jpeg"}],"twitter_card":"summary_large_image","twitter_site":"@OtakuOshi","twitter_misc":{"Tempo di lettura stimato":"2 minuti"},"schema":{"@context":"https:\/\/schema.org","@graph":[{"@type":"WebPage","@id":"https:\/\/otakuoshi.com\/fotografos-de-cosplay\/","url":"https:\/\/otakuoshi.com\/fotografos-de-cosplay\/","name":"Fotografi di cosplay","isPartOf":{"@id":"https:\/\/otakuoshi.com\/#website"},"datePublished":"2025-07-21T10:22:54+00:00","dateModified":"2025-07-21T10:22:55+00:00","breadcrumb":{"@id":"https:\/\/otakuoshi.com\/fotografos-de-cosplay\/#breadcrumb"},"inLanguage":"it-IT","potentialAction":[{"@type":"ReadAction","target":["https:\/\/otakuoshi.com\/fotografos-de-cosplay\/"]}]},{"@type":"BreadcrumbList","@id":"https:\/\/otakuoshi.com\/fotografos-de-cosplay\/#breadcrumb","itemListElement":[{"@type":"ListItem","position":1,"name":"Home","item":"https:\/\/otakuoshi.com\/"},{"@type":"ListItem","position":2,"name":"Fot\u00f3grafos de cosplay"}]},{"@type":"WebSite","@id":"https:\/\/otakuoshi.com\/#website","url":"https:\/\/otakuoshi.com\/","name":"OtakuOshi","description":"","publisher":{"@id":"https:\/\/otakuoshi.com\/#organization"},"alternateName":"Otaku Oshi","potentialAction":[{"@type":"SearchAction","target":{"@type":"EntryPoint","urlTemplate":"https:\/\/otakuoshi.com\/?s={search_term_string}"},"query-input":{"@type":"PropertyValueSpecification","valueRequired":true,"valueName":"search_term_string"}}],"inLanguage":"it-IT"},{"@type":"Organization","@id":"https:\/\/otakuoshi.com\/#organization","name":"OtakuOshi","url":"https:\/\/otakuoshi.com\/","logo":{"@type":"ImageObject","inLanguage":"it-IT","@id":"https:\/\/otakuoshi.com\/#\/schema\/logo\/image\/","url":"https:\/\/otakuoshi.com\/wp-content\/uploads\/2025\/07\/logo.jpg","contentUrl":"https:\/\/otakuoshi.com\/wp-content\/uploads\/2025\/07\/logo.jpg","width":458,"height":164,"caption":"OtakuOshi"},"image":{"@id":"https:\/\/otakuoshi.com\/#\/schema\/logo\/image\/"},"sameAs":["https:\/\/x.com\/OtakuOshi"]}]}},"_links":{"self":[{"href":"https:\/\/otakuoshi.com\/it\/wp-json\/wp\/v2\/pages\/262","targetHints":{"allow":["GET"]}}],"collection":[{"href":"https:\/\/otakuoshi.com\/it\/wp-json\/wp\/v2\/pages"}],"about":[{"href":"https:\/\/otakuoshi.com\/it\/wp-json\/wp\/v2\/types\/page"}],"author":[{"embeddable":true,"href":"https:\/\/otakuoshi.com\/it\/wp-json\/wp\/v2\/users\/1"}],"replies":[{"embeddable":true,"href":"https:\/\/otakuoshi.com\/it\/wp-json\/wp\/v2\/comments?post=262"}],"version-history":[{"count":0,"href":"https:\/\/otakuoshi.com\/it\/wp-json\/wp\/v2\/pages\/262\/revisions"}],"wp:attachment":[{"href":"https:\/\/otakuoshi.com\/it\/wp-json\/wp\/v2\/media?parent=262"}],"curies":[{"name":"wp","href":"https:\/\/api.w.org\/{rel}","templated":true}]}}