{"id":263,"date":"2025-07-21T10:23:37","date_gmt":"2025-07-21T10:23:37","guid":{"rendered":"https:\/\/otakuoshi.com\/?page_id=263"},"modified":"2025-07-21T10:23:39","modified_gmt":"2025-07-21T10:23:39","slug":"scrittori-di-fanfiction","status":"publish","type":"page","link":"https:\/\/otakuoshi.com\/it\/scrittori-di-fanfiction\/","title":{"rendered":"Scrittori di fanfiction"},"content":{"rendered":"<p><strong>Chi sono gli scrittori di fanfiction?<\/strong>&nbsp;Gli autori di fanfiction sono narratori appassionati che creano nuove storie basate sugli universi e sui personaggi dei loro anime, manga, videogiochi e film preferiti. Questi autori prendono gli elementi che amano e li ampliano, offrendo nuove prospettive, trame alternative e sviluppi dei personaggi che catturano l'immaginazione della comunit\u00e0 dei fan.<\/p>\n\n\n\n<p><strong>Come lavorano gli scrittori di fanfiction?<\/strong>&nbsp;Il processo di lavoro di uno scrittore di fanfiction \u00e8 creativo e dettagliato, e combina l'amore per l'opera originale con la propria visione narrativa. Ecco come sviluppano le loro storie:<\/p>\n\n\n\n<ol class=\"wp-block-list\">\n<li><strong>Selezione dell'universo e dei personaggi<\/strong>\u00a0Gli scrittori scelgono l'universo e i personaggi di cui vogliono scrivere. Ci\u00f2 si basa sul loro legame personale e sull'interesse a esplorare nuove storie a scelta all'interno di quel mondo.<\/li>\n\n\n\n<li><strong>Sviluppo della trama<\/strong>\u00a0Creare una trama che pu\u00f2 andare da piccole vignette della vita quotidiana dei personaggi a epiche saghe alternative. La trama pu\u00f2 includere elementi originali o reinterpretare eventi dell'opera originale.<\/li>\n\n\n\n<li><strong>Creazione di bozzetti dei personaggi<\/strong>\u00a0Sebbene i personaggi esistano gi\u00e0, gli scrittori di fanfiction spesso sviluppano bozzetti di personaggi pi\u00f9 profondi, esplorando le loro motivazioni, emozioni e background in modo pi\u00f9 dettagliato.<\/li>\n\n\n\n<li><strong>Scrivere la bozza iniziale<\/strong>\u00a0Gli scrittori iniziano a scrivere la bozza iniziale della loro fanfiction. Questo processo pu\u00f2 essere fluido o pianificato, a seconda dello stile dell'autore. L'importante \u00e8 catturare l'essenza dei personaggi e dell'universo mentre si sviluppa la nuova storia.<\/li>\n\n\n\n<li><strong>Correzione di bozze e revisione<\/strong>\u00a0Una volta completata la bozza iniziale, gli scrittori rivedono e modificano il loro lavoro. Questo pu\u00f2 includere la correzione di errori grammaticali, il miglioramento della coerenza narrativa e l'adattamento di dialoghi e descrizioni.<\/li>\n\n\n\n<li><strong>Feedback e lettura beta<\/strong>\u00a0Molti scrittori di fanfiction condividono le loro bozze con i beta reader (lettori di prova) che offrono feedback e suggerimenti per migliorare la storia. Questa fase \u00e8 fondamentale per perfezionare il lavoro finale.<\/li>\n\n\n\n<li><strong>Pubblicazione e condivisione<\/strong>\u00a0Gli scrittori pubblicano le loro fanfiction su piattaforme online dedicate, come Archive of Our Own (AO3), FanFiction.net e Wattpad. Condividono inoltre le loro storie sui social media e sui forum dei fan per raggiungere un pubblico pi\u00f9 vasto.<\/li>\n<\/ol>\n\n\n\n<p><strong>Connettetevi con i vostri scrittori di fanfiction preferiti<\/strong>&nbsp;Sulla nostra piattaforma, potete connettervi direttamente con gli autori di fanfiction che amate. Accedere a contenuti esclusivi, tra cui capitoli inediti, note dell'autore e retroscena dei loro processi di scrittura. Sostenete la loro arte e partecipate al loro viaggio creativo. Con un abbonamento, potrete godere di un accesso privilegiato alle loro storie e aiutarli a continuare a creare le avvincenti narrazioni che tanto vi piacciono.<\/p>","protected":false},"excerpt":{"rendered":"<p>\u00bfQui\u00e9nes son los Escritores de Fanfiction?&nbsp;Los escritores de fanfiction son narradores apasionados que crean nuevas historias basadas en los universos y personajes de sus animes,&hellip;<\/p>","protected":false},"author":1,"featured_media":0,"parent":0,"menu_order":0,"comment_status":"closed","ping_status":"closed","template":"","meta":{"footnotes":""},"class_list":["post-263","page","type-page","status-publish","hentry"],"yoast_head":"<!-- This site is optimized with the Yoast SEO plugin v26.8 - https:\/\/yoast.com\/product\/yoast-seo-wordpress\/ -->\n<title>Escritores de fanfiction<\/title>\n<meta name=\"robots\" content=\"index, follow, max-snippet:-1, max-image-preview:large, max-video-preview:-1\" \/>\n<link rel=\"canonical\" href=\"https:\/\/otakuoshi.com\/it\/scrittori-di-fanfiction\/\" \/>\n<meta property=\"og:locale\" content=\"it_IT\" \/>\n<meta property=\"og:type\" content=\"article\" \/>\n<meta property=\"og:title\" content=\"Escritores de fanfiction\" \/>\n<meta property=\"og:description\" content=\"\u00bfQui\u00e9nes son los Escritores de Fanfiction?&nbsp;Los escritores de fanfiction son narradores apasionados que crean nuevas historias basadas en los universos y personajes de sus animes,&hellip;\" \/>\n<meta property=\"og:url\" content=\"https:\/\/otakuoshi.com\/it\/scrittori-di-fanfiction\/\" \/>\n<meta property=\"og:site_name\" content=\"OtakuOshi\" \/>\n<meta property=\"article:modified_time\" content=\"2025-07-21T10:23:39+00:00\" \/>\n<meta property=\"og:image\" content=\"https:\/\/otakuoshi.com\/wp-content\/uploads\/2025\/07\/cropped-logo.jpg\" \/>\n\t<meta property=\"og:image:width\" content=\"512\" \/>\n\t<meta property=\"og:image:height\" content=\"512\" \/>\n\t<meta property=\"og:image:type\" content=\"image\/jpeg\" \/>\n<meta name=\"twitter:card\" content=\"summary_large_image\" \/>\n<meta name=\"twitter:site\" content=\"@OtakuOshi\" \/>\n<meta name=\"twitter:label1\" content=\"Tempo di lettura stimato\" \/>\n\t<meta name=\"twitter:data1\" content=\"2 minuti\" \/>\n<script type=\"application\/ld+json\" class=\"yoast-schema-graph\">{\"@context\":\"https:\/\/schema.org\",\"@graph\":[{\"@type\":\"WebPage\",\"@id\":\"https:\/\/otakuoshi.com\/escritores-de-fanfiction\/\",\"url\":\"https:\/\/otakuoshi.com\/escritores-de-fanfiction\/\",\"name\":\"Escritores de fanfiction\",\"isPartOf\":{\"@id\":\"https:\/\/otakuoshi.com\/#website\"},\"datePublished\":\"2025-07-21T10:23:37+00:00\",\"dateModified\":\"2025-07-21T10:23:39+00:00\",\"breadcrumb\":{\"@id\":\"https:\/\/otakuoshi.com\/escritores-de-fanfiction\/#breadcrumb\"},\"inLanguage\":\"it-IT\",\"potentialAction\":[{\"@type\":\"ReadAction\",\"target\":[\"https:\/\/otakuoshi.com\/escritores-de-fanfiction\/\"]}]},{\"@type\":\"BreadcrumbList\",\"@id\":\"https:\/\/otakuoshi.com\/escritores-de-fanfiction\/#breadcrumb\",\"itemListElement\":[{\"@type\":\"ListItem\",\"position\":1,\"name\":\"Home\",\"item\":\"https:\/\/otakuoshi.com\/\"},{\"@type\":\"ListItem\",\"position\":2,\"name\":\"Escritores de fanfiction\"}]},{\"@type\":\"WebSite\",\"@id\":\"https:\/\/otakuoshi.com\/#website\",\"url\":\"https:\/\/otakuoshi.com\/\",\"name\":\"OtakuOshi\",\"description\":\"\",\"publisher\":{\"@id\":\"https:\/\/otakuoshi.com\/#organization\"},\"alternateName\":\"Otaku Oshi\",\"potentialAction\":[{\"@type\":\"SearchAction\",\"target\":{\"@type\":\"EntryPoint\",\"urlTemplate\":\"https:\/\/otakuoshi.com\/?s={search_term_string}\"},\"query-input\":{\"@type\":\"PropertyValueSpecification\",\"valueRequired\":true,\"valueName\":\"search_term_string\"}}],\"inLanguage\":\"it-IT\"},{\"@type\":\"Organization\",\"@id\":\"https:\/\/otakuoshi.com\/#organization\",\"name\":\"OtakuOshi\",\"url\":\"https:\/\/otakuoshi.com\/\",\"logo\":{\"@type\":\"ImageObject\",\"inLanguage\":\"it-IT\",\"@id\":\"https:\/\/otakuoshi.com\/#\/schema\/logo\/image\/\",\"url\":\"https:\/\/otakuoshi.com\/wp-content\/uploads\/2025\/07\/logo.jpg\",\"contentUrl\":\"https:\/\/otakuoshi.com\/wp-content\/uploads\/2025\/07\/logo.jpg\",\"width\":458,\"height\":164,\"caption\":\"OtakuOshi\"},\"image\":{\"@id\":\"https:\/\/otakuoshi.com\/#\/schema\/logo\/image\/\"},\"sameAs\":[\"https:\/\/x.com\/OtakuOshi\"]}]}<\/script>\n<!-- \/ Yoast SEO plugin. -->","yoast_head_json":{"title":"Scrittori di fanfiction","robots":{"index":"index","follow":"follow","max-snippet":"max-snippet:-1","max-image-preview":"max-image-preview:large","max-video-preview":"max-video-preview:-1"},"canonical":"https:\/\/otakuoshi.com\/it\/scrittori-di-fanfiction\/","og_locale":"it_IT","og_type":"article","og_title":"Escritores de fanfiction","og_description":"\u00bfQui\u00e9nes son los Escritores de Fanfiction?&nbsp;Los escritores de fanfiction son narradores apasionados que crean nuevas historias basadas en los universos y personajes de sus animes,&hellip;","og_url":"https:\/\/otakuoshi.com\/it\/scrittori-di-fanfiction\/","og_site_name":"OtakuOshi","article_modified_time":"2025-07-21T10:23:39+00:00","og_image":[{"width":512,"height":512,"url":"https:\/\/otakuoshi.com\/wp-content\/uploads\/2025\/07\/cropped-logo.jpg","type":"image\/jpeg"}],"twitter_card":"summary_large_image","twitter_site":"@OtakuOshi","twitter_misc":{"Tempo di lettura stimato":"2 minuti"},"schema":{"@context":"https:\/\/schema.org","@graph":[{"@type":"WebPage","@id":"https:\/\/otakuoshi.com\/escritores-de-fanfiction\/","url":"https:\/\/otakuoshi.com\/escritores-de-fanfiction\/","name":"Scrittori di fanfiction","isPartOf":{"@id":"https:\/\/otakuoshi.com\/#website"},"datePublished":"2025-07-21T10:23:37+00:00","dateModified":"2025-07-21T10:23:39+00:00","breadcrumb":{"@id":"https:\/\/otakuoshi.com\/escritores-de-fanfiction\/#breadcrumb"},"inLanguage":"it-IT","potentialAction":[{"@type":"ReadAction","target":["https:\/\/otakuoshi.com\/escritores-de-fanfiction\/"]}]},{"@type":"BreadcrumbList","@id":"https:\/\/otakuoshi.com\/escritores-de-fanfiction\/#breadcrumb","itemListElement":[{"@type":"ListItem","position":1,"name":"Home","item":"https:\/\/otakuoshi.com\/"},{"@type":"ListItem","position":2,"name":"Escritores de fanfiction"}]},{"@type":"WebSite","@id":"https:\/\/otakuoshi.com\/#website","url":"https:\/\/otakuoshi.com\/","name":"OtakuOshi","description":"","publisher":{"@id":"https:\/\/otakuoshi.com\/#organization"},"alternateName":"Otaku Oshi","potentialAction":[{"@type":"SearchAction","target":{"@type":"EntryPoint","urlTemplate":"https:\/\/otakuoshi.com\/?s={search_term_string}"},"query-input":{"@type":"PropertyValueSpecification","valueRequired":true,"valueName":"search_term_string"}}],"inLanguage":"it-IT"},{"@type":"Organization","@id":"https:\/\/otakuoshi.com\/#organization","name":"OtakuOshi","url":"https:\/\/otakuoshi.com\/","logo":{"@type":"ImageObject","inLanguage":"it-IT","@id":"https:\/\/otakuoshi.com\/#\/schema\/logo\/image\/","url":"https:\/\/otakuoshi.com\/wp-content\/uploads\/2025\/07\/logo.jpg","contentUrl":"https:\/\/otakuoshi.com\/wp-content\/uploads\/2025\/07\/logo.jpg","width":458,"height":164,"caption":"OtakuOshi"},"image":{"@id":"https:\/\/otakuoshi.com\/#\/schema\/logo\/image\/"},"sameAs":["https:\/\/x.com\/OtakuOshi"]}]}},"_links":{"self":[{"href":"https:\/\/otakuoshi.com\/it\/wp-json\/wp\/v2\/pages\/263","targetHints":{"allow":["GET"]}}],"collection":[{"href":"https:\/\/otakuoshi.com\/it\/wp-json\/wp\/v2\/pages"}],"about":[{"href":"https:\/\/otakuoshi.com\/it\/wp-json\/wp\/v2\/types\/page"}],"author":[{"embeddable":true,"href":"https:\/\/otakuoshi.com\/it\/wp-json\/wp\/v2\/users\/1"}],"replies":[{"embeddable":true,"href":"https:\/\/otakuoshi.com\/it\/wp-json\/wp\/v2\/comments?post=263"}],"version-history":[{"count":0,"href":"https:\/\/otakuoshi.com\/it\/wp-json\/wp\/v2\/pages\/263\/revisions"}],"wp:attachment":[{"href":"https:\/\/otakuoshi.com\/it\/wp-json\/wp\/v2\/media?parent=263"}],"curies":[{"name":"wp","href":"https:\/\/api.w.org\/{rel}","templated":true}]}}