{"id":262,"date":"2025-07-21T10:22:54","date_gmt":"2025-07-21T10:22:54","guid":{"rendered":"https:\/\/otakuoshi.com\/?page_id=262"},"modified":"2025-07-21T10:22:55","modified_gmt":"2025-07-21T10:22:55","slug":"cosplay-fotografen","status":"publish","type":"page","link":"https:\/\/otakuoshi.com\/nl\/cosplay-fotografen\/","title":{"rendered":"Cosplay fotografen"},"content":{"rendered":"<p><strong>Wie zijn de cosplay fotografen?<\/strong>&nbsp;Cosplayfotografen zijn fotografen die gespecialiseerd zijn in het vastleggen van de essentie van cosplayers en hun kostuums. Door hun vaardigheid in fotografie en visuele kunst te gebruiken, cre\u00ebren deze professionals verbluffende beelden die het talent en de inzet van cosplayers benadrukken, waardoor kortstondige momenten veranderen in blijvende herinneringen en kunstwerken.<\/p>\n\n\n\n<p><strong>Hoe werken cosplayfotografen?<\/strong>&nbsp;Het werk van een cosplayfotograaf is zowel technisch als artistiek en vereist een grondige kennis van fotografie en cosplaycultuur. Hier laten we je zijn proces zien:<\/p>\n\n\n\n<ol class=\"wp-block-list\">\n<li><strong>Planning en conceptualisering<\/strong>\u00a0Fotografen werken samen met de cosplayers om de fotoshoots te plannen. Ze bespreken het concept, het personage en de details van het kostuum om ervoor te zorgen dat de shoot de essentie van het personage weerspiegelt.<\/li>\n\n\n\n<li><strong>Locatie selecteren<\/strong>\u00a0De keuze van de locatie is cruciaal. Fotografen zoeken naar settings die het personage en het kostuum aanvullen, van studio's met specifieke achtergronden tot exterieurs die de context van het personage benadrukken.<\/li>\n\n\n\n<li><strong>Technische voorbereiding<\/strong>\u00a0Fotografen stellen hun apparatuur in, inclusief camera's, lenzen, verlichting en andere accessoires. Camera-instellingen aanpassen aan de lichtomstandigheden en de omgeving om foto's van hoge kwaliteit te maken.<\/li>\n\n\n\n<li><strong>Fotoshoot<\/strong>\u00a0Tijdens de sessie regisseren de fotografen de cosplayers en stellen poses en hoeken voor die de details van het kostuum en de persoonlijkheid van het personage naar voren brengen. Ze gebruiken fotografietechnieken om het beste licht en de beste compositie vast te leggen.<\/li>\n\n\n\n<li><strong>Bewerken en post-productie<\/strong>\u00a0Na de sessie bewerken de fotografen de foto's om de kwaliteit te verbeteren, de kleuren aan te passen en zo nodig speciale effecten toe te voegen. Dit proces kan retoucheren omvatten om onvolkomenheden te verwijderen en de details van het kostuum te verbeteren.<\/li>\n\n\n\n<li><strong>Levering en publicatie<\/strong>\u00a0De uiteindelijke foto's worden geleverd aan de cosplayers en gepubliceerd op sociale media, online portfolio's en gespecialiseerde platforms. Fotografen kunnen hun werk ook inzenden voor tentoonstellingen en fotowedstrijden.<\/li>\n\n\n\n<li><strong>Interactie met de gemeenschap<\/strong>\u00a0Fotografen delen hun werk en werken samen met andere professionals en cosplayfans. Deze interactie is de sleutel tot netwerken en het verder verbeteren van hun vaardigheden.<\/li>\n<\/ol>\n\n\n\n<p><strong>Maak contact met je favoriete Cosplay-fotografen<\/strong>&nbsp;Op ons platform kun je direct in contact komen met cosplay fotografen die je bewondert. Krijg toegang tot exclusieve content zoals fotoshoots van achter de schermen, fototutorials en speciale bewerkingen. Steun hun kunst en maak deel uit van hun creatieve reis. Met een abonnement kun je genieten van bevoorrechte toegang tot hun werk en hen helpen om prachtige cosplay-foto's te blijven maken die jou zo inspireren.<\/p>\n\n\n\n<p>Word lid van onze community en verken vandaag nog de fascinerende wereld van cosplay fotografen!<\/p>","protected":false},"excerpt":{"rendered":"<p>\u00bfQui\u00e9nes son los fot\u00f3grafos de cosplay?&nbsp;Los fot\u00f3grafos de cosplay son fot\u00f3grafos especializados en capturar la esencia de los cosplayers y sus disfraces. Utilizando su habilidad&hellip;<\/p>","protected":false},"author":1,"featured_media":0,"parent":0,"menu_order":0,"comment_status":"closed","ping_status":"closed","template":"","meta":{"footnotes":""},"class_list":["post-262","page","type-page","status-publish","hentry"],"yoast_head":"<!-- This site is optimized with the Yoast SEO plugin v26.8 - https:\/\/yoast.com\/product\/yoast-seo-wordpress\/ -->\n<title>Fot\u00f3grafos de cosplay<\/title>\n<meta name=\"robots\" content=\"index, follow, max-snippet:-1, max-image-preview:large, max-video-preview:-1\" \/>\n<link rel=\"canonical\" href=\"https:\/\/otakuoshi.com\/nl\/cosplay-fotografen\/\" \/>\n<meta property=\"og:locale\" content=\"nl_NL\" \/>\n<meta property=\"og:type\" content=\"article\" \/>\n<meta property=\"og:title\" content=\"Fot\u00f3grafos de cosplay\" \/>\n<meta property=\"og:description\" content=\"\u00bfQui\u00e9nes son los fot\u00f3grafos de cosplay?&nbsp;Los fot\u00f3grafos de cosplay son fot\u00f3grafos especializados en capturar la esencia de los cosplayers y sus disfraces. Utilizando su habilidad&hellip;\" \/>\n<meta property=\"og:url\" content=\"https:\/\/otakuoshi.com\/nl\/cosplay-fotografen\/\" \/>\n<meta property=\"og:site_name\" content=\"OtakuOshi\" \/>\n<meta property=\"article:modified_time\" content=\"2025-07-21T10:22:55+00:00\" \/>\n<meta property=\"og:image\" content=\"https:\/\/otakuoshi.com\/wp-content\/uploads\/2025\/07\/cropped-logo.jpg\" \/>\n\t<meta property=\"og:image:width\" content=\"512\" \/>\n\t<meta property=\"og:image:height\" content=\"512\" \/>\n\t<meta property=\"og:image:type\" content=\"image\/jpeg\" \/>\n<meta name=\"twitter:card\" content=\"summary_large_image\" \/>\n<meta name=\"twitter:site\" content=\"@OtakuOshi\" \/>\n<meta name=\"twitter:label1\" content=\"Geschatte leestijd\" \/>\n\t<meta name=\"twitter:data1\" content=\"2 minuten\" \/>\n<script type=\"application\/ld+json\" class=\"yoast-schema-graph\">{\"@context\":\"https:\/\/schema.org\",\"@graph\":[{\"@type\":\"WebPage\",\"@id\":\"https:\/\/otakuoshi.com\/fotografos-de-cosplay\/\",\"url\":\"https:\/\/otakuoshi.com\/fotografos-de-cosplay\/\",\"name\":\"Fot\u00f3grafos de cosplay\",\"isPartOf\":{\"@id\":\"https:\/\/otakuoshi.com\/#website\"},\"datePublished\":\"2025-07-21T10:22:54+00:00\",\"dateModified\":\"2025-07-21T10:22:55+00:00\",\"breadcrumb\":{\"@id\":\"https:\/\/otakuoshi.com\/fotografos-de-cosplay\/#breadcrumb\"},\"inLanguage\":\"nl-NL\",\"potentialAction\":[{\"@type\":\"ReadAction\",\"target\":[\"https:\/\/otakuoshi.com\/fotografos-de-cosplay\/\"]}]},{\"@type\":\"BreadcrumbList\",\"@id\":\"https:\/\/otakuoshi.com\/fotografos-de-cosplay\/#breadcrumb\",\"itemListElement\":[{\"@type\":\"ListItem\",\"position\":1,\"name\":\"Home\",\"item\":\"https:\/\/otakuoshi.com\/\"},{\"@type\":\"ListItem\",\"position\":2,\"name\":\"Fot\u00f3grafos de cosplay\"}]},{\"@type\":\"WebSite\",\"@id\":\"https:\/\/otakuoshi.com\/#website\",\"url\":\"https:\/\/otakuoshi.com\/\",\"name\":\"OtakuOshi\",\"description\":\"\",\"publisher\":{\"@id\":\"https:\/\/otakuoshi.com\/#organization\"},\"alternateName\":\"Otaku Oshi\",\"potentialAction\":[{\"@type\":\"SearchAction\",\"target\":{\"@type\":\"EntryPoint\",\"urlTemplate\":\"https:\/\/otakuoshi.com\/?s={search_term_string}\"},\"query-input\":{\"@type\":\"PropertyValueSpecification\",\"valueRequired\":true,\"valueName\":\"search_term_string\"}}],\"inLanguage\":\"nl-NL\"},{\"@type\":\"Organization\",\"@id\":\"https:\/\/otakuoshi.com\/#organization\",\"name\":\"OtakuOshi\",\"url\":\"https:\/\/otakuoshi.com\/\",\"logo\":{\"@type\":\"ImageObject\",\"inLanguage\":\"nl-NL\",\"@id\":\"https:\/\/otakuoshi.com\/#\/schema\/logo\/image\/\",\"url\":\"https:\/\/otakuoshi.com\/wp-content\/uploads\/2025\/07\/logo.jpg\",\"contentUrl\":\"https:\/\/otakuoshi.com\/wp-content\/uploads\/2025\/07\/logo.jpg\",\"width\":458,\"height\":164,\"caption\":\"OtakuOshi\"},\"image\":{\"@id\":\"https:\/\/otakuoshi.com\/#\/schema\/logo\/image\/\"},\"sameAs\":[\"https:\/\/x.com\/OtakuOshi\"]}]}<\/script>\n<!-- \/ Yoast SEO plugin. -->","yoast_head_json":{"title":"Cosplay fotografen","robots":{"index":"index","follow":"follow","max-snippet":"max-snippet:-1","max-image-preview":"max-image-preview:large","max-video-preview":"max-video-preview:-1"},"canonical":"https:\/\/otakuoshi.com\/nl\/cosplay-fotografen\/","og_locale":"nl_NL","og_type":"article","og_title":"Fot\u00f3grafos de cosplay","og_description":"\u00bfQui\u00e9nes son los fot\u00f3grafos de cosplay?&nbsp;Los fot\u00f3grafos de cosplay son fot\u00f3grafos especializados en capturar la esencia de los cosplayers y sus disfraces. Utilizando su habilidad&hellip;","og_url":"https:\/\/otakuoshi.com\/nl\/cosplay-fotografen\/","og_site_name":"OtakuOshi","article_modified_time":"2025-07-21T10:22:55+00:00","og_image":[{"width":512,"height":512,"url":"https:\/\/otakuoshi.com\/wp-content\/uploads\/2025\/07\/cropped-logo.jpg","type":"image\/jpeg"}],"twitter_card":"summary_large_image","twitter_site":"@OtakuOshi","twitter_misc":{"Geschatte leestijd":"2 minuten"},"schema":{"@context":"https:\/\/schema.org","@graph":[{"@type":"WebPage","@id":"https:\/\/otakuoshi.com\/fotografos-de-cosplay\/","url":"https:\/\/otakuoshi.com\/fotografos-de-cosplay\/","name":"Cosplay fotografen","isPartOf":{"@id":"https:\/\/otakuoshi.com\/#website"},"datePublished":"2025-07-21T10:22:54+00:00","dateModified":"2025-07-21T10:22:55+00:00","breadcrumb":{"@id":"https:\/\/otakuoshi.com\/fotografos-de-cosplay\/#breadcrumb"},"inLanguage":"nl-NL","potentialAction":[{"@type":"ReadAction","target":["https:\/\/otakuoshi.com\/fotografos-de-cosplay\/"]}]},{"@type":"BreadcrumbList","@id":"https:\/\/otakuoshi.com\/fotografos-de-cosplay\/#breadcrumb","itemListElement":[{"@type":"ListItem","position":1,"name":"Home","item":"https:\/\/otakuoshi.com\/"},{"@type":"ListItem","position":2,"name":"Fot\u00f3grafos de cosplay"}]},{"@type":"WebSite","@id":"https:\/\/otakuoshi.com\/#website","url":"https:\/\/otakuoshi.com\/","name":"OtakuOshi","description":"","publisher":{"@id":"https:\/\/otakuoshi.com\/#organization"},"alternateName":"Otaku Oshi","potentialAction":[{"@type":"SearchAction","target":{"@type":"EntryPoint","urlTemplate":"https:\/\/otakuoshi.com\/?s={search_term_string}"},"query-input":{"@type":"PropertyValueSpecification","valueRequired":true,"valueName":"search_term_string"}}],"inLanguage":"nl-NL"},{"@type":"Organization","@id":"https:\/\/otakuoshi.com\/#organization","name":"OtakuOshi","url":"https:\/\/otakuoshi.com\/","logo":{"@type":"ImageObject","inLanguage":"nl-NL","@id":"https:\/\/otakuoshi.com\/#\/schema\/logo\/image\/","url":"https:\/\/otakuoshi.com\/wp-content\/uploads\/2025\/07\/logo.jpg","contentUrl":"https:\/\/otakuoshi.com\/wp-content\/uploads\/2025\/07\/logo.jpg","width":458,"height":164,"caption":"OtakuOshi"},"image":{"@id":"https:\/\/otakuoshi.com\/#\/schema\/logo\/image\/"},"sameAs":["https:\/\/x.com\/OtakuOshi"]}]}},"_links":{"self":[{"href":"https:\/\/otakuoshi.com\/nl\/wp-json\/wp\/v2\/pages\/262","targetHints":{"allow":["GET"]}}],"collection":[{"href":"https:\/\/otakuoshi.com\/nl\/wp-json\/wp\/v2\/pages"}],"about":[{"href":"https:\/\/otakuoshi.com\/nl\/wp-json\/wp\/v2\/types\/page"}],"author":[{"embeddable":true,"href":"https:\/\/otakuoshi.com\/nl\/wp-json\/wp\/v2\/users\/1"}],"replies":[{"embeddable":true,"href":"https:\/\/otakuoshi.com\/nl\/wp-json\/wp\/v2\/comments?post=262"}],"version-history":[{"count":0,"href":"https:\/\/otakuoshi.com\/nl\/wp-json\/wp\/v2\/pages\/262\/revisions"}],"wp:attachment":[{"href":"https:\/\/otakuoshi.com\/nl\/wp-json\/wp\/v2\/media?parent=262"}],"curies":[{"name":"wp","href":"https:\/\/api.w.org\/{rel}","templated":true}]}}