{"id":309,"date":"2025-07-22T08:56:00","date_gmt":"2025-07-22T08:56:00","guid":{"rendered":"https:\/\/otakuoshi.com\/?page_id=309"},"modified":"2025-07-22T08:56:01","modified_gmt":"2025-07-22T08:56:01","slug":"usc2257","status":"publish","type":"page","link":"https:\/\/otakuoshi.com\/nl\/usc2257\/","title":{"rendered":"USC2257"},"content":{"rendered":"<h2 class=\"wp-block-heading\">Inleiding<\/h2>\n\n\n\n<p>Deze website, <strong>OtakuOshi.com<\/strong>is gevestigd in en wordt ge\u00ebxploiteerd vanuit de Verenigde Staten en voldoet aan de vereisten in de artikelen <strong>18 U.S.C. \u00a7\u00a72257, 2257A<\/strong> y <strong>28 C.F.R. \u00a775<\/strong>voor zover vereist door de Amerikaanse federale wetgeving.<\/p>\n\n\n\n<h2 class=\"wp-block-heading\">Inhoud die voldoet aan de verordening<\/h2>\n\n\n\n<p>Alle modellen, acteurs, actrices en andere personen die voorkomen in enige visuele weergave van seksueel expliciet gedrag, echt of gesimuleerd, op deze site, <strong>18 jaar of ouder waren<\/strong> ten tijde van de productie van deze visuele beelden.<\/p>\n\n\n\n<p>De vereiste gegevens voor alle afbeeldingen van expliciet seksueel gedrag overeenkomstig <strong>18 U.S.C. \u00a72257<\/strong> y <strong>28 C.F.R. \u00a775 e.v.<\/strong>naar behoren zijn gedeponeerd bij de aangewezen archivaris.<\/p>\n\n\n\n<h2 class=\"wp-block-heading\">Vrijgestelde inhoud<\/h2>\n\n\n\n<p>Alle andere visuele afbeeldingen op deze site zijn <strong>vrijgesteld van de bepalingen van Sectie 2257<\/strong> omdat:<\/p>\n\n\n\n<ol class=\"wp-block-list\">\n<li>Ze vertegenwoordigen geen gedrag dat specifiek wordt beschreven in <strong>18 U.S.C \u00a72256(2)(A)(i) tot (iv)<\/strong>;<\/li>\n\n\n\n<li>Ze vertonen geen gedrag dat is opgenomen in <strong>18 U.S.C. \u00a72257A<\/strong> en werden geproduceerd na de <strong>19 maart 2009<\/strong>;<\/li>\n\n\n\n<li>Ze omvatten geen gedrag dat wordt beschreven in <strong>18 U.S.C. \u00a72256(2)(A)(v)<\/strong> geproduceerd na de <strong>19 maart 2009<\/strong>;<\/li>\n\n\n\n<li>Visuele voorstellingen werden gemaakt voordat de <strong>3 juli 1995<\/strong>; o<\/li>\n\n\n\n<li>Dit bedrijf <strong>treedt niet op als \"producent<\/strong> met betrekking tot de distributie van dergelijke vrijgestelde beelden, zoals die term is gedefinieerd in <strong>28 C.F.R. \u00a775.1(c)<\/strong>.<\/li>\n<\/ol>\n\n\n\n<h2 class=\"wp-block-heading\">Titel van het werk<\/h2>\n\n\n\n<p>De titel van dit werk is: <strong>OtakuOshi<\/strong><\/p>\n\n\n\n<h2 class=\"wp-block-heading\">Inspectie van registers<\/h2>\n\n\n\n<p>Alle gegevens die verband houden met de visuele afbeeldingen op deze site en die moeten worden bijgehouden in overeenstemming met de federale wetgeving, <strong>beschikbaar zijn voor inspectie door erkende agenten<\/strong>op de volgende locatie:<\/p>\n\n\n\n<p><strong>Bewaarder van dossiers<\/strong><br><strong>Polaris Nexus LLC<\/strong><br>1621 Central Ave, Cheyenne, WY 82001, VS.<br><\/p>\n\n\n\n<p><strong>Wettelijke notitie:<\/strong> Deze verklaring voldoet aan de vereisten van de <strong>Titel 18 van het Wetboek van de Verenigde Staten<\/strong>en is ontworpen om volledige transparantie en wettelijke bescherming te bieden onder de huidige Amerikaanse wetten op expliciet afbeeldende inhoud.<\/p>","protected":false},"excerpt":{"rendered":"<p>Inleiding Deze website, OtakuOshi.com, bevindt zich in en wordt beheerd vanuit de Verenigde Staten en voldoet aan de vereisten van 18 U.S.C. \u00a7\u00a72257,...<\/p>","protected":false},"author":1,"featured_media":0,"parent":0,"menu_order":0,"comment_status":"closed","ping_status":"closed","template":"","meta":{"footnotes":""},"class_list":["post-309","page","type-page","status-publish","hentry"],"yoast_head":"<!-- This site is optimized with the Yoast SEO plugin v26.8 - https:\/\/yoast.com\/product\/yoast-seo-wordpress\/ -->\n<title>USC2257<\/title>\n<meta name=\"robots\" content=\"index, follow, max-snippet:-1, max-image-preview:large, max-video-preview:-1\" \/>\n<link rel=\"canonical\" href=\"https:\/\/otakuoshi.com\/nl\/usc2257\/\" \/>\n<meta property=\"og:locale\" content=\"nl_NL\" \/>\n<meta property=\"og:type\" content=\"article\" \/>\n<meta property=\"og:title\" content=\"USC2257\" \/>\n<meta property=\"og:description\" content=\"Introducci\u00f3n Este sitio web, OtakuOshi.com, est\u00e1 ubicado y operado desde los Estados Unidos y cumple con los requisitos establecidos en los art\u00edculos 18 U.S.C. \u00a7\u00a72257,&hellip;\" \/>\n<meta property=\"og:url\" content=\"https:\/\/otakuoshi.com\/nl\/usc2257\/\" \/>\n<meta property=\"og:site_name\" content=\"OtakuOshi\" \/>\n<meta property=\"article:modified_time\" content=\"2025-07-22T08:56:01+00:00\" \/>\n<meta property=\"og:image\" content=\"https:\/\/otakuoshi.com\/wp-content\/uploads\/2025\/07\/cropped-logo.jpg\" \/>\n\t<meta property=\"og:image:width\" content=\"512\" \/>\n\t<meta property=\"og:image:height\" content=\"512\" \/>\n\t<meta property=\"og:image:type\" content=\"image\/jpeg\" \/>\n<meta name=\"twitter:card\" content=\"summary_large_image\" \/>\n<meta name=\"twitter:site\" content=\"@OtakuOshi\" \/>\n<meta name=\"twitter:label1\" content=\"Geschatte leestijd\" \/>\n\t<meta name=\"twitter:data1\" content=\"2 minuten\" \/>\n<script type=\"application\/ld+json\" class=\"yoast-schema-graph\">{\"@context\":\"https:\/\/schema.org\",\"@graph\":[{\"@type\":\"WebPage\",\"@id\":\"https:\/\/otakuoshi.com\/usc2257\/\",\"url\":\"https:\/\/otakuoshi.com\/usc2257\/\",\"name\":\"USC2257\",\"isPartOf\":{\"@id\":\"https:\/\/otakuoshi.com\/#website\"},\"datePublished\":\"2025-07-22T08:56:00+00:00\",\"dateModified\":\"2025-07-22T08:56:01+00:00\",\"breadcrumb\":{\"@id\":\"https:\/\/otakuoshi.com\/usc2257\/#breadcrumb\"},\"inLanguage\":\"nl-NL\",\"potentialAction\":[{\"@type\":\"ReadAction\",\"target\":[\"https:\/\/otakuoshi.com\/usc2257\/\"]}]},{\"@type\":\"BreadcrumbList\",\"@id\":\"https:\/\/otakuoshi.com\/usc2257\/#breadcrumb\",\"itemListElement\":[{\"@type\":\"ListItem\",\"position\":1,\"name\":\"Home\",\"item\":\"https:\/\/otakuoshi.com\/\"},{\"@type\":\"ListItem\",\"position\":2,\"name\":\"USC2257\"}]},{\"@type\":\"WebSite\",\"@id\":\"https:\/\/otakuoshi.com\/#website\",\"url\":\"https:\/\/otakuoshi.com\/\",\"name\":\"OtakuOshi\",\"description\":\"\",\"publisher\":{\"@id\":\"https:\/\/otakuoshi.com\/#organization\"},\"alternateName\":\"Otaku Oshi\",\"potentialAction\":[{\"@type\":\"SearchAction\",\"target\":{\"@type\":\"EntryPoint\",\"urlTemplate\":\"https:\/\/otakuoshi.com\/?s={search_term_string}\"},\"query-input\":{\"@type\":\"PropertyValueSpecification\",\"valueRequired\":true,\"valueName\":\"search_term_string\"}}],\"inLanguage\":\"nl-NL\"},{\"@type\":\"Organization\",\"@id\":\"https:\/\/otakuoshi.com\/#organization\",\"name\":\"OtakuOshi\",\"url\":\"https:\/\/otakuoshi.com\/\",\"logo\":{\"@type\":\"ImageObject\",\"inLanguage\":\"nl-NL\",\"@id\":\"https:\/\/otakuoshi.com\/#\/schema\/logo\/image\/\",\"url\":\"https:\/\/otakuoshi.com\/wp-content\/uploads\/2025\/07\/logo.jpg\",\"contentUrl\":\"https:\/\/otakuoshi.com\/wp-content\/uploads\/2025\/07\/logo.jpg\",\"width\":458,\"height\":164,\"caption\":\"OtakuOshi\"},\"image\":{\"@id\":\"https:\/\/otakuoshi.com\/#\/schema\/logo\/image\/\"},\"sameAs\":[\"https:\/\/x.com\/OtakuOshi\"]}]}<\/script>\n<!-- \/ Yoast SEO plugin. -->","yoast_head_json":{"title":"USC2257","robots":{"index":"index","follow":"follow","max-snippet":"max-snippet:-1","max-image-preview":"max-image-preview:large","max-video-preview":"max-video-preview:-1"},"canonical":"https:\/\/otakuoshi.com\/nl\/usc2257\/","og_locale":"nl_NL","og_type":"article","og_title":"USC2257","og_description":"Introducci\u00f3n Este sitio web, OtakuOshi.com, est\u00e1 ubicado y operado desde los Estados Unidos y cumple con los requisitos establecidos en los art\u00edculos 18 U.S.C. \u00a7\u00a72257,&hellip;","og_url":"https:\/\/otakuoshi.com\/nl\/usc2257\/","og_site_name":"OtakuOshi","article_modified_time":"2025-07-22T08:56:01+00:00","og_image":[{"width":512,"height":512,"url":"https:\/\/otakuoshi.com\/wp-content\/uploads\/2025\/07\/cropped-logo.jpg","type":"image\/jpeg"}],"twitter_card":"summary_large_image","twitter_site":"@OtakuOshi","twitter_misc":{"Geschatte leestijd":"2 minuten"},"schema":{"@context":"https:\/\/schema.org","@graph":[{"@type":"WebPage","@id":"https:\/\/otakuoshi.com\/usc2257\/","url":"https:\/\/otakuoshi.com\/usc2257\/","name":"USC2257","isPartOf":{"@id":"https:\/\/otakuoshi.com\/#website"},"datePublished":"2025-07-22T08:56:00+00:00","dateModified":"2025-07-22T08:56:01+00:00","breadcrumb":{"@id":"https:\/\/otakuoshi.com\/usc2257\/#breadcrumb"},"inLanguage":"nl-NL","potentialAction":[{"@type":"ReadAction","target":["https:\/\/otakuoshi.com\/usc2257\/"]}]},{"@type":"BreadcrumbList","@id":"https:\/\/otakuoshi.com\/usc2257\/#breadcrumb","itemListElement":[{"@type":"ListItem","position":1,"name":"Home","item":"https:\/\/otakuoshi.com\/"},{"@type":"ListItem","position":2,"name":"USC2257"}]},{"@type":"WebSite","@id":"https:\/\/otakuoshi.com\/#website","url":"https:\/\/otakuoshi.com\/","name":"OtakuOshi","description":"","publisher":{"@id":"https:\/\/otakuoshi.com\/#organization"},"alternateName":"Otaku Oshi","potentialAction":[{"@type":"SearchAction","target":{"@type":"EntryPoint","urlTemplate":"https:\/\/otakuoshi.com\/?s={search_term_string}"},"query-input":{"@type":"PropertyValueSpecification","valueRequired":true,"valueName":"search_term_string"}}],"inLanguage":"nl-NL"},{"@type":"Organization","@id":"https:\/\/otakuoshi.com\/#organization","name":"OtakuOshi","url":"https:\/\/otakuoshi.com\/","logo":{"@type":"ImageObject","inLanguage":"nl-NL","@id":"https:\/\/otakuoshi.com\/#\/schema\/logo\/image\/","url":"https:\/\/otakuoshi.com\/wp-content\/uploads\/2025\/07\/logo.jpg","contentUrl":"https:\/\/otakuoshi.com\/wp-content\/uploads\/2025\/07\/logo.jpg","width":458,"height":164,"caption":"OtakuOshi"},"image":{"@id":"https:\/\/otakuoshi.com\/#\/schema\/logo\/image\/"},"sameAs":["https:\/\/x.com\/OtakuOshi"]}]}},"_links":{"self":[{"href":"https:\/\/otakuoshi.com\/nl\/wp-json\/wp\/v2\/pages\/309","targetHints":{"allow":["GET"]}}],"collection":[{"href":"https:\/\/otakuoshi.com\/nl\/wp-json\/wp\/v2\/pages"}],"about":[{"href":"https:\/\/otakuoshi.com\/nl\/wp-json\/wp\/v2\/types\/page"}],"author":[{"embeddable":true,"href":"https:\/\/otakuoshi.com\/nl\/wp-json\/wp\/v2\/users\/1"}],"replies":[{"embeddable":true,"href":"https:\/\/otakuoshi.com\/nl\/wp-json\/wp\/v2\/comments?post=309"}],"version-history":[{"count":0,"href":"https:\/\/otakuoshi.com\/nl\/wp-json\/wp\/v2\/pages\/309\/revisions"}],"wp:attachment":[{"href":"https:\/\/otakuoshi.com\/nl\/wp-json\/wp\/v2\/media?parent=309"}],"curies":[{"name":"wp","href":"https:\/\/api.w.org\/{rel}","templated":true}]}}