{"id":313,"date":"2025-07-22T09:01:00","date_gmt":"2025-07-22T09:01:00","guid":{"rendered":"https:\/\/otakuoshi.com\/?page_id=313"},"modified":"2025-07-22T09:01:00","modified_gmt":"2025-07-22T09:01:00","slug":"merk","status":"publish","type":"page","link":"https:\/\/otakuoshi.com\/nl\/merk\/","title":{"rendered":"Merk"},"content":{"rendered":"<p><strong>OtakuOshi<\/strong> is meer dan een platform: het is een merk dat is gebouwd op de passie, identiteit en geest van de wereldwijde otakucultuur.<\/p>\n\n\n\n<p>Geboren uit de behoefte aan een ruimte waar <strong>makers, fans en artiesten<\/strong> zich vrij, authentiek en professioneel kunnen uiten, vertegenwoordigt OtakuOshi een nieuwe generatie digitale platforms: gespecialiseerd, ethisch en gericht op de gemeenschap.<\/p>\n\n\n\n<p>Het woord \"<strong>Oshi<\/strong>\"komt van het Japanse \u63a8\u3057, een term die wordt gebruikt om te verwijzen naar dat personage, idool of artiest waar een fan volledig achter staat. Door het te koppelen aan \"Otaku\", defini\u00ebren we duidelijk ons doel: <strong>het digitale huis zijn waar fans hun ware oshi's ondersteunen, ontdekken en met hen in contact komen<\/strong>.<\/p>\n\n\n\n<h3 class=\"wp-block-heading\">Onze visie<\/h3>\n\n\n\n<p>Een toegankelijk, veilig en modern ecosysteem cre\u00ebren waar elke maker die gerelateerd is aan de otaku-wereld - cosplayers, illustratoren, verhalenvertellers, ontwerpers, stemartiesten, etc. - hun werk kan delen en te gelde kan maken zonder onnodige beperkingen of algemene platforms.<\/p>\n\n\n\n<h3 class=\"wp-block-heading\">Waar ons merk voor staat<\/h3>\n\n\n\n<ul class=\"wp-block-list\">\n<li><strong>Respect voor de otakucultuur<\/strong><br>We eren hun wortels, diversiteit en wereldwijde evolutie.<\/li>\n\n\n\n<li><strong>Authenticiteit en directe verbinding<\/strong><br>Geen tussenpersonen, geen ondoorzichtige algoritmes. Gewoon fans die makers steunen.<\/li>\n\n\n\n<li><strong>Privacy en veiligheid als basis<\/strong><br>We beschermen zowel makers als fans met professionele standaarden.<\/li>\n\n\n\n<li><strong>Creativiteit zonder grenzen<\/strong><br>OtakuOshi is een vrije ruimte om idee\u00ebn, stijlen, verhalen en genres te verkennen binnen wettelijke en ethische kaders.<\/li>\n<\/ul>\n\n\n\n<h3 class=\"wp-block-heading\">Voor wie is het merk bedoeld?<\/h3>\n\n\n\n<ul class=\"wp-block-list\">\n<li>Naar de <strong>fans van anime, manga, cosplay, digitale kunst, ASMR en verhalende inhoud<\/strong>.<\/li>\n\n\n\n<li>Voor makers die niet in traditionele platforms passen.<\/li>\n\n\n\n<li>Verzamelaars en fans die waarde hechten aan een authentieke band en inhoud die met passie is gemaakt.<\/li>\n<\/ul>\n\n\n\n<p><strong>OtakuOshi<\/strong> is geen kopie. Het is niet zomaar een sociaal netwerk.<br>Het is een merk met een doel: <strong>om zichtbaarheid, creatieve vrijheid en echte tools te geven aan degenen die fandom als deel van hun identiteit beleven.<\/strong><\/p>\n\n\n\n<p>Omdat je in de otaku-wereld <strong>oshi<\/strong> Het ziet er niet alleen uit. Het wordt ondersteund.<br>En OtakuOshi is er om dat mogelijk te maken.<\/p>","protected":false},"excerpt":{"rendered":"<p>OtakuOshi is meer dan een platform: het is een merk dat is gebouwd op de passie, identiteit en spirit van de wereldwijde otakucultuur. Geboren uit...<\/p>","protected":false},"author":1,"featured_media":0,"parent":0,"menu_order":0,"comment_status":"closed","ping_status":"closed","template":"","meta":{"footnotes":""},"class_list":["post-313","page","type-page","status-publish","hentry"],"yoast_head":"<!-- This site is optimized with the Yoast SEO plugin v26.8 - https:\/\/yoast.com\/product\/yoast-seo-wordpress\/ -->\n<title>Marca<\/title>\n<meta name=\"robots\" content=\"index, follow, max-snippet:-1, max-image-preview:large, max-video-preview:-1\" \/>\n<link rel=\"canonical\" href=\"https:\/\/otakuoshi.com\/nl\/merk\/\" \/>\n<meta property=\"og:locale\" content=\"nl_NL\" \/>\n<meta property=\"og:type\" content=\"article\" \/>\n<meta property=\"og:title\" content=\"Marca\" \/>\n<meta property=\"og:description\" content=\"OtakuOshi es m\u00e1s que una plataforma: es una marca construida sobre la pasi\u00f3n, la identidad y el esp\u00edritu de la cultura otaku global. Nacida de&hellip;\" \/>\n<meta property=\"og:url\" content=\"https:\/\/otakuoshi.com\/nl\/merk\/\" \/>\n<meta property=\"og:site_name\" content=\"OtakuOshi\" \/>\n<meta property=\"og:image\" content=\"https:\/\/otakuoshi.com\/wp-content\/uploads\/2025\/07\/cropped-logo.jpg\" \/>\n\t<meta property=\"og:image:width\" content=\"512\" \/>\n\t<meta property=\"og:image:height\" content=\"512\" \/>\n\t<meta property=\"og:image:type\" content=\"image\/jpeg\" \/>\n<meta name=\"twitter:card\" content=\"summary_large_image\" \/>\n<meta name=\"twitter:site\" content=\"@OtakuOshi\" \/>\n<meta name=\"twitter:label1\" content=\"Geschatte leestijd\" \/>\n\t<meta name=\"twitter:data1\" content=\"2 minuten\" \/>\n<script type=\"application\/ld+json\" class=\"yoast-schema-graph\">{\"@context\":\"https:\/\/schema.org\",\"@graph\":[{\"@type\":\"WebPage\",\"@id\":\"https:\/\/otakuoshi.com\/marca\/\",\"url\":\"https:\/\/otakuoshi.com\/marca\/\",\"name\":\"Marca\",\"isPartOf\":{\"@id\":\"https:\/\/otakuoshi.com\/#website\"},\"datePublished\":\"2025-07-22T09:01:00+00:00\",\"breadcrumb\":{\"@id\":\"https:\/\/otakuoshi.com\/marca\/#breadcrumb\"},\"inLanguage\":\"nl-NL\",\"potentialAction\":[{\"@type\":\"ReadAction\",\"target\":[\"https:\/\/otakuoshi.com\/marca\/\"]}]},{\"@type\":\"BreadcrumbList\",\"@id\":\"https:\/\/otakuoshi.com\/marca\/#breadcrumb\",\"itemListElement\":[{\"@type\":\"ListItem\",\"position\":1,\"name\":\"Home\",\"item\":\"https:\/\/otakuoshi.com\/\"},{\"@type\":\"ListItem\",\"position\":2,\"name\":\"Marca\"}]},{\"@type\":\"WebSite\",\"@id\":\"https:\/\/otakuoshi.com\/#website\",\"url\":\"https:\/\/otakuoshi.com\/\",\"name\":\"OtakuOshi\",\"description\":\"\",\"publisher\":{\"@id\":\"https:\/\/otakuoshi.com\/#organization\"},\"alternateName\":\"Otaku Oshi\",\"potentialAction\":[{\"@type\":\"SearchAction\",\"target\":{\"@type\":\"EntryPoint\",\"urlTemplate\":\"https:\/\/otakuoshi.com\/?s={search_term_string}\"},\"query-input\":{\"@type\":\"PropertyValueSpecification\",\"valueRequired\":true,\"valueName\":\"search_term_string\"}}],\"inLanguage\":\"nl-NL\"},{\"@type\":\"Organization\",\"@id\":\"https:\/\/otakuoshi.com\/#organization\",\"name\":\"OtakuOshi\",\"url\":\"https:\/\/otakuoshi.com\/\",\"logo\":{\"@type\":\"ImageObject\",\"inLanguage\":\"nl-NL\",\"@id\":\"https:\/\/otakuoshi.com\/#\/schema\/logo\/image\/\",\"url\":\"https:\/\/otakuoshi.com\/wp-content\/uploads\/2025\/07\/logo.jpg\",\"contentUrl\":\"https:\/\/otakuoshi.com\/wp-content\/uploads\/2025\/07\/logo.jpg\",\"width\":458,\"height\":164,\"caption\":\"OtakuOshi\"},\"image\":{\"@id\":\"https:\/\/otakuoshi.com\/#\/schema\/logo\/image\/\"},\"sameAs\":[\"https:\/\/x.com\/OtakuOshi\"]}]}<\/script>\n<!-- \/ Yoast SEO plugin. -->","yoast_head_json":{"title":"Merk","robots":{"index":"index","follow":"follow","max-snippet":"max-snippet:-1","max-image-preview":"max-image-preview:large","max-video-preview":"max-video-preview:-1"},"canonical":"https:\/\/otakuoshi.com\/nl\/merk\/","og_locale":"nl_NL","og_type":"article","og_title":"Marca","og_description":"OtakuOshi es m\u00e1s que una plataforma: es una marca construida sobre la pasi\u00f3n, la identidad y el esp\u00edritu de la cultura otaku global. Nacida de&hellip;","og_url":"https:\/\/otakuoshi.com\/nl\/merk\/","og_site_name":"OtakuOshi","og_image":[{"width":512,"height":512,"url":"https:\/\/otakuoshi.com\/wp-content\/uploads\/2025\/07\/cropped-logo.jpg","type":"image\/jpeg"}],"twitter_card":"summary_large_image","twitter_site":"@OtakuOshi","twitter_misc":{"Geschatte leestijd":"2 minuten"},"schema":{"@context":"https:\/\/schema.org","@graph":[{"@type":"WebPage","@id":"https:\/\/otakuoshi.com\/marca\/","url":"https:\/\/otakuoshi.com\/marca\/","name":"Merk","isPartOf":{"@id":"https:\/\/otakuoshi.com\/#website"},"datePublished":"2025-07-22T09:01:00+00:00","breadcrumb":{"@id":"https:\/\/otakuoshi.com\/marca\/#breadcrumb"},"inLanguage":"nl-NL","potentialAction":[{"@type":"ReadAction","target":["https:\/\/otakuoshi.com\/marca\/"]}]},{"@type":"BreadcrumbList","@id":"https:\/\/otakuoshi.com\/marca\/#breadcrumb","itemListElement":[{"@type":"ListItem","position":1,"name":"Home","item":"https:\/\/otakuoshi.com\/"},{"@type":"ListItem","position":2,"name":"Marca"}]},{"@type":"WebSite","@id":"https:\/\/otakuoshi.com\/#website","url":"https:\/\/otakuoshi.com\/","name":"OtakuOshi","description":"","publisher":{"@id":"https:\/\/otakuoshi.com\/#organization"},"alternateName":"Otaku Oshi","potentialAction":[{"@type":"SearchAction","target":{"@type":"EntryPoint","urlTemplate":"https:\/\/otakuoshi.com\/?s={search_term_string}"},"query-input":{"@type":"PropertyValueSpecification","valueRequired":true,"valueName":"search_term_string"}}],"inLanguage":"nl-NL"},{"@type":"Organization","@id":"https:\/\/otakuoshi.com\/#organization","name":"OtakuOshi","url":"https:\/\/otakuoshi.com\/","logo":{"@type":"ImageObject","inLanguage":"nl-NL","@id":"https:\/\/otakuoshi.com\/#\/schema\/logo\/image\/","url":"https:\/\/otakuoshi.com\/wp-content\/uploads\/2025\/07\/logo.jpg","contentUrl":"https:\/\/otakuoshi.com\/wp-content\/uploads\/2025\/07\/logo.jpg","width":458,"height":164,"caption":"OtakuOshi"},"image":{"@id":"https:\/\/otakuoshi.com\/#\/schema\/logo\/image\/"},"sameAs":["https:\/\/x.com\/OtakuOshi"]}]}},"_links":{"self":[{"href":"https:\/\/otakuoshi.com\/nl\/wp-json\/wp\/v2\/pages\/313","targetHints":{"allow":["GET"]}}],"collection":[{"href":"https:\/\/otakuoshi.com\/nl\/wp-json\/wp\/v2\/pages"}],"about":[{"href":"https:\/\/otakuoshi.com\/nl\/wp-json\/wp\/v2\/types\/page"}],"author":[{"embeddable":true,"href":"https:\/\/otakuoshi.com\/nl\/wp-json\/wp\/v2\/users\/1"}],"replies":[{"embeddable":true,"href":"https:\/\/otakuoshi.com\/nl\/wp-json\/wp\/v2\/comments?post=313"}],"version-history":[{"count":0,"href":"https:\/\/otakuoshi.com\/nl\/wp-json\/wp\/v2\/pages\/313\/revisions"}],"wp:attachment":[{"href":"https:\/\/otakuoshi.com\/nl\/wp-json\/wp\/v2\/media?parent=313"}],"curies":[{"name":"wp","href":"https:\/\/api.w.org\/{rel}","templated":true}]}}