{"id":261,"date":"2025-07-21T10:22:31","date_gmt":"2025-07-21T10:22:31","guid":{"rendered":"https:\/\/otakuoshi.com\/?page_id=261"},"modified":"2025-07-21T10:22:32","modified_gmt":"2025-07-21T10:22:32","slug":"modele-cosplay","status":"publish","type":"page","link":"https:\/\/otakuoshi.com\/pl\/modele-cosplay\/","title":{"rendered":"Modele cosplay"},"content":{"rendered":"<p><strong>Kim s\u0105 modele Cosplay?<\/strong>&nbsp;Modele cosplay to arty\u015bci, kt\u00f3rzy specjalizuj\u0105 si\u0119 w o\u017cywianiu postaci z anime, mangi, gier wideo i film\u00f3w poprzez szczeg\u00f3\u0142owe kostiumy i wyst\u0119py fotograficzne. Opr\u00f3cz tworzenia i noszenia osza\u0142amiaj\u0105cych kostium\u00f3w, modele ci oddaj\u0105 istot\u0119 i postaw\u0119 postaci, tworz\u0105c obrazy, kt\u00f3re zadziwiaj\u0105 i inspiruj\u0105 spo\u0142eczno\u015b\u0107 otaku.<\/p>\n\n\n\n<p><strong>Jak dzia\u0142aj\u0105 modele cosplay?<\/strong>&nbsp;Proces pracy modelki cosplay to po\u0142\u0105czenie kreatywno\u015bci, kunsztu i umiej\u0119tno\u015bci obs\u0142ugi kamery. Tutaj pokazujemy, jak rozwija swoj\u0105 sztuk\u0119:<\/p>\n\n\n\n<ol class=\"wp-block-list\">\n<li><strong>Wyb\u00f3r postaci<\/strong>\u00a0Modele wybieraj\u0105 postacie, kt\u00f3re ich pasjonuj\u0105 i w kt\u00f3re wierz\u0105, \u017ce mog\u0105 zagra\u0107 przekonuj\u0105co. Wyb\u00f3r ten jest niezb\u0119dny do zapewnienia prawdziwego po\u0142\u0105czenia z postaci\u0105.<\/li>\n\n\n\n<li><strong>Badania i projektowanie<\/strong>\u00a0Przed rozpocz\u0119ciem tworzenia kostiumu, modelki badaj\u0105 ka\u017cdy szczeg\u00f3\u0142 postaci, od kostiumu po akcesoria i makija\u017c. Ta faza zapewnia, \u017ce cosplay jest tak wierny orygina\u0142owi, jak to tylko mo\u017cliwe.<\/li>\n\n\n\n<li><strong>Tworzenie kostiumu<\/strong>\u00a0Korzystaj\u0105c z r\u00f3\u017cnych technik szycia i produkcji, modele cosplay tworz\u0105 swoje kostiumy. Mo\u017ce to obejmowa\u0107 wykorzystanie specjalistycznych materia\u0142\u00f3w do tworzenia zbroi, broni i innych z\u0142o\u017conych przedmiot\u00f3w.<\/li>\n\n\n\n<li><strong>Makija\u017c i fryzjerstwo<\/strong>\u00a0Aby zako\u0144czy\u0107 transformacj\u0119, modele nosz\u0105 makija\u017c i stylizowane peruki, kt\u00f3re odtwarzaj\u0105 wygl\u0105d postaci. Dba\u0142o\u015b\u0107 o szczeg\u00f3\u0142y ma kluczowe znaczenie dla uzyskania autentycznego i przekonuj\u0105cego wygl\u0105du.<\/li>\n\n\n\n<li><strong>Sesje zdj\u0119ciowe<\/strong>\u00a0Gdy kostium jest ju\u017c gotowy, modele bior\u0105 udzia\u0142 w profesjonalnych sesjach zdj\u0119ciowych. Wsp\u00f3\u0142pracuj\u0105 z wyspecjalizowanymi fotografami cosplay, aby uchwyci\u0107 istot\u0119 postaci na wysokiej jako\u015bci zdj\u0119ciach.<\/li>\n\n\n\n<li><strong>Monta\u017c i postprodukcja<\/strong>\u00a0Fotografie s\u0105 edytowane w celu poprawy jako\u015bci i dodania efekt\u00f3w specjalnych w celu ulepszenia pracy. Ten etap zapewnia, \u017ce ostateczne obrazy s\u0105 imponuj\u0105ce i wierne wizji modela.<\/li>\n\n\n\n<li><strong>Publikacja i promocja<\/strong>\u00a0Modelki cosplay udost\u0119pniaj\u0105 swoje zdj\u0119cia w mediach spo\u0142eczno\u015bciowych, na wyspecjalizowanych stronach internetowych i platformach subskrypcyjnych. Promocja jest kluczem do dotarcia do szerszej publiczno\u015bci i zbudowania bazy lojalnych fan\u00f3w.<\/li>\n<\/ol>\n\n\n\n<p><strong>Po\u0142\u0105cz si\u0119 ze swoimi ulubionymi modelami Cosplay<\/strong>&nbsp;Na naszej platformie mo\u017cesz nawi\u0105za\u0107 bezpo\u015bredni kontakt z modelkami cosplay, kt\u00f3re podziwiasz. Uzyskaj dost\u0119p do ekskluzywnych tre\u015bci, takich jak samouczki dotycz\u0105ce makija\u017cu i kostium\u00f3w, sesje zza kulis i niepublikowane zdj\u0119cia. Wspieraj ich sztuk\u0119 i b\u0105d\u017a cz\u0119\u015bci\u0105 ich tw\u00f3rczej podr\u00f3\u017cy. Dzi\u0119ki subskrypcji mo\u017cesz cieszy\u0107 si\u0119 uprzywilejowanym dost\u0119pem do ich pracy i pomaga\u0107 im w dalszym tworzeniu niesamowitych kostium\u00f3w, kt\u00f3re tak bardzo Ci\u0119 inspiruj\u0105.<\/p>\n\n\n\n<p>Do\u0142\u0105cz do naszej spo\u0142eczno\u015bci i odkryj fascynuj\u0105cy \u015bwiat modeli cosplay ju\u017c dzi\u015b!<\/p>","protected":false},"excerpt":{"rendered":"<p>\u00bfQuienes son los Modelos de Cosplay?&nbsp;Los modelos de cosplay son artistas que se especializan en dar vida a personajes de anime, manga, videojuegos y pel\u00edculas&hellip;<\/p>","protected":false},"author":1,"featured_media":0,"parent":0,"menu_order":0,"comment_status":"closed","ping_status":"closed","template":"","meta":{"footnotes":""},"class_list":["post-261","page","type-page","status-publish","hentry"],"yoast_head":"<!-- This site is optimized with the Yoast SEO plugin v26.8 - https:\/\/yoast.com\/product\/yoast-seo-wordpress\/ -->\n<title>Modelos de cosplay<\/title>\n<meta name=\"robots\" content=\"index, follow, max-snippet:-1, max-image-preview:large, max-video-preview:-1\" \/>\n<link rel=\"canonical\" href=\"https:\/\/otakuoshi.com\/pl\/modele-cosplay\/\" \/>\n<meta property=\"og:locale\" content=\"pl_PL\" \/>\n<meta property=\"og:type\" content=\"article\" \/>\n<meta property=\"og:title\" content=\"Modelos de cosplay\" \/>\n<meta property=\"og:description\" content=\"\u00bfQuienes son los Modelos de Cosplay?&nbsp;Los modelos de cosplay son artistas que se especializan en dar vida a personajes de anime, manga, videojuegos y pel\u00edculas&hellip;\" \/>\n<meta property=\"og:url\" content=\"https:\/\/otakuoshi.com\/pl\/modele-cosplay\/\" \/>\n<meta property=\"og:site_name\" content=\"OtakuOshi\" \/>\n<meta property=\"article:modified_time\" content=\"2025-07-21T10:22:32+00:00\" \/>\n<meta property=\"og:image\" content=\"https:\/\/otakuoshi.com\/wp-content\/uploads\/2025\/07\/cropped-logo.jpg\" \/>\n\t<meta property=\"og:image:width\" content=\"512\" \/>\n\t<meta property=\"og:image:height\" content=\"512\" \/>\n\t<meta property=\"og:image:type\" content=\"image\/jpeg\" \/>\n<meta name=\"twitter:card\" content=\"summary_large_image\" \/>\n<meta name=\"twitter:site\" content=\"@OtakuOshi\" \/>\n<meta name=\"twitter:label1\" content=\"Szacowany czas czytania\" \/>\n\t<meta name=\"twitter:data1\" content=\"2 minuty\" \/>\n<script type=\"application\/ld+json\" class=\"yoast-schema-graph\">{\"@context\":\"https:\/\/schema.org\",\"@graph\":[{\"@type\":\"WebPage\",\"@id\":\"https:\/\/otakuoshi.com\/modelos-de-cosplay\/\",\"url\":\"https:\/\/otakuoshi.com\/modelos-de-cosplay\/\",\"name\":\"Modelos de cosplay\",\"isPartOf\":{\"@id\":\"https:\/\/otakuoshi.com\/#website\"},\"datePublished\":\"2025-07-21T10:22:31+00:00\",\"dateModified\":\"2025-07-21T10:22:32+00:00\",\"breadcrumb\":{\"@id\":\"https:\/\/otakuoshi.com\/modelos-de-cosplay\/#breadcrumb\"},\"inLanguage\":\"pl-PL\",\"potentialAction\":[{\"@type\":\"ReadAction\",\"target\":[\"https:\/\/otakuoshi.com\/modelos-de-cosplay\/\"]}]},{\"@type\":\"BreadcrumbList\",\"@id\":\"https:\/\/otakuoshi.com\/modelos-de-cosplay\/#breadcrumb\",\"itemListElement\":[{\"@type\":\"ListItem\",\"position\":1,\"name\":\"Home\",\"item\":\"https:\/\/otakuoshi.com\/\"},{\"@type\":\"ListItem\",\"position\":2,\"name\":\"Modelos de cosplay\"}]},{\"@type\":\"WebSite\",\"@id\":\"https:\/\/otakuoshi.com\/#website\",\"url\":\"https:\/\/otakuoshi.com\/\",\"name\":\"OtakuOshi\",\"description\":\"\",\"publisher\":{\"@id\":\"https:\/\/otakuoshi.com\/#organization\"},\"alternateName\":\"Otaku Oshi\",\"potentialAction\":[{\"@type\":\"SearchAction\",\"target\":{\"@type\":\"EntryPoint\",\"urlTemplate\":\"https:\/\/otakuoshi.com\/?s={search_term_string}\"},\"query-input\":{\"@type\":\"PropertyValueSpecification\",\"valueRequired\":true,\"valueName\":\"search_term_string\"}}],\"inLanguage\":\"pl-PL\"},{\"@type\":\"Organization\",\"@id\":\"https:\/\/otakuoshi.com\/#organization\",\"name\":\"OtakuOshi\",\"url\":\"https:\/\/otakuoshi.com\/\",\"logo\":{\"@type\":\"ImageObject\",\"inLanguage\":\"pl-PL\",\"@id\":\"https:\/\/otakuoshi.com\/#\/schema\/logo\/image\/\",\"url\":\"https:\/\/otakuoshi.com\/wp-content\/uploads\/2025\/07\/logo.jpg\",\"contentUrl\":\"https:\/\/otakuoshi.com\/wp-content\/uploads\/2025\/07\/logo.jpg\",\"width\":458,\"height\":164,\"caption\":\"OtakuOshi\"},\"image\":{\"@id\":\"https:\/\/otakuoshi.com\/#\/schema\/logo\/image\/\"},\"sameAs\":[\"https:\/\/x.com\/OtakuOshi\"]}]}<\/script>\n<!-- \/ Yoast SEO plugin. -->","yoast_head_json":{"title":"Modele cosplay","robots":{"index":"index","follow":"follow","max-snippet":"max-snippet:-1","max-image-preview":"max-image-preview:large","max-video-preview":"max-video-preview:-1"},"canonical":"https:\/\/otakuoshi.com\/pl\/modele-cosplay\/","og_locale":"pl_PL","og_type":"article","og_title":"Modelos de cosplay","og_description":"\u00bfQuienes son los Modelos de Cosplay?&nbsp;Los modelos de cosplay son artistas que se especializan en dar vida a personajes de anime, manga, videojuegos y pel\u00edculas&hellip;","og_url":"https:\/\/otakuoshi.com\/pl\/modele-cosplay\/","og_site_name":"OtakuOshi","article_modified_time":"2025-07-21T10:22:32+00:00","og_image":[{"width":512,"height":512,"url":"https:\/\/otakuoshi.com\/wp-content\/uploads\/2025\/07\/cropped-logo.jpg","type":"image\/jpeg"}],"twitter_card":"summary_large_image","twitter_site":"@OtakuOshi","twitter_misc":{"Szacowany czas czytania":"2 minuty"},"schema":{"@context":"https:\/\/schema.org","@graph":[{"@type":"WebPage","@id":"https:\/\/otakuoshi.com\/modelos-de-cosplay\/","url":"https:\/\/otakuoshi.com\/modelos-de-cosplay\/","name":"Modele cosplay","isPartOf":{"@id":"https:\/\/otakuoshi.com\/#website"},"datePublished":"2025-07-21T10:22:31+00:00","dateModified":"2025-07-21T10:22:32+00:00","breadcrumb":{"@id":"https:\/\/otakuoshi.com\/modelos-de-cosplay\/#breadcrumb"},"inLanguage":"pl-PL","potentialAction":[{"@type":"ReadAction","target":["https:\/\/otakuoshi.com\/modelos-de-cosplay\/"]}]},{"@type":"BreadcrumbList","@id":"https:\/\/otakuoshi.com\/modelos-de-cosplay\/#breadcrumb","itemListElement":[{"@type":"ListItem","position":1,"name":"Home","item":"https:\/\/otakuoshi.com\/"},{"@type":"ListItem","position":2,"name":"Modelos de cosplay"}]},{"@type":"WebSite","@id":"https:\/\/otakuoshi.com\/#website","url":"https:\/\/otakuoshi.com\/","name":"OtakuOshi","description":"","publisher":{"@id":"https:\/\/otakuoshi.com\/#organization"},"alternateName":"Otaku Oshi","potentialAction":[{"@type":"SearchAction","target":{"@type":"EntryPoint","urlTemplate":"https:\/\/otakuoshi.com\/?s={search_term_string}"},"query-input":{"@type":"PropertyValueSpecification","valueRequired":true,"valueName":"search_term_string"}}],"inLanguage":"pl-PL"},{"@type":"Organization","@id":"https:\/\/otakuoshi.com\/#organization","name":"OtakuOshi","url":"https:\/\/otakuoshi.com\/","logo":{"@type":"ImageObject","inLanguage":"pl-PL","@id":"https:\/\/otakuoshi.com\/#\/schema\/logo\/image\/","url":"https:\/\/otakuoshi.com\/wp-content\/uploads\/2025\/07\/logo.jpg","contentUrl":"https:\/\/otakuoshi.com\/wp-content\/uploads\/2025\/07\/logo.jpg","width":458,"height":164,"caption":"OtakuOshi"},"image":{"@id":"https:\/\/otakuoshi.com\/#\/schema\/logo\/image\/"},"sameAs":["https:\/\/x.com\/OtakuOshi"]}]}},"_links":{"self":[{"href":"https:\/\/otakuoshi.com\/pl\/wp-json\/wp\/v2\/pages\/261","targetHints":{"allow":["GET"]}}],"collection":[{"href":"https:\/\/otakuoshi.com\/pl\/wp-json\/wp\/v2\/pages"}],"about":[{"href":"https:\/\/otakuoshi.com\/pl\/wp-json\/wp\/v2\/types\/page"}],"author":[{"embeddable":true,"href":"https:\/\/otakuoshi.com\/pl\/wp-json\/wp\/v2\/users\/1"}],"replies":[{"embeddable":true,"href":"https:\/\/otakuoshi.com\/pl\/wp-json\/wp\/v2\/comments?post=261"}],"version-history":[{"count":0,"href":"https:\/\/otakuoshi.com\/pl\/wp-json\/wp\/v2\/pages\/261\/revisions"}],"wp:attachment":[{"href":"https:\/\/otakuoshi.com\/pl\/wp-json\/wp\/v2\/media?parent=261"}],"curies":[{"name":"wp","href":"https:\/\/api.w.org\/{rel}","templated":true}]}}