{"id":262,"date":"2025-07-21T10:22:54","date_gmt":"2025-07-21T10:22:54","guid":{"rendered":"https:\/\/otakuoshi.com\/?page_id=262"},"modified":"2025-07-21T10:22:55","modified_gmt":"2025-07-21T10:22:55","slug":"fotografowie-cosplay","status":"publish","type":"page","link":"https:\/\/otakuoshi.com\/pl\/fotografowie-cosplay\/","title":{"rendered":"Fotografowie cosplay"},"content":{"rendered":"<p><strong>Kim s\u0105 fotografowie cosplayowi?<\/strong>&nbsp;Fotografowie cosplay to fotografowie, kt\u00f3rzy specjalizuj\u0105 si\u0119 w uchwyceniu istoty cosplayer\u00f3w i ich kostium\u00f3w. Wykorzystuj\u0105c swoje umiej\u0119tno\u015bci w fotografii i sztuce wizualnej, profesjonali\u015bci ci tworz\u0105 osza\u0142amiaj\u0105ce obrazy, kt\u00f3re podkre\u015blaj\u0105 talent i wysi\u0142ek cosplayer\u00f3w, przekszta\u0142caj\u0105c ulotne chwile w trwa\u0142e wspomnienia i dzie\u0142a sztuki.<\/p>\n\n\n\n<p><strong>Jak pracuj\u0105 fotografowie cosplayowi?<\/strong>&nbsp;Praca fotografa cosplay jest zar\u00f3wno techniczna, jak i artystyczna, wymagaj\u0105ca g\u0142\u0119bokiego zrozumienia fotografii i kultury cosplay. Poni\u017cej przedstawiamy jego proces:<\/p>\n\n\n\n<ol class=\"wp-block-list\">\n<li><strong>Planowanie i konceptualizacja<\/strong>\u00a0Fotografowie wsp\u00f3\u0142pracuj\u0105 z cosplayerami przy planowaniu sesji zdj\u0119ciowych. Omawiaj\u0105 koncepcj\u0119, posta\u0107 i szczeg\u00f3\u0142y kostiumu, aby upewni\u0107 si\u0119, \u017ce sesja odzwierciedla istot\u0119 postaci.<\/li>\n\n\n\n<li><strong>Wyb\u00f3r lokalizacji<\/strong>\u00a0Wyb\u00f3r lokalizacji ma kluczowe znaczenie. Fotografowie szukaj\u0105 scenerii, kt\u00f3re uzupe\u0142niaj\u0105 posta\u0107 i kostium, od studi\u00f3w z okre\u015blonym t\u0142em po plenery, kt\u00f3re podkre\u015blaj\u0105 kontekst postaci.<\/li>\n\n\n\n<li><strong>Przygotowanie techniczne<\/strong>\u00a0Fotografowie konfiguruj\u0105 sw\u00f3j sprz\u0119t, w tym aparaty, obiektywy, o\u015bwietlenie i inne akcesoria. Dostosowuj\u0105 ustawienia aparatu do warunk\u00f3w o\u015bwietleniowych i otoczenia, aby zapewni\u0107 wysok\u0105 jako\u015b\u0107 zdj\u0119\u0107.<\/li>\n\n\n\n<li><strong>Sesja zdj\u0119ciowa<\/strong>\u00a0Podczas sesji fotografowie kieruj\u0105 cosplayerami, sugeruj\u0105c pozy i k\u0105ty, kt\u00f3re wydobywaj\u0105 szczeg\u00f3\u0142y kostiumu i osobowo\u015b\u0107 postaci. U\u017cywaj\u0105 technik fotograficznych, aby uchwyci\u0107 najlepsze \u015bwiat\u0142o i kompozycj\u0119.<\/li>\n\n\n\n<li><strong>Monta\u017c i postprodukcja<\/strong>\u00a0Po zako\u0144czeniu sesji fotografowie edytuj\u0105 zdj\u0119cia, aby poprawi\u0107 ich jako\u015b\u0107, dostosowa\u0107 kolory i w razie potrzeby doda\u0107 efekty specjalne. Proces ten mo\u017ce obejmowa\u0107 retusz w celu usuni\u0119cia niedoskona\u0142o\u015bci i uwydatnienia szczeg\u00f3\u0142\u00f3w kostiumu.<\/li>\n\n\n\n<li><strong>Dostawa i publikacja<\/strong>\u00a0Ostateczne zdj\u0119cia s\u0105 dostarczane cosplayerom i publikowane w mediach spo\u0142eczno\u015bciowych, portfolio online i na specjalistycznych platformach. Fotografowie mog\u0105 r\u00f3wnie\u017c zg\u0142asza\u0107 swoje prace na wystawy i konkursy fotograficzne.<\/li>\n\n\n\n<li><strong>Interakcja ze spo\u0142eczno\u015bci\u0105<\/strong>\u00a0Fotografowie dziel\u0105 si\u0119 swoimi pracami i wsp\u00f3\u0142pracuj\u0105 z innymi profesjonalistami i fanami cosplayu. Ta interakcja jest kluczem do nawi\u0105zywania kontakt\u00f3w i dalszego doskonalenia swoich umiej\u0119tno\u015bci.<\/li>\n<\/ol>\n\n\n\n<p><strong>Po\u0142\u0105cz si\u0119 ze swoimi ulubionymi fotografami cosplayowymi<\/strong>&nbsp;Na naszej platformie mo\u017cesz \u0142\u0105czy\u0107 si\u0119 bezpo\u015brednio z fotografami cosplay, kt\u00f3rych podziwiasz. Uzyskaj dost\u0119p do ekskluzywnych tre\u015bci, takich jak zakulisowe sesje zdj\u0119ciowe, samouczki fotograficzne i specjalne edycje. Wspieraj ich sztuk\u0119 i b\u0105d\u017a cz\u0119\u015bci\u0105 ich tw\u00f3rczej podr\u00f3\u017cy. Dzi\u0119ki subskrypcji mo\u017cesz cieszy\u0107 si\u0119 uprzywilejowanym dost\u0119pem do ich pracy i pom\u00f3c im w dalszym tworzeniu osza\u0142amiaj\u0105cych zdj\u0119\u0107 cosplay, kt\u00f3re tak bardzo Ci\u0119 zainspiruj\u0105.<\/p>\n\n\n\n<p>Do\u0142\u0105cz do naszej spo\u0142eczno\u015bci i odkryj fascynuj\u0105cy \u015bwiat fotograf\u00f3w cosplay ju\u017c dzi\u015b!<\/p>","protected":false},"excerpt":{"rendered":"<p>\u00bfQui\u00e9nes son los fot\u00f3grafos de cosplay?&nbsp;Los fot\u00f3grafos de cosplay son fot\u00f3grafos especializados en capturar la esencia de los cosplayers y sus disfraces. Utilizando su habilidad&hellip;<\/p>","protected":false},"author":1,"featured_media":0,"parent":0,"menu_order":0,"comment_status":"closed","ping_status":"closed","template":"","meta":{"footnotes":""},"class_list":["post-262","page","type-page","status-publish","hentry"],"yoast_head":"<!-- This site is optimized with the Yoast SEO plugin v26.8 - https:\/\/yoast.com\/product\/yoast-seo-wordpress\/ -->\n<title>Fot\u00f3grafos de cosplay<\/title>\n<meta name=\"robots\" content=\"index, follow, max-snippet:-1, max-image-preview:large, max-video-preview:-1\" \/>\n<link rel=\"canonical\" href=\"https:\/\/otakuoshi.com\/pl\/fotografowie-cosplay\/\" \/>\n<meta property=\"og:locale\" content=\"pl_PL\" \/>\n<meta property=\"og:type\" content=\"article\" \/>\n<meta property=\"og:title\" content=\"Fot\u00f3grafos de cosplay\" \/>\n<meta property=\"og:description\" content=\"\u00bfQui\u00e9nes son los fot\u00f3grafos de cosplay?&nbsp;Los fot\u00f3grafos de cosplay son fot\u00f3grafos especializados en capturar la esencia de los cosplayers y sus disfraces. Utilizando su habilidad&hellip;\" \/>\n<meta property=\"og:url\" content=\"https:\/\/otakuoshi.com\/pl\/fotografowie-cosplay\/\" \/>\n<meta property=\"og:site_name\" content=\"OtakuOshi\" \/>\n<meta property=\"article:modified_time\" content=\"2025-07-21T10:22:55+00:00\" \/>\n<meta property=\"og:image\" content=\"https:\/\/otakuoshi.com\/wp-content\/uploads\/2025\/07\/cropped-logo.jpg\" \/>\n\t<meta property=\"og:image:width\" content=\"512\" \/>\n\t<meta property=\"og:image:height\" content=\"512\" \/>\n\t<meta property=\"og:image:type\" content=\"image\/jpeg\" \/>\n<meta name=\"twitter:card\" content=\"summary_large_image\" \/>\n<meta name=\"twitter:site\" content=\"@OtakuOshi\" \/>\n<meta name=\"twitter:label1\" content=\"Szacowany czas czytania\" \/>\n\t<meta name=\"twitter:data1\" content=\"2 minuty\" \/>\n<script type=\"application\/ld+json\" class=\"yoast-schema-graph\">{\"@context\":\"https:\/\/schema.org\",\"@graph\":[{\"@type\":\"WebPage\",\"@id\":\"https:\/\/otakuoshi.com\/fotografos-de-cosplay\/\",\"url\":\"https:\/\/otakuoshi.com\/fotografos-de-cosplay\/\",\"name\":\"Fot\u00f3grafos de cosplay\",\"isPartOf\":{\"@id\":\"https:\/\/otakuoshi.com\/#website\"},\"datePublished\":\"2025-07-21T10:22:54+00:00\",\"dateModified\":\"2025-07-21T10:22:55+00:00\",\"breadcrumb\":{\"@id\":\"https:\/\/otakuoshi.com\/fotografos-de-cosplay\/#breadcrumb\"},\"inLanguage\":\"pl-PL\",\"potentialAction\":[{\"@type\":\"ReadAction\",\"target\":[\"https:\/\/otakuoshi.com\/fotografos-de-cosplay\/\"]}]},{\"@type\":\"BreadcrumbList\",\"@id\":\"https:\/\/otakuoshi.com\/fotografos-de-cosplay\/#breadcrumb\",\"itemListElement\":[{\"@type\":\"ListItem\",\"position\":1,\"name\":\"Home\",\"item\":\"https:\/\/otakuoshi.com\/\"},{\"@type\":\"ListItem\",\"position\":2,\"name\":\"Fot\u00f3grafos de cosplay\"}]},{\"@type\":\"WebSite\",\"@id\":\"https:\/\/otakuoshi.com\/#website\",\"url\":\"https:\/\/otakuoshi.com\/\",\"name\":\"OtakuOshi\",\"description\":\"\",\"publisher\":{\"@id\":\"https:\/\/otakuoshi.com\/#organization\"},\"alternateName\":\"Otaku Oshi\",\"potentialAction\":[{\"@type\":\"SearchAction\",\"target\":{\"@type\":\"EntryPoint\",\"urlTemplate\":\"https:\/\/otakuoshi.com\/?s={search_term_string}\"},\"query-input\":{\"@type\":\"PropertyValueSpecification\",\"valueRequired\":true,\"valueName\":\"search_term_string\"}}],\"inLanguage\":\"pl-PL\"},{\"@type\":\"Organization\",\"@id\":\"https:\/\/otakuoshi.com\/#organization\",\"name\":\"OtakuOshi\",\"url\":\"https:\/\/otakuoshi.com\/\",\"logo\":{\"@type\":\"ImageObject\",\"inLanguage\":\"pl-PL\",\"@id\":\"https:\/\/otakuoshi.com\/#\/schema\/logo\/image\/\",\"url\":\"https:\/\/otakuoshi.com\/wp-content\/uploads\/2025\/07\/logo.jpg\",\"contentUrl\":\"https:\/\/otakuoshi.com\/wp-content\/uploads\/2025\/07\/logo.jpg\",\"width\":458,\"height\":164,\"caption\":\"OtakuOshi\"},\"image\":{\"@id\":\"https:\/\/otakuoshi.com\/#\/schema\/logo\/image\/\"},\"sameAs\":[\"https:\/\/x.com\/OtakuOshi\"]}]}<\/script>\n<!-- \/ Yoast SEO plugin. -->","yoast_head_json":{"title":"Fotografowie cosplay","robots":{"index":"index","follow":"follow","max-snippet":"max-snippet:-1","max-image-preview":"max-image-preview:large","max-video-preview":"max-video-preview:-1"},"canonical":"https:\/\/otakuoshi.com\/pl\/fotografowie-cosplay\/","og_locale":"pl_PL","og_type":"article","og_title":"Fot\u00f3grafos de cosplay","og_description":"\u00bfQui\u00e9nes son los fot\u00f3grafos de cosplay?&nbsp;Los fot\u00f3grafos de cosplay son fot\u00f3grafos especializados en capturar la esencia de los cosplayers y sus disfraces. Utilizando su habilidad&hellip;","og_url":"https:\/\/otakuoshi.com\/pl\/fotografowie-cosplay\/","og_site_name":"OtakuOshi","article_modified_time":"2025-07-21T10:22:55+00:00","og_image":[{"width":512,"height":512,"url":"https:\/\/otakuoshi.com\/wp-content\/uploads\/2025\/07\/cropped-logo.jpg","type":"image\/jpeg"}],"twitter_card":"summary_large_image","twitter_site":"@OtakuOshi","twitter_misc":{"Szacowany czas czytania":"2 minuty"},"schema":{"@context":"https:\/\/schema.org","@graph":[{"@type":"WebPage","@id":"https:\/\/otakuoshi.com\/fotografos-de-cosplay\/","url":"https:\/\/otakuoshi.com\/fotografos-de-cosplay\/","name":"Fotografowie cosplay","isPartOf":{"@id":"https:\/\/otakuoshi.com\/#website"},"datePublished":"2025-07-21T10:22:54+00:00","dateModified":"2025-07-21T10:22:55+00:00","breadcrumb":{"@id":"https:\/\/otakuoshi.com\/fotografos-de-cosplay\/#breadcrumb"},"inLanguage":"pl-PL","potentialAction":[{"@type":"ReadAction","target":["https:\/\/otakuoshi.com\/fotografos-de-cosplay\/"]}]},{"@type":"BreadcrumbList","@id":"https:\/\/otakuoshi.com\/fotografos-de-cosplay\/#breadcrumb","itemListElement":[{"@type":"ListItem","position":1,"name":"Home","item":"https:\/\/otakuoshi.com\/"},{"@type":"ListItem","position":2,"name":"Fot\u00f3grafos de cosplay"}]},{"@type":"WebSite","@id":"https:\/\/otakuoshi.com\/#website","url":"https:\/\/otakuoshi.com\/","name":"OtakuOshi","description":"","publisher":{"@id":"https:\/\/otakuoshi.com\/#organization"},"alternateName":"Otaku Oshi","potentialAction":[{"@type":"SearchAction","target":{"@type":"EntryPoint","urlTemplate":"https:\/\/otakuoshi.com\/?s={search_term_string}"},"query-input":{"@type":"PropertyValueSpecification","valueRequired":true,"valueName":"search_term_string"}}],"inLanguage":"pl-PL"},{"@type":"Organization","@id":"https:\/\/otakuoshi.com\/#organization","name":"OtakuOshi","url":"https:\/\/otakuoshi.com\/","logo":{"@type":"ImageObject","inLanguage":"pl-PL","@id":"https:\/\/otakuoshi.com\/#\/schema\/logo\/image\/","url":"https:\/\/otakuoshi.com\/wp-content\/uploads\/2025\/07\/logo.jpg","contentUrl":"https:\/\/otakuoshi.com\/wp-content\/uploads\/2025\/07\/logo.jpg","width":458,"height":164,"caption":"OtakuOshi"},"image":{"@id":"https:\/\/otakuoshi.com\/#\/schema\/logo\/image\/"},"sameAs":["https:\/\/x.com\/OtakuOshi"]}]}},"_links":{"self":[{"href":"https:\/\/otakuoshi.com\/pl\/wp-json\/wp\/v2\/pages\/262","targetHints":{"allow":["GET"]}}],"collection":[{"href":"https:\/\/otakuoshi.com\/pl\/wp-json\/wp\/v2\/pages"}],"about":[{"href":"https:\/\/otakuoshi.com\/pl\/wp-json\/wp\/v2\/types\/page"}],"author":[{"embeddable":true,"href":"https:\/\/otakuoshi.com\/pl\/wp-json\/wp\/v2\/users\/1"}],"replies":[{"embeddable":true,"href":"https:\/\/otakuoshi.com\/pl\/wp-json\/wp\/v2\/comments?post=262"}],"version-history":[{"count":0,"href":"https:\/\/otakuoshi.com\/pl\/wp-json\/wp\/v2\/pages\/262\/revisions"}],"wp:attachment":[{"href":"https:\/\/otakuoshi.com\/pl\/wp-json\/wp\/v2\/media?parent=262"}],"curies":[{"name":"wp","href":"https:\/\/api.w.org\/{rel}","templated":true}]}}