{"id":263,"date":"2025-07-21T10:23:37","date_gmt":"2025-07-21T10:23:37","guid":{"rendered":"https:\/\/otakuoshi.com\/?page_id=263"},"modified":"2025-07-21T10:23:39","modified_gmt":"2025-07-21T10:23:39","slug":"pisarze-fanfikow","status":"publish","type":"page","link":"https:\/\/otakuoshi.com\/pl\/pisarze-fanfikow\/","title":{"rendered":"Pisarze fanfiction"},"content":{"rendered":"<p><strong>Kim s\u0105 autorzy fanfiction?<\/strong>&nbsp;Pisarze fanfiction to pasjonaci, kt\u00f3rzy tworz\u0105 nowe historie oparte na uniwersach i postaciach z ich ulubionych anime, mangi, gier wideo i film\u00f3w. Autorzy ci bior\u0105 elementy, kt\u00f3re kochaj\u0105 i rozwijaj\u0105 je, oferuj\u0105c nowe perspektywy, alternatywne w\u0105tki i rozw\u00f3j postaci, kt\u00f3re pobudzaj\u0105 wyobra\u017ani\u0119 spo\u0142eczno\u015bci fan\u00f3w.<\/p>\n\n\n\n<p><strong>Jak pracuj\u0105 pisarze fanfik\u00f3w?<\/strong>&nbsp;Proces pracy pisarza fanfiction jest kreatywny i szczeg\u00f3\u0142owy, \u0142\u0105cz\u0105c mi\u0142o\u015b\u0107 do oryginalnego dzie\u0142a z w\u0142asn\u0105 wizj\u0105 narracyjn\u0105. Oto jak rozwijaj\u0105 swoje historie:<\/p>\n\n\n\n<ol class=\"wp-block-list\">\n<li><strong>Wyb\u00f3r uniwersum i postaci<\/strong>\u00a0Pisarze wybieraj\u0105 uniwersum i postacie, o kt\u00f3rych chc\u0105 pisa\u0107. Opiera si\u0119 to na ich osobistych powi\u0105zaniach i zainteresowaniu odkrywaniem nowych historii w tym \u015bwiecie.<\/li>\n\n\n\n<li><strong>Rozw\u00f3j dzia\u0142ki<\/strong>\u00a0Stw\u00f3rz fabu\u0142\u0119, kt\u00f3ra mo\u017ce obejmowa\u0107 zar\u00f3wno ma\u0142e winiety z codziennego \u017cycia bohater\u00f3w, jak i epickie alternatywne sagi. Fabu\u0142a mo\u017ce zawiera\u0107 oryginalne elementy lub reinterpretowa\u0107 wydarzenia z oryginalnego dzie\u0142a.<\/li>\n\n\n\n<li><strong>Tworzenie szkic\u00f3w postaci<\/strong>\u00a0Chocia\u017c postacie ju\u017c istniej\u0105, autorzy fanfiction cz\u0119sto rozwijaj\u0105 g\u0142\u0119bsze szkice postaci, badaj\u0105c ich motywacje, emocje i t\u0142a bardziej szczeg\u00f3\u0142owo.<\/li>\n\n\n\n<li><strong>Pisanie wst\u0119pnej wersji roboczej<\/strong>\u00a0Pisarze rozpoczynaj\u0105 pisanie wst\u0119pnego szkicu swojego fanfiction. Proces ten mo\u017ce by\u0107 p\u0142ynny lub zaplanowany, w zale\u017cno\u015bci od stylu autora. Wa\u017cn\u0105 rzecz\u0105 jest uchwycenie esencji postaci i wszech\u015bwiata w miar\u0119 rozwoju nowej historii.<\/li>\n\n\n\n<li><strong>Korekta i edycja<\/strong>\u00a0Po uko\u0144czeniu wst\u0119pnego szkicu pisarze poprawiaj\u0105 i edytuj\u0105 swoj\u0105 prac\u0119. Mo\u017ce to obejmowa\u0107 korekt\u0119 b\u0142\u0119d\u00f3w gramatycznych, popraw\u0119 sp\u00f3jno\u015bci narracji oraz dostosowanie dialog\u00f3w i opis\u00f3w.<\/li>\n\n\n\n<li><strong>Informacje zwrotne i czytanie wersji beta<\/strong>\u00a0Wielu pisarzy fanfiction dzieli si\u0119 swoimi szkicami z beta czytelnikami (czytelnikami testowymi), kt\u00f3rzy oferuj\u0105 opinie i sugestie dotycz\u0105ce ulepszenia historii. Ten krok jest kluczowy dla dopracowania ostatecznego dzie\u0142a.<\/li>\n\n\n\n<li><strong>Publikacja i udost\u0119pnianie<\/strong>\u00a0Pisarze publikuj\u0105 swoje fanfiction na dedykowanych platformach internetowych, takich jak Archive of Our Own (AO3), FanFiction.net i Wattpad. Dziel\u0105 si\u0119 r\u00f3wnie\u017c swoimi historiami w mediach spo\u0142eczno\u015bciowych i na forach fanowskich, aby dotrze\u0107 do szerszej publiczno\u015bci.<\/li>\n<\/ol>\n\n\n\n<p><strong>Po\u0142\u0105cz si\u0119 ze swoimi ulubionymi pisarzami fanfiction<\/strong>&nbsp;Na naszej platformie mo\u017cesz \u0142\u0105czy\u0107 si\u0119 bezpo\u015brednio z pisarzami fanfiction, kt\u00f3rych kochasz. Uzyskaj dost\u0119p do ekskluzywnych tre\u015bci, w tym niepublikowanych rozdzia\u0142\u00f3w, notatek autor\u00f3w i zakulisowych proces\u00f3w pisania. Wspieraj ich tw\u00f3rczo\u015b\u0107 i b\u0105d\u017a cz\u0119\u015bci\u0105 ich kreatywnej podr\u00f3\u017cy. Dzi\u0119ki subskrypcji mo\u017cesz cieszy\u0107 si\u0119 uprzywilejowanym dost\u0119pem do ich historii i pomaga\u0107 im w dalszym tworzeniu wci\u0105gaj\u0105cych narracji, kt\u00f3re tak bardzo lubisz.<\/p>","protected":false},"excerpt":{"rendered":"<p>\u00bfQui\u00e9nes son los Escritores de Fanfiction?&nbsp;Los escritores de fanfiction son narradores apasionados que crean nuevas historias basadas en los universos y personajes de sus animes,&hellip;<\/p>","protected":false},"author":1,"featured_media":0,"parent":0,"menu_order":0,"comment_status":"closed","ping_status":"closed","template":"","meta":{"footnotes":""},"class_list":["post-263","page","type-page","status-publish","hentry"],"yoast_head":"<!-- This site is optimized with the Yoast SEO plugin v26.8 - https:\/\/yoast.com\/product\/yoast-seo-wordpress\/ -->\n<title>Escritores de fanfiction<\/title>\n<meta name=\"robots\" content=\"index, follow, max-snippet:-1, max-image-preview:large, max-video-preview:-1\" \/>\n<link rel=\"canonical\" href=\"https:\/\/otakuoshi.com\/pl\/pisarze-fanfikow\/\" \/>\n<meta property=\"og:locale\" content=\"pl_PL\" \/>\n<meta property=\"og:type\" content=\"article\" \/>\n<meta property=\"og:title\" content=\"Escritores de fanfiction\" \/>\n<meta property=\"og:description\" content=\"\u00bfQui\u00e9nes son los Escritores de Fanfiction?&nbsp;Los escritores de fanfiction son narradores apasionados que crean nuevas historias basadas en los universos y personajes de sus animes,&hellip;\" \/>\n<meta property=\"og:url\" content=\"https:\/\/otakuoshi.com\/pl\/pisarze-fanfikow\/\" \/>\n<meta property=\"og:site_name\" content=\"OtakuOshi\" \/>\n<meta property=\"article:modified_time\" content=\"2025-07-21T10:23:39+00:00\" \/>\n<meta property=\"og:image\" content=\"https:\/\/otakuoshi.com\/wp-content\/uploads\/2025\/07\/cropped-logo.jpg\" \/>\n\t<meta property=\"og:image:width\" content=\"512\" \/>\n\t<meta property=\"og:image:height\" content=\"512\" \/>\n\t<meta property=\"og:image:type\" content=\"image\/jpeg\" \/>\n<meta name=\"twitter:card\" content=\"summary_large_image\" \/>\n<meta name=\"twitter:site\" content=\"@OtakuOshi\" \/>\n<meta name=\"twitter:label1\" content=\"Szacowany czas czytania\" \/>\n\t<meta name=\"twitter:data1\" content=\"2 minuty\" \/>\n<script type=\"application\/ld+json\" class=\"yoast-schema-graph\">{\"@context\":\"https:\/\/schema.org\",\"@graph\":[{\"@type\":\"WebPage\",\"@id\":\"https:\/\/otakuoshi.com\/escritores-de-fanfiction\/\",\"url\":\"https:\/\/otakuoshi.com\/escritores-de-fanfiction\/\",\"name\":\"Escritores de fanfiction\",\"isPartOf\":{\"@id\":\"https:\/\/otakuoshi.com\/#website\"},\"datePublished\":\"2025-07-21T10:23:37+00:00\",\"dateModified\":\"2025-07-21T10:23:39+00:00\",\"breadcrumb\":{\"@id\":\"https:\/\/otakuoshi.com\/escritores-de-fanfiction\/#breadcrumb\"},\"inLanguage\":\"pl-PL\",\"potentialAction\":[{\"@type\":\"ReadAction\",\"target\":[\"https:\/\/otakuoshi.com\/escritores-de-fanfiction\/\"]}]},{\"@type\":\"BreadcrumbList\",\"@id\":\"https:\/\/otakuoshi.com\/escritores-de-fanfiction\/#breadcrumb\",\"itemListElement\":[{\"@type\":\"ListItem\",\"position\":1,\"name\":\"Home\",\"item\":\"https:\/\/otakuoshi.com\/\"},{\"@type\":\"ListItem\",\"position\":2,\"name\":\"Escritores de fanfiction\"}]},{\"@type\":\"WebSite\",\"@id\":\"https:\/\/otakuoshi.com\/#website\",\"url\":\"https:\/\/otakuoshi.com\/\",\"name\":\"OtakuOshi\",\"description\":\"\",\"publisher\":{\"@id\":\"https:\/\/otakuoshi.com\/#organization\"},\"alternateName\":\"Otaku Oshi\",\"potentialAction\":[{\"@type\":\"SearchAction\",\"target\":{\"@type\":\"EntryPoint\",\"urlTemplate\":\"https:\/\/otakuoshi.com\/?s={search_term_string}\"},\"query-input\":{\"@type\":\"PropertyValueSpecification\",\"valueRequired\":true,\"valueName\":\"search_term_string\"}}],\"inLanguage\":\"pl-PL\"},{\"@type\":\"Organization\",\"@id\":\"https:\/\/otakuoshi.com\/#organization\",\"name\":\"OtakuOshi\",\"url\":\"https:\/\/otakuoshi.com\/\",\"logo\":{\"@type\":\"ImageObject\",\"inLanguage\":\"pl-PL\",\"@id\":\"https:\/\/otakuoshi.com\/#\/schema\/logo\/image\/\",\"url\":\"https:\/\/otakuoshi.com\/wp-content\/uploads\/2025\/07\/logo.jpg\",\"contentUrl\":\"https:\/\/otakuoshi.com\/wp-content\/uploads\/2025\/07\/logo.jpg\",\"width\":458,\"height\":164,\"caption\":\"OtakuOshi\"},\"image\":{\"@id\":\"https:\/\/otakuoshi.com\/#\/schema\/logo\/image\/\"},\"sameAs\":[\"https:\/\/x.com\/OtakuOshi\"]}]}<\/script>\n<!-- \/ Yoast SEO plugin. -->","yoast_head_json":{"title":"Pisarze fanfiction","robots":{"index":"index","follow":"follow","max-snippet":"max-snippet:-1","max-image-preview":"max-image-preview:large","max-video-preview":"max-video-preview:-1"},"canonical":"https:\/\/otakuoshi.com\/pl\/pisarze-fanfikow\/","og_locale":"pl_PL","og_type":"article","og_title":"Escritores de fanfiction","og_description":"\u00bfQui\u00e9nes son los Escritores de Fanfiction?&nbsp;Los escritores de fanfiction son narradores apasionados que crean nuevas historias basadas en los universos y personajes de sus animes,&hellip;","og_url":"https:\/\/otakuoshi.com\/pl\/pisarze-fanfikow\/","og_site_name":"OtakuOshi","article_modified_time":"2025-07-21T10:23:39+00:00","og_image":[{"width":512,"height":512,"url":"https:\/\/otakuoshi.com\/wp-content\/uploads\/2025\/07\/cropped-logo.jpg","type":"image\/jpeg"}],"twitter_card":"summary_large_image","twitter_site":"@OtakuOshi","twitter_misc":{"Szacowany czas czytania":"2 minuty"},"schema":{"@context":"https:\/\/schema.org","@graph":[{"@type":"WebPage","@id":"https:\/\/otakuoshi.com\/escritores-de-fanfiction\/","url":"https:\/\/otakuoshi.com\/escritores-de-fanfiction\/","name":"Pisarze fanfiction","isPartOf":{"@id":"https:\/\/otakuoshi.com\/#website"},"datePublished":"2025-07-21T10:23:37+00:00","dateModified":"2025-07-21T10:23:39+00:00","breadcrumb":{"@id":"https:\/\/otakuoshi.com\/escritores-de-fanfiction\/#breadcrumb"},"inLanguage":"pl-PL","potentialAction":[{"@type":"ReadAction","target":["https:\/\/otakuoshi.com\/escritores-de-fanfiction\/"]}]},{"@type":"BreadcrumbList","@id":"https:\/\/otakuoshi.com\/escritores-de-fanfiction\/#breadcrumb","itemListElement":[{"@type":"ListItem","position":1,"name":"Home","item":"https:\/\/otakuoshi.com\/"},{"@type":"ListItem","position":2,"name":"Escritores de fanfiction"}]},{"@type":"WebSite","@id":"https:\/\/otakuoshi.com\/#website","url":"https:\/\/otakuoshi.com\/","name":"OtakuOshi","description":"","publisher":{"@id":"https:\/\/otakuoshi.com\/#organization"},"alternateName":"Otaku Oshi","potentialAction":[{"@type":"SearchAction","target":{"@type":"EntryPoint","urlTemplate":"https:\/\/otakuoshi.com\/?s={search_term_string}"},"query-input":{"@type":"PropertyValueSpecification","valueRequired":true,"valueName":"search_term_string"}}],"inLanguage":"pl-PL"},{"@type":"Organization","@id":"https:\/\/otakuoshi.com\/#organization","name":"OtakuOshi","url":"https:\/\/otakuoshi.com\/","logo":{"@type":"ImageObject","inLanguage":"pl-PL","@id":"https:\/\/otakuoshi.com\/#\/schema\/logo\/image\/","url":"https:\/\/otakuoshi.com\/wp-content\/uploads\/2025\/07\/logo.jpg","contentUrl":"https:\/\/otakuoshi.com\/wp-content\/uploads\/2025\/07\/logo.jpg","width":458,"height":164,"caption":"OtakuOshi"},"image":{"@id":"https:\/\/otakuoshi.com\/#\/schema\/logo\/image\/"},"sameAs":["https:\/\/x.com\/OtakuOshi"]}]}},"_links":{"self":[{"href":"https:\/\/otakuoshi.com\/pl\/wp-json\/wp\/v2\/pages\/263","targetHints":{"allow":["GET"]}}],"collection":[{"href":"https:\/\/otakuoshi.com\/pl\/wp-json\/wp\/v2\/pages"}],"about":[{"href":"https:\/\/otakuoshi.com\/pl\/wp-json\/wp\/v2\/types\/page"}],"author":[{"embeddable":true,"href":"https:\/\/otakuoshi.com\/pl\/wp-json\/wp\/v2\/users\/1"}],"replies":[{"embeddable":true,"href":"https:\/\/otakuoshi.com\/pl\/wp-json\/wp\/v2\/comments?post=263"}],"version-history":[{"count":0,"href":"https:\/\/otakuoshi.com\/pl\/wp-json\/wp\/v2\/pages\/263\/revisions"}],"wp:attachment":[{"href":"https:\/\/otakuoshi.com\/pl\/wp-json\/wp\/v2\/media?parent=263"}],"curies":[{"name":"wp","href":"https:\/\/api.w.org\/{rel}","templated":true}]}}