{"id":265,"date":"2025-07-21T10:21:48","date_gmt":"2025-07-21T10:21:48","guid":{"rendered":"https:\/\/otakuoshi.com\/?page_id=265"},"modified":"2025-07-21T10:21:49","modified_gmt":"2025-07-21T10:21:49","slug":"fanart","status":"publish","type":"page","link":"https:\/\/otakuoshi.com\/pl\/fanart\/","title":{"rendered":"Fanart"},"content":{"rendered":"<p><strong>Kim s\u0105 tw\u00f3rcy fanart\u00f3w?<\/strong>&nbsp;Tw\u00f3rcy fanart\u00f3w to utalentowani arty\u015bci, kt\u00f3rzy reinterpretuj\u0105 postacie i sceny ze swoich ulubionych anime, mangi, gier wideo i film\u00f3w. Wykorzystuj\u0105c swoj\u0105 kreatywno\u015b\u0107 i umiej\u0119tno\u015bci, arty\u015bci ci nadaj\u0105 w\u0142asny, niepowtarzalny charakter postaciom i \u015bwiatom, kt\u00f3re kochaj\u0105, tworz\u0105c dzie\u0142a sztuki, kt\u00f3re g\u0142\u0119boko rezonuj\u0105 ze spo\u0142eczno\u015bci\u0105 fan\u00f3w.<\/p>\n\n\n\n<p><strong>Jak pracuj\u0105 tw\u00f3rcy fanart\u00f3w?<\/strong>&nbsp;Proces pracy tw\u00f3rcy fanart\u00f3w jest zar\u00f3wno pasjonuj\u0105cy, jak i techniczny. Tutaj pokazujemy, jak rozwija swoj\u0105 sztuk\u0119:<\/p>\n\n\n\n<ol class=\"wp-block-list\">\n<li><strong>Wyb\u00f3r tematu<\/strong>\u00a0Tw\u00f3rcy fanart\u00f3w wybieraj\u0105 swoje ulubione postacie i sceny jako temat swoich prac. Wyb\u00f3r ten cz\u0119sto opiera si\u0119 na ich osobistym zwi\u0105zku z dan\u0105 postaci\u0105 lub serialem.<\/li>\n\n\n\n<li><strong>Badania i referencje<\/strong>\u00a0Przed rozpocz\u0119ciem rysowania arty\u015bci zbieraj\u0105 odniesienia wizualne, aby upewni\u0107 si\u0119, \u017ce dok\u0142adnie uchwycili szczeg\u00f3\u0142y postaci lub sceny, kt\u00f3r\u0105 odtwarzaj\u0105.<\/li>\n\n\n\n<li><strong>Szkicowanie<\/strong>\u00a0Zaczynaj\u0105 od wst\u0119pnych szkic\u00f3w, ustalaj\u0105c kompozycj\u0119 i pozy. Te wst\u0119pne szkice maj\u0105 kluczowe znaczenie dla planowania projektu i przebiegu utworu.<\/li>\n\n\n\n<li><strong>Rysunek szczeg\u00f3\u0142owy<\/strong>\u00a0Gdy s\u0105 zadowoleni ze szkicu, tw\u00f3rcy przechodz\u0105 do bardziej szczeg\u00f3\u0142owego rysowania. Dodaj\u0105 precyzyjne linie i zaczynaj\u0105 kszta\u0142towa\u0107 postacie i elementy dzie\u0142a.<\/li>\n\n\n\n<li><strong>Tusz i grafika liniowa<\/strong>\u00a0Na tym etapie arty\u015bci tuszuj\u0105 swoje rysunki, definiuj\u0105c linie i upewniaj\u0105c si\u0119, \u017ce ka\u017cdy szczeg\u00f3\u0142 jest wyra\u017any i ostry. Proces ten dodaje definicji i kontrastu do pracy.<\/li>\n\n\n\n<li><strong>Kolorystyka i odcienie<\/strong>\u00a0Tw\u00f3rcy fanart\u00f3w u\u017cywaj\u0105 r\u00f3\u017cnych technik do kolorowania swoich prac, od akwareli po narz\u0119dzia cyfrowe. Dodaj\u0105 cienie i \u015bwiat\u0142a, aby nada\u0107 g\u0142\u0119bi\u0119 i realizm postaciom i scenom.<\/li>\n\n\n\n<li><strong>Ostateczne szczeg\u00f3\u0142y i tekstury<\/strong>\u00a0Dodaj wyko\u0144czenia, takie jak tekstury i efekty specjalne, kt\u00f3re mog\u0105 obejmowa\u0107 brokat, odbicia i inne elementy wzbogacaj\u0105ce grafik\u0119.<\/li>\n\n\n\n<li><strong>Publikacja i udost\u0119pnianie<\/strong>\u00a0Po uko\u0144czeniu dzie\u0142a arty\u015bci publikuj\u0105 je na platformach internetowych i w mediach spo\u0142eczno\u015bciowych, dziel\u0105c si\u0119 swoj\u0105 tw\u00f3rczo\u015bci\u0105 ze spo\u0142eczno\u015bci\u0105 fan\u00f3w oraz otrzymuj\u0105c opinie i wsparcie.<\/li>\n<\/ol>\n\n\n\n<p><strong>Po\u0142\u0105cz si\u0119 ze swoimi ulubionymi tw\u00f3rcami fanart\u00f3w<\/strong>&nbsp;Na naszej platformie mo\u017cesz \u0142\u0105czy\u0107 si\u0119 bezpo\u015brednio z tw\u00f3rcami fanart\u00f3w, kt\u00f3rych podziwiasz. Uzyskaj dost\u0119p do ekskluzywnych tre\u015bci, takich jak samouczki, procesy tworzenia i niepublikowane prace. Wspieraj ich sztuk\u0119 i b\u0105d\u017a cz\u0119\u015bci\u0105 ich tw\u00f3rczej podr\u00f3\u017cy. Dzi\u0119ki subskrypcji mo\u017cesz cieszy\u0107 si\u0119 uprzywilejowanym dost\u0119pem do ich prac i pomaga\u0107 im w dalszym tworzeniu wspania\u0142ych fanart\u00f3w, kt\u00f3re tak cenisz.<\/p>\n\n\n\n<p>Do\u0142\u0105cz do naszej spo\u0142eczno\u015bci i odkryj fascynuj\u0105cy \u015bwiat tw\u00f3rc\u00f3w fanart\u00f3w ju\u017c dzi\u015b!<\/p>","protected":false},"excerpt":{"rendered":"<p>\u00bfQuienes son los Creadores de Fanart?&nbsp;Los creadores de fanart son artistas talentosos que reinterpretan personajes y escenas de sus animes, mangas, videojuegos y pel\u00edculas favoritas.&hellip;<\/p>","protected":false},"author":1,"featured_media":0,"parent":0,"menu_order":0,"comment_status":"closed","ping_status":"closed","template":"","meta":{"footnotes":""},"class_list":["post-265","page","type-page","status-publish","hentry"],"yoast_head":"<!-- This site is optimized with the Yoast SEO plugin v26.8 - https:\/\/yoast.com\/product\/yoast-seo-wordpress\/ -->\n<title>Fanart<\/title>\n<meta name=\"robots\" content=\"index, follow, max-snippet:-1, max-image-preview:large, max-video-preview:-1\" \/>\n<link rel=\"canonical\" href=\"https:\/\/otakuoshi.com\/pl\/fanart\/\" \/>\n<meta property=\"og:locale\" content=\"pl_PL\" \/>\n<meta property=\"og:type\" content=\"article\" \/>\n<meta property=\"og:title\" content=\"Fanart\" \/>\n<meta property=\"og:description\" content=\"\u00bfQuienes son los Creadores de Fanart?&nbsp;Los creadores de fanart son artistas talentosos que reinterpretan personajes y escenas de sus animes, mangas, videojuegos y pel\u00edculas favoritas.&hellip;\" \/>\n<meta property=\"og:url\" content=\"https:\/\/otakuoshi.com\/pl\/fanart\/\" \/>\n<meta property=\"og:site_name\" content=\"OtakuOshi\" \/>\n<meta property=\"article:modified_time\" content=\"2025-07-21T10:21:49+00:00\" \/>\n<meta property=\"og:image\" content=\"https:\/\/otakuoshi.com\/wp-content\/uploads\/2025\/07\/cropped-logo.jpg\" \/>\n\t<meta property=\"og:image:width\" content=\"512\" \/>\n\t<meta property=\"og:image:height\" content=\"512\" \/>\n\t<meta property=\"og:image:type\" content=\"image\/jpeg\" \/>\n<meta name=\"twitter:card\" content=\"summary_large_image\" \/>\n<meta name=\"twitter:site\" content=\"@OtakuOshi\" \/>\n<meta name=\"twitter:label1\" content=\"Szacowany czas czytania\" \/>\n\t<meta name=\"twitter:data1\" content=\"2 minuty\" \/>\n<script type=\"application\/ld+json\" class=\"yoast-schema-graph\">{\"@context\":\"https:\/\/schema.org\",\"@graph\":[{\"@type\":\"WebPage\",\"@id\":\"https:\/\/otakuoshi.com\/fanart\/\",\"url\":\"https:\/\/otakuoshi.com\/fanart\/\",\"name\":\"Fanart\",\"isPartOf\":{\"@id\":\"https:\/\/otakuoshi.com\/#website\"},\"datePublished\":\"2025-07-21T10:21:48+00:00\",\"dateModified\":\"2025-07-21T10:21:49+00:00\",\"breadcrumb\":{\"@id\":\"https:\/\/otakuoshi.com\/fanart\/#breadcrumb\"},\"inLanguage\":\"pl-PL\",\"potentialAction\":[{\"@type\":\"ReadAction\",\"target\":[\"https:\/\/otakuoshi.com\/fanart\/\"]}]},{\"@type\":\"BreadcrumbList\",\"@id\":\"https:\/\/otakuoshi.com\/fanart\/#breadcrumb\",\"itemListElement\":[{\"@type\":\"ListItem\",\"position\":1,\"name\":\"Home\",\"item\":\"https:\/\/otakuoshi.com\/\"},{\"@type\":\"ListItem\",\"position\":2,\"name\":\"Fanart\"}]},{\"@type\":\"WebSite\",\"@id\":\"https:\/\/otakuoshi.com\/#website\",\"url\":\"https:\/\/otakuoshi.com\/\",\"name\":\"OtakuOshi\",\"description\":\"\",\"publisher\":{\"@id\":\"https:\/\/otakuoshi.com\/#organization\"},\"alternateName\":\"Otaku Oshi\",\"potentialAction\":[{\"@type\":\"SearchAction\",\"target\":{\"@type\":\"EntryPoint\",\"urlTemplate\":\"https:\/\/otakuoshi.com\/?s={search_term_string}\"},\"query-input\":{\"@type\":\"PropertyValueSpecification\",\"valueRequired\":true,\"valueName\":\"search_term_string\"}}],\"inLanguage\":\"pl-PL\"},{\"@type\":\"Organization\",\"@id\":\"https:\/\/otakuoshi.com\/#organization\",\"name\":\"OtakuOshi\",\"url\":\"https:\/\/otakuoshi.com\/\",\"logo\":{\"@type\":\"ImageObject\",\"inLanguage\":\"pl-PL\",\"@id\":\"https:\/\/otakuoshi.com\/#\/schema\/logo\/image\/\",\"url\":\"https:\/\/otakuoshi.com\/wp-content\/uploads\/2025\/07\/logo.jpg\",\"contentUrl\":\"https:\/\/otakuoshi.com\/wp-content\/uploads\/2025\/07\/logo.jpg\",\"width\":458,\"height\":164,\"caption\":\"OtakuOshi\"},\"image\":{\"@id\":\"https:\/\/otakuoshi.com\/#\/schema\/logo\/image\/\"},\"sameAs\":[\"https:\/\/x.com\/OtakuOshi\"]}]}<\/script>\n<!-- \/ Yoast SEO plugin. -->","yoast_head_json":{"title":"Fanart","robots":{"index":"index","follow":"follow","max-snippet":"max-snippet:-1","max-image-preview":"max-image-preview:large","max-video-preview":"max-video-preview:-1"},"canonical":"https:\/\/otakuoshi.com\/pl\/fanart\/","og_locale":"pl_PL","og_type":"article","og_title":"Fanart","og_description":"\u00bfQuienes son los Creadores de Fanart?&nbsp;Los creadores de fanart son artistas talentosos que reinterpretan personajes y escenas de sus animes, mangas, videojuegos y pel\u00edculas favoritas.&hellip;","og_url":"https:\/\/otakuoshi.com\/pl\/fanart\/","og_site_name":"OtakuOshi","article_modified_time":"2025-07-21T10:21:49+00:00","og_image":[{"width":512,"height":512,"url":"https:\/\/otakuoshi.com\/wp-content\/uploads\/2025\/07\/cropped-logo.jpg","type":"image\/jpeg"}],"twitter_card":"summary_large_image","twitter_site":"@OtakuOshi","twitter_misc":{"Szacowany czas czytania":"2 minuty"},"schema":{"@context":"https:\/\/schema.org","@graph":[{"@type":"WebPage","@id":"https:\/\/otakuoshi.com\/fanart\/","url":"https:\/\/otakuoshi.com\/fanart\/","name":"Fanart","isPartOf":{"@id":"https:\/\/otakuoshi.com\/#website"},"datePublished":"2025-07-21T10:21:48+00:00","dateModified":"2025-07-21T10:21:49+00:00","breadcrumb":{"@id":"https:\/\/otakuoshi.com\/fanart\/#breadcrumb"},"inLanguage":"pl-PL","potentialAction":[{"@type":"ReadAction","target":["https:\/\/otakuoshi.com\/fanart\/"]}]},{"@type":"BreadcrumbList","@id":"https:\/\/otakuoshi.com\/fanart\/#breadcrumb","itemListElement":[{"@type":"ListItem","position":1,"name":"Home","item":"https:\/\/otakuoshi.com\/"},{"@type":"ListItem","position":2,"name":"Fanart"}]},{"@type":"WebSite","@id":"https:\/\/otakuoshi.com\/#website","url":"https:\/\/otakuoshi.com\/","name":"OtakuOshi","description":"","publisher":{"@id":"https:\/\/otakuoshi.com\/#organization"},"alternateName":"Otaku Oshi","potentialAction":[{"@type":"SearchAction","target":{"@type":"EntryPoint","urlTemplate":"https:\/\/otakuoshi.com\/?s={search_term_string}"},"query-input":{"@type":"PropertyValueSpecification","valueRequired":true,"valueName":"search_term_string"}}],"inLanguage":"pl-PL"},{"@type":"Organization","@id":"https:\/\/otakuoshi.com\/#organization","name":"OtakuOshi","url":"https:\/\/otakuoshi.com\/","logo":{"@type":"ImageObject","inLanguage":"pl-PL","@id":"https:\/\/otakuoshi.com\/#\/schema\/logo\/image\/","url":"https:\/\/otakuoshi.com\/wp-content\/uploads\/2025\/07\/logo.jpg","contentUrl":"https:\/\/otakuoshi.com\/wp-content\/uploads\/2025\/07\/logo.jpg","width":458,"height":164,"caption":"OtakuOshi"},"image":{"@id":"https:\/\/otakuoshi.com\/#\/schema\/logo\/image\/"},"sameAs":["https:\/\/x.com\/OtakuOshi"]}]}},"_links":{"self":[{"href":"https:\/\/otakuoshi.com\/pl\/wp-json\/wp\/v2\/pages\/265","targetHints":{"allow":["GET"]}}],"collection":[{"href":"https:\/\/otakuoshi.com\/pl\/wp-json\/wp\/v2\/pages"}],"about":[{"href":"https:\/\/otakuoshi.com\/pl\/wp-json\/wp\/v2\/types\/page"}],"author":[{"embeddable":true,"href":"https:\/\/otakuoshi.com\/pl\/wp-json\/wp\/v2\/users\/1"}],"replies":[{"embeddable":true,"href":"https:\/\/otakuoshi.com\/pl\/wp-json\/wp\/v2\/comments?post=265"}],"version-history":[{"count":0,"href":"https:\/\/otakuoshi.com\/pl\/wp-json\/wp\/v2\/pages\/265\/revisions"}],"wp:attachment":[{"href":"https:\/\/otakuoshi.com\/pl\/wp-json\/wp\/v2\/media?parent=265"}],"curies":[{"name":"wp","href":"https:\/\/api.w.org\/{rel}","templated":true}]}}