{"id":272,"date":"2025-07-21T10:24:30","date_gmt":"2025-07-21T10:24:30","guid":{"rendered":"https:\/\/otakuoshi.com\/?page_id=272"},"modified":"2025-07-21T10:24:32","modified_gmt":"2025-07-21T10:24:32","slug":"autorzy-dojinshi","status":"publish","type":"page","link":"https:\/\/otakuoshi.com\/pl\/autorzy-dojinshi\/","title":{"rendered":"Autorzy D\u014djinshi"},"content":{"rendered":"<p><strong>Kim s\u0105 autorzy D\u014djinshi?<\/strong>&nbsp;Autorzy D\u014djinshi to tw\u00f3rcy, kt\u00f3rzy tworz\u0105 samodzielnie publikowane mangi, cz\u0119sto oparte na popularnych seriach anime, mangach i grach wideo. Ci pe\u0142ni pasji arty\u015bci bior\u0105 znane postacie i uniwersa i tworz\u0105 nowe historie, eksploruj\u0105c alternatywne w\u0105tki, zag\u0142\u0119biaj\u0105c si\u0119 w postacie drugoplanowe lub po prostu oferuj\u0105c w\u0142asn\u0105 wizj\u0119 i styl narracji.<\/p>\n\n\n\n<p><strong>Jak dzia\u0142aj\u0105 autorzy D\u014djinshi?<\/strong>&nbsp;Proces pracy autora d\u014djinshi to po\u0142\u0105czenie kreatywno\u015bci, samodyscypliny i g\u0142\u0119bokiej mi\u0142o\u015bci do oryginalnego materia\u0142u. Poni\u017cej przedstawiamy ich proces:<\/p>\n\n\n\n<ol class=\"wp-block-list\">\n<li><strong>Wyb\u00f3r motywu i postaci<\/strong>\u00a0Autorzy wybieraj\u0105 uniwersum i postacie, o kt\u00f3rych chc\u0105 pisa\u0107. Wyb\u00f3r opiera si\u0119 na ich osobistych sympatiach i historiach, kt\u00f3re chc\u0105 odkrywa\u0107 w tym kontek\u015bcie.<\/li>\n\n\n\n<li><strong>Rozw\u00f3j dzia\u0142ki<\/strong>\u00a0Stw\u00f3rz fabu\u0142\u0119, kt\u00f3ra mo\u017ce obejmowa\u0107 zar\u00f3wno kr\u00f3tkie historie, jak i ca\u0142e sagi. Fabu\u0142a mo\u017ce oferowa\u0107 nowe perspektywy, bada\u0107 relacje nierozwini\u0119te w oryginalnym dziele lub wprowadza\u0107 zupe\u0142nie nowe przygody.<\/li>\n\n\n\n<li><strong>Storyboarding<\/strong>\u00a0Przed rozpocz\u0119ciem rysowania autorzy tworz\u0105 storyboard lub scenorys. Ten krok pomaga im zaplanowa\u0107 wizualn\u0105 narracj\u0119 i zapewni\u0107 sp\u00f3jny przep\u0142yw historii.<\/li>\n\n\n\n<li><strong>Rysunek i tusz<\/strong>\u00a0Autorzy d\u014djinshi rysuj\u0105 i tuszuj\u0105 ka\u017cd\u0105 stron\u0119, upewniaj\u0105c si\u0119, \u017ce grafika jest sp\u00f3jna i atrakcyjna. Proces ten mo\u017ce by\u0107 r\u0119czny lub cyfrowy, w zale\u017cno\u015bci od preferencji autora.<\/li>\n\n\n\n<li><strong>Korekta i edycja<\/strong>\u00a0Po narysowaniu sprawdzaj\u0105 swoj\u0105 prac\u0119, aby poprawi\u0107 b\u0142\u0119dy i poprawi\u0107 jako\u015b\u0107 grafiki i narracji. Edycja ma kluczowe znaczenie dla zapewnienia, \u017ce d\u014djinshi spe\u0142nia ich standardy jako\u015bci.<\/li>\n\n\n\n<li><strong>Publikacja i dystrybucja<\/strong>\u00a0Po uko\u0144czeniu, d\u014djinshi s\u0105 samodzielnie publikowane i dystrybuowane. Autorzy mog\u0105 sprzedawa\u0107 swoje prace na konwentach mangi i anime, za po\u015brednictwem sklep\u00f3w internetowych lub platform dystrybucji cyfrowej.<\/li>\n\n\n\n<li><strong>Interakcja ze spo\u0142eczno\u015bci\u0105<\/strong>\u00a0Autorzy d\u014djinshi udost\u0119pniaj\u0105 swoje prace w mediach spo\u0142eczno\u015bciowych i na forach, wchodz\u0105c w interakcje z innymi fanami i otrzymuj\u0105c opinie. Interakcja ta jest niezb\u0119dna do budowania bazy fan\u00f3w i ci\u0105g\u0142ego doskonalenia swojej sztuki.<\/li>\n<\/ol>\n\n\n\n<p><strong>Po\u0142\u0105cz si\u0119 ze swoimi ulubionymi autorami D\u014djinshi<\/strong>&nbsp;Na naszej platformie mo\u017cesz \u0142\u0105czy\u0107 si\u0119 bezpo\u015brednio z autorami d\u014djinshi, kt\u00f3rych kochasz. Uzyskaj dost\u0119p do ekskluzywnych tre\u015bci, takich jak niepublikowane rozdzia\u0142y, procesy tworzenia i notatki autor\u00f3w. Wspieraj ich sztuk\u0119 i b\u0105d\u017a cz\u0119\u015bci\u0105 ich tw\u00f3rczej podr\u00f3\u017cy. Dzi\u0119ki subskrypcji mo\u017cesz cieszy\u0107 si\u0119 uprzywilejowanym dost\u0119pem do ich prac i pomaga\u0107 im w dalszym tworzeniu historii, kt\u00f3re tak bardzo lubisz.<\/p>\n\n\n\n<p>Do\u0142\u0105cz do naszej spo\u0142eczno\u015bci i odkryj fascynuj\u0105cy \u015bwiat autor\u00f3w d\u014djinshi ju\u017c dzi\u015b!<\/p>","protected":false},"excerpt":{"rendered":"<p>\u00bfQui\u00e9n son los D\u014djinshi Autores?&nbsp;Los d\u014djinshi autores son creadores que producen mangas autoeditados, a menudo basados en series populares de anime, manga y videojuegos. Estos&hellip;<\/p>","protected":false},"author":1,"featured_media":0,"parent":0,"menu_order":0,"comment_status":"closed","ping_status":"closed","template":"","meta":{"footnotes":""},"class_list":["post-272","page","type-page","status-publish","hentry"],"yoast_head":"<!-- This site is optimized with the Yoast SEO plugin v26.8 - https:\/\/yoast.com\/product\/yoast-seo-wordpress\/ -->\n<title>Autores de D\u014djinshi<\/title>\n<meta name=\"robots\" content=\"index, follow, max-snippet:-1, max-image-preview:large, max-video-preview:-1\" \/>\n<link rel=\"canonical\" href=\"https:\/\/otakuoshi.com\/pl\/autorzy-dojinshi\/\" \/>\n<meta property=\"og:locale\" content=\"pl_PL\" \/>\n<meta property=\"og:type\" content=\"article\" \/>\n<meta property=\"og:title\" content=\"Autores de D\u014djinshi\" \/>\n<meta property=\"og:description\" content=\"\u00bfQui\u00e9n son los D\u014djinshi Autores?&nbsp;Los d\u014djinshi autores son creadores que producen mangas autoeditados, a menudo basados en series populares de anime, manga y videojuegos. Estos&hellip;\" \/>\n<meta property=\"og:url\" content=\"https:\/\/otakuoshi.com\/pl\/autorzy-dojinshi\/\" \/>\n<meta property=\"og:site_name\" content=\"OtakuOshi\" \/>\n<meta property=\"article:modified_time\" content=\"2025-07-21T10:24:32+00:00\" \/>\n<meta property=\"og:image\" content=\"https:\/\/otakuoshi.com\/wp-content\/uploads\/2025\/07\/cropped-logo.jpg\" \/>\n\t<meta property=\"og:image:width\" content=\"512\" \/>\n\t<meta property=\"og:image:height\" content=\"512\" \/>\n\t<meta property=\"og:image:type\" content=\"image\/jpeg\" \/>\n<meta name=\"twitter:card\" content=\"summary_large_image\" \/>\n<meta name=\"twitter:site\" content=\"@OtakuOshi\" \/>\n<meta name=\"twitter:label1\" content=\"Szacowany czas czytania\" \/>\n\t<meta name=\"twitter:data1\" content=\"2 minuty\" \/>\n<script type=\"application\/ld+json\" class=\"yoast-schema-graph\">{\"@context\":\"https:\/\/schema.org\",\"@graph\":[{\"@type\":\"WebPage\",\"@id\":\"https:\/\/otakuoshi.com\/autores-de-dojinshi\/\",\"url\":\"https:\/\/otakuoshi.com\/autores-de-dojinshi\/\",\"name\":\"Autores de D\u014djinshi\",\"isPartOf\":{\"@id\":\"https:\/\/otakuoshi.com\/#website\"},\"datePublished\":\"2025-07-21T10:24:30+00:00\",\"dateModified\":\"2025-07-21T10:24:32+00:00\",\"breadcrumb\":{\"@id\":\"https:\/\/otakuoshi.com\/autores-de-dojinshi\/#breadcrumb\"},\"inLanguage\":\"pl-PL\",\"potentialAction\":[{\"@type\":\"ReadAction\",\"target\":[\"https:\/\/otakuoshi.com\/autores-de-dojinshi\/\"]}]},{\"@type\":\"BreadcrumbList\",\"@id\":\"https:\/\/otakuoshi.com\/autores-de-dojinshi\/#breadcrumb\",\"itemListElement\":[{\"@type\":\"ListItem\",\"position\":1,\"name\":\"Home\",\"item\":\"https:\/\/otakuoshi.com\/\"},{\"@type\":\"ListItem\",\"position\":2,\"name\":\"Autores de D\u014djinshi\"}]},{\"@type\":\"WebSite\",\"@id\":\"https:\/\/otakuoshi.com\/#website\",\"url\":\"https:\/\/otakuoshi.com\/\",\"name\":\"OtakuOshi\",\"description\":\"\",\"publisher\":{\"@id\":\"https:\/\/otakuoshi.com\/#organization\"},\"alternateName\":\"Otaku Oshi\",\"potentialAction\":[{\"@type\":\"SearchAction\",\"target\":{\"@type\":\"EntryPoint\",\"urlTemplate\":\"https:\/\/otakuoshi.com\/?s={search_term_string}\"},\"query-input\":{\"@type\":\"PropertyValueSpecification\",\"valueRequired\":true,\"valueName\":\"search_term_string\"}}],\"inLanguage\":\"pl-PL\"},{\"@type\":\"Organization\",\"@id\":\"https:\/\/otakuoshi.com\/#organization\",\"name\":\"OtakuOshi\",\"url\":\"https:\/\/otakuoshi.com\/\",\"logo\":{\"@type\":\"ImageObject\",\"inLanguage\":\"pl-PL\",\"@id\":\"https:\/\/otakuoshi.com\/#\/schema\/logo\/image\/\",\"url\":\"https:\/\/otakuoshi.com\/wp-content\/uploads\/2025\/07\/logo.jpg\",\"contentUrl\":\"https:\/\/otakuoshi.com\/wp-content\/uploads\/2025\/07\/logo.jpg\",\"width\":458,\"height\":164,\"caption\":\"OtakuOshi\"},\"image\":{\"@id\":\"https:\/\/otakuoshi.com\/#\/schema\/logo\/image\/\"},\"sameAs\":[\"https:\/\/x.com\/OtakuOshi\"]}]}<\/script>\n<!-- \/ Yoast SEO plugin. -->","yoast_head_json":{"title":"Autorzy D\u014djinshi","robots":{"index":"index","follow":"follow","max-snippet":"max-snippet:-1","max-image-preview":"max-image-preview:large","max-video-preview":"max-video-preview:-1"},"canonical":"https:\/\/otakuoshi.com\/pl\/autorzy-dojinshi\/","og_locale":"pl_PL","og_type":"article","og_title":"Autores de D\u014djinshi","og_description":"\u00bfQui\u00e9n son los D\u014djinshi Autores?&nbsp;Los d\u014djinshi autores son creadores que producen mangas autoeditados, a menudo basados en series populares de anime, manga y videojuegos. Estos&hellip;","og_url":"https:\/\/otakuoshi.com\/pl\/autorzy-dojinshi\/","og_site_name":"OtakuOshi","article_modified_time":"2025-07-21T10:24:32+00:00","og_image":[{"width":512,"height":512,"url":"https:\/\/otakuoshi.com\/wp-content\/uploads\/2025\/07\/cropped-logo.jpg","type":"image\/jpeg"}],"twitter_card":"summary_large_image","twitter_site":"@OtakuOshi","twitter_misc":{"Szacowany czas czytania":"2 minuty"},"schema":{"@context":"https:\/\/schema.org","@graph":[{"@type":"WebPage","@id":"https:\/\/otakuoshi.com\/autores-de-dojinshi\/","url":"https:\/\/otakuoshi.com\/autores-de-dojinshi\/","name":"Autorzy D\u014djinshi","isPartOf":{"@id":"https:\/\/otakuoshi.com\/#website"},"datePublished":"2025-07-21T10:24:30+00:00","dateModified":"2025-07-21T10:24:32+00:00","breadcrumb":{"@id":"https:\/\/otakuoshi.com\/autores-de-dojinshi\/#breadcrumb"},"inLanguage":"pl-PL","potentialAction":[{"@type":"ReadAction","target":["https:\/\/otakuoshi.com\/autores-de-dojinshi\/"]}]},{"@type":"BreadcrumbList","@id":"https:\/\/otakuoshi.com\/autores-de-dojinshi\/#breadcrumb","itemListElement":[{"@type":"ListItem","position":1,"name":"Home","item":"https:\/\/otakuoshi.com\/"},{"@type":"ListItem","position":2,"name":"Autores de D\u014djinshi"}]},{"@type":"WebSite","@id":"https:\/\/otakuoshi.com\/#website","url":"https:\/\/otakuoshi.com\/","name":"OtakuOshi","description":"","publisher":{"@id":"https:\/\/otakuoshi.com\/#organization"},"alternateName":"Otaku Oshi","potentialAction":[{"@type":"SearchAction","target":{"@type":"EntryPoint","urlTemplate":"https:\/\/otakuoshi.com\/?s={search_term_string}"},"query-input":{"@type":"PropertyValueSpecification","valueRequired":true,"valueName":"search_term_string"}}],"inLanguage":"pl-PL"},{"@type":"Organization","@id":"https:\/\/otakuoshi.com\/#organization","name":"OtakuOshi","url":"https:\/\/otakuoshi.com\/","logo":{"@type":"ImageObject","inLanguage":"pl-PL","@id":"https:\/\/otakuoshi.com\/#\/schema\/logo\/image\/","url":"https:\/\/otakuoshi.com\/wp-content\/uploads\/2025\/07\/logo.jpg","contentUrl":"https:\/\/otakuoshi.com\/wp-content\/uploads\/2025\/07\/logo.jpg","width":458,"height":164,"caption":"OtakuOshi"},"image":{"@id":"https:\/\/otakuoshi.com\/#\/schema\/logo\/image\/"},"sameAs":["https:\/\/x.com\/OtakuOshi"]}]}},"_links":{"self":[{"href":"https:\/\/otakuoshi.com\/pl\/wp-json\/wp\/v2\/pages\/272","targetHints":{"allow":["GET"]}}],"collection":[{"href":"https:\/\/otakuoshi.com\/pl\/wp-json\/wp\/v2\/pages"}],"about":[{"href":"https:\/\/otakuoshi.com\/pl\/wp-json\/wp\/v2\/types\/page"}],"author":[{"embeddable":true,"href":"https:\/\/otakuoshi.com\/pl\/wp-json\/wp\/v2\/users\/1"}],"replies":[{"embeddable":true,"href":"https:\/\/otakuoshi.com\/pl\/wp-json\/wp\/v2\/comments?post=272"}],"version-history":[{"count":0,"href":"https:\/\/otakuoshi.com\/pl\/wp-json\/wp\/v2\/pages\/272\/revisions"}],"wp:attachment":[{"href":"https:\/\/otakuoshi.com\/pl\/wp-json\/wp\/v2\/media?parent=272"}],"curies":[{"name":"wp","href":"https:\/\/api.w.org\/{rel}","templated":true}]}}