{"id":298,"date":"2025-07-22T08:38:50","date_gmt":"2025-07-22T08:38:50","guid":{"rendered":"https:\/\/otakuoshi.com\/?page_id=298"},"modified":"2025-07-22T08:38:51","modified_gmt":"2025-07-22T08:38:51","slug":"ciasteczka","status":"publish","type":"page","link":"https:\/\/otakuoshi.com\/pl\/ciasteczka\/","title":{"rendered":"Pliki cookie"},"content":{"rendered":"<p>Na OtakuOshi u\u017cywamy nast\u0119puj\u0105cych rodzaj\u00f3w plik\u00f3w cookie:<\/p>\n\n\n\n<h3 class=\"wp-block-heading\"><strong>Niezb\u0119dne pliki cookie<\/strong><\/h3>\n\n\n\n<p>Obejmuj\u0105 one na przyk\u0142ad pliki cookie, kt\u00f3re umo\u017cliwiaj\u0105 logowanie si\u0119 do OtakuOshi za po\u015brednictwem konta, zapami\u0119tywanie stanu sesji na \u017c\u0105danie, zapami\u0119tywanie preferencji j\u0119zykowych oraz zapewnianie bezpiecze\u0144stwa OtakuOshi i ochrony przed oszustwami.<\/p>\n\n\n\n<h3 class=\"wp-block-heading\"><strong>Nieistotne pliki cookie<\/strong><\/h3>\n\n\n\n<p>Je\u015bli u\u017cytkownik wyrazi na to zgod\u0119, u\u017cywamy plik\u00f3w cookie innych ni\u017c niezb\u0119dne do rozpoznawania Polecaj\u0105cych U\u017cytkownik\u00f3w i Polecaj\u0105cych Tw\u00f3rc\u00f3w w ramach Programu Polece\u0144 zgodnie z naszymi Warunkami \u015bwiadczenia us\u0142ug.<\/p>\n\n\n\n<p>Obecnie <strong>nie u\u017cywamy technologii \u015bledzenia mi\u0119dzy witrynami<\/strong>Nie sprzedajemy gromadzonych przez nas danych osobowych u\u017cytkownik\u00f3w ani nie udost\u0119pniamy ich na potrzeby reklam behawioralnych w r\u00f3\u017cnych kontekstach.<\/p>\n\n\n\n<p>Wi\u0119cej informacji na temat tego, czym s\u0105 pliki cookie, dlaczego ich u\u017cywamy i jak mo\u017cna je wy\u0142\u0105czy\u0107, zarz\u0105dza\u0107 nimi lub usun\u0105\u0107, mo\u017cna znale\u017a\u0107 w naszej Informacji o plikach cookie. Wszelkie dane osobowe powi\u0105zane z plikami cookie s\u0105 przetwarzane zgodnie z nasz\u0105 Polityk\u0105 prywatno\u015bci.<\/p>\n\n\n\n<hr class=\"wp-block-separator has-alpha-channel-opacity\"\/>\n\n\n\n<h2 class=\"wp-block-heading\">Czym s\u0105 pliki cookie?<\/h2>\n\n\n\n<p>Pliki \"cookie\" to ma\u0142e ci\u0105gi tekstu lub kodu komputerowego przechowywane lokalnie na urz\u0105dzeniu u\u017cytkownika, kt\u00f3re umo\u017cliwiaj\u0105 nam i naszym zewn\u0119trznym dostawcom us\u0142ug \"zapami\u0119tywanie\" lub \"rozpoznawanie\" okre\u015blonej przegl\u0105darki lub urz\u0105dzenia oraz, w niekt\u00f3rych przypadkach, przechowywanie informacji na ich temat.<\/p>\n\n\n\n<hr class=\"wp-block-separator has-alpha-channel-opacity\"\/>\n\n\n\n<h2 class=\"wp-block-heading\">Jak d\u0142ugo pliki cookie s\u0105 przechowywane na moim urz\u0105dzeniu?<\/h2>\n\n\n\n<p><strong>Pliki cookie sesji:<\/strong><br>S\u0105 one przechowywane tylko przez czas trwania sesji przegl\u0105darki. Po zamkni\u0119ciu przegl\u0105darki s\u0105 one usuwane.<\/p>\n\n\n\n<p><strong>Trwa\u0142e pliki cookie:<\/strong><br>S\u0105 one przechowywane przez okre\u015blony czas (zwykle od 90 dni do 2 lat, w zale\u017cno\u015bci od u\u017cytkowania). Nie s\u0105 one usuwane po zamkni\u0119ciu przegl\u0105darki.<\/p>\n\n\n\n<p>Wyb\u00f3r u\u017cytkownika mo\u017ce mie\u0107 wp\u0142yw na to, czy u\u017cywamy sesyjnych czy trwa\u0142ych plik\u00f3w cookie. Na przyk\u0142ad, je\u015bli u\u017cytkownik wybierze opcj\u0119 \"Zapami\u0119taj mnie przez 30 dni\" podczas logowania do OtakuOshi, trwa\u0142y plik cookie jest przechowywany w celu utrzymania aktywnego uwierzytelniania na tym urz\u0105dzeniu.<\/p>\n\n\n\n<hr class=\"wp-block-separator has-alpha-channel-opacity\"\/>\n\n\n\n<h2 class=\"wp-block-heading\">Jakich plik\u00f3w cookie u\u017cywamy i dlaczego?<\/h2>\n\n\n\n<h3 class=\"wp-block-heading\"><strong>Niezb\u0119dne pliki cookie (konieczne do dzia\u0142ania OtakuOshi):<\/strong><\/h3>\n\n\n\n<figure class=\"wp-block-table\"><table class=\"has-fixed-layout\"><thead><tr><th>Nazwa<\/th><th>Opis<\/th><\/tr><\/thead><tbody><tr><td>_cfuvid \/ __cf_bm<\/td><td>w\u0142\u0105czy\u0107 funkcje zabezpiecze\u0144<\/td><\/tr><tr><td>auth_id<\/td><td>Uwierzytelnianie identyfikatora u\u017cytkownika<\/td><\/tr><tr><td>auth_uid_{userid}<\/td><td>pami\u0119ta uwierzytelnianie dwuetapowe przez 30 dni na \u017c\u0105danie<\/td><\/tr><tr><td>c<\/td><td>umo\u017cliwia korzystanie z funkcji kampanii promocyjnych (bezp\u0142atne wersje pr\u00f3bne\/zni\u017cki)<\/td><\/tr><tr><td>CloudFront-Policy \/ CloudFront-Signature \/ CloudFront-Key-Pair-Id<\/td><td>zarz\u0105dzanie prawami cyfrowymi<\/td><\/tr><tr><td>cookiesAccepted<\/td><td>zapami\u0119ta\u0107 preferencje dotycz\u0105ce plik\u00f3w cookie (\"tylko niezb\u0119dne\" lub \"wszystkie\")<\/td><\/tr><tr><td>csrf<\/td><td>token do ustanowienia bezpiecznego po\u0142\u0105czenia<\/td><\/tr><tr><td>fp<\/td><td>odcisk palca przegl\u0105darki, aby w\u0142\u0105czy\u0107 funkcje zabezpiecze\u0144<\/td><\/tr><tr><td>lang<\/td><td>zapami\u0119taj preferencje j\u0119zykowe<\/td><\/tr><tr><td>pa_url_hash<\/td><td>przyznaje dost\u0119p do profilu u\u017cytkownika<\/td><\/tr><tr><td>sesja<\/td><td>utrzymuje aktywne uwierzytelnianie sesji<\/td><\/tr><tr><td>st \/ strumienie<\/td><td>umo\u017cliwia dost\u0119p do transmisji na \u017cywo i miniatur transmisji<\/td><\/tr><\/tbody><\/table><\/figure>\n\n\n\n<p><strong>Wy\u0142\u0105czenie, usuni\u0119cie lub zablokowanie tych plik\u00f3w cookie w przegl\u0105darce mo\u017ce uniemo\u017cliwi\u0107 prawid\u0142owe dzia\u0142anie OtakuOshi lub niekt\u00f3rych funkcji.<\/strong><\/p>\n\n\n\n<hr class=\"wp-block-separator has-alpha-channel-opacity\"\/>\n\n\n\n<h3 class=\"wp-block-heading\"><strong>Nieistotne pliki cookie (program polece\u0144)<\/strong><\/h3>\n\n\n\n<p>OtakuOshi oferuje program polece\u0144, w ramach kt\u00f3rego istniej\u0105cy tw\u00f3rcy mog\u0105 udost\u0119pnia\u0107 sw\u00f3j kod polecaj\u0105cy, aby zaprasza\u0107 innych do zostania nowymi tw\u00f3rcami. Program podlega Warunkom korzystania z us\u0142ugi, a wszelkie p\u0142atno\u015bci za polecenie s\u0105 obliczane i ograniczane zgodnie z tymi warunkami.<\/p>\n\n\n\n<p>Aby\u015bmy mogli rozpozna\u0107 U\u017cytkownika polecaj\u0105cego i Tw\u00f3rc\u0119 poleconego, konieczne jest zaakceptowanie tych nieistotnych plik\u00f3w cookie. Je\u015bli kt\u00f3rykolwiek z nich nie zaakceptuje tych plik\u00f3w cookie, nie b\u0119dziemy w stanie rozpozna\u0107 polecenia ani wyda\u0107 p\u0142atno\u015bci za polecenie.<\/p>\n\n\n\n<figure class=\"wp-block-table\"><table class=\"has-fixed-layout\"><thead><tr><th>Nazwa<\/th><th>Opis<\/th><\/tr><\/thead><tbody><tr><td>ref_src<\/td><td>identyfikuje \u017ar\u00f3d\u0142o identyfikatora odsy\u0142aj\u0105cego (u\u017cytkownik odsy\u0142aj\u0105cy)<\/td><\/tr><tr><td>ref<\/td><td>identyfikuje poleconego u\u017cytkownika (Tw\u00f3rca polecaj\u0105cy)<\/td><\/tr><tr><td>reg_ref_user_id \/ reg_ref<\/td><td>uznaje Tw\u00f3rc\u0119 Polecaj\u0105cego przez U\u017cytkownika Polecaj\u0105cego<\/td><\/tr><\/tbody><\/table><\/figure>\n\n\n\n<hr class=\"wp-block-separator has-alpha-channel-opacity\"\/>\n\n\n\n<h2 class=\"wp-block-heading\">Funkcjonalno\u015bci innych firm<\/h2>\n\n\n\n<p>Nie kontrolujemy plik\u00f3w cookie ani funkcji u\u017cywanych przez witryny os\u00f3b trzecich. Praktyki informacyjne tych witryn nie s\u0105 obj\u0119te niniejsz\u0105 Polityk\u0105 prywatno\u015bci ani niniejsz\u0105 Informacj\u0105 o plikach cookie.<\/p>\n\n\n\n<hr class=\"wp-block-separator has-alpha-channel-opacity\"\/>\n\n\n\n<h2 class=\"wp-block-heading\">Jak kontrolowa\u0107 lub ustawia\u0107 pliki cookie?<\/h2>\n\n\n\n<h3 class=\"wp-block-heading\"><strong>Akceptowanie lub odrzucanie nieistotnych plik\u00f3w cookie<\/strong><\/h3>\n\n\n\n<p>Nieistotne pliki cookie b\u0119d\u0105 umieszczane na urz\u0105dzeniu u\u017cytkownika wy\u0142\u0105cznie po klikni\u0119ciu przycisku \"Akceptuj wszystko\" na banerze plik\u00f3w cookie przy pierwszym wej\u015bciu na OtakuOshi.<\/p>\n\n\n\n<h3 class=\"wp-block-heading\"><strong>R\u0119czne zarz\u0105dzanie plikami cookie<\/strong><\/h3>\n\n\n\n<p>U\u017cytkownik mo\u017ce przejrze\u0107 ustawienia przegl\u0105darki lub urz\u0105dzenia (lub rozszerzenia przegl\u0105darki), aby wy\u0142\u0105czy\u0107, zablokowa\u0107 lub usun\u0105\u0107 niekt\u00f3re lub wszystkie pliki cookie lub otrzymywa\u0107 powiadomienia o wygenerowaniu nowych plik\u00f3w cookie.<\/p>\n\n\n\n<p>Szczeg\u00f3\u0142owe informacje na ten temat mo\u017cna znale\u017a\u0107 w menu \"Pomoc\", \"Narz\u0119dzia\" lub \"Preferencje\" przegl\u0105darki lub urz\u0105dzenia.<\/p>","protected":false},"excerpt":{"rendered":"<p>U\u017cywamy nast\u0119puj\u0105cych rodzaj\u00f3w plik\u00f3w cookie na OtakuOshi: Niezb\u0119dne pliki cookie Obejmuj\u0105 one na przyk\u0142ad pliki cookie, kt\u00f3re umo\u017cliwiaj\u0105 dost\u0119p do OtakuOshi za po\u015brednictwem przegl\u0105darki....<\/p>","protected":false},"author":1,"featured_media":0,"parent":0,"menu_order":0,"comment_status":"closed","ping_status":"closed","template":"","meta":{"footnotes":""},"class_list":["post-298","page","type-page","status-publish","hentry"],"yoast_head":"<!-- This site is optimized with the Yoast SEO plugin v26.8 - https:\/\/yoast.com\/product\/yoast-seo-wordpress\/ -->\n<title>Cookies<\/title>\n<meta name=\"robots\" content=\"index, follow, max-snippet:-1, max-image-preview:large, max-video-preview:-1\" \/>\n<link rel=\"canonical\" href=\"https:\/\/otakuoshi.com\/pl\/ciasteczka\/\" \/>\n<meta property=\"og:locale\" content=\"pl_PL\" \/>\n<meta property=\"og:type\" content=\"article\" \/>\n<meta property=\"og:title\" content=\"Cookies\" \/>\n<meta property=\"og:description\" content=\"Utilizamos los siguientes tipos de cookies en OtakuOshi: Cookies esenciales Estas incluyen, por ejemplo, cookies que te permiten acceder a OtakuOshi a trav\u00e9s de tu&hellip;\" \/>\n<meta property=\"og:url\" content=\"https:\/\/otakuoshi.com\/pl\/ciasteczka\/\" \/>\n<meta property=\"og:site_name\" content=\"OtakuOshi\" \/>\n<meta property=\"article:modified_time\" content=\"2025-07-22T08:38:51+00:00\" \/>\n<meta property=\"og:image\" content=\"https:\/\/otakuoshi.com\/wp-content\/uploads\/2025\/07\/cropped-logo.jpg\" \/>\n\t<meta property=\"og:image:width\" content=\"512\" \/>\n\t<meta property=\"og:image:height\" content=\"512\" \/>\n\t<meta property=\"og:image:type\" content=\"image\/jpeg\" \/>\n<meta name=\"twitter:card\" content=\"summary_large_image\" \/>\n<meta name=\"twitter:site\" content=\"@OtakuOshi\" \/>\n<meta name=\"twitter:label1\" content=\"Szacowany czas czytania\" \/>\n\t<meta name=\"twitter:data1\" content=\"3 minuty\" \/>\n<script type=\"application\/ld+json\" class=\"yoast-schema-graph\">{\"@context\":\"https:\/\/schema.org\",\"@graph\":[{\"@type\":\"WebPage\",\"@id\":\"https:\/\/otakuoshi.com\/cookies\/\",\"url\":\"https:\/\/otakuoshi.com\/cookies\/\",\"name\":\"Cookies\",\"isPartOf\":{\"@id\":\"https:\/\/otakuoshi.com\/#website\"},\"datePublished\":\"2025-07-22T08:38:50+00:00\",\"dateModified\":\"2025-07-22T08:38:51+00:00\",\"breadcrumb\":{\"@id\":\"https:\/\/otakuoshi.com\/cookies\/#breadcrumb\"},\"inLanguage\":\"pl-PL\",\"potentialAction\":[{\"@type\":\"ReadAction\",\"target\":[\"https:\/\/otakuoshi.com\/cookies\/\"]}]},{\"@type\":\"BreadcrumbList\",\"@id\":\"https:\/\/otakuoshi.com\/cookies\/#breadcrumb\",\"itemListElement\":[{\"@type\":\"ListItem\",\"position\":1,\"name\":\"Home\",\"item\":\"https:\/\/otakuoshi.com\/\"},{\"@type\":\"ListItem\",\"position\":2,\"name\":\"Cookies\"}]},{\"@type\":\"WebSite\",\"@id\":\"https:\/\/otakuoshi.com\/#website\",\"url\":\"https:\/\/otakuoshi.com\/\",\"name\":\"OtakuOshi\",\"description\":\"\",\"publisher\":{\"@id\":\"https:\/\/otakuoshi.com\/#organization\"},\"alternateName\":\"Otaku Oshi\",\"potentialAction\":[{\"@type\":\"SearchAction\",\"target\":{\"@type\":\"EntryPoint\",\"urlTemplate\":\"https:\/\/otakuoshi.com\/?s={search_term_string}\"},\"query-input\":{\"@type\":\"PropertyValueSpecification\",\"valueRequired\":true,\"valueName\":\"search_term_string\"}}],\"inLanguage\":\"pl-PL\"},{\"@type\":\"Organization\",\"@id\":\"https:\/\/otakuoshi.com\/#organization\",\"name\":\"OtakuOshi\",\"url\":\"https:\/\/otakuoshi.com\/\",\"logo\":{\"@type\":\"ImageObject\",\"inLanguage\":\"pl-PL\",\"@id\":\"https:\/\/otakuoshi.com\/#\/schema\/logo\/image\/\",\"url\":\"https:\/\/otakuoshi.com\/wp-content\/uploads\/2025\/07\/logo.jpg\",\"contentUrl\":\"https:\/\/otakuoshi.com\/wp-content\/uploads\/2025\/07\/logo.jpg\",\"width\":458,\"height\":164,\"caption\":\"OtakuOshi\"},\"image\":{\"@id\":\"https:\/\/otakuoshi.com\/#\/schema\/logo\/image\/\"},\"sameAs\":[\"https:\/\/x.com\/OtakuOshi\"]}]}<\/script>\n<!-- \/ Yoast SEO plugin. -->","yoast_head_json":{"title":"Pliki cookie","robots":{"index":"index","follow":"follow","max-snippet":"max-snippet:-1","max-image-preview":"max-image-preview:large","max-video-preview":"max-video-preview:-1"},"canonical":"https:\/\/otakuoshi.com\/pl\/ciasteczka\/","og_locale":"pl_PL","og_type":"article","og_title":"Cookies","og_description":"Utilizamos los siguientes tipos de cookies en OtakuOshi: Cookies esenciales Estas incluyen, por ejemplo, cookies que te permiten acceder a OtakuOshi a trav\u00e9s de tu&hellip;","og_url":"https:\/\/otakuoshi.com\/pl\/ciasteczka\/","og_site_name":"OtakuOshi","article_modified_time":"2025-07-22T08:38:51+00:00","og_image":[{"width":512,"height":512,"url":"https:\/\/otakuoshi.com\/wp-content\/uploads\/2025\/07\/cropped-logo.jpg","type":"image\/jpeg"}],"twitter_card":"summary_large_image","twitter_site":"@OtakuOshi","twitter_misc":{"Szacowany czas czytania":"3 minuty"},"schema":{"@context":"https:\/\/schema.org","@graph":[{"@type":"WebPage","@id":"https:\/\/otakuoshi.com\/cookies\/","url":"https:\/\/otakuoshi.com\/cookies\/","name":"Pliki cookie","isPartOf":{"@id":"https:\/\/otakuoshi.com\/#website"},"datePublished":"2025-07-22T08:38:50+00:00","dateModified":"2025-07-22T08:38:51+00:00","breadcrumb":{"@id":"https:\/\/otakuoshi.com\/cookies\/#breadcrumb"},"inLanguage":"pl-PL","potentialAction":[{"@type":"ReadAction","target":["https:\/\/otakuoshi.com\/cookies\/"]}]},{"@type":"BreadcrumbList","@id":"https:\/\/otakuoshi.com\/cookies\/#breadcrumb","itemListElement":[{"@type":"ListItem","position":1,"name":"Home","item":"https:\/\/otakuoshi.com\/"},{"@type":"ListItem","position":2,"name":"Cookies"}]},{"@type":"WebSite","@id":"https:\/\/otakuoshi.com\/#website","url":"https:\/\/otakuoshi.com\/","name":"OtakuOshi","description":"","publisher":{"@id":"https:\/\/otakuoshi.com\/#organization"},"alternateName":"Otaku Oshi","potentialAction":[{"@type":"SearchAction","target":{"@type":"EntryPoint","urlTemplate":"https:\/\/otakuoshi.com\/?s={search_term_string}"},"query-input":{"@type":"PropertyValueSpecification","valueRequired":true,"valueName":"search_term_string"}}],"inLanguage":"pl-PL"},{"@type":"Organization","@id":"https:\/\/otakuoshi.com\/#organization","name":"OtakuOshi","url":"https:\/\/otakuoshi.com\/","logo":{"@type":"ImageObject","inLanguage":"pl-PL","@id":"https:\/\/otakuoshi.com\/#\/schema\/logo\/image\/","url":"https:\/\/otakuoshi.com\/wp-content\/uploads\/2025\/07\/logo.jpg","contentUrl":"https:\/\/otakuoshi.com\/wp-content\/uploads\/2025\/07\/logo.jpg","width":458,"height":164,"caption":"OtakuOshi"},"image":{"@id":"https:\/\/otakuoshi.com\/#\/schema\/logo\/image\/"},"sameAs":["https:\/\/x.com\/OtakuOshi"]}]}},"_links":{"self":[{"href":"https:\/\/otakuoshi.com\/pl\/wp-json\/wp\/v2\/pages\/298","targetHints":{"allow":["GET"]}}],"collection":[{"href":"https:\/\/otakuoshi.com\/pl\/wp-json\/wp\/v2\/pages"}],"about":[{"href":"https:\/\/otakuoshi.com\/pl\/wp-json\/wp\/v2\/types\/page"}],"author":[{"embeddable":true,"href":"https:\/\/otakuoshi.com\/pl\/wp-json\/wp\/v2\/users\/1"}],"replies":[{"embeddable":true,"href":"https:\/\/otakuoshi.com\/pl\/wp-json\/wp\/v2\/comments?post=298"}],"version-history":[{"count":0,"href":"https:\/\/otakuoshi.com\/pl\/wp-json\/wp\/v2\/pages\/298\/revisions"}],"wp:attachment":[{"href":"https:\/\/otakuoshi.com\/pl\/wp-json\/wp\/v2\/media?parent=298"}],"curies":[{"name":"wp","href":"https:\/\/api.w.org\/{rel}","templated":true}]}}