{"id":303,"date":"2025-07-22T08:41:21","date_gmt":"2025-07-22T08:41:21","guid":{"rendered":"https:\/\/otakuoshi.com\/?page_id=303"},"modified":"2025-07-22T08:41:22","modified_gmt":"2025-07-22T08:41:22","slug":"o-nas","status":"publish","type":"page","link":"https:\/\/otakuoshi.com\/pl\/o-nas\/","title":{"rendered":"O nas"},"content":{"rendered":"<h2 class=\"wp-block-heading\">O nas<\/h2>\n\n\n\n<p><strong>OtakuOshi<\/strong> to platforma stworzona przez i dla fan\u00f3w anime, cosplayu, sztuki i kultury otaku. Jeste\u015bmy przestrzeni\u0105 po\u015bwi\u0119con\u0105 wspieraniu niezale\u017cnych tw\u00f3rc\u00f3w, aby mogli oni <strong>Zarabianie na swoim talencie<\/strong>\u0142\u0105cz si\u0119 ze swoj\u0105 spo\u0142eczno\u015bci\u0105 i udost\u0119pniaj swoje tre\u015bci bezpiecznie, bezpo\u015brednio i bez zb\u0119dnych filtr\u00f3w.<\/p>\n\n\n\n<p>Nasz\u0105 misj\u0105 jest oferowanie <strong>specjalistyczna i etyczna alternatywa<\/strong> gdzie ilustratorzy, cosplayerzy, tw\u00f3rcy historii, aktorzy g\u0142osowi i mi\u0142o\u015bnicy japo\u0144skich tre\u015bci mog\u0105 publikowa\u0107, sprzedawa\u0107 i zarz\u0105dza\u0107 swoimi dzie\u0142ami bez polegania na ogromnych sieciach spo\u0142eczno\u015bciowych, kt\u00f3re nie rozumiej\u0105 ich niszy.<\/p>\n\n\n\n<p>W OtakuOshi wierzymy w:<\/p>\n\n\n\n<ul class=\"wp-block-list\">\n<li><strong>Pasja otaku jako si\u0142a nap\u0119dowa kreatywno\u015bci<\/strong><\/li>\n\n\n\n<li><strong>Szacunek mi\u0119dzy tw\u00f3rcami i fanami<\/strong><\/li>\n\n\n\n<li> <strong>Wolno\u015b\u0107 artystyczna i autonomia finansowa<\/strong><\/li>\n\n\n\n<li><strong>Ochrona tre\u015bci i to\u017csamo\u015bci<\/strong><\/li>\n<\/ul>\n\n\n\n<p>Dzia\u0142amy z przejrzysto\u015bci\u0105 i zaanga\u017cowaniem od <strong>Polaris Nexus LLC<\/strong>Projekt 100%, oferuj\u0105cy nowoczesne narz\u0119dzia dla tw\u00f3rc\u00f3w i u\u017cytkownik\u00f3w, aby mogli cieszy\u0107 si\u0119 bezpiecznym, intuicyjnym i skoncentrowanym na 100% do\u015bwiadczeniem w kulturze, kt\u00f3r\u0105 kochaj\u0105.<\/p>\n\n\n\n<p>Niezale\u017cnie od tego, czy jeste\u015b artyst\u0105, cosplayerem, czy po prostu fanem, kt\u00f3ry chce wspiera\u0107 autentyczny talent: <strong>OtakuOshi to tw\u00f3j nowy cyfrowy dom<\/strong>.<\/p>\n\n\n\n<hr class=\"wp-block-separator has-alpha-channel-opacity\"\/>\n\n\n\n<p>Chcesz kr\u00f3tsz\u0105 wersj\u0119 na stron\u0119 g\u0142\u00f3wn\u0105 lub bardziej emocjonaln\u0105 wersj\u0119 do medi\u00f3w spo\u0142eczno\u015bciowych lub prezentacji? Mog\u0119 r\u00f3wnie\u017c stworzy\u0107 instytucjonaln\u0105 wersj\u0119 \"o firmie\", je\u015bli potrzebujesz czego\u015b bardziej formalnego.<\/p>","protected":false},"excerpt":{"rendered":"<p>O nas OtakuOshi to platforma stworzona przez i dla fan\u00f3w anime, cosplayu, sztuki i kultury otaku. Jeste\u015bmy miejscem po\u015bwi\u0119conym...<\/p>","protected":false},"author":1,"featured_media":0,"parent":0,"menu_order":0,"comment_status":"closed","ping_status":"closed","template":"","meta":{"footnotes":""},"class_list":["post-303","page","type-page","status-publish","hentry"],"yoast_head":"<!-- This site is optimized with the Yoast SEO plugin v26.8 - https:\/\/yoast.com\/product\/yoast-seo-wordpress\/ -->\n<title>About us<\/title>\n<meta name=\"robots\" content=\"index, follow, max-snippet:-1, max-image-preview:large, max-video-preview:-1\" \/>\n<link rel=\"canonical\" href=\"https:\/\/otakuoshi.com\/pl\/o-nas\/\" \/>\n<meta property=\"og:locale\" content=\"pl_PL\" \/>\n<meta property=\"og:type\" content=\"article\" \/>\n<meta property=\"og:title\" content=\"About us\" \/>\n<meta property=\"og:description\" content=\"Sobre Nosotros OtakuOshi es una plataforma creada por y para fans del anime, el cosplay, el arte y la cultura otaku. Somos un espacio dedicado&hellip;\" \/>\n<meta property=\"og:url\" content=\"https:\/\/otakuoshi.com\/pl\/o-nas\/\" \/>\n<meta property=\"og:site_name\" content=\"OtakuOshi\" \/>\n<meta property=\"article:modified_time\" content=\"2025-07-22T08:41:22+00:00\" \/>\n<meta property=\"og:image\" content=\"https:\/\/otakuoshi.com\/wp-content\/uploads\/2025\/07\/cropped-logo.jpg\" \/>\n\t<meta property=\"og:image:width\" content=\"512\" \/>\n\t<meta property=\"og:image:height\" content=\"512\" \/>\n\t<meta property=\"og:image:type\" content=\"image\/jpeg\" \/>\n<meta name=\"twitter:card\" content=\"summary_large_image\" \/>\n<meta name=\"twitter:site\" content=\"@OtakuOshi\" \/>\n<meta name=\"twitter:label1\" content=\"Szacowany czas czytania\" \/>\n\t<meta name=\"twitter:data1\" content=\"1 minuta\" \/>\n<script type=\"application\/ld+json\" class=\"yoast-schema-graph\">{\"@context\":\"https:\/\/schema.org\",\"@graph\":[{\"@type\":\"WebPage\",\"@id\":\"https:\/\/otakuoshi.com\/about-us\/\",\"url\":\"https:\/\/otakuoshi.com\/about-us\/\",\"name\":\"About us\",\"isPartOf\":{\"@id\":\"https:\/\/otakuoshi.com\/#website\"},\"datePublished\":\"2025-07-22T08:41:21+00:00\",\"dateModified\":\"2025-07-22T08:41:22+00:00\",\"breadcrumb\":{\"@id\":\"https:\/\/otakuoshi.com\/about-us\/#breadcrumb\"},\"inLanguage\":\"pl-PL\",\"potentialAction\":[{\"@type\":\"ReadAction\",\"target\":[\"https:\/\/otakuoshi.com\/about-us\/\"]}]},{\"@type\":\"BreadcrumbList\",\"@id\":\"https:\/\/otakuoshi.com\/about-us\/#breadcrumb\",\"itemListElement\":[{\"@type\":\"ListItem\",\"position\":1,\"name\":\"Home\",\"item\":\"https:\/\/otakuoshi.com\/\"},{\"@type\":\"ListItem\",\"position\":2,\"name\":\"About us\"}]},{\"@type\":\"WebSite\",\"@id\":\"https:\/\/otakuoshi.com\/#website\",\"url\":\"https:\/\/otakuoshi.com\/\",\"name\":\"OtakuOshi\",\"description\":\"\",\"publisher\":{\"@id\":\"https:\/\/otakuoshi.com\/#organization\"},\"alternateName\":\"Otaku Oshi\",\"potentialAction\":[{\"@type\":\"SearchAction\",\"target\":{\"@type\":\"EntryPoint\",\"urlTemplate\":\"https:\/\/otakuoshi.com\/?s={search_term_string}\"},\"query-input\":{\"@type\":\"PropertyValueSpecification\",\"valueRequired\":true,\"valueName\":\"search_term_string\"}}],\"inLanguage\":\"pl-PL\"},{\"@type\":\"Organization\",\"@id\":\"https:\/\/otakuoshi.com\/#organization\",\"name\":\"OtakuOshi\",\"url\":\"https:\/\/otakuoshi.com\/\",\"logo\":{\"@type\":\"ImageObject\",\"inLanguage\":\"pl-PL\",\"@id\":\"https:\/\/otakuoshi.com\/#\/schema\/logo\/image\/\",\"url\":\"https:\/\/otakuoshi.com\/wp-content\/uploads\/2025\/07\/logo.jpg\",\"contentUrl\":\"https:\/\/otakuoshi.com\/wp-content\/uploads\/2025\/07\/logo.jpg\",\"width\":458,\"height\":164,\"caption\":\"OtakuOshi\"},\"image\":{\"@id\":\"https:\/\/otakuoshi.com\/#\/schema\/logo\/image\/\"},\"sameAs\":[\"https:\/\/x.com\/OtakuOshi\"]}]}<\/script>\n<!-- \/ Yoast SEO plugin. -->","yoast_head_json":{"title":"O nas","robots":{"index":"index","follow":"follow","max-snippet":"max-snippet:-1","max-image-preview":"max-image-preview:large","max-video-preview":"max-video-preview:-1"},"canonical":"https:\/\/otakuoshi.com\/pl\/o-nas\/","og_locale":"pl_PL","og_type":"article","og_title":"About us","og_description":"Sobre Nosotros OtakuOshi es una plataforma creada por y para fans del anime, el cosplay, el arte y la cultura otaku. Somos un espacio dedicado&hellip;","og_url":"https:\/\/otakuoshi.com\/pl\/o-nas\/","og_site_name":"OtakuOshi","article_modified_time":"2025-07-22T08:41:22+00:00","og_image":[{"width":512,"height":512,"url":"https:\/\/otakuoshi.com\/wp-content\/uploads\/2025\/07\/cropped-logo.jpg","type":"image\/jpeg"}],"twitter_card":"summary_large_image","twitter_site":"@OtakuOshi","twitter_misc":{"Szacowany czas czytania":"1 minuta"},"schema":{"@context":"https:\/\/schema.org","@graph":[{"@type":"WebPage","@id":"https:\/\/otakuoshi.com\/about-us\/","url":"https:\/\/otakuoshi.com\/about-us\/","name":"O nas","isPartOf":{"@id":"https:\/\/otakuoshi.com\/#website"},"datePublished":"2025-07-22T08:41:21+00:00","dateModified":"2025-07-22T08:41:22+00:00","breadcrumb":{"@id":"https:\/\/otakuoshi.com\/about-us\/#breadcrumb"},"inLanguage":"pl-PL","potentialAction":[{"@type":"ReadAction","target":["https:\/\/otakuoshi.com\/about-us\/"]}]},{"@type":"BreadcrumbList","@id":"https:\/\/otakuoshi.com\/about-us\/#breadcrumb","itemListElement":[{"@type":"ListItem","position":1,"name":"Home","item":"https:\/\/otakuoshi.com\/"},{"@type":"ListItem","position":2,"name":"About us"}]},{"@type":"WebSite","@id":"https:\/\/otakuoshi.com\/#website","url":"https:\/\/otakuoshi.com\/","name":"OtakuOshi","description":"","publisher":{"@id":"https:\/\/otakuoshi.com\/#organization"},"alternateName":"Otaku Oshi","potentialAction":[{"@type":"SearchAction","target":{"@type":"EntryPoint","urlTemplate":"https:\/\/otakuoshi.com\/?s={search_term_string}"},"query-input":{"@type":"PropertyValueSpecification","valueRequired":true,"valueName":"search_term_string"}}],"inLanguage":"pl-PL"},{"@type":"Organization","@id":"https:\/\/otakuoshi.com\/#organization","name":"OtakuOshi","url":"https:\/\/otakuoshi.com\/","logo":{"@type":"ImageObject","inLanguage":"pl-PL","@id":"https:\/\/otakuoshi.com\/#\/schema\/logo\/image\/","url":"https:\/\/otakuoshi.com\/wp-content\/uploads\/2025\/07\/logo.jpg","contentUrl":"https:\/\/otakuoshi.com\/wp-content\/uploads\/2025\/07\/logo.jpg","width":458,"height":164,"caption":"OtakuOshi"},"image":{"@id":"https:\/\/otakuoshi.com\/#\/schema\/logo\/image\/"},"sameAs":["https:\/\/x.com\/OtakuOshi"]}]}},"_links":{"self":[{"href":"https:\/\/otakuoshi.com\/pl\/wp-json\/wp\/v2\/pages\/303","targetHints":{"allow":["GET"]}}],"collection":[{"href":"https:\/\/otakuoshi.com\/pl\/wp-json\/wp\/v2\/pages"}],"about":[{"href":"https:\/\/otakuoshi.com\/pl\/wp-json\/wp\/v2\/types\/page"}],"author":[{"embeddable":true,"href":"https:\/\/otakuoshi.com\/pl\/wp-json\/wp\/v2\/users\/1"}],"replies":[{"embeddable":true,"href":"https:\/\/otakuoshi.com\/pl\/wp-json\/wp\/v2\/comments?post=303"}],"version-history":[{"count":0,"href":"https:\/\/otakuoshi.com\/pl\/wp-json\/wp\/v2\/pages\/303\/revisions"}],"wp:attachment":[{"href":"https:\/\/otakuoshi.com\/pl\/wp-json\/wp\/v2\/media?parent=303"}],"curies":[{"name":"wp","href":"https:\/\/api.w.org\/{rel}","templated":true}]}}