{"id":309,"date":"2025-07-22T08:56:00","date_gmt":"2025-07-22T08:56:00","guid":{"rendered":"https:\/\/otakuoshi.com\/?page_id=309"},"modified":"2025-07-22T08:56:01","modified_gmt":"2025-07-22T08:56:01","slug":"usc2257","status":"publish","type":"page","link":"https:\/\/otakuoshi.com\/pl\/usc2257\/","title":{"rendered":"USC2257"},"content":{"rendered":"<h2 class=\"wp-block-heading\">Wprowadzenie<\/h2>\n\n\n\n<p>Ta strona, <strong>OtakuOshi.com<\/strong>jest zlokalizowana i obs\u0142ugiwana ze Stan\u00f3w Zjednoczonych i spe\u0142nia wymagania okre\u015blone w artyku\u0142ach <strong>18 U.S.C. \u00a7\u00a7 257, 2257A<\/strong> y <strong>28 C.F.R. \u00a775<\/strong>w zakresie wymaganym przez prawo federalne USA.<\/p>\n\n\n\n<h2 class=\"wp-block-heading\">Tre\u015b\u0107 zgodna z rozporz\u0105dzeniem<\/h2>\n\n\n\n<p>Wszystkie modelki, aktorzy, aktorki i inne osoby wyst\u0119puj\u0105ce w jakichkolwiek wizualnych przedstawieniach zachowa\u0144 o charakterze jednoznacznie seksualnym, rzeczywistych lub symulowanych, zawartych na tej stronie, <strong>mia\u0142y uko\u0144czone 18 lat<\/strong> w czasie tworzenia tych obraz\u00f3w wizualnych.<\/p>\n\n\n\n<p>Rejestry wymagane dla wszystkich przedstawie\u0144 zachowa\u0144 o charakterze jednoznacznie seksualnym na mocy <strong>18 U.S.C. \u00a72257<\/strong> y <strong>28 C.F.R. \u00a775 i nast.<\/strong>s\u0105 nale\u017cycie sk\u0142adane u wyznaczonego depozytariusza dokumentacji.<\/p>\n\n\n\n<h2 class=\"wp-block-heading\">Wy\u0142\u0105czona zawarto\u015b\u0107<\/h2>\n\n\n\n<p>Wszystkie inne wizualne obrazy wy\u015bwietlane na tej stronie s\u0105 <strong>wy\u0142\u0105czone z postanowie\u0144 sekcji 2257<\/strong> poniewa\u017c:<\/p>\n\n\n\n<ol class=\"wp-block-list\">\n<li>Nie reprezentuj\u0105 one zachowa\u0144 wyra\u017anie opisanych w <strong>18 U.S.C \u00a72256(2)(A)(i) do (iv)<\/strong>;<\/li>\n\n\n\n<li>Nie wykazuj\u0105 one zachowa\u0144 obj\u0119tych zakresem <strong>18 U.S.C. \u00a72257A<\/strong> i zosta\u0142y wyprodukowane po <strong>19 marca 2009 r.<\/strong>;<\/li>\n\n\n\n<li>Nie obejmuj\u0105 one zachowa\u0144 opisanych w <strong>18 U.S.C. \u00a72256(2)(A)(v)<\/strong> wyprodukowany po <strong>19 marca 2009 r.<\/strong>;<\/li>\n\n\n\n<li>Wizualne reprezentacje zosta\u0142y stworzone przed <strong>3 lipca 1995 r.<\/strong>; o<\/li>\n\n\n\n<li>Ta firma <strong>nie dzia\u0142a jako \"producent<\/strong> w odniesieniu do dystrybucji takich zwolnionych obraz\u00f3w, zgodnie z definicj\u0105 tego terminu zawart\u0105 w <strong>28 C.F.R. \u00a775.1(c)<\/strong>.<\/li>\n<\/ol>\n\n\n\n<h2 class=\"wp-block-heading\">Tytu\u0142 utworu<\/h2>\n\n\n\n<p>Tytu\u0142 tej pracy to: <strong>OtakuOshi<\/strong><\/p>\n\n\n\n<h2 class=\"wp-block-heading\">Kontrola rejestr\u00f3w<\/h2>\n\n\n\n<p>Wszystkie zapisy zwi\u0105zane z wizualnymi obrazami zawartymi na tej stronie, kt\u00f3re musz\u0105 by\u0107 przechowywane zgodnie z prawem federalnym, <strong>s\u0105 dost\u0119pne do wgl\u0105du dla upowa\u017cnionych przedstawicieli<\/strong>w nast\u0119puj\u0105cej lokalizacji:<\/p>\n\n\n\n<p><strong>Opiekun dokumentacji<\/strong><br><strong>Polaris Nexus LLC<\/strong><br>1621 Central Ave, Cheyenne, WY 82001, USA.<br><\/p>\n\n\n\n<p><strong>Nota prawna:<\/strong> Niniejsze o\u015bwiadczenie jest zgodne z wymogami <strong>Tytu\u0142 18 Kodeksu Stan\u00f3w Zjednoczonych<\/strong>i ma na celu zapewnienie pe\u0142nej przejrzysto\u015bci i ochrony prawnej zgodnie z obowi\u0105zuj\u0105cymi ameryka\u0144skimi przepisami dotycz\u0105cymi tre\u015bci o charakterze wyra\u017anie deprecjonuj\u0105cym.<\/p>","protected":false},"excerpt":{"rendered":"<p>Wprowadzenie Niniejsza witryna, OtakuOshi.com, znajduje si\u0119 i jest obs\u0142ugiwana z terytorium Stan\u00f3w Zjednoczonych i spe\u0142nia wymogi 18 U.S.C. \u00a7\u00a72257,...<\/p>","protected":false},"author":1,"featured_media":0,"parent":0,"menu_order":0,"comment_status":"closed","ping_status":"closed","template":"","meta":{"footnotes":""},"class_list":["post-309","page","type-page","status-publish","hentry"],"yoast_head":"<!-- This site is optimized with the Yoast SEO plugin v26.8 - https:\/\/yoast.com\/product\/yoast-seo-wordpress\/ -->\n<title>USC2257<\/title>\n<meta name=\"robots\" content=\"index, follow, max-snippet:-1, max-image-preview:large, max-video-preview:-1\" \/>\n<link rel=\"canonical\" href=\"https:\/\/otakuoshi.com\/pl\/usc2257\/\" \/>\n<meta property=\"og:locale\" content=\"pl_PL\" \/>\n<meta property=\"og:type\" content=\"article\" \/>\n<meta property=\"og:title\" content=\"USC2257\" \/>\n<meta property=\"og:description\" content=\"Introducci\u00f3n Este sitio web, OtakuOshi.com, est\u00e1 ubicado y operado desde los Estados Unidos y cumple con los requisitos establecidos en los art\u00edculos 18 U.S.C. \u00a7\u00a72257,&hellip;\" \/>\n<meta property=\"og:url\" content=\"https:\/\/otakuoshi.com\/pl\/usc2257\/\" \/>\n<meta property=\"og:site_name\" content=\"OtakuOshi\" \/>\n<meta property=\"article:modified_time\" content=\"2025-07-22T08:56:01+00:00\" \/>\n<meta property=\"og:image\" content=\"https:\/\/otakuoshi.com\/wp-content\/uploads\/2025\/07\/cropped-logo.jpg\" \/>\n\t<meta property=\"og:image:width\" content=\"512\" \/>\n\t<meta property=\"og:image:height\" content=\"512\" \/>\n\t<meta property=\"og:image:type\" content=\"image\/jpeg\" \/>\n<meta name=\"twitter:card\" content=\"summary_large_image\" \/>\n<meta name=\"twitter:site\" content=\"@OtakuOshi\" \/>\n<meta name=\"twitter:label1\" content=\"Szacowany czas czytania\" \/>\n\t<meta name=\"twitter:data1\" content=\"2 minuty\" \/>\n<script type=\"application\/ld+json\" class=\"yoast-schema-graph\">{\"@context\":\"https:\/\/schema.org\",\"@graph\":[{\"@type\":\"WebPage\",\"@id\":\"https:\/\/otakuoshi.com\/usc2257\/\",\"url\":\"https:\/\/otakuoshi.com\/usc2257\/\",\"name\":\"USC2257\",\"isPartOf\":{\"@id\":\"https:\/\/otakuoshi.com\/#website\"},\"datePublished\":\"2025-07-22T08:56:00+00:00\",\"dateModified\":\"2025-07-22T08:56:01+00:00\",\"breadcrumb\":{\"@id\":\"https:\/\/otakuoshi.com\/usc2257\/#breadcrumb\"},\"inLanguage\":\"pl-PL\",\"potentialAction\":[{\"@type\":\"ReadAction\",\"target\":[\"https:\/\/otakuoshi.com\/usc2257\/\"]}]},{\"@type\":\"BreadcrumbList\",\"@id\":\"https:\/\/otakuoshi.com\/usc2257\/#breadcrumb\",\"itemListElement\":[{\"@type\":\"ListItem\",\"position\":1,\"name\":\"Home\",\"item\":\"https:\/\/otakuoshi.com\/\"},{\"@type\":\"ListItem\",\"position\":2,\"name\":\"USC2257\"}]},{\"@type\":\"WebSite\",\"@id\":\"https:\/\/otakuoshi.com\/#website\",\"url\":\"https:\/\/otakuoshi.com\/\",\"name\":\"OtakuOshi\",\"description\":\"\",\"publisher\":{\"@id\":\"https:\/\/otakuoshi.com\/#organization\"},\"alternateName\":\"Otaku Oshi\",\"potentialAction\":[{\"@type\":\"SearchAction\",\"target\":{\"@type\":\"EntryPoint\",\"urlTemplate\":\"https:\/\/otakuoshi.com\/?s={search_term_string}\"},\"query-input\":{\"@type\":\"PropertyValueSpecification\",\"valueRequired\":true,\"valueName\":\"search_term_string\"}}],\"inLanguage\":\"pl-PL\"},{\"@type\":\"Organization\",\"@id\":\"https:\/\/otakuoshi.com\/#organization\",\"name\":\"OtakuOshi\",\"url\":\"https:\/\/otakuoshi.com\/\",\"logo\":{\"@type\":\"ImageObject\",\"inLanguage\":\"pl-PL\",\"@id\":\"https:\/\/otakuoshi.com\/#\/schema\/logo\/image\/\",\"url\":\"https:\/\/otakuoshi.com\/wp-content\/uploads\/2025\/07\/logo.jpg\",\"contentUrl\":\"https:\/\/otakuoshi.com\/wp-content\/uploads\/2025\/07\/logo.jpg\",\"width\":458,\"height\":164,\"caption\":\"OtakuOshi\"},\"image\":{\"@id\":\"https:\/\/otakuoshi.com\/#\/schema\/logo\/image\/\"},\"sameAs\":[\"https:\/\/x.com\/OtakuOshi\"]}]}<\/script>\n<!-- \/ Yoast SEO plugin. -->","yoast_head_json":{"title":"USC2257","robots":{"index":"index","follow":"follow","max-snippet":"max-snippet:-1","max-image-preview":"max-image-preview:large","max-video-preview":"max-video-preview:-1"},"canonical":"https:\/\/otakuoshi.com\/pl\/usc2257\/","og_locale":"pl_PL","og_type":"article","og_title":"USC2257","og_description":"Introducci\u00f3n Este sitio web, OtakuOshi.com, est\u00e1 ubicado y operado desde los Estados Unidos y cumple con los requisitos establecidos en los art\u00edculos 18 U.S.C. \u00a7\u00a72257,&hellip;","og_url":"https:\/\/otakuoshi.com\/pl\/usc2257\/","og_site_name":"OtakuOshi","article_modified_time":"2025-07-22T08:56:01+00:00","og_image":[{"width":512,"height":512,"url":"https:\/\/otakuoshi.com\/wp-content\/uploads\/2025\/07\/cropped-logo.jpg","type":"image\/jpeg"}],"twitter_card":"summary_large_image","twitter_site":"@OtakuOshi","twitter_misc":{"Szacowany czas czytania":"2 minuty"},"schema":{"@context":"https:\/\/schema.org","@graph":[{"@type":"WebPage","@id":"https:\/\/otakuoshi.com\/usc2257\/","url":"https:\/\/otakuoshi.com\/usc2257\/","name":"USC2257","isPartOf":{"@id":"https:\/\/otakuoshi.com\/#website"},"datePublished":"2025-07-22T08:56:00+00:00","dateModified":"2025-07-22T08:56:01+00:00","breadcrumb":{"@id":"https:\/\/otakuoshi.com\/usc2257\/#breadcrumb"},"inLanguage":"pl-PL","potentialAction":[{"@type":"ReadAction","target":["https:\/\/otakuoshi.com\/usc2257\/"]}]},{"@type":"BreadcrumbList","@id":"https:\/\/otakuoshi.com\/usc2257\/#breadcrumb","itemListElement":[{"@type":"ListItem","position":1,"name":"Home","item":"https:\/\/otakuoshi.com\/"},{"@type":"ListItem","position":2,"name":"USC2257"}]},{"@type":"WebSite","@id":"https:\/\/otakuoshi.com\/#website","url":"https:\/\/otakuoshi.com\/","name":"OtakuOshi","description":"","publisher":{"@id":"https:\/\/otakuoshi.com\/#organization"},"alternateName":"Otaku Oshi","potentialAction":[{"@type":"SearchAction","target":{"@type":"EntryPoint","urlTemplate":"https:\/\/otakuoshi.com\/?s={search_term_string}"},"query-input":{"@type":"PropertyValueSpecification","valueRequired":true,"valueName":"search_term_string"}}],"inLanguage":"pl-PL"},{"@type":"Organization","@id":"https:\/\/otakuoshi.com\/#organization","name":"OtakuOshi","url":"https:\/\/otakuoshi.com\/","logo":{"@type":"ImageObject","inLanguage":"pl-PL","@id":"https:\/\/otakuoshi.com\/#\/schema\/logo\/image\/","url":"https:\/\/otakuoshi.com\/wp-content\/uploads\/2025\/07\/logo.jpg","contentUrl":"https:\/\/otakuoshi.com\/wp-content\/uploads\/2025\/07\/logo.jpg","width":458,"height":164,"caption":"OtakuOshi"},"image":{"@id":"https:\/\/otakuoshi.com\/#\/schema\/logo\/image\/"},"sameAs":["https:\/\/x.com\/OtakuOshi"]}]}},"_links":{"self":[{"href":"https:\/\/otakuoshi.com\/pl\/wp-json\/wp\/v2\/pages\/309","targetHints":{"allow":["GET"]}}],"collection":[{"href":"https:\/\/otakuoshi.com\/pl\/wp-json\/wp\/v2\/pages"}],"about":[{"href":"https:\/\/otakuoshi.com\/pl\/wp-json\/wp\/v2\/types\/page"}],"author":[{"embeddable":true,"href":"https:\/\/otakuoshi.com\/pl\/wp-json\/wp\/v2\/users\/1"}],"replies":[{"embeddable":true,"href":"https:\/\/otakuoshi.com\/pl\/wp-json\/wp\/v2\/comments?post=309"}],"version-history":[{"count":0,"href":"https:\/\/otakuoshi.com\/pl\/wp-json\/wp\/v2\/pages\/309\/revisions"}],"wp:attachment":[{"href":"https:\/\/otakuoshi.com\/pl\/wp-json\/wp\/v2\/media?parent=309"}],"curies":[{"name":"wp","href":"https:\/\/api.w.org\/{rel}","templated":true}]}}