{"id":313,"date":"2025-07-22T09:01:00","date_gmt":"2025-07-22T09:01:00","guid":{"rendered":"https:\/\/otakuoshi.com\/?page_id=313"},"modified":"2025-07-22T09:01:00","modified_gmt":"2025-07-22T09:01:00","slug":"marka","status":"publish","type":"page","link":"https:\/\/otakuoshi.com\/pl\/marka\/","title":{"rendered":"Marka"},"content":{"rendered":"<p><strong>OtakuOshi<\/strong> to co\u015b wi\u0119cej ni\u017c platforma: to marka zbudowana na pasji, to\u017csamo\u015bci i duchu globalnej kultury otaku.<\/p>\n\n\n\n<p>Powsta\u0142a z potrzeby stworzenia przestrzeni, w kt\u00f3rej <strong>tw\u00f3rcy, fani i arty\u015bci<\/strong> OtakuOshi reprezentuje now\u0105 generacj\u0119 platform cyfrowych: wyspecjalizowanych, etycznych i skoncentrowanych na spo\u0142eczno\u015bci.<\/p>\n\n\n\n<p>S\u0142owo \"<strong>Oshi<\/strong>\"pochodzi od japo\u0144skiego \u63a8\u3057, terminu u\u017cywanego w odniesieniu do postaci, idola lub artysty, kt\u00f3rego fan wspiera ca\u0142ym sercem. \u0141\u0105cz\u0105c to z \"Otaku\", jasno okre\u015blamy nasz cel: <strong>by\u0107 cyfrowym domem, w kt\u00f3rym fani wspieraj\u0105, odkrywaj\u0105 i \u0142\u0105cz\u0105 si\u0119 ze swoimi prawdziwymi oshis<\/strong>.<\/p>\n\n\n\n<h3 class=\"wp-block-heading\">Nasza wizja<\/h3>\n\n\n\n<p>Stworzenie dost\u0119pnego, bezpiecznego i nowoczesnego ekosystemu, w kt\u00f3rym ka\u017cdy tw\u00f3rca zwi\u0105zany ze \u015bwiatem otaku - cosplayerzy, ilustratorzy, autorzy opowiada\u0144, projektanci, lektorzy itp. - mo\u017ce udost\u0119pnia\u0107 i zarabia\u0107 na swojej pracy bez zb\u0119dnych ogranicze\u0144 lub og\u00f3lnych platform.<\/p>\n\n\n\n<h3 class=\"wp-block-heading\">Co oznacza nasza marka<\/h3>\n\n\n\n<ul class=\"wp-block-list\">\n<li><strong>Szacunek dla kultury otaku<\/strong><br>Szanujemy ich korzenie, r\u00f3\u017cnorodno\u015b\u0107 i globaln\u0105 ewolucj\u0119.<\/li>\n\n\n\n<li><strong>Autentyczno\u015b\u0107 i bezpo\u015brednie po\u0142\u0105czenie<\/strong><br>\u017badnych po\u015brednik\u00f3w, \u017cadnych nieprzejrzystych algorytm\u00f3w. Tylko fani wspieraj\u0105cy tw\u00f3rc\u00f3w.<\/li>\n\n\n\n<li><strong>Prywatno\u015b\u0107 i bezpiecze\u0144stwo jako podstawa<\/strong><br>Chronimy zar\u00f3wno tw\u00f3rc\u00f3w, jak i fan\u00f3w za pomoc\u0105 profesjonalnych standard\u00f3w.<\/li>\n\n\n\n<li><strong>Kreatywno\u015b\u0107 bez ogranicze\u0144<\/strong><br>OtakuOshi to wolna przestrze\u0144 do odkrywania pomys\u0142\u00f3w, styl\u00f3w, narracji i gatunk\u00f3w w ramach prawnych i etycznych.<\/li>\n<\/ul>\n\n\n\n<h3 class=\"wp-block-heading\">Do kogo skierowana jest marka?<\/h3>\n\n\n\n<ul class=\"wp-block-list\">\n<li>Do <strong>fani anime, mangi, cosplayu, sztuki cyfrowej, ASMR i tre\u015bci narracyjnych<\/strong>.<\/li>\n\n\n\n<li>Dla tw\u00f3rc\u00f3w, kt\u00f3rzy nie pasuj\u0105 do tradycyjnych platform.<\/li>\n\n\n\n<li>Kolekcjonerzy i fani, kt\u00f3rzy ceni\u0105 sobie autentyczne relacje i tre\u015bci tworzone z pasj\u0105.<\/li>\n<\/ul>\n\n\n\n<p><strong>OtakuOshi<\/strong> nie jest kopi\u0105. To nie tylko kolejna sie\u0107 spo\u0142eczno\u015bciowa.<br>To marka, kt\u00f3ra ma sw\u00f3j cel: <strong>aby zapewni\u0107 widoczno\u015b\u0107, wolno\u015b\u0107 tw\u00f3rcz\u0105 i prawdziwe narz\u0119dzia tym, kt\u00f3rzy \u017cyj\u0105 fandomem jako cz\u0119\u015bci\u0105 swojej to\u017csamo\u015bci.<\/strong><\/p>\n\n\n\n<p>Poniewa\u017c w \u015bwiecie otaku <strong>oshi<\/strong> Nie tylko wygl\u0105da. Jest obs\u0142ugiwany.<br>OtakuOshi jest tutaj, aby to umo\u017cliwi\u0107.<\/p>","protected":false},"excerpt":{"rendered":"<p>OtakuOshi to wi\u0119cej ni\u017c platforma: to marka zbudowana na pasji, to\u017csamo\u015bci i duchu globalnej kultury otaku. Zrodzona z...<\/p>","protected":false},"author":1,"featured_media":0,"parent":0,"menu_order":0,"comment_status":"closed","ping_status":"closed","template":"","meta":{"footnotes":""},"class_list":["post-313","page","type-page","status-publish","hentry"],"yoast_head":"<!-- This site is optimized with the Yoast SEO plugin v26.8 - https:\/\/yoast.com\/product\/yoast-seo-wordpress\/ -->\n<title>Marca<\/title>\n<meta name=\"robots\" content=\"index, follow, max-snippet:-1, max-image-preview:large, max-video-preview:-1\" \/>\n<link rel=\"canonical\" href=\"https:\/\/otakuoshi.com\/pl\/marka\/\" \/>\n<meta property=\"og:locale\" content=\"pl_PL\" \/>\n<meta property=\"og:type\" content=\"article\" \/>\n<meta property=\"og:title\" content=\"Marca\" \/>\n<meta property=\"og:description\" content=\"OtakuOshi es m\u00e1s que una plataforma: es una marca construida sobre la pasi\u00f3n, la identidad y el esp\u00edritu de la cultura otaku global. Nacida de&hellip;\" \/>\n<meta property=\"og:url\" content=\"https:\/\/otakuoshi.com\/pl\/marka\/\" \/>\n<meta property=\"og:site_name\" content=\"OtakuOshi\" \/>\n<meta property=\"og:image\" content=\"https:\/\/otakuoshi.com\/wp-content\/uploads\/2025\/07\/cropped-logo.jpg\" \/>\n\t<meta property=\"og:image:width\" content=\"512\" \/>\n\t<meta property=\"og:image:height\" content=\"512\" \/>\n\t<meta property=\"og:image:type\" content=\"image\/jpeg\" \/>\n<meta name=\"twitter:card\" content=\"summary_large_image\" \/>\n<meta name=\"twitter:site\" content=\"@OtakuOshi\" \/>\n<meta name=\"twitter:label1\" content=\"Szacowany czas czytania\" \/>\n\t<meta name=\"twitter:data1\" content=\"2 minuty\" \/>\n<script type=\"application\/ld+json\" class=\"yoast-schema-graph\">{\"@context\":\"https:\/\/schema.org\",\"@graph\":[{\"@type\":\"WebPage\",\"@id\":\"https:\/\/otakuoshi.com\/marca\/\",\"url\":\"https:\/\/otakuoshi.com\/marca\/\",\"name\":\"Marca\",\"isPartOf\":{\"@id\":\"https:\/\/otakuoshi.com\/#website\"},\"datePublished\":\"2025-07-22T09:01:00+00:00\",\"breadcrumb\":{\"@id\":\"https:\/\/otakuoshi.com\/marca\/#breadcrumb\"},\"inLanguage\":\"pl-PL\",\"potentialAction\":[{\"@type\":\"ReadAction\",\"target\":[\"https:\/\/otakuoshi.com\/marca\/\"]}]},{\"@type\":\"BreadcrumbList\",\"@id\":\"https:\/\/otakuoshi.com\/marca\/#breadcrumb\",\"itemListElement\":[{\"@type\":\"ListItem\",\"position\":1,\"name\":\"Home\",\"item\":\"https:\/\/otakuoshi.com\/\"},{\"@type\":\"ListItem\",\"position\":2,\"name\":\"Marca\"}]},{\"@type\":\"WebSite\",\"@id\":\"https:\/\/otakuoshi.com\/#website\",\"url\":\"https:\/\/otakuoshi.com\/\",\"name\":\"OtakuOshi\",\"description\":\"\",\"publisher\":{\"@id\":\"https:\/\/otakuoshi.com\/#organization\"},\"alternateName\":\"Otaku Oshi\",\"potentialAction\":[{\"@type\":\"SearchAction\",\"target\":{\"@type\":\"EntryPoint\",\"urlTemplate\":\"https:\/\/otakuoshi.com\/?s={search_term_string}\"},\"query-input\":{\"@type\":\"PropertyValueSpecification\",\"valueRequired\":true,\"valueName\":\"search_term_string\"}}],\"inLanguage\":\"pl-PL\"},{\"@type\":\"Organization\",\"@id\":\"https:\/\/otakuoshi.com\/#organization\",\"name\":\"OtakuOshi\",\"url\":\"https:\/\/otakuoshi.com\/\",\"logo\":{\"@type\":\"ImageObject\",\"inLanguage\":\"pl-PL\",\"@id\":\"https:\/\/otakuoshi.com\/#\/schema\/logo\/image\/\",\"url\":\"https:\/\/otakuoshi.com\/wp-content\/uploads\/2025\/07\/logo.jpg\",\"contentUrl\":\"https:\/\/otakuoshi.com\/wp-content\/uploads\/2025\/07\/logo.jpg\",\"width\":458,\"height\":164,\"caption\":\"OtakuOshi\"},\"image\":{\"@id\":\"https:\/\/otakuoshi.com\/#\/schema\/logo\/image\/\"},\"sameAs\":[\"https:\/\/x.com\/OtakuOshi\"]}]}<\/script>\n<!-- \/ Yoast SEO plugin. -->","yoast_head_json":{"title":"Marka","robots":{"index":"index","follow":"follow","max-snippet":"max-snippet:-1","max-image-preview":"max-image-preview:large","max-video-preview":"max-video-preview:-1"},"canonical":"https:\/\/otakuoshi.com\/pl\/marka\/","og_locale":"pl_PL","og_type":"article","og_title":"Marca","og_description":"OtakuOshi es m\u00e1s que una plataforma: es una marca construida sobre la pasi\u00f3n, la identidad y el esp\u00edritu de la cultura otaku global. Nacida de&hellip;","og_url":"https:\/\/otakuoshi.com\/pl\/marka\/","og_site_name":"OtakuOshi","og_image":[{"width":512,"height":512,"url":"https:\/\/otakuoshi.com\/wp-content\/uploads\/2025\/07\/cropped-logo.jpg","type":"image\/jpeg"}],"twitter_card":"summary_large_image","twitter_site":"@OtakuOshi","twitter_misc":{"Szacowany czas czytania":"2 minuty"},"schema":{"@context":"https:\/\/schema.org","@graph":[{"@type":"WebPage","@id":"https:\/\/otakuoshi.com\/marca\/","url":"https:\/\/otakuoshi.com\/marca\/","name":"Marka","isPartOf":{"@id":"https:\/\/otakuoshi.com\/#website"},"datePublished":"2025-07-22T09:01:00+00:00","breadcrumb":{"@id":"https:\/\/otakuoshi.com\/marca\/#breadcrumb"},"inLanguage":"pl-PL","potentialAction":[{"@type":"ReadAction","target":["https:\/\/otakuoshi.com\/marca\/"]}]},{"@type":"BreadcrumbList","@id":"https:\/\/otakuoshi.com\/marca\/#breadcrumb","itemListElement":[{"@type":"ListItem","position":1,"name":"Home","item":"https:\/\/otakuoshi.com\/"},{"@type":"ListItem","position":2,"name":"Marca"}]},{"@type":"WebSite","@id":"https:\/\/otakuoshi.com\/#website","url":"https:\/\/otakuoshi.com\/","name":"OtakuOshi","description":"","publisher":{"@id":"https:\/\/otakuoshi.com\/#organization"},"alternateName":"Otaku Oshi","potentialAction":[{"@type":"SearchAction","target":{"@type":"EntryPoint","urlTemplate":"https:\/\/otakuoshi.com\/?s={search_term_string}"},"query-input":{"@type":"PropertyValueSpecification","valueRequired":true,"valueName":"search_term_string"}}],"inLanguage":"pl-PL"},{"@type":"Organization","@id":"https:\/\/otakuoshi.com\/#organization","name":"OtakuOshi","url":"https:\/\/otakuoshi.com\/","logo":{"@type":"ImageObject","inLanguage":"pl-PL","@id":"https:\/\/otakuoshi.com\/#\/schema\/logo\/image\/","url":"https:\/\/otakuoshi.com\/wp-content\/uploads\/2025\/07\/logo.jpg","contentUrl":"https:\/\/otakuoshi.com\/wp-content\/uploads\/2025\/07\/logo.jpg","width":458,"height":164,"caption":"OtakuOshi"},"image":{"@id":"https:\/\/otakuoshi.com\/#\/schema\/logo\/image\/"},"sameAs":["https:\/\/x.com\/OtakuOshi"]}]}},"_links":{"self":[{"href":"https:\/\/otakuoshi.com\/pl\/wp-json\/wp\/v2\/pages\/313","targetHints":{"allow":["GET"]}}],"collection":[{"href":"https:\/\/otakuoshi.com\/pl\/wp-json\/wp\/v2\/pages"}],"about":[{"href":"https:\/\/otakuoshi.com\/pl\/wp-json\/wp\/v2\/types\/page"}],"author":[{"embeddable":true,"href":"https:\/\/otakuoshi.com\/pl\/wp-json\/wp\/v2\/users\/1"}],"replies":[{"embeddable":true,"href":"https:\/\/otakuoshi.com\/pl\/wp-json\/wp\/v2\/comments?post=313"}],"version-history":[{"count":0,"href":"https:\/\/otakuoshi.com\/pl\/wp-json\/wp\/v2\/pages\/313\/revisions"}],"wp:attachment":[{"href":"https:\/\/otakuoshi.com\/pl\/wp-json\/wp\/v2\/media?parent=313"}],"curies":[{"name":"wp","href":"https:\/\/api.w.org\/{rel}","templated":true}]}}