{"id":316,"date":"2025-07-22T09:03:52","date_gmt":"2025-07-22T09:03:52","guid":{"rendered":"https:\/\/otakuoshi.com\/?page_id=316"},"modified":"2025-07-22T09:03:53","modified_gmt":"2025-07-22T09:03:53","slug":"reklamacje","status":"publish","type":"page","link":"https:\/\/otakuoshi.com\/pl\/reklamacje\/","title":{"rendered":"Skargi"},"content":{"rendered":"\n<p><strong>AL UTILIZAR NUESTRO SITIO, ACEPTAS ESTA POL\u00cdTICA \u2013 L\u00c9ELA CUIDADOSAMENTE<\/strong><\/p>\n\n\n\n<h2 class=\"wp-block-heading\">Introducci\u00f3n<\/h2>\n\n\n\n<p>Esta Pol\u00edtica forma parte de tu acuerdo con nosotros. Gestionaremos las quejas conforme a los t\u00e9rminos establecidos a continuaci\u00f3n. Algunos puntos clave:<\/p>\n\n\n\n<ul class=\"wp-block-list\">\n<li>Al presentar una queja, confirmas que la informaci\u00f3n que proporcionas es precisa y completa.<\/li>\n\n\n\n<li>Esta Pol\u00edtica explica c\u00f3mo gestionamos las quejas relacionadas con:\n<ul class=\"wp-block-list\">\n<li>La aplicaci\u00f3n de nuestros T\u00e9rminos de Servicio;<\/li>\n\n\n\n<li>Contenido en OtakuOshi que pueda ser ilegal o infringir nuestros T\u00e9rminos de Servicio;<\/li>\n\n\n\n<li>Cumplimiento de leyes aplicables.<\/li>\n<\/ul>\n<\/li>\n<\/ul>\n\n\n\n<blockquote class=\"wp-block-quote is-layout-flow wp-block-quote-is-layout-flow\">\n<p><strong>Esta pol\u00edtica no aplica a quejas relacionadas con decisiones de moderaci\u00f3n de contenido, suspensi\u00f3n de cuentas o infracci\u00f3n de derechos de autor.<\/strong> Para esos casos, consulta nuestra <a>Pol\u00edtica de Apelaciones<\/a> o nuestra <a>Pol\u00edtica DMCA<\/a>.<\/p>\n<\/blockquote>\n\n\n\n<h2 class=\"wp-block-heading\">Informaci\u00f3n de contacto<\/h2>\n\n\n\n<p><strong>OtakuOshi<\/strong> es operado por <strong>Polaris Nexus LLC<\/strong>, una empresa registrada en los Estados Unidos.<br>\ud83d\udccd Direcci\u00f3n registrada: [incluir direcci\u00f3n legal completa de la empresa en EE.UU.]<br>\ud83d\udce7 Correo: <a>support@otakuoshi.com<\/a><\/p>\n\n\n\n<h2 class=\"wp-block-heading\">Interpretaci\u00f3n<\/h2>\n\n\n\n<p>A menos que se indique lo contrario, los t\u00e9rminos definidos en esta pol\u00edtica tienen el mismo significado que en nuestros <a>T\u00e9rminos de Uso<\/a>.<\/p>\n\n\n\n<h2 class=\"wp-block-heading\">Quejas sobre decisiones de moderaci\u00f3n<\/h2>\n\n\n\n<p>Moderamos contenido de acuerdo con nuestros T\u00e9rminos de Servicio.<br>Si deseas <strong>apelar la eliminaci\u00f3n de contenido, la suspensi\u00f3n de una cuenta o una advertencia final<\/strong>, debes completar el <strong>Formulario de Apelaci\u00f3n de Desactivaci\u00f3n de Contenido<\/strong>.<\/p>\n\n\n\n<blockquote class=\"wp-block-quote is-layout-flow wp-block-quote-is-layout-flow\">\n<p>Las apelaciones relacionadas con contenido moderado por sospecha de actividad ilegal se gestionan mediante nuestra Pol\u00edtica de Apelaciones.<\/p>\n<\/blockquote>\n\n\n\n<h2 class=\"wp-block-heading\">Quejas por infracci\u00f3n de derechos de autor<\/h2>\n\n\n\n<p>Si consideras que tu contenido ha sido copiado sin autorizaci\u00f3n, consulta nuestra <a>Pol\u00edtica de Retiro DMCA<\/a> para m\u00e1s detalles.<\/p>\n\n\n\n<h2 class=\"wp-block-heading\">\u00bfC\u00f3mo presentar una queja general?<\/h2>\n\n\n\n<p>Puedes presentar una queja de cualquiera de las siguientes formas:<\/p>\n\n\n\n<ol class=\"wp-block-list\">\n<li>Usando nuestro <a>Formulario de Contacto<\/a>, selecciona el motivo y describe el problema detalladamente.<\/li>\n\n\n\n<li>Utilizando la funci\u00f3n <strong>\u00abReportar\u00bb<\/strong> directamente en la p\u00e1gina del contenido relevante.<\/li>\n\n\n\n<li>Enviando un correo a: <strong><a>support@otakuoshi.com<\/a><\/strong><\/li>\n\n\n\n<li>Enviando una carta postal a la direcci\u00f3n registrada de Polaris Nexus LLC.<\/li>\n<\/ol>\n\n\n\n<blockquote class=\"wp-block-quote is-layout-flow wp-block-quote-is-layout-flow\">\n<p>Aseg\u00farate de incluir toda la informaci\u00f3n relevante, incluyendo <strong>URLs espec\u00edficas<\/strong> si corresponde. Si falta informaci\u00f3n esencial, es posible que no podamos investigar adecuadamente tu queja.<\/p>\n<\/blockquote>\n\n\n\n<h2 class=\"wp-block-heading\">\u00bfC\u00f3mo gestionamos las quejas?<\/h2>\n\n\n\n<p>Cuando recibimos una queja:<\/p>\n\n\n\n<ul class=\"wp-block-list\">\n<li>Revisaremos la informaci\u00f3n proporcionada y cualquier documento de soporte.<\/li>\n\n\n\n<li>Podemos solicitar datos adicionales tanto al denunciante como a terceros.<\/li>\n\n\n\n<li>Evaluaremos la queja de buena fe y dentro del plazo legalmente aplicable.<\/li>\n\n\n\n<li>Si el contenido infringe claramente nuestros T\u00e9rminos de Servicio, ser\u00e1 eliminado.<\/li>\n\n\n\n<li>Te notificaremos una vez que finalice la revisi\u00f3n y se haya tomado una decisi\u00f3n.<\/li>\n<\/ul>\n\n\n\n<p>Si determinamos que el contenido no infringe nuestras pol\u00edticas, <strong>puedes apelar nuestra decisi\u00f3n<\/strong> conforme a la Pol\u00edtica de Apelaciones.<\/p>\n\n\n\n<h2 class=\"wp-block-heading\">Abuso del proceso de quejas<\/h2>\n\n\n\n<p>No toleramos quejas realizadas con mala fe, con fines abusivos, de acoso o que est\u00e9n destinadas a da\u00f1ar a otras personas.<\/p>\n\n\n\n<blockquote class=\"wp-block-quote is-layout-flow wp-block-quote-is-layout-flow\">\n<p>Si eres usuario de OtakuOshi y presentas una queja infundada o abusiva, podr\u00edamos <strong>suspender o eliminar tu cuenta permanentemente.<\/strong><\/p>\n<\/blockquote>\n\n\n\n<h2 class=\"wp-block-heading\">Mediaci\u00f3n para consumidores en la UE\/EEE<\/h2>\n\n\n\n<p>Si te encuentras en el \u00c1rea Econ\u00f3mica Europea, puedes \u2014aunque no est\u00e1s obligado\u2014 usar la plataforma de <strong>Resoluci\u00f3n de Disputas en L\u00ednea (ODR)<\/strong> de la UE para resolver conflictos de consumo:<br>\ud83d\udd17 <a>https:\/\/ec.europa.eu\/consumers\/odr<\/a><\/p>\n\n\n\n<h2 class=\"wp-block-heading\">Quejas regulatorias bajo la DSA (UE\/EEE)<\/h2>\n\n\n\n<p>Si resides en la Uni\u00f3n Europea y consideras que OtakuOshi ha infringido disposiciones de la <strong>Ley de Servicios Digitales (DSA)<\/strong>, tienes derecho a presentar una queja ante el <strong>Coordinador de Servicios Digitales<\/strong> de tu pa\u00eds.<\/p>\n\n\n\n<p>Tambi\u00e9n puedes informarnos directamente bajo esta Pol\u00edtica de Quejas, y apelar cualquier decisi\u00f3n seg\u00fan nuestra <a>Pol\u00edtica de Apelaciones<\/a>.<\/p>\n\n\n\n<h2 class=\"wp-block-heading\">Quejas regulatorias<\/h2>\n\n\n\n<p>OtakuOshi est\u00e1 sujeta a la legislaci\u00f3n vigente de EE.UU. y otras jurisdicciones en las que opera.<br>Actualmente, <strong>no est\u00e1 regulada por Ofcom (Reino Unido)<\/strong> ni por el <strong>eSafety Commissioner (Australia)<\/strong>. Si en el futuro aplicase, se notificar\u00e1 a los usuarios.<\/p>\n\n\n\n<h2 class=\"wp-block-heading\">Reclamaciones por incumplimiento bajo la Online Safety Act (Reino Unido)<\/h2>\n\n\n\n<p>Si eres residente del Reino Unido, puedes presentar una reclamaci\u00f3n por incumplimiento contractual si consideras que hemos:<\/p>\n\n\n\n<ul class=\"wp-block-list\">\n<li>Eliminado o restringido el acceso a tu contenido injustamente; o<\/li>\n\n\n\n<li>Suspendido tu cuenta sin justificaci\u00f3n conforme a nuestros T\u00e9rminos de Servicio.<\/li>\n<\/ul>\n\n\n\n<h2 class=\"wp-block-heading\">Tus derechos legales<\/h2>\n\n\n\n<p>Esta pol\u00edtica no afecta tus derechos legales como consumidor conforme a las leyes aplicables.<\/p>\n","protected":false},"excerpt":{"rendered":"<p>KORZYSTAJ\u0104C Z NASZEJ STRONY, U\u017bYTKOWNIK AKCEPTUJE NINIEJSZ\u0104 POLITYK\u0118 - PRZECZYTAJ J\u0104 UWA\u017bNIE Wprowadzenie Niniejsza Polityka stanowi cz\u0119\u015b\u0107 umowy zawartej z nami. B\u0119dziemy rozpatrywa\u0107 skargi zgodnie z...<\/p>","protected":false},"author":1,"featured_media":0,"parent":0,"menu_order":0,"comment_status":"closed","ping_status":"closed","template":"","meta":{"footnotes":""},"class_list":["post-316","page","type-page","status-publish","hentry"],"yoast_head":"<!-- This site is optimized with the Yoast SEO plugin v26.8 - https:\/\/yoast.com\/product\/yoast-seo-wordpress\/ -->\n<title>Complaints<\/title>\n<meta name=\"robots\" content=\"index, follow, max-snippet:-1, max-image-preview:large, max-video-preview:-1\" \/>\n<link rel=\"canonical\" href=\"https:\/\/otakuoshi.com\/pl\/reklamacje\/\" \/>\n<meta property=\"og:locale\" content=\"pl_PL\" \/>\n<meta property=\"og:type\" content=\"article\" \/>\n<meta property=\"og:title\" content=\"Complaints\" \/>\n<meta property=\"og:description\" content=\"AL UTILIZAR NUESTRO SITIO, ACEPTAS ESTA POL\u00cdTICA \u2013 L\u00c9ELA CUIDADOSAMENTE Introducci\u00f3n Esta Pol\u00edtica forma parte de tu acuerdo con nosotros. Gestionaremos las quejas conforme a&hellip;\" \/>\n<meta property=\"og:url\" content=\"https:\/\/otakuoshi.com\/pl\/reklamacje\/\" \/>\n<meta property=\"og:site_name\" content=\"OtakuOshi\" \/>\n<meta property=\"article:modified_time\" content=\"2025-07-22T09:03:53+00:00\" \/>\n<meta property=\"og:image\" content=\"https:\/\/otakuoshi.com\/wp-content\/uploads\/2025\/07\/cropped-logo.jpg\" \/>\n\t<meta property=\"og:image:width\" content=\"512\" \/>\n\t<meta property=\"og:image:height\" content=\"512\" \/>\n\t<meta property=\"og:image:type\" content=\"image\/jpeg\" \/>\n<meta name=\"twitter:card\" content=\"summary_large_image\" \/>\n<meta name=\"twitter:site\" content=\"@OtakuOshi\" \/>\n<meta name=\"twitter:label1\" content=\"Szacowany czas czytania\" \/>\n\t<meta name=\"twitter:data1\" content=\"4 minuty\" \/>\n<script type=\"application\/ld+json\" class=\"yoast-schema-graph\">{\"@context\":\"https:\/\/schema.org\",\"@graph\":[{\"@type\":\"WebPage\",\"@id\":\"https:\/\/otakuoshi.com\/complaints\/\",\"url\":\"https:\/\/otakuoshi.com\/complaints\/\",\"name\":\"Complaints\",\"isPartOf\":{\"@id\":\"https:\/\/otakuoshi.com\/#website\"},\"datePublished\":\"2025-07-22T09:03:52+00:00\",\"dateModified\":\"2025-07-22T09:03:53+00:00\",\"breadcrumb\":{\"@id\":\"https:\/\/otakuoshi.com\/complaints\/#breadcrumb\"},\"inLanguage\":\"pl-PL\",\"potentialAction\":[{\"@type\":\"ReadAction\",\"target\":[\"https:\/\/otakuoshi.com\/complaints\/\"]}]},{\"@type\":\"BreadcrumbList\",\"@id\":\"https:\/\/otakuoshi.com\/complaints\/#breadcrumb\",\"itemListElement\":[{\"@type\":\"ListItem\",\"position\":1,\"name\":\"Home\",\"item\":\"https:\/\/otakuoshi.com\/\"},{\"@type\":\"ListItem\",\"position\":2,\"name\":\"Complaints\"}]},{\"@type\":\"WebSite\",\"@id\":\"https:\/\/otakuoshi.com\/#website\",\"url\":\"https:\/\/otakuoshi.com\/\",\"name\":\"OtakuOshi\",\"description\":\"\",\"publisher\":{\"@id\":\"https:\/\/otakuoshi.com\/#organization\"},\"alternateName\":\"Otaku Oshi\",\"potentialAction\":[{\"@type\":\"SearchAction\",\"target\":{\"@type\":\"EntryPoint\",\"urlTemplate\":\"https:\/\/otakuoshi.com\/?s={search_term_string}\"},\"query-input\":{\"@type\":\"PropertyValueSpecification\",\"valueRequired\":true,\"valueName\":\"search_term_string\"}}],\"inLanguage\":\"pl-PL\"},{\"@type\":\"Organization\",\"@id\":\"https:\/\/otakuoshi.com\/#organization\",\"name\":\"OtakuOshi\",\"url\":\"https:\/\/otakuoshi.com\/\",\"logo\":{\"@type\":\"ImageObject\",\"inLanguage\":\"pl-PL\",\"@id\":\"https:\/\/otakuoshi.com\/#\/schema\/logo\/image\/\",\"url\":\"https:\/\/otakuoshi.com\/wp-content\/uploads\/2025\/07\/logo.jpg\",\"contentUrl\":\"https:\/\/otakuoshi.com\/wp-content\/uploads\/2025\/07\/logo.jpg\",\"width\":458,\"height\":164,\"caption\":\"OtakuOshi\"},\"image\":{\"@id\":\"https:\/\/otakuoshi.com\/#\/schema\/logo\/image\/\"},\"sameAs\":[\"https:\/\/x.com\/OtakuOshi\"]}]}<\/script>\n<!-- \/ Yoast SEO plugin. -->","yoast_head_json":{"title":"Skargi","robots":{"index":"index","follow":"follow","max-snippet":"max-snippet:-1","max-image-preview":"max-image-preview:large","max-video-preview":"max-video-preview:-1"},"canonical":"https:\/\/otakuoshi.com\/pl\/reklamacje\/","og_locale":"pl_PL","og_type":"article","og_title":"Complaints","og_description":"AL UTILIZAR NUESTRO SITIO, ACEPTAS ESTA POL\u00cdTICA \u2013 L\u00c9ELA CUIDADOSAMENTE Introducci\u00f3n Esta Pol\u00edtica forma parte de tu acuerdo con nosotros. Gestionaremos las quejas conforme a&hellip;","og_url":"https:\/\/otakuoshi.com\/pl\/reklamacje\/","og_site_name":"OtakuOshi","article_modified_time":"2025-07-22T09:03:53+00:00","og_image":[{"width":512,"height":512,"url":"https:\/\/otakuoshi.com\/wp-content\/uploads\/2025\/07\/cropped-logo.jpg","type":"image\/jpeg"}],"twitter_card":"summary_large_image","twitter_site":"@OtakuOshi","twitter_misc":{"Szacowany czas czytania":"4 minuty"},"schema":{"@context":"https:\/\/schema.org","@graph":[{"@type":"WebPage","@id":"https:\/\/otakuoshi.com\/complaints\/","url":"https:\/\/otakuoshi.com\/complaints\/","name":"Skargi","isPartOf":{"@id":"https:\/\/otakuoshi.com\/#website"},"datePublished":"2025-07-22T09:03:52+00:00","dateModified":"2025-07-22T09:03:53+00:00","breadcrumb":{"@id":"https:\/\/otakuoshi.com\/complaints\/#breadcrumb"},"inLanguage":"pl-PL","potentialAction":[{"@type":"ReadAction","target":["https:\/\/otakuoshi.com\/complaints\/"]}]},{"@type":"BreadcrumbList","@id":"https:\/\/otakuoshi.com\/complaints\/#breadcrumb","itemListElement":[{"@type":"ListItem","position":1,"name":"Home","item":"https:\/\/otakuoshi.com\/"},{"@type":"ListItem","position":2,"name":"Complaints"}]},{"@type":"WebSite","@id":"https:\/\/otakuoshi.com\/#website","url":"https:\/\/otakuoshi.com\/","name":"OtakuOshi","description":"","publisher":{"@id":"https:\/\/otakuoshi.com\/#organization"},"alternateName":"Otaku Oshi","potentialAction":[{"@type":"SearchAction","target":{"@type":"EntryPoint","urlTemplate":"https:\/\/otakuoshi.com\/?s={search_term_string}"},"query-input":{"@type":"PropertyValueSpecification","valueRequired":true,"valueName":"search_term_string"}}],"inLanguage":"pl-PL"},{"@type":"Organization","@id":"https:\/\/otakuoshi.com\/#organization","name":"OtakuOshi","url":"https:\/\/otakuoshi.com\/","logo":{"@type":"ImageObject","inLanguage":"pl-PL","@id":"https:\/\/otakuoshi.com\/#\/schema\/logo\/image\/","url":"https:\/\/otakuoshi.com\/wp-content\/uploads\/2025\/07\/logo.jpg","contentUrl":"https:\/\/otakuoshi.com\/wp-content\/uploads\/2025\/07\/logo.jpg","width":458,"height":164,"caption":"OtakuOshi"},"image":{"@id":"https:\/\/otakuoshi.com\/#\/schema\/logo\/image\/"},"sameAs":["https:\/\/x.com\/OtakuOshi"]}]}},"_links":{"self":[{"href":"https:\/\/otakuoshi.com\/pl\/wp-json\/wp\/v2\/pages\/316","targetHints":{"allow":["GET"]}}],"collection":[{"href":"https:\/\/otakuoshi.com\/pl\/wp-json\/wp\/v2\/pages"}],"about":[{"href":"https:\/\/otakuoshi.com\/pl\/wp-json\/wp\/v2\/types\/page"}],"author":[{"embeddable":true,"href":"https:\/\/otakuoshi.com\/pl\/wp-json\/wp\/v2\/users\/1"}],"replies":[{"embeddable":true,"href":"https:\/\/otakuoshi.com\/pl\/wp-json\/wp\/v2\/comments?post=316"}],"version-history":[{"count":0,"href":"https:\/\/otakuoshi.com\/pl\/wp-json\/wp\/v2\/pages\/316\/revisions"}],"wp:attachment":[{"href":"https:\/\/otakuoshi.com\/pl\/wp-json\/wp\/v2\/media?parent=316"}],"curies":[{"name":"wp","href":"https:\/\/api.w.org\/{rel}","templated":true}]}}