{"id":95,"date":"2025-07-20T06:00:15","date_gmt":"2025-07-20T06:00:15","guid":{"rendered":"https:\/\/otakuoshi.com\/?page_id=95"},"modified":"2026-02-21T10:12:40","modified_gmt":"2026-02-21T10:12:40","slug":"home","status":"publish","type":"page","link":"https:\/\/otakuoshi.com\/pl\/","title":{"rendered":"Strona g\u0142\u00f3wna"},"content":{"rendered":"<p><!-- ======= HERO ======= --><\/p>\n<section class=\"hero\">\n<div class=\"hero__bg\"><\/div>\n<div class=\"hero__inner\">\n    <span class=\"oshi-badge\">\u304a\u305f\u304f\u304a\u3057 - Platforma dla tw\u00f3rc\u00f3w otaku<\/span><\/p>\n<h1>Twoja sztuka otaku zas\u0142uguje na<br \/>scena <em>na swoim poziomie<\/em><\/h1>\n<p class=\"hero__sub\">Zarabiaj na swoim talencie jako ilustrator, cosplayer, mangaka lub artysta cyfrowy. Nawi\u0105\u017c kontakt z fanami, kt\u00f3rzy naprawd\u0119 ceni\u0105 to, co tworzysz.<\/p>\n<div class=\"hero__ctas\">\n      <a href=\"https:\/\/fans.otakuoshi.com\/\" class=\"btn btn--fill\">Zacznij tworzy\u0107 za darmo<\/a><br \/>\n      <a href=\"\/pl\/zawartosc\/\" class=\"btn btn--ghost\">Przegl\u0105daj zawarto\u015b\u0107<\/a>\n    <\/div>\n<p class=\"hero__meta\">+9 kategorii - P\u0142atno\u015bci na ca\u0142ym \u015bwiecie - 100% Angielski i japo\u0144ski<\/p>\n<\/p><\/div>\n<\/section>\n<p><!-- ======= CATEGOR\u00cdAS ======= --><\/p>\n<section class=\"cats\" id=\"categorias\">\n<div class=\"oshi-wrap\">\n<div class=\"sec-head\">\n<h2>Przegl\u0105daj wed\u0142ug kategorii<\/h2>\n<p>Od fan art\u00f3w po ASMR - znajd\u017a tre\u015bci, kt\u00f3re Ci\u0119 pasjonuj\u0105, lub idealn\u0105 nisz\u0119 do zarabiania na swoim talencie.<\/p>\n<\/p><\/div>\n<div class=\"cats__grid\">\n<p>      <a href=\"\/pl\/cosplay\/\" class=\"ccard\"><\/p>\n<div class=\"ccard__img\">\n          <img decoding=\"async\" src=\"https:\/\/otakuoshi.com\/wp-content\/uploads\/2025\/09\/Cosplay-1.png\" alt=\"Cosplay - ekskluzywne zestawy zdj\u0119\u0107\" loading=\"lazy\">\n        <\/div>\n<div class=\"ccard__body\">\n<h3 class=\"ccard__title\">Cosplay<\/h3>\n<p class=\"ccard__text\">Plany zdj\u0119ciowe, kulisy i ekskluzywne tre\u015bci od profesjonalnych i niezale\u017cnych cosplayer\u00f3w.<\/p>\n<\/p><\/div>\n<p>      <\/a><\/p>\n<p>      <a href=\"\/pl\/ilustratorzy-mangi\/\" class=\"ccard\"><\/p>\n<div class=\"ccard__img\">\n          <img decoding=\"async\" src=\"https:\/\/otakuoshi.com\/wp-content\/uploads\/2025\/09\/Ilustracion.png\" alt=\"Ilustracja i fan art mangi\" loading=\"lazy\">\n        <\/div>\n<div class=\"ccard__body\">\n<h3 class=\"ccard__title\">Ilustracja i sztuka fanowska<\/h3>\n<p class=\"ccard__text\">Oryginalne ilustracje, dzie\u0142a fan\u00f3w, prace w toku i procesy tw\u00f3rcze artyst\u00f3w cyfrowych.<\/p>\n<\/p><\/div>\n<p>      <\/a><\/p>\n<p>      <a href=\"\/pl\/doujin-manga\/\" class=\"ccard\"><\/p>\n<div class=\"ccard__img\">\n          <img decoding=\"async\" src=\"https:\/\/otakuoshi.com\/wp-content\/uploads\/2025\/09\/Manga.png\" alt=\"Manga i niezale\u017cne doujinshi\" loading=\"lazy\">\n        <\/div>\n<div class=\"ccard__body\">\n<h3 class=\"ccard__title\">Manga i Doujinshi<\/h3>\n<p class=\"ccard__text\">Oryginalne prace, doujinshi i seriale niezale\u017cnych autor\u00f3w.<\/p>\n<\/p><\/div>\n<p>      <\/a><\/p>\n<p>      <a href=\"\/pl\/animacja-ruchu\/\" class=\"ccard\"><\/p>\n<div class=\"ccard__img\">\n          <img decoding=\"async\" src=\"https:\/\/otakuoshi.com\/wp-content\/uploads\/2025\/09\/Animacion.png\" alt=\"Animacja i grafika ruchowa anime\" loading=\"lazy\">\n        <\/div>\n<div class=\"ccard__body\">\n<h3 class=\"ccard__title\">Animacja i ruch<\/h3>\n<p class=\"ccard__text\">Filmy kr\u00f3tkometra\u017cowe, animowane p\u0119tle, grafika ruchoma i niezale\u017cne projekty animowane.<\/p>\n<\/p><\/div>\n<p>      <\/a><\/p>\n<p>      <a href=\"\/pl\/glos-postaci-asmr\/\" class=\"ccard\"><\/p>\n<div class=\"ccard__img\">\n          <img decoding=\"async\" src=\"https:\/\/otakuoshi.com\/wp-content\/uploads\/2025\/09\/ASMR.png\" alt=\"ASMR i g\u0142os postaci\" loading=\"lazy\">\n        <\/div>\n<div class=\"ccard__body\">\n<h3 class=\"ccard__title\">ASMR i g\u0142os postaci<\/h3>\n<p class=\"ccard__text\">Wci\u0105gaj\u0105cy d\u017awi\u0119k, g\u0142os sytuacyjny, tematyczny ASMR i oryginalny dubbing postaci.<\/p>\n<\/p><\/div>\n<p>      <\/a><\/p>\n<p>      <a href=\"\/pl\/making-of-tutoriales-y-plantillas\/\" class=\"ccard\"><\/p>\n<div class=\"ccard__img\">\n          <img decoding=\"async\" src=\"https:\/\/otakuoshi.com\/wp-content\/uploads\/2025\/09\/Tutoriales.png\" alt=\"Samouczki i making-of\" loading=\"lazy\">\n        <\/div>\n<div class=\"ccard__body\">\n<h3 class=\"ccard__title\">Tworzenie i samouczki<\/h3>\n<p class=\"ccard__text\">Procesy tw\u00f3rcze, szablony, p\u0119dzle i samouczki krok po kroku dla artyst\u00f3w.<\/p>\n<\/p><\/div>\n<p>      <\/a><\/p>\n<p>      <a href=\"\/pl\/awatary-3d-vroid\/\" class=\"ccard\"><\/p>\n<div class=\"ccard__img\">\n          <img decoding=\"async\" src=\"https:\/\/otakuoshi.com\/wp-content\/uploads\/2025\/09\/3d.png\" alt=\"Modele 3D i awatary VRoid\" loading=\"lazy\">\n        <\/div>\n<div class=\"ccard__body\">\n<h3 class=\"ccard__title\">3D \/ Awatary \/ VRoid<\/h3>\n<p class=\"ccard__text\">Modele 3D, awatary VRoid, zasoby dla VTuber\u00f3w i sceny dla Unity lub Blendera.<\/p>\n<\/p><\/div>\n<p>      <\/a><\/p>\n<p>      <a href=\"\/pl\/contenidos-r-15\/\" class=\"ccard\"><\/p>\n<div class=\"ccard__img\">\n          <img decoding=\"async\" src=\"https:\/\/otakuoshi.com\/wp-content\/uploads\/2025\/09\/r15.png\" alt=\"Zawarto\u015b\u0107 R-15\" loading=\"lazy\">\n        <\/div>\n<div class=\"ccard__body\">\n<h3 class=\"ccard__title\">Zawarto\u015b\u0107 R-15<\/h3>\n<p class=\"ccard__text\">Sugestywna fotografia, sztuka ecchi i zmys\u0142owe tre\u015bci z artystycznym i pe\u0142nym szacunku podej\u015bciem.<\/p>\n<\/p><\/div>\n<p>      <\/a><\/p>\n<p>      <a href=\"\/pl\/zawartosc-r18\/\" class=\"ccard\"><\/p>\n<div class=\"ccard__img\">\n          <img decoding=\"async\" src=\"https:\/\/otakuoshi.com\/wp-content\/uploads\/2025\/07\/cosplay-erotico.jpg\" alt=\"Zawarto\u015b\u0107 R-18\" loading=\"lazy\">\n        <\/div>\n<div class=\"ccard__body\">\n<h3 class=\"ccard__title\">Zawarto\u015b\u0107 R-18<\/h3>\n<p class=\"ccard__text\">Zweryfikowane tre\u015bci dla doros\u0142ych: ilustracje, cosplay erotyczny i fotografia artystyczna.<\/p>\n<\/p><\/div>\n<p>      <\/a><\/p><\/div>\n<div class=\"cats__bottom\">\n      <a href=\"\/pl\/zawartosc\/\" class=\"btn btn--ghost\">Wy\u015bwietl wszystkie kategorie<\/a>\n    <\/div>\n<\/p><\/div>\n<\/section>\n<p><!-- ======= VALOR ======= --><\/p>\n<section class=\"value\">\n<div class=\"oshi-wrap\">\n<div class=\"sec-head\">\n<h2>Wi\u0119cej ni\u017c platforma: spo\u0142eczno\u015b\u0107 z dusz\u0105 otaku<\/h2>\n<p>OtakuOshi \u0142\u0105czy tw\u00f3rc\u00f3w i fan\u00f3w w ekosystemie szacunku, pasji i bezpo\u015bredniego wsparcia. Tutaj s\u0105 fani <em>shien-sha<\/em> a tw\u00f3rcami s\u0105 <em>oshis<\/em>.<\/p>\n<\/p><\/div>\n<div class=\"value__grid\">\n<div class=\"vbox\">\n<h3>Jeste\u015b fanem?<\/h3>\n<p>Odkryj tw\u00f3rc\u00f3w, kt\u00f3rzy inspiruj\u0105 Ci\u0119 na co dzie\u0144. Wspieraj ich subskrypcjami, cyfrowymi poradami lub prywatnymi wiadomo\u015bciami. Zbuduj prawdziw\u0105 wi\u0119\u017a ze swoimi <em>oshi<\/em>.<\/p>\n<ul>\n<li>Dost\u0119p do ekskluzywnych tre\u015bci, kt\u00f3rych nie znajdziesz w sieciach spo\u0142eczno\u015bciowych<\/li>\n<li>Wysy\u0142anie rekwizyt\u00f3w, wiadomo\u015bci i bezpo\u015brednich komentarzy do tw\u00f3rcy<\/li>\n<li>Odkryj artyst\u00f3w w <a href=\"\/pl\/cosplay\/\">cosplay<\/a>, <a href=\"\/pl\/fanart\/\">fan art<\/a> o <a href=\"\/pl\/glos-postaci-asmr\/\">ASMR<\/a><\/li>\n<li>Wsparcie <a href=\"\/pl\/modele-cosplay\/\">modele<\/a>, <a href=\"\/pl\/ilustratorzy-mangi\/\">mangaki<\/a> y <a href=\"\/pl\/fotografowie-cosplay\/\">fotografowie<\/a><\/li>\n<\/ul>\n<p>        <a href=\"https:\/\/fans.otakuoshi.com\/\" class=\"btn btn--fill\">Odkryj tw\u00f3rc\u00f3w<\/a>\n      <\/div>\n<div class=\"vbox\">\n<h3>Czy jeste\u015b tw\u00f3rc\u0105?<\/h3>\n<p>Zamie\u0144 swoj\u0105 pasj\u0119 w prawdziwy doch\u00f3d. Oferuj subskrypcje, sprzedawaj ekskluzywne tre\u015bci i pozw\u00f3l swoim fanom zosta\u0107 sponsorami.<\/p>\n<ul>\n<li>Monetyzacja <a href=\"\/pl\/ilustratorzy-mangi\/\">ilustracje<\/a>, zestawy <a href=\"\/pl\/cosplay\/\">cosplay<\/a> o <a href=\"\/pl\/doujin-manga\/\">doujinshi<\/a><\/li>\n<li>Otrzymuj bezpo\u015brednie wsparcie poprzez subskrypcje i porady<\/li>\n<li>Zarz\u0105dzanie tre\u015bci\u0105, spo\u0142eczno\u015bci\u0105 i sklepem z poziomu jednego profilu<\/li>\n<li>Cobra w dowolnym kraju - Cobra w dowolnym kraju - Cobra w dowolnym kraju - Cobra w dowolnym kraju - Cobra w dowolnym kraju - Cobra w dowolnym kraju <a href=\"\/pl\/financiacion\/\">Wi\u0119cej informacji na temat p\u0142atno\u015bci<\/a><\/li>\n<\/ul>\n<p>        <a href=\"https:\/\/fans.otakuoshi.com\/\" class=\"btn btn--fill\">Otw\u00f3rz sw\u00f3j bezp\u0142atny profil<\/a>\n      <\/div>\n<\/p><\/div>\n<\/p><\/div>\n<\/section>\n<p><!-- ======= BANNER CTA ======= --><\/p>\n<section class=\"banner\" style=\"background-image:url('https:\/\/otakuoshi.com\/wp-content\/uploads\/2025\/07\/ot1.png')\">\n<div class=\"banner__ov\"><\/div>\n<div class=\"banner__in\">\n<h2>Twoja sztuka zas\u0142uguje na miejsce, w kt\u00f3rym nie zginie w ha\u0142asie.<\/h2>\n<p>Twoja spo\u0142eczno\u015b\u0107 czeka na Ciebie. Otw\u00f3rz sw\u00f3j profil w mniej ni\u017c 5 minut i zacznij zarabia\u0107 ju\u017c dzi\u015b.<\/p>\n<p>    <a href=\"https:\/\/fans.otakuoshi.com\/\" class=\"btn btn--fill btn--lg\">Utw\u00f3rz bezp\u0142atne konto<\/a>\n  <\/div>\n<\/section>\n<p><!-- ======= PASOS ======= --><\/p>\n<section class=\"steps\" id=\"como-funciona\">\n<div class=\"oshi-wrap\">\n<div class=\"sec-head\">\n<h2>Jak dzia\u0142a OtakuOshi?<\/h2>\n<p>W trzech krokach mo\u017cesz przej\u015b\u0107 od widza do tw\u00f3rcy z powtarzaj\u0105cym si\u0119 dochodem. Ca\u0142y proces zajmuje mniej ni\u017c 5 minut.<\/p>\n<\/p><\/div>\n<div class=\"steps__grid\">\n<div class=\"stp\">\n        <span class=\"stp__num\">01<\/span><\/p>\n<h3>Rejestr<\/h3>\n<p>Utw\u00f3rz konto na stronie <a href=\"https:\/\/fans.otakuoshi.com\/\">fans.otakuoshi.com<\/a>. Potwierd\u017a sw\u00f3j adres e-mail i skonfiguruj sw\u00f3j profil tw\u00f3rcy w kilka minut.<\/p>\n<\/p><\/div>\n<div class=\"stp\">\n        <span class=\"stp__num\">02<\/span><\/p>\n<h3>Publikowanie i udost\u0119pnianie<\/h3>\n<p>Przesy\u0142aj obrazy, filmy, pliki audio i dokumenty. Zdecyduj, co jest publiczne, a co wy\u0142\u0105czne. Przeczytaj nasze <a href=\"\/pl\/principios-de-publicacion\/\">zasady publikacji<\/a>.<\/p>\n<\/p><\/div>\n<div class=\"stp\">\n        <span class=\"stp__num\">03<\/span><\/p>\n<h3>Otrzymywanie p\u0142atno\u015bci<\/h3>\n<p>P\u0142atno\u015bci do dowolnego kraju. Bez konta bankowego mo\u017cna r\u00f3wnie\u017c wyp\u0142aca\u0107 pieni\u0105dze. <a href=\"\/pl\/financiacion\/\">Wi\u0119cej informacji o metodach p\u0142atno\u015bci<\/a>.<\/p>\n<\/p><\/div>\n<\/p><\/div>\n<\/p><\/div>\n<\/section>\n<p><!-- ======= NICHOS ======= --><\/p>\n<section class=\"niches\">\n<div class=\"oshi-wrap\">\n<div class=\"sec-head\">\n<h2>Miejsce dla ka\u017cdego typu tw\u00f3rcy<\/h2>\n<p>Bez wzgl\u0119du na dyscyplin\u0119: je\u015bli nale\u017cysz do uniwersum otaku, tutaj masz dom, w kt\u00f3rym tw\u00f3j talent jest doceniany.<\/p>\n<\/p><\/div>\n<div class=\"niches__grid\">\n      <a href=\"\/pl\/modele-cosplay\/\" class=\"ncard\"><br \/>\n        <span class=\"ncard__ico\">\ud83d\udcf8<\/span><\/p>\n<h3>Modele cosplay<\/h3>\n<p>Ekskluzywne zestawy, sesje tematyczne i materia\u0142y zza kulis.<\/p>\n<p>      <\/a><br \/>\n      <a href=\"\/pl\/fotografowie-cosplay\/\" class=\"ncard\"><br \/>\n        <span class=\"ncard__ico\">\ud83c\udf9e\ufe0f<\/span><\/p>\n<h3>Fotografowie cosplay<\/h3>\n<p>Portfolio, odbitki i tematyczne tutoriale fotograficzne.<\/p>\n<p>      <\/a><br \/>\n      <a href=\"\/pl\/pisarze-fanfikow\/\" class=\"ncard\"><br \/>\n        <span class=\"ncard__ico\">\u270d\ufe0f<\/span><\/p>\n<h3>Pisarze fanfiction<\/h3>\n<p>Ekskluzywne rozdzia\u0142y i seriale dla zapalonych czytelnik\u00f3w.<\/p>\n<p>      <\/a><br \/>\n      <a href=\"\/pl\/autorzy-dojinshi\/\" class=\"ncard\"><br \/>\n        <span class=\"ncard__ico\">\ud83d\udcd6<\/span><\/p>\n<h3>Autorzy Doujinshi<\/h3>\n<p>Dystrybuuje niezale\u017cne mangi, otrzymuje opinie i finansuje projekty.<\/p>\n<p>      <\/a><br \/>\n      <a href=\"\/pl\/fanart\/\" class=\"ncard\"><br \/>\n        <span class=\"ncard__ico\">\ud83c\udfa8<\/span><\/p>\n<h3>Arty\u015bci fanowscy<\/h3>\n<p>Udost\u0119pniaj kreacje, sprzedawaj prowizje i rozwijaj swoj\u0105 spo\u0142eczno\u015b\u0107.<\/p>\n<p>      <\/a><br \/>\n      <a href=\"\/pl\/artysci-ecchi\/\" class=\"ncard\"><br \/>\n        <span class=\"ncard__ico\">\ud83d\udd25<\/span><\/p>\n<h3>Arty\u015bci ecchi<\/h3>\n<p>Bezpieczna przestrze\u0144 z <a href=\"\/pl\/politica-etica\/\">zasady etyczne<\/a> i weryfikacja wieku.<\/p>\n<p>      <\/a>\n    <\/div>\n<\/p><\/div>\n<\/section>\n<p><!-- ======= JAP\u00d3N BANNER ======= --><\/p>\n<section class=\"banner\" style=\"background-image:url('https:\/\/otakuoshi.com\/wp-content\/uploads\/2025\/07\/japanflag.jpg')\">\n<div class=\"banner__ov\"><\/div>\n<div class=\"banner__in\">\n<h2>Japo\u0144ska to\u017csamo\u015b\u0107 otwarta na \u015bwiat<\/h2>\n<p>OtakuOshi bierze to, co najlepsze w japo\u0144skim duchu kreatywno\u015bci i otwiera go na \u015bwiat. Tw\u00f3j g\u0142os jest s\u0142yszalny w j\u0119zyku angielskim i \u65e5\u672c\u8a9e.<\/p>\n<p>    <a href=\"https:\/\/otakuoshi.jp\/\" class=\"btn btn--fill btn--lg\" target=\"_blank\" rel=\"noopener\">Odkryj OtakuOshi Japan<\/a>\n  <\/div>\n<\/section>\n<p><!-- ======= CONFIANZA ======= --><\/p>\n<section class=\"trust\">\n<div class=\"oshi-wrap\">\n<div class=\"sec-head\">\n<h2>Zbudowany na zasadach, a nie tylko na kodzie<\/h2>\n<p>Kultura Otaku zas\u0142uguje na platform\u0119, kt\u00f3ra j\u0105 szanuje.<\/p>\n<\/p><\/div>\n<div class=\"trust__grid\">\n<div class=\"tcard\">\n<h3>Prawdziwe bezpiecze\u0144stwo<\/h3>\n<p>Szyfrowane p\u0142atno\u015bci, weryfikacja to\u017csamo\u015bci i <a href=\"\/pl\/bezpieczenstwo\/\">profesjonalne protoko\u0142y<\/a>.<\/p>\n<\/p><\/div>\n<div class=\"tcard\">\n<h3>Bezkompromisowa etyka<\/h3>\n<p><a href=\"\/pl\/politica-etica\/\">Polityka etyczna<\/a> przeciwko nielegalnym tre\u015bciom i podr\u00f3bkom. Przestrzegamy <a href=\"\/pl\/usc2257\/\">USC 2257<\/a>.<\/p>\n<\/p><\/div>\n<div class=\"tcard\">\n<h3>R\u00f3\u017cnorodno\u015b\u0107 i w\u0142\u0105czenie<\/h3>\n<p>Wszystkie wyra\u017cenia otaku s\u0105 mile widziane. <a href=\"\/pl\/diversidad\/\">Deklaracja r\u00f3\u017cnorodno\u015bci<\/a>.<\/p>\n<\/p><\/div>\n<div class=\"tcard\">\n<h3>Aktywna odpowied\u017a<\/h3>\n<p><a href=\"\/pl\/reklamacje\/\">Skargi<\/a> z rzeczywistymi czasami. <a href=\"\/pl\/respuesta-activa\/\">Polityka reagowania<\/a>.<\/p>\n<\/p><\/div>\n<div class=\"tcard\">\n<h3>Przejrzysto\u015b\u0107 redakcyjna<\/h3>\n<p><a href=\"\/pl\/principios-de-publicacion\/\">Zasady publikacji<\/a> y <a href=\"\/pl\/politica-de-correcciones\/\">polityka korekt<\/a> otwarte.<\/p>\n<\/p><\/div>\n<div class=\"tcard\">\n<h3>Jasne warunki<\/h3>\n<p><a href=\"\/pl\/warunki-swiadczenia-uslug\/\">Warunki<\/a>, <a href=\"\/pl\/polityka-prywatnosci\/\">Prywatno\u015b\u0107<\/a>, <a href=\"\/pl\/ciasteczka\/\">Pliki cookie<\/a> y <a href=\"\/pl\/contrato-entre-fan-y-creador\/\">Umowa mi\u0119dzy tw\u00f3rc\u0105 a fanem<\/a>.<\/p>\n<\/p><\/div>\n<\/p><\/div>\n<\/p><\/div>\n<\/section>\n<p><!-- ======= CTA FINAL ======= --><\/p>\n<section class=\"final\">\n<div class=\"oshi-wrap\">\n<h2>Gotowy, by tw\u00f3j talent otaku zyska\u0142 warto\u015b\u0107, na jak\u0105 zas\u0142uguje?<\/h2>\n<p class=\"final__desc\">Do\u0142\u0105cz do spo\u0142eczno\u015bci, w kt\u00f3rej spotykaj\u0105 si\u0119 fani i tw\u00f3rcy. Zarejestruj si\u0119 za darmo i opublikuj swoj\u0105 pierwsz\u0105 zawarto\u015b\u0107 ju\u017c dzi\u015b.<\/p>\n<div class=\"final__btns\">\n      <a href=\"https:\/\/fans.otakuoshi.com\/\" class=\"btn btn--fill btn--lg\">Utw\u00f3rz sw\u00f3j profil tw\u00f3rcy<\/a><br \/>\n      <a href=\"\/pl\/o-nas\/\" class=\"btn btn--ghost\">O OtakuOshi<\/a>\n    <\/div>\n<p class=\"final__links\">\n      <a href=\"\/pl\/pomoc\/\">Pomoc<\/a> \u00b7 <a href=\"\/pl\/kontakt\/\">Kontakt<\/a> \u00b7 <a href=\"\/pl\/colaboraciones\/\">Wsp\u00f3\u0142praca<\/a> \u00b7 <a href=\"\/pl\/prensa\/\">Prasa<\/a> \u00b7 <a href=\"\/pl\/newsletter\/\">Newsletter<\/a> \u00b7 <a href=\"\/pl\/marka\/\">Markowy zestaw<\/a>\n    <\/p>\n<\/p><\/div>\n<\/section>","protected":false},"excerpt":{"rendered":"<p>\u304a\u305f\u304f\u304f\u304a\u3057 - Platforma dla tw\u00f3rc\u00f3w otaku Twoja sztuka otaku zas\u0142uguje na odpowiedni\u0105 scen\u0119 Zarabiaj na swoim talencie jako ilustrator, cosplayer, mangaka lub artysta cyfrowy. Po\u0142\u0105cz si\u0119...<\/p>","protected":false},"author":1,"featured_media":0,"parent":0,"menu_order":0,"comment_status":"closed","ping_status":"closed","template":"page-fullwidth-content.php","meta":{"footnotes":""},"class_list":["post-95","page","type-page","status-publish","hentry"],"yoast_head":"<!-- This site is optimized with the Yoast SEO plugin v26.8 - https:\/\/yoast.com\/product\/yoast-seo-wordpress\/ -->\n<title>Home<\/title>\n<meta name=\"robots\" content=\"index, follow, max-snippet:-1, max-image-preview:large, max-video-preview:-1\" \/>\n<link rel=\"canonical\" href=\"https:\/\/otakuoshi.com\/pl\/\" \/>\n<meta property=\"og:locale\" content=\"pl_PL\" \/>\n<meta property=\"og:type\" content=\"article\" \/>\n<meta property=\"og:title\" content=\"Home\" \/>\n<meta property=\"og:description\" content=\"\u304a\u305f\u304f\u304a\u3057 \u2014 Plataforma para creadores otaku Tu arte otaku mereceun escenario a su altura Monetiza tu talento como ilustrador, cosplayer, mangaka o artista digital. Conecta&hellip;\" \/>\n<meta property=\"og:url\" content=\"https:\/\/otakuoshi.com\/pl\/\" \/>\n<meta property=\"og:site_name\" content=\"OtakuOshi\" \/>\n<meta property=\"article:modified_time\" content=\"2026-02-21T10:12:40+00:00\" \/>\n<meta property=\"og:image\" content=\"https:\/\/otakuoshi.com\/wp-content\/uploads\/2025\/09\/Cosplay-1.png\" \/>\n<meta name=\"twitter:card\" content=\"summary_large_image\" \/>\n<meta name=\"twitter:site\" content=\"@OtakuOshi\" \/>\n<script type=\"application\/ld+json\" class=\"yoast-schema-graph\">{\"@context\":\"https:\/\/schema.org\",\"@graph\":[{\"@type\":\"WebPage\",\"@id\":\"https:\/\/otakuoshi.com\/\",\"url\":\"https:\/\/otakuoshi.com\/\",\"name\":\"Home\",\"isPartOf\":{\"@id\":\"https:\/\/otakuoshi.com\/#website\"},\"primaryImageOfPage\":{\"@id\":\"https:\/\/otakuoshi.com\/#primaryimage\"},\"image\":{\"@id\":\"https:\/\/otakuoshi.com\/#primaryimage\"},\"thumbnailUrl\":\"https:\/\/otakuoshi.com\/wp-content\/uploads\/2025\/09\/Cosplay-1.png\",\"datePublished\":\"2025-07-20T06:00:15+00:00\",\"dateModified\":\"2026-02-21T10:12:40+00:00\",\"breadcrumb\":{\"@id\":\"https:\/\/otakuoshi.com\/#breadcrumb\"},\"inLanguage\":\"pl-PL\",\"potentialAction\":[{\"@type\":\"ReadAction\",\"target\":[\"https:\/\/otakuoshi.com\/\"]}]},{\"@type\":\"ImageObject\",\"inLanguage\":\"pl-PL\",\"@id\":\"https:\/\/otakuoshi.com\/#primaryimage\",\"url\":\"https:\/\/otakuoshi.com\/wp-content\/uploads\/2025\/09\/Cosplay-1.png\",\"contentUrl\":\"https:\/\/otakuoshi.com\/wp-content\/uploads\/2025\/09\/Cosplay-1.png\"},{\"@type\":\"BreadcrumbList\",\"@id\":\"https:\/\/otakuoshi.com\/#breadcrumb\",\"itemListElement\":[{\"@type\":\"ListItem\",\"position\":1,\"name\":\"Home\",\"item\":\"https:\/\/otakuoshi.com\/\"},{\"@type\":\"ListItem\",\"position\":2,\"name\":\"Home\"}]},{\"@type\":\"WebSite\",\"@id\":\"https:\/\/otakuoshi.com\/#website\",\"url\":\"https:\/\/otakuoshi.com\/\",\"name\":\"OtakuOshi\",\"description\":\"\",\"publisher\":{\"@id\":\"https:\/\/otakuoshi.com\/#organization\"},\"alternateName\":\"Otaku Oshi\",\"potentialAction\":[{\"@type\":\"SearchAction\",\"target\":{\"@type\":\"EntryPoint\",\"urlTemplate\":\"https:\/\/otakuoshi.com\/?s={search_term_string}\"},\"query-input\":{\"@type\":\"PropertyValueSpecification\",\"valueRequired\":true,\"valueName\":\"search_term_string\"}}],\"inLanguage\":\"pl-PL\"},{\"@type\":\"Organization\",\"@id\":\"https:\/\/otakuoshi.com\/#organization\",\"name\":\"OtakuOshi\",\"url\":\"https:\/\/otakuoshi.com\/\",\"logo\":{\"@type\":\"ImageObject\",\"inLanguage\":\"pl-PL\",\"@id\":\"https:\/\/otakuoshi.com\/#\/schema\/logo\/image\/\",\"url\":\"https:\/\/otakuoshi.com\/wp-content\/uploads\/2025\/07\/logo.jpg\",\"contentUrl\":\"https:\/\/otakuoshi.com\/wp-content\/uploads\/2025\/07\/logo.jpg\",\"width\":458,\"height\":164,\"caption\":\"OtakuOshi\"},\"image\":{\"@id\":\"https:\/\/otakuoshi.com\/#\/schema\/logo\/image\/\"},\"sameAs\":[\"https:\/\/x.com\/OtakuOshi\"]}]}<\/script>\n<!-- \/ Yoast SEO plugin. -->","yoast_head_json":{"title":"Strona g\u0142\u00f3wna","robots":{"index":"index","follow":"follow","max-snippet":"max-snippet:-1","max-image-preview":"max-image-preview:large","max-video-preview":"max-video-preview:-1"},"canonical":"https:\/\/otakuoshi.com\/pl\/","og_locale":"pl_PL","og_type":"article","og_title":"Home","og_description":"\u304a\u305f\u304f\u304a\u3057 \u2014 Plataforma para creadores otaku Tu arte otaku mereceun escenario a su altura Monetiza tu talento como ilustrador, cosplayer, mangaka o artista digital. Conecta&hellip;","og_url":"https:\/\/otakuoshi.com\/pl\/","og_site_name":"OtakuOshi","article_modified_time":"2026-02-21T10:12:40+00:00","og_image":[{"url":"https:\/\/otakuoshi.com\/wp-content\/uploads\/2025\/09\/Cosplay-1.png","type":"","width":"","height":""}],"twitter_card":"summary_large_image","twitter_site":"@OtakuOshi","schema":{"@context":"https:\/\/schema.org","@graph":[{"@type":"WebPage","@id":"https:\/\/otakuoshi.com\/","url":"https:\/\/otakuoshi.com\/","name":"Strona g\u0142\u00f3wna","isPartOf":{"@id":"https:\/\/otakuoshi.com\/#website"},"primaryImageOfPage":{"@id":"https:\/\/otakuoshi.com\/#primaryimage"},"image":{"@id":"https:\/\/otakuoshi.com\/#primaryimage"},"thumbnailUrl":"https:\/\/otakuoshi.com\/wp-content\/uploads\/2025\/09\/Cosplay-1.png","datePublished":"2025-07-20T06:00:15+00:00","dateModified":"2026-02-21T10:12:40+00:00","breadcrumb":{"@id":"https:\/\/otakuoshi.com\/#breadcrumb"},"inLanguage":"pl-PL","potentialAction":[{"@type":"ReadAction","target":["https:\/\/otakuoshi.com\/"]}]},{"@type":"ImageObject","inLanguage":"pl-PL","@id":"https:\/\/otakuoshi.com\/#primaryimage","url":"https:\/\/otakuoshi.com\/wp-content\/uploads\/2025\/09\/Cosplay-1.png","contentUrl":"https:\/\/otakuoshi.com\/wp-content\/uploads\/2025\/09\/Cosplay-1.png"},{"@type":"BreadcrumbList","@id":"https:\/\/otakuoshi.com\/#breadcrumb","itemListElement":[{"@type":"ListItem","position":1,"name":"Home","item":"https:\/\/otakuoshi.com\/"},{"@type":"ListItem","position":2,"name":"Home"}]},{"@type":"WebSite","@id":"https:\/\/otakuoshi.com\/#website","url":"https:\/\/otakuoshi.com\/","name":"OtakuOshi","description":"","publisher":{"@id":"https:\/\/otakuoshi.com\/#organization"},"alternateName":"Otaku Oshi","potentialAction":[{"@type":"SearchAction","target":{"@type":"EntryPoint","urlTemplate":"https:\/\/otakuoshi.com\/?s={search_term_string}"},"query-input":{"@type":"PropertyValueSpecification","valueRequired":true,"valueName":"search_term_string"}}],"inLanguage":"pl-PL"},{"@type":"Organization","@id":"https:\/\/otakuoshi.com\/#organization","name":"OtakuOshi","url":"https:\/\/otakuoshi.com\/","logo":{"@type":"ImageObject","inLanguage":"pl-PL","@id":"https:\/\/otakuoshi.com\/#\/schema\/logo\/image\/","url":"https:\/\/otakuoshi.com\/wp-content\/uploads\/2025\/07\/logo.jpg","contentUrl":"https:\/\/otakuoshi.com\/wp-content\/uploads\/2025\/07\/logo.jpg","width":458,"height":164,"caption":"OtakuOshi"},"image":{"@id":"https:\/\/otakuoshi.com\/#\/schema\/logo\/image\/"},"sameAs":["https:\/\/x.com\/OtakuOshi"]}]}},"_links":{"self":[{"href":"https:\/\/otakuoshi.com\/pl\/wp-json\/wp\/v2\/pages\/95","targetHints":{"allow":["GET"]}}],"collection":[{"href":"https:\/\/otakuoshi.com\/pl\/wp-json\/wp\/v2\/pages"}],"about":[{"href":"https:\/\/otakuoshi.com\/pl\/wp-json\/wp\/v2\/types\/page"}],"author":[{"embeddable":true,"href":"https:\/\/otakuoshi.com\/pl\/wp-json\/wp\/v2\/users\/1"}],"replies":[{"embeddable":true,"href":"https:\/\/otakuoshi.com\/pl\/wp-json\/wp\/v2\/comments?post=95"}],"version-history":[{"count":0,"href":"https:\/\/otakuoshi.com\/pl\/wp-json\/wp\/v2\/pages\/95\/revisions"}],"wp:attachment":[{"href":"https:\/\/otakuoshi.com\/pl\/wp-json\/wp\/v2\/media?parent=95"}],"curies":[{"name":"wp","href":"https:\/\/api.w.org\/{rel}","templated":true}]}}