{"id":265,"date":"2025-07-21T10:21:48","date_gmt":"2025-07-21T10:21:48","guid":{"rendered":"https:\/\/otakuoshi.com\/?page_id=265"},"modified":"2025-07-21T10:21:49","modified_gmt":"2025-07-21T10:21:49","slug":"fanart","status":"publish","type":"page","link":"https:\/\/otakuoshi.com\/pt\/fanart\/","title":{"rendered":"Fanart"},"content":{"rendered":"<p><strong>Quem s\u00e3o os criadores de fanart?<\/strong>&nbsp;Os criadores de fanart s\u00e3o artistas talentosos que reinterpretam personagens e cenas de seus animes, mang\u00e1s, videogames e filmes favoritos. Usando sua criatividade e habilidade, esses artistas d\u00e3o seu toque \u00fanico aos personagens e mundos que amam, criando obras de arte que repercutem profundamente na comunidade de f\u00e3s.<\/p>\n\n\n\n<p><strong>Como os criadores de Fanart trabalham?<\/strong>&nbsp;O processo de trabalho de um criador de fanart \u00e9 ao mesmo tempo apaixonado e t\u00e9cnico. Aqui mostramos como ele desenvolve sua arte:<\/p>\n\n\n\n<ol class=\"wp-block-list\">\n<li><strong>Sele\u00e7\u00e3o de tema<\/strong>\u00a0Os criadores de fanart escolhem seus personagens e cenas favoritos como tema de seu trabalho. Essa sele\u00e7\u00e3o geralmente se baseia em sua conex\u00e3o pessoal com o personagem ou a s\u00e9rie.<\/li>\n\n\n\n<li><strong>Pesquisa e refer\u00eancias<\/strong>\u00a0Antes de come\u00e7ar a desenhar, os artistas coletam refer\u00eancias visuais para garantir que capturem com precis\u00e3o os detalhes do personagem ou da cena que est\u00e3o recriando.<\/li>\n\n\n\n<li><strong>Bocetado<\/strong>\u00a0Eles come\u00e7am com esbo\u00e7os preliminares, estabelecendo a composi\u00e7\u00e3o e as poses. Esses esbo\u00e7os iniciais s\u00e3o cruciais para planejar o design e o fluxo da pe\u00e7a.<\/li>\n\n\n\n<li><strong>Desenho detalhado<\/strong>\u00a0Quando est\u00e3o satisfeitos com o esbo\u00e7o, os criadores passam a desenhar com mais detalhes. Eles acrescentam linhas precisas e come\u00e7am a moldar os personagens e os elementos da obra.<\/li>\n\n\n\n<li><strong>Tinta e arte de linha<\/strong>\u00a0Nesse est\u00e1gio, os artistas pintam seus desenhos com tinta, definindo as linhas e certificando-se de que cada detalhe esteja claro e n\u00edtido. Esse processo acrescenta defini\u00e7\u00e3o e contraste ao trabalho.<\/li>\n\n\n\n<li><strong>Colora\u00e7\u00e3o e sombras<\/strong>\u00a0Os criadores de fanart usam uma variedade de t\u00e9cnicas para colorir seus trabalhos, desde aquarelas at\u00e9 ferramentas digitais. Adicione sombras e realces para dar profundidade e realismo a personagens e cenas.<\/li>\n\n\n\n<li><strong>Detalhes e texturas finais<\/strong>\u00a0Adicione toques finais, como texturas e efeitos especiais, que podem incluir glitter, reflexos e outros elementos que enriquecem a obra de arte.<\/li>\n\n\n\n<li><strong>Publica\u00e7\u00e3o e compartilhamento<\/strong>\u00a0Quando a arte \u00e9 conclu\u00edda, os artistas a publicam em plataformas on-line e m\u00eddias sociais, compartilhando sua arte com a comunidade de f\u00e3s e recebendo feedback e apoio.<\/li>\n<\/ol>\n\n\n\n<p><strong>Conecte-se com seus criadores de fanart favoritos<\/strong>&nbsp;Em nossa plataforma, voc\u00ea pode se conectar diretamente com os criadores de fanart que admira. Acessar conte\u00fado exclusivo, como tutoriais, processos de cria\u00e7\u00e3o e trabalhos in\u00e9ditos. Apoie a arte deles e fa\u00e7a parte de sua jornada criativa. Com uma assinatura, voc\u00ea pode desfrutar de acesso privilegiado ao trabalho deles e ajud\u00e1-los a continuar a criar as maravilhosas pe\u00e7as de fanart que voc\u00ea tanto aprecia.<\/p>\n\n\n\n<p>Junte-se \u00e0 nossa comunidade e explore o fascinante mundo dos criadores de fanart hoje mesmo!<\/p>","protected":false},"excerpt":{"rendered":"<p>\u00bfQuienes son los Creadores de Fanart?&nbsp;Los creadores de fanart son artistas talentosos que reinterpretan personajes y escenas de sus animes, mangas, videojuegos y pel\u00edculas favoritas.&hellip;<\/p>","protected":false},"author":1,"featured_media":0,"parent":0,"menu_order":0,"comment_status":"closed","ping_status":"closed","template":"","meta":{"footnotes":""},"class_list":["post-265","page","type-page","status-publish","hentry"],"yoast_head":"<!-- This site is optimized with the Yoast SEO plugin v26.8 - https:\/\/yoast.com\/product\/yoast-seo-wordpress\/ -->\n<title>Fanart<\/title>\n<meta name=\"robots\" content=\"index, follow, max-snippet:-1, max-image-preview:large, max-video-preview:-1\" \/>\n<link rel=\"canonical\" href=\"https:\/\/otakuoshi.com\/pt\/fanart\/\" \/>\n<meta property=\"og:locale\" content=\"pt_BR\" \/>\n<meta property=\"og:type\" content=\"article\" \/>\n<meta property=\"og:title\" content=\"Fanart\" \/>\n<meta property=\"og:description\" content=\"\u00bfQuienes son los Creadores de Fanart?&nbsp;Los creadores de fanart son artistas talentosos que reinterpretan personajes y escenas de sus animes, mangas, videojuegos y pel\u00edculas favoritas.&hellip;\" \/>\n<meta property=\"og:url\" content=\"https:\/\/otakuoshi.com\/pt\/fanart\/\" \/>\n<meta property=\"og:site_name\" content=\"OtakuOshi\" \/>\n<meta property=\"article:modified_time\" content=\"2025-07-21T10:21:49+00:00\" \/>\n<meta property=\"og:image\" content=\"https:\/\/otakuoshi.com\/wp-content\/uploads\/2025\/07\/cropped-logo.jpg\" \/>\n\t<meta property=\"og:image:width\" content=\"512\" \/>\n\t<meta property=\"og:image:height\" content=\"512\" \/>\n\t<meta property=\"og:image:type\" content=\"image\/jpeg\" \/>\n<meta name=\"twitter:card\" content=\"summary_large_image\" \/>\n<meta name=\"twitter:site\" content=\"@OtakuOshi\" \/>\n<meta name=\"twitter:label1\" content=\"Est. tempo de leitura\" \/>\n\t<meta name=\"twitter:data1\" content=\"2 minutos\" \/>\n<script type=\"application\/ld+json\" class=\"yoast-schema-graph\">{\"@context\":\"https:\/\/schema.org\",\"@graph\":[{\"@type\":\"WebPage\",\"@id\":\"https:\/\/otakuoshi.com\/fanart\/\",\"url\":\"https:\/\/otakuoshi.com\/fanart\/\",\"name\":\"Fanart\",\"isPartOf\":{\"@id\":\"https:\/\/otakuoshi.com\/#website\"},\"datePublished\":\"2025-07-21T10:21:48+00:00\",\"dateModified\":\"2025-07-21T10:21:49+00:00\",\"breadcrumb\":{\"@id\":\"https:\/\/otakuoshi.com\/fanart\/#breadcrumb\"},\"inLanguage\":\"pt-BR\",\"potentialAction\":[{\"@type\":\"ReadAction\",\"target\":[\"https:\/\/otakuoshi.com\/fanart\/\"]}]},{\"@type\":\"BreadcrumbList\",\"@id\":\"https:\/\/otakuoshi.com\/fanart\/#breadcrumb\",\"itemListElement\":[{\"@type\":\"ListItem\",\"position\":1,\"name\":\"Home\",\"item\":\"https:\/\/otakuoshi.com\/\"},{\"@type\":\"ListItem\",\"position\":2,\"name\":\"Fanart\"}]},{\"@type\":\"WebSite\",\"@id\":\"https:\/\/otakuoshi.com\/#website\",\"url\":\"https:\/\/otakuoshi.com\/\",\"name\":\"OtakuOshi\",\"description\":\"\",\"publisher\":{\"@id\":\"https:\/\/otakuoshi.com\/#organization\"},\"alternateName\":\"Otaku Oshi\",\"potentialAction\":[{\"@type\":\"SearchAction\",\"target\":{\"@type\":\"EntryPoint\",\"urlTemplate\":\"https:\/\/otakuoshi.com\/?s={search_term_string}\"},\"query-input\":{\"@type\":\"PropertyValueSpecification\",\"valueRequired\":true,\"valueName\":\"search_term_string\"}}],\"inLanguage\":\"pt-BR\"},{\"@type\":\"Organization\",\"@id\":\"https:\/\/otakuoshi.com\/#organization\",\"name\":\"OtakuOshi\",\"url\":\"https:\/\/otakuoshi.com\/\",\"logo\":{\"@type\":\"ImageObject\",\"inLanguage\":\"pt-BR\",\"@id\":\"https:\/\/otakuoshi.com\/#\/schema\/logo\/image\/\",\"url\":\"https:\/\/otakuoshi.com\/wp-content\/uploads\/2025\/07\/logo.jpg\",\"contentUrl\":\"https:\/\/otakuoshi.com\/wp-content\/uploads\/2025\/07\/logo.jpg\",\"width\":458,\"height\":164,\"caption\":\"OtakuOshi\"},\"image\":{\"@id\":\"https:\/\/otakuoshi.com\/#\/schema\/logo\/image\/\"},\"sameAs\":[\"https:\/\/x.com\/OtakuOshi\"]}]}<\/script>\n<!-- \/ Yoast SEO plugin. -->","yoast_head_json":{"title":"Fanart","robots":{"index":"index","follow":"follow","max-snippet":"max-snippet:-1","max-image-preview":"max-image-preview:large","max-video-preview":"max-video-preview:-1"},"canonical":"https:\/\/otakuoshi.com\/pt\/fanart\/","og_locale":"pt_BR","og_type":"article","og_title":"Fanart","og_description":"\u00bfQuienes son los Creadores de Fanart?&nbsp;Los creadores de fanart son artistas talentosos que reinterpretan personajes y escenas de sus animes, mangas, videojuegos y pel\u00edculas favoritas.&hellip;","og_url":"https:\/\/otakuoshi.com\/pt\/fanart\/","og_site_name":"OtakuOshi","article_modified_time":"2025-07-21T10:21:49+00:00","og_image":[{"width":512,"height":512,"url":"https:\/\/otakuoshi.com\/wp-content\/uploads\/2025\/07\/cropped-logo.jpg","type":"image\/jpeg"}],"twitter_card":"summary_large_image","twitter_site":"@OtakuOshi","twitter_misc":{"Est. tempo de leitura":"2 minutos"},"schema":{"@context":"https:\/\/schema.org","@graph":[{"@type":"WebPage","@id":"https:\/\/otakuoshi.com\/fanart\/","url":"https:\/\/otakuoshi.com\/fanart\/","name":"Fanart","isPartOf":{"@id":"https:\/\/otakuoshi.com\/#website"},"datePublished":"2025-07-21T10:21:48+00:00","dateModified":"2025-07-21T10:21:49+00:00","breadcrumb":{"@id":"https:\/\/otakuoshi.com\/fanart\/#breadcrumb"},"inLanguage":"pt-BR","potentialAction":[{"@type":"ReadAction","target":["https:\/\/otakuoshi.com\/fanart\/"]}]},{"@type":"BreadcrumbList","@id":"https:\/\/otakuoshi.com\/fanart\/#breadcrumb","itemListElement":[{"@type":"ListItem","position":1,"name":"Home","item":"https:\/\/otakuoshi.com\/"},{"@type":"ListItem","position":2,"name":"Fanart"}]},{"@type":"WebSite","@id":"https:\/\/otakuoshi.com\/#website","url":"https:\/\/otakuoshi.com\/","name":"OtakuOshi","description":"","publisher":{"@id":"https:\/\/otakuoshi.com\/#organization"},"alternateName":"Otaku Oshi","potentialAction":[{"@type":"SearchAction","target":{"@type":"EntryPoint","urlTemplate":"https:\/\/otakuoshi.com\/?s={search_term_string}"},"query-input":{"@type":"PropertyValueSpecification","valueRequired":true,"valueName":"search_term_string"}}],"inLanguage":"pt-BR"},{"@type":"Organization","@id":"https:\/\/otakuoshi.com\/#organization","name":"OtakuOshi","url":"https:\/\/otakuoshi.com\/","logo":{"@type":"ImageObject","inLanguage":"pt-BR","@id":"https:\/\/otakuoshi.com\/#\/schema\/logo\/image\/","url":"https:\/\/otakuoshi.com\/wp-content\/uploads\/2025\/07\/logo.jpg","contentUrl":"https:\/\/otakuoshi.com\/wp-content\/uploads\/2025\/07\/logo.jpg","width":458,"height":164,"caption":"OtakuOshi"},"image":{"@id":"https:\/\/otakuoshi.com\/#\/schema\/logo\/image\/"},"sameAs":["https:\/\/x.com\/OtakuOshi"]}]}},"_links":{"self":[{"href":"https:\/\/otakuoshi.com\/pt\/wp-json\/wp\/v2\/pages\/265","targetHints":{"allow":["GET"]}}],"collection":[{"href":"https:\/\/otakuoshi.com\/pt\/wp-json\/wp\/v2\/pages"}],"about":[{"href":"https:\/\/otakuoshi.com\/pt\/wp-json\/wp\/v2\/types\/page"}],"author":[{"embeddable":true,"href":"https:\/\/otakuoshi.com\/pt\/wp-json\/wp\/v2\/users\/1"}],"replies":[{"embeddable":true,"href":"https:\/\/otakuoshi.com\/pt\/wp-json\/wp\/v2\/comments?post=265"}],"version-history":[{"count":0,"href":"https:\/\/otakuoshi.com\/pt\/wp-json\/wp\/v2\/pages\/265\/revisions"}],"wp:attachment":[{"href":"https:\/\/otakuoshi.com\/pt\/wp-json\/wp\/v2\/media?parent=265"}],"curies":[{"name":"wp","href":"https:\/\/api.w.org\/{rel}","templated":true}]}}