{"id":298,"date":"2025-07-22T08:38:50","date_gmt":"2025-07-22T08:38:50","guid":{"rendered":"https:\/\/otakuoshi.com\/?page_id=298"},"modified":"2025-07-22T08:38:51","modified_gmt":"2025-07-22T08:38:51","slug":"cookies","status":"publish","type":"page","link":"https:\/\/otakuoshi.com\/pt\/cookies\/","title":{"rendered":"Cookies"},"content":{"rendered":"<p>Usamos os seguintes tipos de cookies no OtakuOshi:<\/p>\n\n\n\n<h3 class=\"wp-block-heading\"><strong>Cookies essenciais<\/strong><\/h3>\n\n\n\n<p>Isso inclui, por exemplo, cookies que permitem que voc\u00ea fa\u00e7a login no OtakuOshi por meio de sua conta, lembre-se do status de sua sess\u00e3o quando solicitado, lembre-se de sua prefer\u00eancia de idioma e garanta a seguran\u00e7a e a prote\u00e7\u00e3o contra fraudes do OtakuOshi.<\/p>\n\n\n\n<h3 class=\"wp-block-heading\"><strong>Cookies n\u00e3o essenciais<\/strong><\/h3>\n\n\n\n<p>Se voc\u00ea nos der seu consentimento, usaremos cookies n\u00e3o essenciais para reconhecer os Usu\u00e1rios Indicadores e os Criadores Indicadores, dentro do Programa de Indica\u00e7\u00e3o, conforme estabelecido em nossos Termos de Servi\u00e7o.<\/p>\n\n\n\n<p>Atualmente <strong>n\u00e3o usamos tecnologias de rastreamento entre sites<\/strong>N\u00e3o vendemos os dados pessoais que coletamos sobre voc\u00ea, nem os compartilhamos para publicidade comportamental em diferentes contextos.<\/p>\n\n\n\n<p>Para obter mais informa\u00e7\u00f5es sobre o que s\u00e3o cookies, por que os usamos e como voc\u00ea pode desativ\u00e1-los, gerenci\u00e1-los ou exclu\u00ed-los, consulte nosso Aviso sobre Cookies. Todos os dados pessoais associados aos cookies s\u00e3o processados de acordo com nossa Pol\u00edtica de Privacidade.<\/p>\n\n\n\n<hr class=\"wp-block-separator has-alpha-channel-opacity\"\/>\n\n\n\n<h2 class=\"wp-block-heading\">O que s\u00e3o cookies?<\/h2>\n\n\n\n<p>Cookies\" s\u00e3o pequenas sequ\u00eancias de texto ou c\u00f3digos de computador armazenados localmente em seu dispositivo que permitem que n\u00f3s e nossos provedores de servi\u00e7os terceirizados \"lembrem\" ou \"reconhe\u00e7am\" um navegador ou dispositivo espec\u00edfico e, em alguns casos, armazenem informa\u00e7\u00f5es sobre eles.<\/p>\n\n\n\n<hr class=\"wp-block-separator has-alpha-channel-opacity\"\/>\n\n\n\n<h2 class=\"wp-block-heading\">Por quanto tempo os cookies s\u00e3o armazenados em meu dispositivo?<\/h2>\n\n\n\n<p><strong>Cookies de sess\u00e3o:<\/strong><br>Eles s\u00e3o armazenados somente durante a sess\u00e3o do navegador. Quando voc\u00ea fecha o navegador, eles s\u00e3o exclu\u00eddos.<\/p>\n\n\n\n<p><strong>Cookies persistentes:<\/strong><br>Eles s\u00e3o armazenados por um per\u00edodo definido (geralmente entre 90 dias e 2 anos, dependendo do uso). Elas n\u00e3o s\u00e3o exclu\u00eddas quando o navegador \u00e9 fechado.<\/p>\n\n\n\n<p>Sua escolha pode afetar o uso de cookies persistentes ou de sess\u00e3o. Por exemplo, se voc\u00ea escolher \"Lembrar de mim por 30 dias\" ao fazer login no OtakuOshi, um cookie persistente ser\u00e1 armazenado para manter sua autentica\u00e7\u00e3o ativa nesse dispositivo.<\/p>\n\n\n\n<hr class=\"wp-block-separator has-alpha-channel-opacity\"\/>\n\n\n\n<h2 class=\"wp-block-heading\">Quais cookies usamos e por qu\u00ea?<\/h2>\n\n\n\n<h3 class=\"wp-block-heading\"><strong>Cookies essenciais (necess\u00e1rios para o funcionamento do OtakuOshi):<\/strong><\/h3>\n\n\n\n<figure class=\"wp-block-table\"><table class=\"has-fixed-layout\"><thead><tr><th>Nome<\/th><th>Descri\u00e7\u00e3o<\/th><\/tr><\/thead><tbody><tr><td>_cfuvid \/ __cf_bm<\/td><td>ativar fun\u00e7\u00f5es de seguran\u00e7a<\/td><\/tr><tr><td>auth_id<\/td><td>Autentica\u00e7\u00e3o de ID de usu\u00e1rio<\/td><\/tr><tr><td>auth_uid_{userid}<\/td><td>lembra a autentica\u00e7\u00e3o em duas etapas por 30 dias, mediante solicita\u00e7\u00e3o<\/td><\/tr><tr><td>c<\/td><td>habilita a funcionalidade de campanha promocional (testes gratuitos\/descontos)<\/td><\/tr><tr><td>CloudFront-Policy \/ CloudFront-Signature \/ CloudFront-Key-Pair-Id<\/td><td>gerenciamento de direitos digitais<\/td><\/tr><tr><td>cookiesAccepted<\/td><td>lembrar sua prefer\u00eancia de cookies (\"somente essenciais\" ou \"todos\")<\/td><\/tr><tr><td>csrf<\/td><td>token para estabelecer uma conex\u00e3o segura<\/td><\/tr><tr><td>fp<\/td><td>impress\u00e3o digital do navegador para ativar os recursos de seguran\u00e7a<\/td><\/tr><tr><td>lang<\/td><td>lembrar a prefer\u00eancia de idioma<\/td><\/tr><tr><td>pa_url_hash<\/td><td>concede acesso ao perfil do usu\u00e1rio<\/td><\/tr><tr><td>sess\u00e3o<\/td><td>mant\u00e9m a autentica\u00e7\u00e3o da sess\u00e3o ativa<\/td><\/tr><tr><td>st \/ streams<\/td><td>permite o acesso a streaming ao vivo e miniaturas de transmiss\u00f5es<\/td><\/tr><\/tbody><\/table><\/figure>\n\n\n\n<p><strong>Desativar, excluir ou bloquear esses cookies em seu navegador pode impedir que o OtakuOshi ou alguns de seus recursos funcionem corretamente ou n\u00e3o funcionem.<\/strong><\/p>\n\n\n\n<hr class=\"wp-block-separator has-alpha-channel-opacity\"\/>\n\n\n\n<h3 class=\"wp-block-heading\"><strong>Cookies n\u00e3o essenciais (Programa de indica\u00e7\u00e3o)<\/strong><\/h3>\n\n\n\n<p>O OtakuOshi tem um Programa de Indica\u00e7\u00e3o no qual os Criadores existentes podem compartilhar seu c\u00f3digo de indica\u00e7\u00e3o para convidar outras pessoas a se tornarem novos Criadores. O Programa est\u00e1 sujeito aos Termos de Servi\u00e7o e todos os pagamentos por indica\u00e7\u00e3o s\u00e3o calculados e limitados conforme estabelecido nesses termos.<\/p>\n\n\n\n<p>Para que possamos reconhecer o Usu\u00e1rio Indicador e o Criador Indicado, \u00e9 necess\u00e1rio aceitar esses cookies n\u00e3o essenciais. Se um deles n\u00e3o aceitar esses cookies, n\u00e3o poderemos reconhecer a indica\u00e7\u00e3o ou emitir pagamentos por indica\u00e7\u00e3o.<\/p>\n\n\n\n<figure class=\"wp-block-table\"><table class=\"has-fixed-layout\"><thead><tr><th>Nome<\/th><th>Descri\u00e7\u00e3o<\/th><\/tr><\/thead><tbody><tr><td>ref_src<\/td><td>identifica a origem da ID do referenciador (usu\u00e1rio referenciador)<\/td><\/tr><tr><td>ref<\/td><td>identifica o usu\u00e1rio indicado (Referring Creator)<\/td><\/tr><tr><td>reg_ref_user_id \/ reg_ref<\/td><td>reconhece o Criador de Refer\u00eancia pelo Usu\u00e1rio de Refer\u00eancia<\/td><\/tr><\/tbody><\/table><\/figure>\n\n\n\n<hr class=\"wp-block-separator has-alpha-channel-opacity\"\/>\n\n\n\n<h2 class=\"wp-block-heading\">Funcionalidades de terceiros<\/h2>\n\n\n\n<p>N\u00e3o controlamos os cookies ou os recursos usados por sites de terceiros. As pr\u00e1ticas de informa\u00e7\u00e3o desses sites n\u00e3o s\u00e3o cobertas por esta Pol\u00edtica de Privacidade ou por este Aviso sobre Cookies.<\/p>\n\n\n\n<hr class=\"wp-block-separator has-alpha-channel-opacity\"\/>\n\n\n\n<h2 class=\"wp-block-heading\">Como posso controlar ou definir cookies?<\/h2>\n\n\n\n<h3 class=\"wp-block-heading\"><strong>Aceitar ou rejeitar cookies n\u00e3o essenciais<\/strong><\/h3>\n\n\n\n<p>Somente colocaremos cookies n\u00e3o essenciais em seu dispositivo se voc\u00ea clicar em \"Aceitar tudo\" no banner de cookies ao acessar o OtakuOshi pela primeira vez.<\/p>\n\n\n\n<h3 class=\"wp-block-heading\"><strong>Gerenciar cookies manualmente<\/strong><\/h3>\n\n\n\n<p>Voc\u00ea pode revisar as configura\u00e7\u00f5es do seu navegador ou dispositivo (ou extens\u00f5es do navegador) para desativar, bloquear ou excluir alguns ou todos os cookies, ou para receber alertas quando novos cookies forem gerados.<\/p>\n\n\n\n<p>Consulte o menu \"Ajuda\", \"Ferramentas\" ou \"Prefer\u00eancias\" de seu navegador ou dispositivo para obter detalhes sobre como fazer isso.<\/p>","protected":false},"excerpt":{"rendered":"<p>Usamos os seguintes tipos de cookies no OtakuOshi: Cookies essenciais Incluem, por exemplo, cookies que permitem que voc\u00ea acesse o OtakuOshi por meio de seu navegador....<\/p>","protected":false},"author":1,"featured_media":0,"parent":0,"menu_order":0,"comment_status":"closed","ping_status":"closed","template":"","meta":{"footnotes":""},"class_list":["post-298","page","type-page","status-publish","hentry"],"yoast_head":"<!-- This site is optimized with the Yoast SEO plugin v26.8 - https:\/\/yoast.com\/product\/yoast-seo-wordpress\/ -->\n<title>Cookies<\/title>\n<meta name=\"robots\" content=\"index, follow, max-snippet:-1, max-image-preview:large, max-video-preview:-1\" \/>\n<link rel=\"canonical\" href=\"https:\/\/otakuoshi.com\/pt\/cookies\/\" \/>\n<meta property=\"og:locale\" content=\"pt_BR\" \/>\n<meta property=\"og:type\" content=\"article\" \/>\n<meta property=\"og:title\" content=\"Cookies\" \/>\n<meta property=\"og:description\" content=\"Utilizamos los siguientes tipos de cookies en OtakuOshi: Cookies esenciales Estas incluyen, por ejemplo, cookies que te permiten acceder a OtakuOshi a trav\u00e9s de tu&hellip;\" \/>\n<meta property=\"og:url\" content=\"https:\/\/otakuoshi.com\/pt\/cookies\/\" \/>\n<meta property=\"og:site_name\" content=\"OtakuOshi\" \/>\n<meta property=\"article:modified_time\" content=\"2025-07-22T08:38:51+00:00\" \/>\n<meta property=\"og:image\" content=\"https:\/\/otakuoshi.com\/wp-content\/uploads\/2025\/07\/cropped-logo.jpg\" \/>\n\t<meta property=\"og:image:width\" content=\"512\" \/>\n\t<meta property=\"og:image:height\" content=\"512\" \/>\n\t<meta property=\"og:image:type\" content=\"image\/jpeg\" \/>\n<meta name=\"twitter:card\" content=\"summary_large_image\" \/>\n<meta name=\"twitter:site\" content=\"@OtakuOshi\" \/>\n<meta name=\"twitter:label1\" content=\"Est. tempo de leitura\" \/>\n\t<meta name=\"twitter:data1\" content=\"3 minutos\" \/>\n<script type=\"application\/ld+json\" class=\"yoast-schema-graph\">{\"@context\":\"https:\/\/schema.org\",\"@graph\":[{\"@type\":\"WebPage\",\"@id\":\"https:\/\/otakuoshi.com\/cookies\/\",\"url\":\"https:\/\/otakuoshi.com\/cookies\/\",\"name\":\"Cookies\",\"isPartOf\":{\"@id\":\"https:\/\/otakuoshi.com\/#website\"},\"datePublished\":\"2025-07-22T08:38:50+00:00\",\"dateModified\":\"2025-07-22T08:38:51+00:00\",\"breadcrumb\":{\"@id\":\"https:\/\/otakuoshi.com\/cookies\/#breadcrumb\"},\"inLanguage\":\"pt-BR\",\"potentialAction\":[{\"@type\":\"ReadAction\",\"target\":[\"https:\/\/otakuoshi.com\/cookies\/\"]}]},{\"@type\":\"BreadcrumbList\",\"@id\":\"https:\/\/otakuoshi.com\/cookies\/#breadcrumb\",\"itemListElement\":[{\"@type\":\"ListItem\",\"position\":1,\"name\":\"Home\",\"item\":\"https:\/\/otakuoshi.com\/\"},{\"@type\":\"ListItem\",\"position\":2,\"name\":\"Cookies\"}]},{\"@type\":\"WebSite\",\"@id\":\"https:\/\/otakuoshi.com\/#website\",\"url\":\"https:\/\/otakuoshi.com\/\",\"name\":\"OtakuOshi\",\"description\":\"\",\"publisher\":{\"@id\":\"https:\/\/otakuoshi.com\/#organization\"},\"alternateName\":\"Otaku Oshi\",\"potentialAction\":[{\"@type\":\"SearchAction\",\"target\":{\"@type\":\"EntryPoint\",\"urlTemplate\":\"https:\/\/otakuoshi.com\/?s={search_term_string}\"},\"query-input\":{\"@type\":\"PropertyValueSpecification\",\"valueRequired\":true,\"valueName\":\"search_term_string\"}}],\"inLanguage\":\"pt-BR\"},{\"@type\":\"Organization\",\"@id\":\"https:\/\/otakuoshi.com\/#organization\",\"name\":\"OtakuOshi\",\"url\":\"https:\/\/otakuoshi.com\/\",\"logo\":{\"@type\":\"ImageObject\",\"inLanguage\":\"pt-BR\",\"@id\":\"https:\/\/otakuoshi.com\/#\/schema\/logo\/image\/\",\"url\":\"https:\/\/otakuoshi.com\/wp-content\/uploads\/2025\/07\/logo.jpg\",\"contentUrl\":\"https:\/\/otakuoshi.com\/wp-content\/uploads\/2025\/07\/logo.jpg\",\"width\":458,\"height\":164,\"caption\":\"OtakuOshi\"},\"image\":{\"@id\":\"https:\/\/otakuoshi.com\/#\/schema\/logo\/image\/\"},\"sameAs\":[\"https:\/\/x.com\/OtakuOshi\"]}]}<\/script>\n<!-- \/ Yoast SEO plugin. -->","yoast_head_json":{"title":"Cookies","robots":{"index":"index","follow":"follow","max-snippet":"max-snippet:-1","max-image-preview":"max-image-preview:large","max-video-preview":"max-video-preview:-1"},"canonical":"https:\/\/otakuoshi.com\/pt\/cookies\/","og_locale":"pt_BR","og_type":"article","og_title":"Cookies","og_description":"Utilizamos los siguientes tipos de cookies en OtakuOshi: Cookies esenciales Estas incluyen, por ejemplo, cookies que te permiten acceder a OtakuOshi a trav\u00e9s de tu&hellip;","og_url":"https:\/\/otakuoshi.com\/pt\/cookies\/","og_site_name":"OtakuOshi","article_modified_time":"2025-07-22T08:38:51+00:00","og_image":[{"width":512,"height":512,"url":"https:\/\/otakuoshi.com\/wp-content\/uploads\/2025\/07\/cropped-logo.jpg","type":"image\/jpeg"}],"twitter_card":"summary_large_image","twitter_site":"@OtakuOshi","twitter_misc":{"Est. tempo de leitura":"3 minutos"},"schema":{"@context":"https:\/\/schema.org","@graph":[{"@type":"WebPage","@id":"https:\/\/otakuoshi.com\/cookies\/","url":"https:\/\/otakuoshi.com\/cookies\/","name":"Cookies","isPartOf":{"@id":"https:\/\/otakuoshi.com\/#website"},"datePublished":"2025-07-22T08:38:50+00:00","dateModified":"2025-07-22T08:38:51+00:00","breadcrumb":{"@id":"https:\/\/otakuoshi.com\/cookies\/#breadcrumb"},"inLanguage":"pt-BR","potentialAction":[{"@type":"ReadAction","target":["https:\/\/otakuoshi.com\/cookies\/"]}]},{"@type":"BreadcrumbList","@id":"https:\/\/otakuoshi.com\/cookies\/#breadcrumb","itemListElement":[{"@type":"ListItem","position":1,"name":"Home","item":"https:\/\/otakuoshi.com\/"},{"@type":"ListItem","position":2,"name":"Cookies"}]},{"@type":"WebSite","@id":"https:\/\/otakuoshi.com\/#website","url":"https:\/\/otakuoshi.com\/","name":"OtakuOshi","description":"","publisher":{"@id":"https:\/\/otakuoshi.com\/#organization"},"alternateName":"Otaku Oshi","potentialAction":[{"@type":"SearchAction","target":{"@type":"EntryPoint","urlTemplate":"https:\/\/otakuoshi.com\/?s={search_term_string}"},"query-input":{"@type":"PropertyValueSpecification","valueRequired":true,"valueName":"search_term_string"}}],"inLanguage":"pt-BR"},{"@type":"Organization","@id":"https:\/\/otakuoshi.com\/#organization","name":"OtakuOshi","url":"https:\/\/otakuoshi.com\/","logo":{"@type":"ImageObject","inLanguage":"pt-BR","@id":"https:\/\/otakuoshi.com\/#\/schema\/logo\/image\/","url":"https:\/\/otakuoshi.com\/wp-content\/uploads\/2025\/07\/logo.jpg","contentUrl":"https:\/\/otakuoshi.com\/wp-content\/uploads\/2025\/07\/logo.jpg","width":458,"height":164,"caption":"OtakuOshi"},"image":{"@id":"https:\/\/otakuoshi.com\/#\/schema\/logo\/image\/"},"sameAs":["https:\/\/x.com\/OtakuOshi"]}]}},"_links":{"self":[{"href":"https:\/\/otakuoshi.com\/pt\/wp-json\/wp\/v2\/pages\/298","targetHints":{"allow":["GET"]}}],"collection":[{"href":"https:\/\/otakuoshi.com\/pt\/wp-json\/wp\/v2\/pages"}],"about":[{"href":"https:\/\/otakuoshi.com\/pt\/wp-json\/wp\/v2\/types\/page"}],"author":[{"embeddable":true,"href":"https:\/\/otakuoshi.com\/pt\/wp-json\/wp\/v2\/users\/1"}],"replies":[{"embeddable":true,"href":"https:\/\/otakuoshi.com\/pt\/wp-json\/wp\/v2\/comments?post=298"}],"version-history":[{"count":0,"href":"https:\/\/otakuoshi.com\/pt\/wp-json\/wp\/v2\/pages\/298\/revisions"}],"wp:attachment":[{"href":"https:\/\/otakuoshi.com\/pt\/wp-json\/wp\/v2\/media?parent=298"}],"curies":[{"name":"wp","href":"https:\/\/api.w.org\/{rel}","templated":true}]}}