{"id":3,"date":"2025-07-19T14:26:52","date_gmt":"2025-07-19T14:26:52","guid":{"rendered":"https:\/\/otakuoshi.com\/?page_id=3"},"modified":"2025-07-21T06:20:57","modified_gmt":"2025-07-21T06:20:57","slug":"politica-de-privacidade","status":"publish","type":"page","link":"https:\/\/otakuoshi.com\/pt\/politica-de-privacidade\/","title":{"rendered":"Pol\u00edtica de privacidade"},"content":{"rendered":"<p><strong>Data de entrada em vigor:<\/strong> 21 de julho de 2025<br><strong>Respons\u00e1vel:<\/strong> Polaris Nexus LCC (<a href=\"https:\/\/polarisnexuslcc.com\/\">polarisnexuslcc.com<\/a>)<br><strong>Endere\u00e7o:<\/strong> 1621 Central Ave, Cheyenne, WY 82001, EUA.<br><strong>Endere\u00e7o de e-mail para contato:<\/strong> <a>privacidad@otakuoshi.com<\/a><\/p>\n\n\n\n<h2 class=\"wp-block-heading\">1. introdu\u00e7\u00e3o<\/h2>\n\n\n\n<p>Na Polaris Nexus LCC (\"n\u00f3s\", \"nos\", \"nosso\"), levamos muito a s\u00e9rio a privacidade e a prote\u00e7\u00e3o dos dados pessoais de nossos usu\u00e1rios. Esta pol\u00edtica descreve como coletamos, usamos, compartilhamos e protegemos suas informa\u00e7\u00f5es pessoais por meio da plataforma. <strong>OtakuOshi<\/strong> (<a class=\"\" href=\"https:\/\/otakuoshi.com\/pt\/\">https:\/\/otakuoshi.com<\/a>), incluindo todos os seus usu\u00e1rios: <strong>Criadores<\/strong>, <strong>F\u00e3s<\/strong>, y <strong>Colaboradores de conte\u00fado<\/strong>.<\/p>\n\n\n\n<p>OtakuOshi \u00e9 uma plataforma que permite a <strong>criadores de conte\u00fado<\/strong> monetizar suas publica\u00e7\u00f5es e a <strong>f\u00e3s<\/strong> acessar e assinar esse conte\u00fado. Ao usar nossos servi\u00e7os, voc\u00ea concorda com os termos e condi\u00e7\u00f5es aqui descritos.<\/p>\n\n\n\n<h2 class=\"wp-block-heading\">2. Defini\u00e7\u00e3o de dados pessoais<\/h2>\n\n\n\n<p>Entende-se que <strong>\"Dados pessoais<\/strong> qualquer informa\u00e7\u00e3o que identifique direta ou indiretamente uma pessoa, incluindo, entre outras, as seguintes:<\/p>\n\n\n\n<ul class=\"wp-block-list\">\n<li>Nome e sobrenome<\/li>\n\n\n\n<li>Carteira de identidade<\/li>\n\n\n\n<li>Fotografias e v\u00eddeos<\/li>\n\n\n\n<li>Detalhes banc\u00e1rios e de pagamento<\/li>\n\n\n\n<li>Endere\u00e7o IP e localiza\u00e7\u00e3o<\/li>\n\n\n\n<li>Grava\u00e7\u00f5es de voz ou biometria facial<\/li>\n<\/ul>\n\n\n\n<p>Tamb\u00e9m podemos coletar dados an\u00f4nimos, agregados ou desvinculados, que n\u00e3o s\u00e3o considerados dados pessoais de acordo com esta pol\u00edtica.<\/p>\n\n\n\n<h2 class=\"wp-block-heading\">3. Altera\u00e7\u00f5es em seus dados<\/h2>\n\n\n\n<p>\u00c9 importante que os dados que mantemos sobre voc\u00ea sejam precisos e atualizados. Voc\u00ea pode atualizar suas informa\u00e7\u00f5es acessando as configura\u00e7\u00f5es da sua conta ou escrevendo para n\u00f3s em <a>privacidad@otakuoshi.com<\/a>.<\/p>\n\n\n\n<h2 class=\"wp-block-heading\">4. Aplicabilidade e restri\u00e7\u00e3o de idade<\/h2>\n\n\n\n<p>Nossos servi\u00e7os s\u00e3o destinados apenas a pessoas com idade superior a <strong>18 anos<\/strong>. Ao se registrar ou usar o OtakuOshi, o usu\u00e1rio garante que tem pelo menos essa idade. Caso contr\u00e1rio, estar\u00e1 estritamente proibido de acessar, registrar-se ou usar a plataforma.<\/p>\n\n\n\n<h2 class=\"wp-block-heading\">5. Links para terceiros<\/h2>\n\n\n\n<p>O OtakuOshi pode conter links para sites, plugins ou aplicativos de terceiros. N\u00e3o somos respons\u00e1veis por suas pol\u00edticas de privacidade. Recomendamos que voc\u00ea verifique os termos e condi\u00e7\u00f5es desses sites antes de fornecer dados pessoais a eles.<\/p>\n\n\n\n<h2 class=\"wp-block-heading\">6. Recusa em fornecer dados pessoais<\/h2>\n\n\n\n<p>Para usar a plataforma, voc\u00ea deve fornecer determinadas informa\u00e7\u00f5es exigidas por lei ou pelo contrato de servi\u00e7o. Se voc\u00ea optar por n\u00e3o fornec\u00ea-las, talvez n\u00e3o possamos lhe oferecer acesso total aos recursos do OtakuOshi.<\/p>\n\n\n\n<h2 class=\"wp-block-heading\">7. Atualiza\u00e7\u00f5es de pol\u00edticas<\/h2>\n\n\n\n<p>Podemos atualizar esta pol\u00edtica a qualquer momento. N\u00f3s o notificaremos em sua conta ou por e-mail se houver altera\u00e7\u00f5es relevantes.<\/p>\n\n\n\n<h2 class=\"wp-block-heading\">8. Categorias de dados coletados<\/h2>\n\n\n\n<h3 class=\"wp-block-heading\"><strong>Dados de identifica\u00e7\u00e3o<\/strong><\/h3>\n\n\n\n<ul class=\"wp-block-list\">\n<li>Nome real e pseud\u00f4nimo<\/li>\n\n\n\n<li>Endere\u00e7o f\u00edsico e pa\u00eds de resid\u00eancia<\/li>\n\n\n\n<li>Identifica\u00e7\u00e3o oficial + selfie para verifica\u00e7\u00e3o<\/li>\n\n\n\n<li>Parceiros de e-mail, telefone e m\u00eddia social<\/li>\n<\/ul>\n\n\n\n<h3 class=\"wp-block-heading\"><strong>Detalhes da conta<\/strong><\/h3>\n\n\n\n<ul class=\"wp-block-list\">\n<li>Nome do perfil e senhas<\/li>\n\n\n\n<li>Imagens e cabe\u00e7alhos de perfil<\/li>\n\n\n\n<li>Mensagens e publica\u00e7\u00f5es<\/li>\n\n\n\n<li>Hist\u00f3rico de assinaturas, feedback e suporte<\/li>\n<\/ul>\n\n\n\n<h3 class=\"wp-block-heading\"><strong>Dados financeiros<\/strong><\/h3>\n\n\n\n<ul class=\"wp-block-list\">\n<li>Dados de cart\u00f5es de pagamento (parciais, tokenizados)<\/li>\n\n\n\n<li>Endere\u00e7o de cobran\u00e7a<\/li>\n\n\n\n<li>Detalhes banc\u00e1rios para pagamentos (Criadores)<\/li>\n\n\n\n<li>Identificadores de impostos (TIN, NIF, VAT)<\/li>\n\n\n\n<li>Formul\u00e1rios W-9 \/ 1099 para os EUA.<\/li>\n<\/ul>\n\n\n\n<h3 class=\"wp-block-heading\"><strong>Dados t\u00e9cnicos e de uso<\/strong><\/h3>\n\n\n\n<ul class=\"wp-block-list\">\n<li>Endere\u00e7o IP, navegador, sistema operacional<\/li>\n\n\n\n<li>Atividade de rede e padr\u00f5es de uso<\/li>\n\n\n\n<li>Cookies (consulte a pol\u00edtica de cookies separada)<\/li>\n<\/ul>\n\n\n\n<h3 class=\"wp-block-heading\"><strong>Dados biom\u00e9tricos (na integra\u00e7\u00e3o)<\/strong><\/h3>\n\n\n\n<p>Metadados do processo de verifica\u00e7\u00e3o<\/p>\n\n\n\n<p>Captura de rosto via GIF ou selfie<\/p>\n\n\n\n<p>Dados de reconhecimento facial (gerenciados por terceiros)<\/p>\n\n\n\n<h2 class=\"wp-block-heading\">9. Processos de verifica\u00e7\u00e3o e registro<\/h2>\n\n\n\n<h3 class=\"wp-block-heading\"><strong>CRIADORES<\/strong><\/h3>\n\n\n\n<p>Antes de ativar uma conta de criador no OtakuOshi, \u00e9 necess\u00e1rio:<\/p>\n\n\n\n<ul class=\"wp-block-list\">\n<li>Verifica\u00e7\u00e3o da maioridade (18+), por meio de documento oficial e selfie.<\/li>\n\n\n\n<li>Verifique o pa\u00eds de resid\u00eancia para cumprir as normas locais.<\/li>\n\n\n\n<li>Detalhes banc\u00e1rios e fiscais para receber pagamentos.<\/li>\n\n\n\n<li>Valida\u00e7\u00e3o de que o criador n\u00e3o foi banido anteriormente da plataforma.<\/li>\n<\/ul>\n\n\n\n<h3 class=\"wp-block-heading\"><strong>F\u00c3S<\/strong><\/h3>\n\n\n\n<p>Para os f\u00e3s, em determinadas jurisdi\u00e7\u00f5es ou casos de atividade suspeita, isso pode ser exigido:<\/p>\n\n\n\n<ul class=\"wp-block-list\">\n<li>Verifica\u00e7\u00e3o da idade por estimativa ou valida\u00e7\u00e3o de documentos.<\/li>\n\n\n\n<li>Dados pagos para acesso a conte\u00fado exclusivo.<\/li>\n\n\n\n<li>Informa\u00e7\u00f5es sobre o pa\u00eds de resid\u00eancia para restri\u00e7\u00f5es legais.<\/li>\n<\/ul>\n\n\n\n<h3 class=\"wp-block-heading\"><strong>PARCEIROS DE CONTE\u00daDO<\/strong><\/h3>\n\n\n\n<p>Qualquer pessoa que apare\u00e7a no conte\u00fado do criador (por exemplo, modelos, dubladores, etc.) deve:<\/p>\n\n\n\n<ul class=\"wp-block-list\">\n<li>Comprovante de que voc\u00ea tem pelo menos 18 anos de idade.<\/li>\n\n\n\n<li>Fornecer documenta\u00e7\u00e3o legal.<\/li>\n\n\n\n<li>Concluir um processo de verifica\u00e7\u00e3o externa, se necess\u00e1rio.<\/li>\n<\/ul>\n\n\n\n<h2 class=\"wp-block-heading\">10. Verifica\u00e7\u00e3o de terceiros e biometria facial<\/h2>\n\n\n\n<p>Usamos servi\u00e7os de terceiros para realizar verifica\u00e7\u00f5es de idade e identidade. Esses servi\u00e7os podem:<\/p>\n\n\n\n<ul class=\"wp-block-list\">\n<li>Colete imagens de selfies e documentos oficiais.<\/li>\n\n\n\n<li>Uso <strong>reconhecimento facial<\/strong> para verificar se h\u00e1 correspond\u00eancia.<\/li>\n\n\n\n<li>Estimativa de idade (em alguns pa\u00edses) usando tecnologia automatizada.<\/li>\n<\/ul>\n\n\n\n<p><strong>Observa\u00e7\u00e3o importante:<\/strong> OtakuOshi <strong>n\u00e3o armazena diretamente dados biom\u00e9tricos<\/strong>Os dados n\u00e3o s\u00e3o acessados. Esses dados s\u00e3o tratados exclusivamente por provedores verificados sob contrato.<\/p>\n\n\n\n<p>Se voc\u00ea optar por n\u00e3o autorizar o uso do reconhecimento facial, poder\u00e1 ser solicitado a fornecer documenta\u00e7\u00e3o adicional em caso de verifica\u00e7\u00f5es futuras.<\/p>\n\n\n\n<h2 class=\"wp-block-heading\">11. Uso de dados e base legal<\/h2>\n\n\n\n<p>Processamos seus dados para:<\/p>\n\n\n\n<figure class=\"wp-block-table\"><table class=\"has-fixed-layout\"><thead><tr><th>Finalidade<\/th><th>Base legal<\/th><\/tr><\/thead><tbody><tr><td>Crie e gerencie sua conta<\/td><td>Execu\u00e7\u00e3o do contrato<\/td><\/tr><tr><td>Verificar a identidade e a idade<\/td><td>Consentimento e obriga\u00e7\u00e3o legal<\/td><\/tr><tr><td>Processar pagamentos e ganhos<\/td><td>Execu\u00e7\u00e3o do contrato<\/td><\/tr><tr><td>Moderar o conte\u00fado e evitar abusos<\/td><td>Interesse leg\u00edtimo e obriga\u00e7\u00e3o legal<\/td><\/tr><tr><td>Atender \u00e0s solicita\u00e7\u00f5es legais e regulat\u00f3rias<\/td><td>Obriga\u00e7\u00e3o legal<\/td><\/tr><tr><td>Investigar fraudes ou atividades suspeitas<\/td><td>Interesse leg\u00edtimo<\/td><\/tr><tr><td>Comunicar atualiza\u00e7\u00f5es, suporte e seguran\u00e7a<\/td><td>Execu\u00e7\u00e3o do contrato<\/td><\/tr><tr><td>Cumprir com as regulamenta\u00e7\u00f5es fiscais ou de identidade<\/td><td>Obriga\u00e7\u00e3o legal<\/td><\/tr><tr><td>Preserva\u00e7\u00e3o de provas em lit\u00edgios<\/td><td>Interesse leg\u00edtimo<\/td><\/tr><\/tbody><\/table><\/figure>\n\n\n\n<p>Em nenhum caso tomamos decis\u00f5es automatizadas que afetem significativamente seus direitos.<\/p>\n\n\n\n<h2 class=\"wp-block-heading\">12. Coleta de dados<\/h2>\n\n\n\n<p>Podemos coletar seus dados:<\/p>\n\n\n\n<ul class=\"wp-block-list\">\n<li><strong>Diretamente de voc\u00ea:<\/strong> ao se registrar ou entrar em contato conosco.<\/li>\n\n\n\n<li><strong>Automaticamente:<\/strong> por meio de sua atividade, cookies, IP e uso do site.<\/li>\n\n\n\n<li><strong>Por meio de terceiros:<\/strong> como provedores de verifica\u00e7\u00e3o de identidade ou servi\u00e7os de pagamento.<\/li>\n<\/ul>\n\n\n\n<h2 class=\"wp-block-heading\">13. Compartilhamento de dados<\/h2>\n\n\n\n<p>Seus dados podem ser compartilhados com:<\/p>\n\n\n\n<ul class=\"wp-block-list\">\n<li><strong>Fornecedores externos:<\/strong> verifica\u00e7\u00e3o, pagamentos, suporte, modera\u00e7\u00e3o, tributa\u00e7\u00e3o.<\/li>\n\n\n\n<li><strong>Consultores profissionais:<\/strong> advogados, contadores, auditores.<\/li>\n\n\n\n<li><strong>Autoridades p\u00fablicas:<\/strong> no caso de uma exig\u00eancia legal ou infra\u00e7\u00e3o.<\/li>\n\n\n\n<li><strong>Empresas afiliadas:<\/strong> somente para fins operacionais ou de reorganiza\u00e7\u00e3o.<\/li>\n\n\n\n<li><strong>No caso de uma venda ou fus\u00e3o.<\/strong><\/li>\n<\/ul>\n\n\n\n<p>Em nenhuma circunst\u00e2ncia vendemos seus dados pessoais ou os usamos para publicidade comportamental.<\/p>\n\n\n\n<h2 class=\"wp-block-heading\">4. Transfer\u00eancias internacionais de dados<\/h2>\n\n\n\n<p>Como a Polaris Nexus LCC opera internacionalmente, seus dados pessoais podem ser transferidos e processados fora de seu pa\u00eds de resid\u00eancia, inclusive para os Estados Unidos, Jap\u00e3o ou outras jurisdi\u00e7\u00f5es onde nossos fornecedores ou empresas relacionadas operam.<\/p>\n\n\n\n<p>Essas transfer\u00eancias s\u00e3o realizadas de acordo com mecanismos legais apropriados, tais como:<\/p>\n\n\n\n<ul class=\"wp-block-list\">\n<li>Pa\u00edses com um n\u00edvel de prote\u00e7\u00e3o adequado reconhecido.<\/li>\n\n\n\n<li>Cl\u00e1usulas contratuais padr\u00e3o aprovadas pela Comiss\u00e3o Europeia ou equivalente.<\/li>\n\n\n\n<li>Seu consentimento expl\u00edcito em processos espec\u00edficos.<\/li>\n<\/ul>\n\n\n\n<p>Voc\u00ea pode solicitar mais informa\u00e7\u00f5es sobre esses mecanismos escrevendo para: <strong><a>privacidad@otakuoshi.com<\/a><\/strong>.<\/p>\n\n\n\n<h2 class=\"wp-block-heading\">15. Direitos do usu\u00e1rio<\/h2>\n\n\n\n<p>De acordo com a legisla\u00e7\u00e3o aplic\u00e1vel, voc\u00ea tem os seguintes direitos em rela\u00e7\u00e3o aos seus dados pessoais:<\/p>\n\n\n\n<ul class=\"wp-block-list\">\n<li><strong>Acesso:<\/strong> voc\u00ea pode solicitar uma c\u00f3pia dos dados que mantemos sobre voc\u00ea.<\/li>\n\n\n\n<li><strong>Corre\u00e7\u00e3o:<\/strong> voc\u00ea pode corrigir dados incompletos ou incorretos.<\/li>\n\n\n\n<li><strong>Exclus\u00e3o:<\/strong> voc\u00ea pode solicitar a exclus\u00e3o de seus dados, exceto quando formos obrigados a ret\u00ea-los por motivos legais ou contratuais.<\/li>\n\n\n\n<li><strong>Limita\u00e7\u00e3o do tratamento:<\/strong> voc\u00ea pode nos pedir para parar de usar seus dados em determinadas circunst\u00e2ncias.<\/li>\n\n\n\n<li><strong>Portabilidade:<\/strong> voc\u00ea pode receber seus dados em um formato estruturado.<\/li>\n\n\n\n<li><strong>Oposi\u00e7\u00e3o:<\/strong> voc\u00ea pode se opor ao processamento quando ele for baseado em interesses leg\u00edtimos.<\/li>\n\n\n\n<li><strong>Retirar o consentimento:<\/strong> quando o processamento for baseado em seu consentimento (por exemplo, reconhecimento facial), voc\u00ea poder\u00e1 retirar seu consentimento a qualquer momento.<\/li>\n\n\n\n<li><strong>Reclama\u00e7\u00e3o \u00e0s autoridades:<\/strong> Se voc\u00ea acredita que seus direitos foram violados, pode recorrer \u00e0 autoridade local de prote\u00e7\u00e3o de dados.<\/li>\n<\/ul>\n\n\n\n<p>Voc\u00ea pode exercer esses direitos entrando em contato conosco por correio: <strong><a>privacidad@otakuoshi.com<\/a><\/strong>.<\/p>\n\n\n\n<h2 class=\"wp-block-heading\">16. Como exercer seus direitos<\/h2>\n\n\n\n<p>Para exercer qualquer um dos direitos acima, voc\u00ea deve:<\/p>\n\n\n\n<ul class=\"wp-block-list\">\n<li>Envie sua inscri\u00e7\u00e3o para <strong><a>privacidad@otakuoshi.com<\/a><\/strong>.<\/li>\n\n\n\n<li>Indique claramente qual direito voc\u00ea deseja exercer.<\/li>\n\n\n\n<li>Forne\u00e7a informa\u00e7\u00f5es suficientes para verificar sua identidade (por exemplo, e-mail da conta, c\u00f3pia parcial do documento de identidade, se necess\u00e1rio para fins de seguran\u00e7a).<\/li>\n<\/ul>\n\n\n\n<p>Se outra pessoa estiver agindo em seu nome, ela dever\u00e1 apresentar uma autoriza\u00e7\u00e3o legal v\u00e1lida.<\/p>\n\n\n\n<h2 class=\"wp-block-heading\">17. Reten\u00e7\u00e3o de dados pessoais<\/h2>\n\n\n\n<p>Seus dados ser\u00e3o mantidos apenas pelo tempo necess\u00e1rio para:<\/p>\n\n\n\n<ul class=\"wp-block-list\">\n<li>Prestar servi\u00e7os ao usu\u00e1rio enquanto ele tiver uma conta ativa.<\/li>\n\n\n\n<li>Cumprir obriga\u00e7\u00f5es fiscais, legais ou regulat\u00f3rias (at\u00e9 7 anos, se exigido por lei).<\/li>\n\n\n\n<li>Resolu\u00e7\u00e3o de disputas, preven\u00e7\u00e3o de fraudes ou lit\u00edgio de reivindica\u00e7\u00f5es legais.<\/li>\n<\/ul>\n\n\n\n<p>Quando essas finalidades forem cumpridas, os dados ser\u00e3o exclu\u00eddos com seguran\u00e7a ou anonimizados.<\/p>\n\n\n\n<h2 class=\"wp-block-heading\">18. Comunica\u00e7\u00f5es e controle<\/h2>\n\n\n\n<p>Voc\u00ea pode gerenciar suas prefer\u00eancias na sua conta do OtakuOshi:<\/p>\n\n\n\n<ul class=\"wp-block-list\">\n<li>Modificar ou excluir seus dados pessoais.<\/li>\n\n\n\n<li>Configurar notifica\u00e7\u00f5es por e-mail (embora algumas, como verifica\u00e7\u00f5es ou transa\u00e7\u00f5es, n\u00e3o possam ser desativadas por lei).<\/li>\n\n\n\n<li>Controle o acesso ao seu local ou dispositivo a partir das configura\u00e7\u00f5es do navegador ou do sistema operacional.<\/li>\n<\/ul>\n\n\n\n<p>N\u00e3o enviamos e-mails de marketing direto. Voc\u00ea s\u00f3 receber\u00e1 comunica\u00e7\u00f5es relacionadas \u00e0 sua conta ou \u00e0s suas transa\u00e7\u00f5es.<\/p>\n\n\n\n<h2 class=\"wp-block-heading\">19. Disposi\u00e7\u00f5es adicionais de privacidade (EUA)<\/h2>\n\n\n\n<p>Para usu\u00e1rios que residem em determinados estados dos EUA, incluindo Calif\u00f3rnia, Nevada e outros estados com legisla\u00e7\u00e3o espec\u00edfica sobre privacidade, o OtakuOshi oferece as seguintes prote\u00e7\u00f5es adicionais:<\/p>\n\n\n\n<h3 class=\"wp-block-heading\">N\u00e3o vendemos seus dados<\/h3>\n\n\n\n<p>N\u00e3o vendemos nem compartilhamos seus dados pessoais com terceiros para fins de publicidade comportamental baseada em rastreamento entre sites ou plataformas.<\/p>\n\n\n\n<h3 class=\"wp-block-heading\">Informa\u00e7\u00f5es confidenciais<\/h3>\n\n\n\n<p>A OtakuOshi (ou seus fornecedores) pode coletar e processar dados classificados como \"informa\u00e7\u00f5es confidenciais\", tais como:<\/p>\n\n\n\n<ul class=\"wp-block-list\">\n<li>Nome de usu\u00e1rio e senha<\/li>\n\n\n\n<li>N\u00famero do passaporte ou documento oficial<\/li>\n\n\n\n<li>Parte do n\u00famero do cart\u00e3o de cr\u00e9dito (tokenizado)<\/li>\n\n\n\n<li>Dados biom\u00e9tricos (usados somente por provedores verificados)<\/li>\n<\/ul>\n\n\n\n<p>Essas informa\u00e7\u00f5es s\u00e3o usadas exclusivamente para verificar sua idade e identidade, processar pagamentos, garantir a seguran\u00e7a ou cumprir obriga\u00e7\u00f5es legais. Elas nunca s\u00e3o usadas para publicidade ou marketing.<\/p>\n\n\n\n<h3 class=\"wp-block-heading\">Informa\u00e7\u00f5es n\u00e3o identificadas<\/h3>\n\n\n\n<p>Podemos usar informa\u00e7\u00f5es an\u00f4nimas ou agregadas para melhorar nossos servi\u00e7os, estat\u00edsticas ou processos internos. Essas informa\u00e7\u00f5es n\u00e3o podem ser razoavelmente vinculadas \u00e0 sua identidade.<\/p>\n\n\n\n<h3 class=\"wp-block-heading\">Direito de apela\u00e7\u00e3o<\/h3>\n\n\n\n<p>Se voc\u00ea mora em um estado que permite isso, pode recorrer de decis\u00f5es relativas aos seus direitos de privacidade. Para isso, envie sua solicita\u00e7\u00e3o para <strong><a>privacidad@otakuoshi.com<\/a><\/strong>. Se sua apela\u00e7\u00e3o for rejeitada, voc\u00ea pode entrar em contato com o procurador geral ou com o \u00f3rg\u00e3o estadual apropriado.<\/p>\n\n\n\n<h2 class=\"wp-block-heading\">20. pol\u00edtica para menores<\/h2>\n\n\n\n<p>Nossos servi\u00e7os s\u00e3o <strong>estritamente para pessoas com mais de 18 anos de idade<\/strong>. N\u00e3o permitimos que menores de idade criem contas, acessem ou interajam com o conte\u00fado da plataforma. Se descobrirmos que um usu\u00e1rio menor de idade inseriu informa\u00e7\u00f5es ou se registrou, suspenderemos sua conta e excluiremos os dados imediatamente.<\/p>\n\n\n\n<h2 class=\"wp-block-heading\">21. Contato e respons\u00e1vel pela privacidade<\/h2>\n\n\n\n<p>A OtakuOshi nomeou um Diretor de Prote\u00e7\u00e3o de Dados (DPO), que \u00e9 respons\u00e1vel por supervisionar esta pol\u00edtica e sua conformidade.<\/p>\n\n\n\n<p><strong>Diretor de prote\u00e7\u00e3o de dados<\/strong><br><strong>Endere\u00e7o de e-mail para contato:<\/strong> <a>privacidad@otakuoshi.com<\/a><br><strong>Empresa respons\u00e1vel:<\/strong> Polaris Nexus LCC<br><strong>Endere\u00e7o postal:<\/strong> 1621 Central Ave, Cheyenne, WY 82001, EUA.<\/p>\n\n\n\n<p>Se voc\u00ea mora na Uni\u00e3o Europeia ou no Espa\u00e7o Econ\u00f4mico Europeu e deseja entrar em contato com nosso representante na UE, pode escrever para:<\/p>\n\n\n\n<h2 class=\"wp-block-heading\">22. vers\u00e3o atual<\/h2>\n\n\n\n<p>Esta pol\u00edtica de privacidade foi atualizada pela \u00faltima vez em <strong>21 de julho de 2025<\/strong>. Quaisquer altera\u00e7\u00f5es futuras ser\u00e3o notificadas em sua conta de usu\u00e1rio ou por e-mail, conforme apropriado.<\/p>","protected":false},"excerpt":{"rendered":"<p>Data de entrada em vigor: 21 de julho de 2025Respons\u00e1vel: Polaris Nexus LCC (polarisnexuslcc.com)Endere\u00e7o: 1621 Central Ave, Cheyenne, WY 82001, USAContato e-mail: privacidad@otakuoshi.com....<\/p>","protected":false},"author":1,"featured_media":0,"parent":0,"menu_order":0,"comment_status":"closed","ping_status":"closed","template":"","meta":{"footnotes":""},"class_list":["post-3","page","type-page","status-publish","hentry"],"yoast_head":"<!-- This site is optimized with the Yoast SEO plugin v26.8 - https:\/\/yoast.com\/product\/yoast-seo-wordpress\/ -->\n<title>Privacy Policy<\/title>\n<meta name=\"robots\" content=\"index, follow, max-snippet:-1, max-image-preview:large, max-video-preview:-1\" \/>\n<link rel=\"canonical\" href=\"https:\/\/otakuoshi.com\/pt\/politica-de-privacidade\/\" \/>\n<meta property=\"og:locale\" content=\"pt_BR\" \/>\n<meta property=\"og:type\" content=\"article\" \/>\n<meta property=\"og:title\" content=\"Privacy Policy\" \/>\n<meta property=\"og:description\" content=\"Fecha de entrada en vigor: 21 de julio de 2025Responsable: Polaris Nexus LCC (polarisnexuslcc.com)Direcci\u00f3n: 1621 Central Ave, Cheyenne, WY 82001, EE. UU.Correo de contacto: privacidad@otakuoshi.com&hellip;\" \/>\n<meta property=\"og:url\" content=\"https:\/\/otakuoshi.com\/pt\/politica-de-privacidade\/\" \/>\n<meta property=\"og:site_name\" content=\"OtakuOshi\" \/>\n<meta property=\"article:modified_time\" content=\"2025-07-21T06:20:57+00:00\" \/>\n<meta property=\"og:image\" content=\"https:\/\/otakuoshi.com\/wp-content\/uploads\/2025\/07\/cropped-logo.jpg\" \/>\n\t<meta property=\"og:image:width\" content=\"512\" \/>\n\t<meta property=\"og:image:height\" content=\"512\" \/>\n\t<meta property=\"og:image:type\" content=\"image\/jpeg\" \/>\n<meta name=\"twitter:card\" content=\"summary_large_image\" \/>\n<meta name=\"twitter:site\" content=\"@OtakuOshi\" \/>\n<meta name=\"twitter:label1\" content=\"Est. tempo de leitura\" \/>\n\t<meta name=\"twitter:data1\" content=\"9 minutos\" \/>\n<script type=\"application\/ld+json\" class=\"yoast-schema-graph\">{\"@context\":\"https:\/\/schema.org\",\"@graph\":[{\"@type\":\"WebPage\",\"@id\":\"https:\/\/otakuoshi.com\/privacy-policy\/\",\"url\":\"https:\/\/otakuoshi.com\/privacy-policy\/\",\"name\":\"Privacy Policy\",\"isPartOf\":{\"@id\":\"https:\/\/otakuoshi.com\/#website\"},\"datePublished\":\"2025-07-19T14:26:52+00:00\",\"dateModified\":\"2025-07-21T06:20:57+00:00\",\"breadcrumb\":{\"@id\":\"https:\/\/otakuoshi.com\/privacy-policy\/#breadcrumb\"},\"inLanguage\":\"pt-BR\",\"potentialAction\":[{\"@type\":\"ReadAction\",\"target\":[\"https:\/\/otakuoshi.com\/privacy-policy\/\"]}]},{\"@type\":\"BreadcrumbList\",\"@id\":\"https:\/\/otakuoshi.com\/privacy-policy\/#breadcrumb\",\"itemListElement\":[{\"@type\":\"ListItem\",\"position\":1,\"name\":\"Home\",\"item\":\"https:\/\/otakuoshi.com\/\"},{\"@type\":\"ListItem\",\"position\":2,\"name\":\"Privacy Policy\"}]},{\"@type\":\"WebSite\",\"@id\":\"https:\/\/otakuoshi.com\/#website\",\"url\":\"https:\/\/otakuoshi.com\/\",\"name\":\"OtakuOshi\",\"description\":\"\",\"publisher\":{\"@id\":\"https:\/\/otakuoshi.com\/#organization\"},\"alternateName\":\"Otaku Oshi\",\"potentialAction\":[{\"@type\":\"SearchAction\",\"target\":{\"@type\":\"EntryPoint\",\"urlTemplate\":\"https:\/\/otakuoshi.com\/?s={search_term_string}\"},\"query-input\":{\"@type\":\"PropertyValueSpecification\",\"valueRequired\":true,\"valueName\":\"search_term_string\"}}],\"inLanguage\":\"pt-BR\"},{\"@type\":\"Organization\",\"@id\":\"https:\/\/otakuoshi.com\/#organization\",\"name\":\"OtakuOshi\",\"url\":\"https:\/\/otakuoshi.com\/\",\"logo\":{\"@type\":\"ImageObject\",\"inLanguage\":\"pt-BR\",\"@id\":\"https:\/\/otakuoshi.com\/#\/schema\/logo\/image\/\",\"url\":\"https:\/\/otakuoshi.com\/wp-content\/uploads\/2025\/07\/logo.jpg\",\"contentUrl\":\"https:\/\/otakuoshi.com\/wp-content\/uploads\/2025\/07\/logo.jpg\",\"width\":458,\"height\":164,\"caption\":\"OtakuOshi\"},\"image\":{\"@id\":\"https:\/\/otakuoshi.com\/#\/schema\/logo\/image\/\"},\"sameAs\":[\"https:\/\/x.com\/OtakuOshi\"]}]}<\/script>\n<!-- \/ Yoast SEO plugin. -->","yoast_head_json":{"title":"Pol\u00edtica de privacidade","robots":{"index":"index","follow":"follow","max-snippet":"max-snippet:-1","max-image-preview":"max-image-preview:large","max-video-preview":"max-video-preview:-1"},"canonical":"https:\/\/otakuoshi.com\/pt\/politica-de-privacidade\/","og_locale":"pt_BR","og_type":"article","og_title":"Privacy Policy","og_description":"Fecha de entrada en vigor: 21 de julio de 2025Responsable: Polaris Nexus LCC (polarisnexuslcc.com)Direcci\u00f3n: 1621 Central Ave, Cheyenne, WY 82001, EE. UU.Correo de contacto: privacidad@otakuoshi.com&hellip;","og_url":"https:\/\/otakuoshi.com\/pt\/politica-de-privacidade\/","og_site_name":"OtakuOshi","article_modified_time":"2025-07-21T06:20:57+00:00","og_image":[{"width":512,"height":512,"url":"https:\/\/otakuoshi.com\/wp-content\/uploads\/2025\/07\/cropped-logo.jpg","type":"image\/jpeg"}],"twitter_card":"summary_large_image","twitter_site":"@OtakuOshi","twitter_misc":{"Est. tempo de leitura":"9 minutos"},"schema":{"@context":"https:\/\/schema.org","@graph":[{"@type":"WebPage","@id":"https:\/\/otakuoshi.com\/privacy-policy\/","url":"https:\/\/otakuoshi.com\/privacy-policy\/","name":"Pol\u00edtica de privacidade","isPartOf":{"@id":"https:\/\/otakuoshi.com\/#website"},"datePublished":"2025-07-19T14:26:52+00:00","dateModified":"2025-07-21T06:20:57+00:00","breadcrumb":{"@id":"https:\/\/otakuoshi.com\/privacy-policy\/#breadcrumb"},"inLanguage":"pt-BR","potentialAction":[{"@type":"ReadAction","target":["https:\/\/otakuoshi.com\/privacy-policy\/"]}]},{"@type":"BreadcrumbList","@id":"https:\/\/otakuoshi.com\/privacy-policy\/#breadcrumb","itemListElement":[{"@type":"ListItem","position":1,"name":"Home","item":"https:\/\/otakuoshi.com\/"},{"@type":"ListItem","position":2,"name":"Privacy Policy"}]},{"@type":"WebSite","@id":"https:\/\/otakuoshi.com\/#website","url":"https:\/\/otakuoshi.com\/","name":"OtakuOshi","description":"","publisher":{"@id":"https:\/\/otakuoshi.com\/#organization"},"alternateName":"Otaku Oshi","potentialAction":[{"@type":"SearchAction","target":{"@type":"EntryPoint","urlTemplate":"https:\/\/otakuoshi.com\/?s={search_term_string}"},"query-input":{"@type":"PropertyValueSpecification","valueRequired":true,"valueName":"search_term_string"}}],"inLanguage":"pt-BR"},{"@type":"Organization","@id":"https:\/\/otakuoshi.com\/#organization","name":"OtakuOshi","url":"https:\/\/otakuoshi.com\/","logo":{"@type":"ImageObject","inLanguage":"pt-BR","@id":"https:\/\/otakuoshi.com\/#\/schema\/logo\/image\/","url":"https:\/\/otakuoshi.com\/wp-content\/uploads\/2025\/07\/logo.jpg","contentUrl":"https:\/\/otakuoshi.com\/wp-content\/uploads\/2025\/07\/logo.jpg","width":458,"height":164,"caption":"OtakuOshi"},"image":{"@id":"https:\/\/otakuoshi.com\/#\/schema\/logo\/image\/"},"sameAs":["https:\/\/x.com\/OtakuOshi"]}]}},"_links":{"self":[{"href":"https:\/\/otakuoshi.com\/pt\/wp-json\/wp\/v2\/pages\/3","targetHints":{"allow":["GET"]}}],"collection":[{"href":"https:\/\/otakuoshi.com\/pt\/wp-json\/wp\/v2\/pages"}],"about":[{"href":"https:\/\/otakuoshi.com\/pt\/wp-json\/wp\/v2\/types\/page"}],"author":[{"embeddable":true,"href":"https:\/\/otakuoshi.com\/pt\/wp-json\/wp\/v2\/users\/1"}],"replies":[{"embeddable":true,"href":"https:\/\/otakuoshi.com\/pt\/wp-json\/wp\/v2\/comments?post=3"}],"version-history":[{"count":0,"href":"https:\/\/otakuoshi.com\/pt\/wp-json\/wp\/v2\/pages\/3\/revisions"}],"wp:attachment":[{"href":"https:\/\/otakuoshi.com\/pt\/wp-json\/wp\/v2\/media?parent=3"}],"curies":[{"name":"wp","href":"https:\/\/api.w.org\/{rel}","templated":true}]}}