{"id":313,"date":"2025-07-22T09:01:00","date_gmt":"2025-07-22T09:01:00","guid":{"rendered":"https:\/\/otakuoshi.com\/?page_id=313"},"modified":"2025-07-22T09:01:00","modified_gmt":"2025-07-22T09:01:00","slug":"marca","status":"publish","type":"page","link":"https:\/\/otakuoshi.com\/pt\/marca\/","title":{"rendered":"Marca"},"content":{"rendered":"<p><strong>OtakuOshi<\/strong> \u00e9 mais do que uma plataforma: \u00e9 uma marca constru\u00edda sobre a paix\u00e3o, a identidade e o esp\u00edrito da cultura otaku global.<\/p>\n\n\n\n<p>Nascido da necessidade de um espa\u00e7o onde <strong>criadores, f\u00e3s e artistas<\/strong> O OtakuOshi representa uma nova gera\u00e7\u00e3o de plataformas digitais: especializadas, \u00e9ticas e voltadas para a comunidade.<\/p>\n\n\n\n<p>A palavra \"<strong>Oshi<\/strong>\"vem do japon\u00eas \u63a8\u3057, um termo usado para se referir \u00e0quele personagem, \u00eddolo ou artista que um f\u00e3 ap\u00f3ia de todo o cora\u00e7\u00e3o. Ao associ\u00e1-lo a \"Otaku\", definimos claramente nosso objetivo: <strong>ser o lar digital onde os f\u00e3s apoiam, descobrem e se conectam com seus verdadeiros oshis<\/strong>.<\/p>\n\n\n\n<h3 class=\"wp-block-heading\">Nossa vis\u00e3o<\/h3>\n\n\n\n<p>Criar um ecossistema acess\u00edvel, seguro e moderno onde qualquer criador relacionado ao mundo otaku - cosplayers, ilustradores, contadores de hist\u00f3rias, designers, dubladores, etc. - possa compartilhar e monetizar seu trabalho sem restri\u00e7\u00f5es desnecess\u00e1rias ou plataformas gen\u00e9ricas.<\/p>\n\n\n\n<h3 class=\"wp-block-heading\">O que nossa marca representa<\/h3>\n\n\n\n<ul class=\"wp-block-list\">\n<li><strong>Respeito pela cultura otaku<\/strong><br>Honramos suas ra\u00edzes, diversidade e evolu\u00e7\u00e3o global.<\/li>\n\n\n\n<li><strong>Autenticidade e conex\u00e3o direta<\/strong><br>Sem intermedi\u00e1rios, sem algoritmos opacos. Apenas f\u00e3s apoiando os criadores.<\/li>\n\n\n\n<li><strong>Privacidade e seguran\u00e7a como base<\/strong><br>Protegemos tanto os criadores quanto os f\u00e3s com padr\u00f5es profissionais.<\/li>\n\n\n\n<li><strong>Criatividade sem limites<\/strong><br>O OtakuOshi \u00e9 um espa\u00e7o livre para explorar ideias, estilos, narrativas e g\u00eaneros dentro de estruturas legais e \u00e9ticas.<\/li>\n<\/ul>\n\n\n\n<h3 class=\"wp-block-heading\">A quem se destina a marca?<\/h3>\n\n\n\n<ul class=\"wp-block-list\">\n<li>Para o <strong>f\u00e3s de anime, mang\u00e1, cosplay, arte digital, ASMR e conte\u00fado narrativo<\/strong>.<\/li>\n\n\n\n<li>Para criadores que n\u00e3o se encaixam nas plataformas tradicionais.<\/li>\n\n\n\n<li>Colecionadores e f\u00e3s que valorizam conex\u00f5es aut\u00eanticas e conte\u00fado feito com paix\u00e3o.<\/li>\n<\/ul>\n\n\n\n<p><strong>OtakuOshi<\/strong> n\u00e3o \u00e9 uma c\u00f3pia. N\u00e3o se trata apenas de outra rede social.<br>\u00c9 uma marca com um prop\u00f3sito: <strong>para dar visibilidade, liberdade criativa e ferramentas reais \u00e0queles que vivem o fandom como parte de sua identidade.<\/strong><\/p>\n\n\n\n<p>Porque no mundo otaku, voc\u00ea <strong>oshi<\/strong> N\u00e3o se trata apenas de apar\u00eancia. Ele tem suporte.<br>E a OtakuOshi est\u00e1 aqui para tornar isso poss\u00edvel.<\/p>","protected":false},"excerpt":{"rendered":"<p>A OtakuOshi \u00e9 mais do que uma plataforma: \u00e9 uma marca constru\u00edda sobre a paix\u00e3o, a identidade e o esp\u00edrito da cultura otaku global. Nascida de...<\/p>","protected":false},"author":1,"featured_media":0,"parent":0,"menu_order":0,"comment_status":"closed","ping_status":"closed","template":"","meta":{"footnotes":""},"class_list":["post-313","page","type-page","status-publish","hentry"],"yoast_head":"<!-- This site is optimized with the Yoast SEO plugin v26.8 - https:\/\/yoast.com\/product\/yoast-seo-wordpress\/ -->\n<title>Marca<\/title>\n<meta name=\"robots\" content=\"index, follow, max-snippet:-1, max-image-preview:large, max-video-preview:-1\" \/>\n<link rel=\"canonical\" href=\"https:\/\/otakuoshi.com\/pt\/marca\/\" \/>\n<meta property=\"og:locale\" content=\"pt_BR\" \/>\n<meta property=\"og:type\" content=\"article\" \/>\n<meta property=\"og:title\" content=\"Marca\" \/>\n<meta property=\"og:description\" content=\"OtakuOshi es m\u00e1s que una plataforma: es una marca construida sobre la pasi\u00f3n, la identidad y el esp\u00edritu de la cultura otaku global. Nacida de&hellip;\" \/>\n<meta property=\"og:url\" content=\"https:\/\/otakuoshi.com\/pt\/marca\/\" \/>\n<meta property=\"og:site_name\" content=\"OtakuOshi\" \/>\n<meta property=\"og:image\" content=\"https:\/\/otakuoshi.com\/wp-content\/uploads\/2025\/07\/cropped-logo.jpg\" \/>\n\t<meta property=\"og:image:width\" content=\"512\" \/>\n\t<meta property=\"og:image:height\" content=\"512\" \/>\n\t<meta property=\"og:image:type\" content=\"image\/jpeg\" \/>\n<meta name=\"twitter:card\" content=\"summary_large_image\" \/>\n<meta name=\"twitter:site\" content=\"@OtakuOshi\" \/>\n<meta name=\"twitter:label1\" content=\"Est. tempo de leitura\" \/>\n\t<meta name=\"twitter:data1\" content=\"2 minutos\" \/>\n<script type=\"application\/ld+json\" class=\"yoast-schema-graph\">{\"@context\":\"https:\/\/schema.org\",\"@graph\":[{\"@type\":\"WebPage\",\"@id\":\"https:\/\/otakuoshi.com\/marca\/\",\"url\":\"https:\/\/otakuoshi.com\/marca\/\",\"name\":\"Marca\",\"isPartOf\":{\"@id\":\"https:\/\/otakuoshi.com\/#website\"},\"datePublished\":\"2025-07-22T09:01:00+00:00\",\"breadcrumb\":{\"@id\":\"https:\/\/otakuoshi.com\/marca\/#breadcrumb\"},\"inLanguage\":\"pt-BR\",\"potentialAction\":[{\"@type\":\"ReadAction\",\"target\":[\"https:\/\/otakuoshi.com\/marca\/\"]}]},{\"@type\":\"BreadcrumbList\",\"@id\":\"https:\/\/otakuoshi.com\/marca\/#breadcrumb\",\"itemListElement\":[{\"@type\":\"ListItem\",\"position\":1,\"name\":\"Home\",\"item\":\"https:\/\/otakuoshi.com\/\"},{\"@type\":\"ListItem\",\"position\":2,\"name\":\"Marca\"}]},{\"@type\":\"WebSite\",\"@id\":\"https:\/\/otakuoshi.com\/#website\",\"url\":\"https:\/\/otakuoshi.com\/\",\"name\":\"OtakuOshi\",\"description\":\"\",\"publisher\":{\"@id\":\"https:\/\/otakuoshi.com\/#organization\"},\"alternateName\":\"Otaku Oshi\",\"potentialAction\":[{\"@type\":\"SearchAction\",\"target\":{\"@type\":\"EntryPoint\",\"urlTemplate\":\"https:\/\/otakuoshi.com\/?s={search_term_string}\"},\"query-input\":{\"@type\":\"PropertyValueSpecification\",\"valueRequired\":true,\"valueName\":\"search_term_string\"}}],\"inLanguage\":\"pt-BR\"},{\"@type\":\"Organization\",\"@id\":\"https:\/\/otakuoshi.com\/#organization\",\"name\":\"OtakuOshi\",\"url\":\"https:\/\/otakuoshi.com\/\",\"logo\":{\"@type\":\"ImageObject\",\"inLanguage\":\"pt-BR\",\"@id\":\"https:\/\/otakuoshi.com\/#\/schema\/logo\/image\/\",\"url\":\"https:\/\/otakuoshi.com\/wp-content\/uploads\/2025\/07\/logo.jpg\",\"contentUrl\":\"https:\/\/otakuoshi.com\/wp-content\/uploads\/2025\/07\/logo.jpg\",\"width\":458,\"height\":164,\"caption\":\"OtakuOshi\"},\"image\":{\"@id\":\"https:\/\/otakuoshi.com\/#\/schema\/logo\/image\/\"},\"sameAs\":[\"https:\/\/x.com\/OtakuOshi\"]}]}<\/script>\n<!-- \/ Yoast SEO plugin. -->","yoast_head_json":{"title":"Marca","robots":{"index":"index","follow":"follow","max-snippet":"max-snippet:-1","max-image-preview":"max-image-preview:large","max-video-preview":"max-video-preview:-1"},"canonical":"https:\/\/otakuoshi.com\/pt\/marca\/","og_locale":"pt_BR","og_type":"article","og_title":"Marca","og_description":"OtakuOshi es m\u00e1s que una plataforma: es una marca construida sobre la pasi\u00f3n, la identidad y el esp\u00edritu de la cultura otaku global. Nacida de&hellip;","og_url":"https:\/\/otakuoshi.com\/pt\/marca\/","og_site_name":"OtakuOshi","og_image":[{"width":512,"height":512,"url":"https:\/\/otakuoshi.com\/wp-content\/uploads\/2025\/07\/cropped-logo.jpg","type":"image\/jpeg"}],"twitter_card":"summary_large_image","twitter_site":"@OtakuOshi","twitter_misc":{"Est. tempo de leitura":"2 minutos"},"schema":{"@context":"https:\/\/schema.org","@graph":[{"@type":"WebPage","@id":"https:\/\/otakuoshi.com\/marca\/","url":"https:\/\/otakuoshi.com\/marca\/","name":"Marca","isPartOf":{"@id":"https:\/\/otakuoshi.com\/#website"},"datePublished":"2025-07-22T09:01:00+00:00","breadcrumb":{"@id":"https:\/\/otakuoshi.com\/marca\/#breadcrumb"},"inLanguage":"pt-BR","potentialAction":[{"@type":"ReadAction","target":["https:\/\/otakuoshi.com\/marca\/"]}]},{"@type":"BreadcrumbList","@id":"https:\/\/otakuoshi.com\/marca\/#breadcrumb","itemListElement":[{"@type":"ListItem","position":1,"name":"Home","item":"https:\/\/otakuoshi.com\/"},{"@type":"ListItem","position":2,"name":"Marca"}]},{"@type":"WebSite","@id":"https:\/\/otakuoshi.com\/#website","url":"https:\/\/otakuoshi.com\/","name":"OtakuOshi","description":"","publisher":{"@id":"https:\/\/otakuoshi.com\/#organization"},"alternateName":"Otaku Oshi","potentialAction":[{"@type":"SearchAction","target":{"@type":"EntryPoint","urlTemplate":"https:\/\/otakuoshi.com\/?s={search_term_string}"},"query-input":{"@type":"PropertyValueSpecification","valueRequired":true,"valueName":"search_term_string"}}],"inLanguage":"pt-BR"},{"@type":"Organization","@id":"https:\/\/otakuoshi.com\/#organization","name":"OtakuOshi","url":"https:\/\/otakuoshi.com\/","logo":{"@type":"ImageObject","inLanguage":"pt-BR","@id":"https:\/\/otakuoshi.com\/#\/schema\/logo\/image\/","url":"https:\/\/otakuoshi.com\/wp-content\/uploads\/2025\/07\/logo.jpg","contentUrl":"https:\/\/otakuoshi.com\/wp-content\/uploads\/2025\/07\/logo.jpg","width":458,"height":164,"caption":"OtakuOshi"},"image":{"@id":"https:\/\/otakuoshi.com\/#\/schema\/logo\/image\/"},"sameAs":["https:\/\/x.com\/OtakuOshi"]}]}},"_links":{"self":[{"href":"https:\/\/otakuoshi.com\/pt\/wp-json\/wp\/v2\/pages\/313","targetHints":{"allow":["GET"]}}],"collection":[{"href":"https:\/\/otakuoshi.com\/pt\/wp-json\/wp\/v2\/pages"}],"about":[{"href":"https:\/\/otakuoshi.com\/pt\/wp-json\/wp\/v2\/types\/page"}],"author":[{"embeddable":true,"href":"https:\/\/otakuoshi.com\/pt\/wp-json\/wp\/v2\/users\/1"}],"replies":[{"embeddable":true,"href":"https:\/\/otakuoshi.com\/pt\/wp-json\/wp\/v2\/comments?post=313"}],"version-history":[{"count":0,"href":"https:\/\/otakuoshi.com\/pt\/wp-json\/wp\/v2\/pages\/313\/revisions"}],"wp:attachment":[{"href":"https:\/\/otakuoshi.com\/pt\/wp-json\/wp\/v2\/media?parent=313"}],"curies":[{"name":"wp","href":"https:\/\/api.w.org\/{rel}","templated":true}]}}