{"id":95,"date":"2025-07-20T06:00:15","date_gmt":"2025-07-20T06:00:15","guid":{"rendered":"https:\/\/otakuoshi.com\/?page_id=95"},"modified":"2026-02-21T10:12:40","modified_gmt":"2026-02-21T10:12:40","slug":"home","status":"publish","type":"page","link":"https:\/\/otakuoshi.com\/pt\/","title":{"rendered":"In\u00edcio"},"content":{"rendered":"<p><!-- ======= HERO ======= --><\/p>\n<section class=\"hero\">\n<div class=\"hero__bg\"><\/div>\n<div class=\"hero__inner\">\n    <span class=\"oshi-badge\">\u304a\u305f\u304f\u304a\u3057 - Plataforma para criadores otaku<\/span><\/p>\n<h1>Sua arte otaku merece<br \/>um est\u00e1gio <em>em seu n\u00edvel<\/em><\/h1>\n<p class=\"hero__sub\">Monetize seu talento como ilustrador, cosplayer, mangaka ou artista digital. Conecte-se com f\u00e3s que realmente valorizam o que voc\u00ea cria.<\/p>\n<div class=\"hero__ctas\">\n      <a href=\"https:\/\/fans.otakuoshi.com\/\" class=\"btn btn--fill\">Comece a criar gratuitamente<\/a><br \/>\n      <a href=\"\/pt\/conteudo\/\" class=\"btn btn--ghost\">Explorar conte\u00fado<\/a>\n    <\/div>\n<p class=\"hero__meta\">+9 categorias - Pagamentos em todo o mundo - 100% Ingl\u00eas e japon\u00eas<\/p>\n<\/p><\/div>\n<\/section>\n<p><!-- ======= CATEGOR\u00cdAS ======= --><\/p>\n<section class=\"cats\" id=\"categorias\">\n<div class=\"oshi-wrap\">\n<div class=\"sec-head\">\n<h2>Navegar por categoria<\/h2>\n<p>De fan art a ASMR, encontre o conte\u00fado pelo qual voc\u00ea \u00e9 apaixonado - ou o nicho perfeito para monetizar seu talento.<\/p>\n<\/p><\/div>\n<div class=\"cats__grid\">\n<p>      <a href=\"\/pt\/cosplay\/\" class=\"ccard\"><\/p>\n<div class=\"ccard__img\">\n          <img decoding=\"async\" src=\"https:\/\/otakuoshi.com\/wp-content\/uploads\/2025\/09\/Cosplay-1.png\" alt=\"Cosplay - conjuntos de fotos exclusivas\" loading=\"lazy\">\n        <\/div>\n<div class=\"ccard__body\">\n<h3 class=\"ccard__title\">Cosplay<\/h3>\n<p class=\"ccard__text\">Conjuntos de fotos, bastidores e conte\u00fado exclusivo de cosplayers profissionais e independentes.<\/p>\n<\/p><\/div>\n<p>      <\/a><\/p>\n<p>      <a href=\"\/pt\/ilustradores-de-manga\/\" class=\"ccard\"><\/p>\n<div class=\"ccard__img\">\n          <img decoding=\"async\" src=\"https:\/\/otakuoshi.com\/wp-content\/uploads\/2025\/09\/Ilustracion.png\" alt=\"Ilustra\u00e7\u00e3o e mang\u00e1 de fan art\" loading=\"lazy\">\n        <\/div>\n<div class=\"ccard__body\">\n<h3 class=\"ccard__title\">Ilustra\u00e7\u00e3o e arte de f\u00e3s<\/h3>\n<p class=\"ccard__text\">Ilustra\u00e7\u00f5es originais, arte de f\u00e3s, trabalhos em andamento e processos criativos de artistas digitais.<\/p>\n<\/p><\/div>\n<p>      <\/a><\/p>\n<p>      <a href=\"\/pt\/manga-doujin\/\" class=\"ccard\"><\/p>\n<div class=\"ccard__img\">\n          <img decoding=\"async\" src=\"https:\/\/otakuoshi.com\/wp-content\/uploads\/2025\/09\/Manga.png\" alt=\"Mang\u00e1 e doujinshi indie\" loading=\"lazy\">\n        <\/div>\n<div class=\"ccard__body\">\n<h3 class=\"ccard__title\">Mang\u00e1 e Doujinshi<\/h3>\n<p class=\"ccard__text\">Obras originais, doujinshi e s\u00e9ries em s\u00e9rie de autores independentes.<\/p>\n<\/p><\/div>\n<p>      <\/a><\/p>\n<p>      <a href=\"\/pt\/animacao-de-movimento\/\" class=\"ccard\"><\/p>\n<div class=\"ccard__img\">\n          <img decoding=\"async\" src=\"https:\/\/otakuoshi.com\/wp-content\/uploads\/2025\/09\/Animacion.png\" alt=\"Anima\u00e7\u00e3o e anime de gr\u00e1ficos em movimento\" loading=\"lazy\">\n        <\/div>\n<div class=\"ccard__body\">\n<h3 class=\"ccard__title\">Anima\u00e7\u00e3o e movimento<\/h3>\n<p class=\"ccard__text\">Curtas-metragens, loops animados, gr\u00e1ficos em movimento e projetos de anima\u00e7\u00e3o independentes.<\/p>\n<\/p><\/div>\n<p>      <\/a><\/p>\n<p>      <a href=\"\/pt\/voz-de-personagem-asmr\/\" class=\"ccard\"><\/p>\n<div class=\"ccard__img\">\n          <img decoding=\"async\" src=\"https:\/\/otakuoshi.com\/wp-content\/uploads\/2025\/09\/ASMR.png\" alt=\"ASMR e voz de personagem\" loading=\"lazy\">\n        <\/div>\n<div class=\"ccard__body\">\n<h3 class=\"ccard__title\">ASMR e voz de personagem<\/h3>\n<p class=\"ccard__text\">\u00c1udio imersivo, voz de situa\u00e7\u00e3o, ASMR tem\u00e1tico e dublagem de personagens originais.<\/p>\n<\/p><\/div>\n<p>      <\/a><\/p>\n<p>      <a href=\"\/pt\/making-of-tutoriales-y-plantillas\/\" class=\"ccard\"><\/p>\n<div class=\"ccard__img\">\n          <img decoding=\"async\" src=\"https:\/\/otakuoshi.com\/wp-content\/uploads\/2025\/09\/Tutoriales.png\" alt=\"Tutoriais e making-of\" loading=\"lazy\">\n        <\/div>\n<div class=\"ccard__body\">\n<h3 class=\"ccard__title\">Making-of e tutoriais<\/h3>\n<p class=\"ccard__text\">Processos criativos, modelos, pinc\u00e9is e tutoriais passo a passo para artistas.<\/p>\n<\/p><\/div>\n<p>      <\/a><\/p>\n<p>      <a href=\"\/pt\/avatares-3d-vroid\/\" class=\"ccard\"><\/p>\n<div class=\"ccard__img\">\n          <img decoding=\"async\" src=\"https:\/\/otakuoshi.com\/wp-content\/uploads\/2025\/09\/3d.png\" alt=\"Modelos 3D e avatares VRoid\" loading=\"lazy\">\n        <\/div>\n<div class=\"ccard__body\">\n<h3 class=\"ccard__title\">3D \/ Avatares \/ VRoid<\/h3>\n<p class=\"ccard__text\">Modelos 3D, avatares VRoid, recursos para VTubers e cenas para Unity ou Blender.<\/p>\n<\/p><\/div>\n<p>      <\/a><\/p>\n<p>      <a href=\"\/pt\/contenidos-r-15\/\" class=\"ccard\"><\/p>\n<div class=\"ccard__img\">\n          <img decoding=\"async\" src=\"https:\/\/otakuoshi.com\/wp-content\/uploads\/2025\/09\/r15.png\" alt=\"Conte\u00fado R-15\" loading=\"lazy\">\n        <\/div>\n<div class=\"ccard__body\">\n<h3 class=\"ccard__title\">Conte\u00fado R-15<\/h3>\n<p class=\"ccard__text\">Fotografia sugestiva, arte ecchi e conte\u00fado sensual com uma abordagem art\u00edstica e respeitosa.<\/p>\n<\/p><\/div>\n<p>      <\/a><\/p>\n<p>      <a href=\"\/pt\/conteudo-r18\/\" class=\"ccard\"><\/p>\n<div class=\"ccard__img\">\n          <img decoding=\"async\" src=\"https:\/\/otakuoshi.com\/wp-content\/uploads\/2025\/07\/cosplay-erotico.jpg\" alt=\"Conte\u00fado R-18\" loading=\"lazy\">\n        <\/div>\n<div class=\"ccard__body\">\n<h3 class=\"ccard__title\">Conte\u00fado R-18<\/h3>\n<p class=\"ccard__text\">Conte\u00fado adulto verificado: ilustra\u00e7\u00e3o, cosplay er\u00f3tico e fotografia de belas artes.<\/p>\n<\/p><\/div>\n<p>      <\/a><\/p><\/div>\n<div class=\"cats__bottom\">\n      <a href=\"\/pt\/conteudo\/\" class=\"btn btn--ghost\">Ver todas as categorias<\/a>\n    <\/div>\n<\/p><\/div>\n<\/section>\n<p><!-- ======= VALOR ======= --><\/p>\n<section class=\"value\">\n<div class=\"oshi-wrap\">\n<div class=\"sec-head\">\n<h2>Mais do que uma plataforma: uma comunidade com alma otaku<\/h2>\n<p>A OtakuOshi conecta criadores e f\u00e3s em um ecossistema de respeito, paix\u00e3o e apoio direto. Aqui est\u00e3o os f\u00e3s <em>shien-sha<\/em> e os criadores s\u00e3o <em>oshis<\/em>.<\/p>\n<\/p><\/div>\n<div class=\"value__grid\">\n<div class=\"vbox\">\n<h3>Voc\u00ea \u00e9 um f\u00e3?<\/h3>\n<p>Descubra criadores que inspiram sua vida cotidiana. Apoie-os com assinaturas, dicas digitais ou mensagens privadas. Crie uma conex\u00e3o real com seus <em>oshi<\/em>.<\/p>\n<ul>\n<li>Acesse conte\u00fado exclusivo que voc\u00ea n\u00e3o encontrar\u00e1 nas redes sociais<\/li>\n<li>Envie adere\u00e7os, mensagens e coment\u00e1rios diretos para o criador<\/li>\n<li>Descubra artistas em <a href=\"\/pt\/cosplay\/\">cosplay<\/a>, <a href=\"\/pt\/fanart\/\">arte de f\u00e3<\/a> o <a href=\"\/pt\/voz-de-personagem-asmr\/\">ASMR<\/a><\/li>\n<li>Suportes <a href=\"\/pt\/modelos-de-cosplay\/\">modelos<\/a>, <a href=\"\/pt\/ilustradores-de-manga\/\">mangakas<\/a> y <a href=\"\/pt\/fotografos-de-cosplay\/\">fot\u00f3grafos<\/a><\/li>\n<\/ul>\n<p>        <a href=\"https:\/\/fans.otakuoshi.com\/\" class=\"btn btn--fill\">Descubra os criadores<\/a>\n      <\/div>\n<div class=\"vbox\">\n<h3>Voc\u00ea \u00e9 um criador?<\/h3>\n<p>Transforme sua paix\u00e3o em renda real. Ofere\u00e7a assinaturas, venda conte\u00fado exclusivo e permita que seus f\u00e3s se tornem patrocinadores.<\/p>\n<ul>\n<li>Monetizar <a href=\"\/pt\/ilustradores-de-manga\/\">ilustra\u00e7\u00f5es<\/a>, conjuntos de <a href=\"\/pt\/cosplay\/\">cosplay<\/a> o <a href=\"\/pt\/manga-doujin\/\">doujinshi<\/a><\/li>\n<li>Receba suporte direto por meio de assinaturas e dicas<\/li>\n<li>Gerencie conte\u00fado, comunidade e loja em um \u00fanico perfil<\/li>\n<li>Cobra em qualquer pa\u00eds - Cobra em qualquer pa\u00eds - Cobra em qualquer pa\u00eds - Cobra em qualquer pa\u00eds - Cobra em qualquer pa\u00eds <a href=\"\/pt\/financiacion\/\">Mais informa\u00e7\u00f5es sobre pagamentos<\/a><\/li>\n<\/ul>\n<p>        <a href=\"https:\/\/fans.otakuoshi.com\/\" class=\"btn btn--fill\">Abra seu perfil gratuito<\/a>\n      <\/div>\n<\/p><\/div>\n<\/p><\/div>\n<\/section>\n<p><!-- ======= BANNER CTA ======= --><\/p>\n<section class=\"banner\" style=\"background-image:url('https:\/\/otakuoshi.com\/wp-content\/uploads\/2025\/07\/ot1.png')\">\n<div class=\"banner__ov\"><\/div>\n<div class=\"banner__in\">\n<h2>Sua arte merece um lugar onde n\u00e3o se perca no barulho.<\/h2>\n<p>Sua comunidade est\u00e1 esperando por voc\u00ea. Abra seu perfil em menos de 5 minutos e comece a ganhar dinheiro hoje mesmo.<\/p>\n<p>    <a href=\"https:\/\/fans.otakuoshi.com\/\" class=\"btn btn--fill btn--lg\">Crie sua conta gratuita<\/a>\n  <\/div>\n<\/section>\n<p><!-- ======= PASOS ======= --><\/p>\n<section class=\"steps\" id=\"como-funciona\">\n<div class=\"oshi-wrap\">\n<div class=\"sec-head\">\n<h2>Como funciona o OtakuOshi?<\/h2>\n<p>Em tr\u00eas etapas, voc\u00ea pode passar de espectador a criador com renda recorrente. Todo o processo leva menos de 5 minutos.<\/p>\n<\/p><\/div>\n<div class=\"steps__grid\">\n<div class=\"stp\">\n        <span class=\"stp__num\">01<\/span><\/p>\n<h3>Registro<\/h3>\n<p>Crie sua conta em <a href=\"https:\/\/fans.otakuoshi.com\/\">fans.otakuoshi.com<\/a>. Confirme seu e-mail e configure seu perfil de criador em minutos.<\/p>\n<\/p><\/div>\n<div class=\"stp\">\n        <span class=\"stp__num\">02<\/span><\/p>\n<h3>Publicar e compartilhar<\/h3>\n<p>Fa\u00e7a upload de imagens, v\u00eddeos, \u00e1udios e documentos. Decida o que \u00e9 p\u00fablico e o que \u00e9 exclusivo. Leia nossa <a href=\"\/pt\/principios-de-publicacion\/\">princ\u00edpios de publica\u00e7\u00e3o<\/a>.<\/p>\n<\/p><\/div>\n<div class=\"stp\">\n        <span class=\"stp__num\">03<\/span><\/p>\n<h3>Receber pagamentos<\/h3>\n<p>Pagamentos para qualquer pa\u00eds. Sem uma conta banc\u00e1ria, voc\u00ea tamb\u00e9m pode fazer saques. <a href=\"\/pt\/financiacion\/\">Mais informa\u00e7\u00f5es sobre m\u00e9todos de pagamento<\/a>.<\/p>\n<\/p><\/div>\n<\/p><\/div>\n<\/p><\/div>\n<\/section>\n<p><!-- ======= NICHOS ======= --><\/p>\n<section class=\"niches\">\n<div class=\"oshi-wrap\">\n<div class=\"sec-head\">\n<h2>Um espa\u00e7o para cada tipo de criador<\/h2>\n<p>N\u00e3o importa sua disciplina: se voc\u00ea pertence ao universo otaku, aqui voc\u00ea tem um lar onde seu talento \u00e9 valorizado.<\/p>\n<\/p><\/div>\n<div class=\"niches__grid\">\n      <a href=\"\/pt\/modelos-de-cosplay\/\" class=\"ncard\"><br \/>\n        <span class=\"ncard__ico\">\ud83d\udcf8<\/span><\/p>\n<h3>Modelos de cosplay<\/h3>\n<p>Cen\u00e1rios exclusivos, sess\u00f5es tem\u00e1ticas e conte\u00fado de bastidores.<\/p>\n<p>      <\/a><br \/>\n      <a href=\"\/pt\/fotografos-de-cosplay\/\" class=\"ncard\"><br \/>\n        <span class=\"ncard__ico\">\ud83c\udf9e\ufe0f<\/span><\/p>\n<h3>Fot\u00f3grafos de cosplay<\/h3>\n<p>Portf\u00f3lio, impress\u00f5es e tutoriais tem\u00e1ticos de fotografia.<\/p>\n<p>      <\/a><br \/>\n      <a href=\"\/pt\/escritores-de-fanfictions\/\" class=\"ncard\"><br \/>\n        <span class=\"ncard__ico\">\u270d\ufe0f<\/span><\/p>\n<h3>Escritores de fanfics<\/h3>\n<p>Cap\u00edtulos exclusivos e s\u00e9ries em s\u00e9rie para leitores apaixonados.<\/p>\n<p>      <\/a><br \/>\n      <a href=\"\/pt\/autores-de-dojinshi\/\" class=\"ncard\"><br \/>\n        <span class=\"ncard__ico\">\ud83d\udcd6<\/span><\/p>\n<h3>Autores de doujinshi<\/h3>\n<p>Ela distribui mang\u00e1s independentes, recebe feedback e financia projetos.<\/p>\n<p>      <\/a><br \/>\n      <a href=\"\/pt\/fanart\/\" class=\"ncard\"><br \/>\n        <span class=\"ncard__ico\">\ud83c\udfa8<\/span><\/p>\n<h3>Artistas de fan art<\/h3>\n<p>Compartilhe cria\u00e7\u00f5es, venda comiss\u00f5es e aumente sua comunidade.<\/p>\n<p>      <\/a><br \/>\n      <a href=\"\/pt\/artistas-ecchi\/\" class=\"ncard\"><br \/>\n        <span class=\"ncard__ico\">\ud83d\udd25<\/span><\/p>\n<h3>Artistas de ecchi<\/h3>\n<p>Espa\u00e7o seguro com <a href=\"\/pt\/politica-etica\/\">pol\u00edticas \u00e9ticas<\/a> e verifica\u00e7\u00e3o de idade.<\/p>\n<p>      <\/a>\n    <\/div>\n<\/p><\/div>\n<\/section>\n<p><!-- ======= JAP\u00d3N BANNER ======= --><\/p>\n<section class=\"banner\" style=\"background-image:url('https:\/\/otakuoshi.com\/wp-content\/uploads\/2025\/07\/japanflag.jpg')\">\n<div class=\"banner__ov\"><\/div>\n<div class=\"banner__in\">\n<h2>Identidade japonesa, aberta ao mundo<\/h2>\n<p>O OtakuOshi pega o melhor do esp\u00edrito criativo japon\u00eas e o abre para o mundo. Sua voz \u00e9 ouvida em ingl\u00eas e em \u65e5\u672c\u8a9e.<\/p>\n<p>    <a href=\"https:\/\/otakuoshi.jp\/\" class=\"btn btn--fill btn--lg\" target=\"_blank\" rel=\"noopener\">Descubra o OtakuOshi Jap\u00e3o<\/a>\n  <\/div>\n<\/section>\n<p><!-- ======= CONFIANZA ======= --><\/p>\n<section class=\"trust\">\n<div class=\"oshi-wrap\">\n<div class=\"sec-head\">\n<h2>Criado com base em princ\u00edpios, n\u00e3o apenas em c\u00f3digo<\/h2>\n<p>A cultura otaku merece uma plataforma que a respeite.<\/p>\n<\/p><\/div>\n<div class=\"trust__grid\">\n<div class=\"tcard\">\n<h3>Seguran\u00e7a real<\/h3>\n<p>Pagamentos criptografados, verifica\u00e7\u00e3o de identidade e <a href=\"\/pt\/seguranca\/\">protocolos profissionais<\/a>.<\/p>\n<\/p><\/div>\n<div class=\"tcard\">\n<h3>\u00c9tica intransigente<\/h3>\n<p><a href=\"\/pt\/politica-etica\/\">Pol\u00edtica \u00e9tica<\/a> contra conte\u00fado ilegal e deepfakes. N\u00f3s cumprimos <a href=\"\/pt\/usc2257\/\">USC 2257<\/a>.<\/p>\n<\/p><\/div>\n<div class=\"tcard\">\n<h3>Diversidade e inclus\u00e3o<\/h3>\n<p>Todas as express\u00f5es otaku s\u00e3o bem-vindas. <a href=\"\/pt\/diversidad\/\">Declara\u00e7\u00e3o de diversidade<\/a>.<\/p>\n<\/p><\/div>\n<div class=\"tcard\">\n<h3>Resposta ativa<\/h3>\n<p><a href=\"\/pt\/reclamacoes\/\">Reclama\u00e7\u00f5es<\/a> com hor\u00e1rios reais. <a href=\"\/pt\/respuesta-activa\/\">Pol\u00edtica de resposta<\/a>.<\/p>\n<\/p><\/div>\n<div class=\"tcard\">\n<h3>Transpar\u00eancia editorial<\/h3>\n<p><a href=\"\/pt\/principios-de-publicacion\/\">Princ\u00edpios de publica\u00e7\u00e3o<\/a> y <a href=\"\/pt\/politica-de-correcciones\/\">pol\u00edtica de corre\u00e7\u00f5es<\/a> aberto.<\/p>\n<\/p><\/div>\n<div class=\"tcard\">\n<h3>Termos claros<\/h3>\n<p><a href=\"\/pt\/termos-de-servico\/\">Termos<\/a>, <a href=\"\/pt\/politica-de-privacidade\/\">Privacidade<\/a>, <a href=\"\/pt\/cookies\/\">Cookies<\/a> y <a href=\"\/pt\/contrato-entre-fan-y-creador\/\">Contrato de criador de f\u00e3s<\/a>.<\/p>\n<\/p><\/div>\n<\/p><\/div>\n<\/p><\/div>\n<\/section>\n<p><!-- ======= CTA FINAL ======= --><\/p>\n<section class=\"final\">\n<div class=\"oshi-wrap\">\n<h2>Pronto para que seu talento otaku receba o valor que merece?<\/h2>\n<p class=\"final__desc\">Participe da comunidade onde f\u00e3s e criadores se encontram. Registre-se gratuitamente e publique seu primeiro conte\u00fado hoje mesmo.<\/p>\n<div class=\"final__btns\">\n      <a href=\"https:\/\/fans.otakuoshi.com\/\" class=\"btn btn--fill btn--lg\">Crie seu perfil de criador<\/a><br \/>\n      <a href=\"\/pt\/sobre-nos\/\" class=\"btn btn--ghost\">Sobre a OtakuOshi<\/a>\n    <\/div>\n<p class=\"final__links\">\n      <a href=\"\/pt\/ajuda\/\">Ajuda<\/a> \u00b7 <a href=\"\/pt\/contato\/\">Contato<\/a> \u00b7 <a href=\"\/pt\/colaboraciones\/\">Colabora\u00e7\u00f5es<\/a> \u00b7 <a href=\"\/pt\/prensa\/\">Imprensa<\/a> \u00b7 <a href=\"\/pt\/newsletter\/\">Boletim informativo<\/a> \u00b7 <a href=\"\/pt\/marca\/\">Kit de marca<\/a>\n    <\/p>\n<\/p><\/div>\n<\/section>","protected":false},"excerpt":{"rendered":"<p>\u304a\u305f\u304f\u304f\u304a\u3057 - Plataforma para criadores otaku Sua arte otaku merece um palco \u00e0 altura Monetize seu talento como ilustrador, cosplayer, mangaka ou artista digital. Conecte-se...<\/p>","protected":false},"author":1,"featured_media":0,"parent":0,"menu_order":0,"comment_status":"closed","ping_status":"closed","template":"page-fullwidth-content.php","meta":{"footnotes":""},"class_list":["post-95","page","type-page","status-publish","hentry"],"yoast_head":"<!-- This site is optimized with the Yoast SEO plugin v26.8 - https:\/\/yoast.com\/product\/yoast-seo-wordpress\/ -->\n<title>Home<\/title>\n<meta name=\"robots\" content=\"index, follow, max-snippet:-1, max-image-preview:large, max-video-preview:-1\" \/>\n<link rel=\"canonical\" href=\"https:\/\/otakuoshi.com\/pt\/\" \/>\n<meta property=\"og:locale\" content=\"pt_BR\" \/>\n<meta property=\"og:type\" content=\"article\" \/>\n<meta property=\"og:title\" content=\"Home\" \/>\n<meta property=\"og:description\" content=\"\u304a\u305f\u304f\u304a\u3057 \u2014 Plataforma para creadores otaku Tu arte otaku mereceun escenario a su altura Monetiza tu talento como ilustrador, cosplayer, mangaka o artista digital. Conecta&hellip;\" \/>\n<meta property=\"og:url\" content=\"https:\/\/otakuoshi.com\/pt\/\" \/>\n<meta property=\"og:site_name\" content=\"OtakuOshi\" \/>\n<meta property=\"article:modified_time\" content=\"2026-02-21T10:12:40+00:00\" \/>\n<meta property=\"og:image\" content=\"https:\/\/otakuoshi.com\/wp-content\/uploads\/2025\/09\/Cosplay-1.png\" \/>\n<meta name=\"twitter:card\" content=\"summary_large_image\" \/>\n<meta name=\"twitter:site\" content=\"@OtakuOshi\" \/>\n<script type=\"application\/ld+json\" class=\"yoast-schema-graph\">{\"@context\":\"https:\/\/schema.org\",\"@graph\":[{\"@type\":\"WebPage\",\"@id\":\"https:\/\/otakuoshi.com\/\",\"url\":\"https:\/\/otakuoshi.com\/\",\"name\":\"Home\",\"isPartOf\":{\"@id\":\"https:\/\/otakuoshi.com\/#website\"},\"primaryImageOfPage\":{\"@id\":\"https:\/\/otakuoshi.com\/#primaryimage\"},\"image\":{\"@id\":\"https:\/\/otakuoshi.com\/#primaryimage\"},\"thumbnailUrl\":\"https:\/\/otakuoshi.com\/wp-content\/uploads\/2025\/09\/Cosplay-1.png\",\"datePublished\":\"2025-07-20T06:00:15+00:00\",\"dateModified\":\"2026-02-21T10:12:40+00:00\",\"breadcrumb\":{\"@id\":\"https:\/\/otakuoshi.com\/#breadcrumb\"},\"inLanguage\":\"pt-BR\",\"potentialAction\":[{\"@type\":\"ReadAction\",\"target\":[\"https:\/\/otakuoshi.com\/\"]}]},{\"@type\":\"ImageObject\",\"inLanguage\":\"pt-BR\",\"@id\":\"https:\/\/otakuoshi.com\/#primaryimage\",\"url\":\"https:\/\/otakuoshi.com\/wp-content\/uploads\/2025\/09\/Cosplay-1.png\",\"contentUrl\":\"https:\/\/otakuoshi.com\/wp-content\/uploads\/2025\/09\/Cosplay-1.png\"},{\"@type\":\"BreadcrumbList\",\"@id\":\"https:\/\/otakuoshi.com\/#breadcrumb\",\"itemListElement\":[{\"@type\":\"ListItem\",\"position\":1,\"name\":\"Home\",\"item\":\"https:\/\/otakuoshi.com\/\"},{\"@type\":\"ListItem\",\"position\":2,\"name\":\"Home\"}]},{\"@type\":\"WebSite\",\"@id\":\"https:\/\/otakuoshi.com\/#website\",\"url\":\"https:\/\/otakuoshi.com\/\",\"name\":\"OtakuOshi\",\"description\":\"\",\"publisher\":{\"@id\":\"https:\/\/otakuoshi.com\/#organization\"},\"alternateName\":\"Otaku Oshi\",\"potentialAction\":[{\"@type\":\"SearchAction\",\"target\":{\"@type\":\"EntryPoint\",\"urlTemplate\":\"https:\/\/otakuoshi.com\/?s={search_term_string}\"},\"query-input\":{\"@type\":\"PropertyValueSpecification\",\"valueRequired\":true,\"valueName\":\"search_term_string\"}}],\"inLanguage\":\"pt-BR\"},{\"@type\":\"Organization\",\"@id\":\"https:\/\/otakuoshi.com\/#organization\",\"name\":\"OtakuOshi\",\"url\":\"https:\/\/otakuoshi.com\/\",\"logo\":{\"@type\":\"ImageObject\",\"inLanguage\":\"pt-BR\",\"@id\":\"https:\/\/otakuoshi.com\/#\/schema\/logo\/image\/\",\"url\":\"https:\/\/otakuoshi.com\/wp-content\/uploads\/2025\/07\/logo.jpg\",\"contentUrl\":\"https:\/\/otakuoshi.com\/wp-content\/uploads\/2025\/07\/logo.jpg\",\"width\":458,\"height\":164,\"caption\":\"OtakuOshi\"},\"image\":{\"@id\":\"https:\/\/otakuoshi.com\/#\/schema\/logo\/image\/\"},\"sameAs\":[\"https:\/\/x.com\/OtakuOshi\"]}]}<\/script>\n<!-- \/ Yoast SEO plugin. -->","yoast_head_json":{"title":"In\u00edcio","robots":{"index":"index","follow":"follow","max-snippet":"max-snippet:-1","max-image-preview":"max-image-preview:large","max-video-preview":"max-video-preview:-1"},"canonical":"https:\/\/otakuoshi.com\/pt\/","og_locale":"pt_BR","og_type":"article","og_title":"Home","og_description":"\u304a\u305f\u304f\u304a\u3057 \u2014 Plataforma para creadores otaku Tu arte otaku mereceun escenario a su altura Monetiza tu talento como ilustrador, cosplayer, mangaka o artista digital. Conecta&hellip;","og_url":"https:\/\/otakuoshi.com\/pt\/","og_site_name":"OtakuOshi","article_modified_time":"2026-02-21T10:12:40+00:00","og_image":[{"url":"https:\/\/otakuoshi.com\/wp-content\/uploads\/2025\/09\/Cosplay-1.png","type":"","width":"","height":""}],"twitter_card":"summary_large_image","twitter_site":"@OtakuOshi","schema":{"@context":"https:\/\/schema.org","@graph":[{"@type":"WebPage","@id":"https:\/\/otakuoshi.com\/","url":"https:\/\/otakuoshi.com\/","name":"In\u00edcio","isPartOf":{"@id":"https:\/\/otakuoshi.com\/#website"},"primaryImageOfPage":{"@id":"https:\/\/otakuoshi.com\/#primaryimage"},"image":{"@id":"https:\/\/otakuoshi.com\/#primaryimage"},"thumbnailUrl":"https:\/\/otakuoshi.com\/wp-content\/uploads\/2025\/09\/Cosplay-1.png","datePublished":"2025-07-20T06:00:15+00:00","dateModified":"2026-02-21T10:12:40+00:00","breadcrumb":{"@id":"https:\/\/otakuoshi.com\/#breadcrumb"},"inLanguage":"pt-BR","potentialAction":[{"@type":"ReadAction","target":["https:\/\/otakuoshi.com\/"]}]},{"@type":"ImageObject","inLanguage":"pt-BR","@id":"https:\/\/otakuoshi.com\/#primaryimage","url":"https:\/\/otakuoshi.com\/wp-content\/uploads\/2025\/09\/Cosplay-1.png","contentUrl":"https:\/\/otakuoshi.com\/wp-content\/uploads\/2025\/09\/Cosplay-1.png"},{"@type":"BreadcrumbList","@id":"https:\/\/otakuoshi.com\/#breadcrumb","itemListElement":[{"@type":"ListItem","position":1,"name":"Home","item":"https:\/\/otakuoshi.com\/"},{"@type":"ListItem","position":2,"name":"Home"}]},{"@type":"WebSite","@id":"https:\/\/otakuoshi.com\/#website","url":"https:\/\/otakuoshi.com\/","name":"OtakuOshi","description":"","publisher":{"@id":"https:\/\/otakuoshi.com\/#organization"},"alternateName":"Otaku Oshi","potentialAction":[{"@type":"SearchAction","target":{"@type":"EntryPoint","urlTemplate":"https:\/\/otakuoshi.com\/?s={search_term_string}"},"query-input":{"@type":"PropertyValueSpecification","valueRequired":true,"valueName":"search_term_string"}}],"inLanguage":"pt-BR"},{"@type":"Organization","@id":"https:\/\/otakuoshi.com\/#organization","name":"OtakuOshi","url":"https:\/\/otakuoshi.com\/","logo":{"@type":"ImageObject","inLanguage":"pt-BR","@id":"https:\/\/otakuoshi.com\/#\/schema\/logo\/image\/","url":"https:\/\/otakuoshi.com\/wp-content\/uploads\/2025\/07\/logo.jpg","contentUrl":"https:\/\/otakuoshi.com\/wp-content\/uploads\/2025\/07\/logo.jpg","width":458,"height":164,"caption":"OtakuOshi"},"image":{"@id":"https:\/\/otakuoshi.com\/#\/schema\/logo\/image\/"},"sameAs":["https:\/\/x.com\/OtakuOshi"]}]}},"_links":{"self":[{"href":"https:\/\/otakuoshi.com\/pt\/wp-json\/wp\/v2\/pages\/95","targetHints":{"allow":["GET"]}}],"collection":[{"href":"https:\/\/otakuoshi.com\/pt\/wp-json\/wp\/v2\/pages"}],"about":[{"href":"https:\/\/otakuoshi.com\/pt\/wp-json\/wp\/v2\/types\/page"}],"author":[{"embeddable":true,"href":"https:\/\/otakuoshi.com\/pt\/wp-json\/wp\/v2\/users\/1"}],"replies":[{"embeddable":true,"href":"https:\/\/otakuoshi.com\/pt\/wp-json\/wp\/v2\/comments?post=95"}],"version-history":[{"count":0,"href":"https:\/\/otakuoshi.com\/pt\/wp-json\/wp\/v2\/pages\/95\/revisions"}],"wp:attachment":[{"href":"https:\/\/otakuoshi.com\/pt\/wp-json\/wp\/v2\/media?parent=95"}],"curies":[{"name":"wp","href":"https:\/\/api.w.org\/{rel}","templated":true}]}}