{"id":261,"date":"2025-07-21T10:22:31","date_gmt":"2025-07-21T10:22:31","guid":{"rendered":"https:\/\/otakuoshi.com\/?page_id=261"},"modified":"2025-07-21T10:22:32","modified_gmt":"2025-07-21T10:22:32","slug":"cosplay-modeller","status":"publish","type":"page","link":"https:\/\/otakuoshi.com\/sv\/cosplay-modeller\/","title":{"rendered":"Cosplay-modeller"},"content":{"rendered":"<p><strong>Vilka \u00e4r Cosplay-modellerna?<\/strong>&nbsp;Cosplay-modeller \u00e4r konstn\u00e4rer som specialiserar sig p\u00e5 att v\u00e4cka anime-, manga-, videospel- och filmkarakt\u00e4rer till liv genom detaljerade dr\u00e4kter och fotografiska f\u00f6rest\u00e4llningar. F\u00f6rutom att tillverka och b\u00e4ra fantastiska kostymer f\u00e5ngar dessa modeller karakt\u00e4rernas v\u00e4sen och attityd och skapar bilder som f\u00f6rbluffar och inspirerar otaku-samh\u00e4llet.<\/p>\n\n\n\n<p><strong>Hur arbetar cosplaymodeller?<\/strong>&nbsp;En cosplay-modells arbetsprocess \u00e4r en blandning av kreativitet, hantverk och kamerakunskaper. H\u00e4r visar vi hur hon utvecklar sin konst:<\/p>\n\n\n\n<ol class=\"wp-block-list\">\n<li><strong>Val av tecken<\/strong>\u00a0Modellerna v\u00e4ljer karakt\u00e4rer som de brinner f\u00f6r och som de tror att de kan spela p\u00e5 ett \u00f6vertygande s\u00e4tt. Detta urval \u00e4r viktigt f\u00f6r att s\u00e4kerst\u00e4lla en genuin koppling till karakt\u00e4ren.<\/li>\n\n\n\n<li><strong>Forskning och design<\/strong>\u00a0Innan modellerna b\u00f6rjar tillverka dr\u00e4kten unders\u00f6ker de varje detalj i karakt\u00e4ren, fr\u00e5n dr\u00e4kten till accessoarerna och sminket. Denna fas s\u00e4kerst\u00e4ller att cosplayet \u00e4r s\u00e5 troget originalet som m\u00f6jligt.<\/li>\n\n\n\n<li><strong>Skapande av kostymen<\/strong>\u00a0Cosplay-modeller skapar sina dr\u00e4kter med hj\u00e4lp av olika s\u00f6mnads- och tillverkningstekniker. Detta kan inkludera anv\u00e4ndning av specialiserade material f\u00f6r att tillverka rustningar, vapen och andra komplexa f\u00f6rem\u00e5l.<\/li>\n\n\n\n<li><strong>Make-up och fris\u00f6r<\/strong>\u00a0F\u00f6r att fullborda f\u00f6rvandlingen b\u00e4r modellerna smink och stiliserade peruker som efterliknar karakt\u00e4rens utseende. Omsorg om detaljerna \u00e4r avg\u00f6rande f\u00f6r att uppn\u00e5 ett autentiskt och \u00f6vertygande utseende.<\/li>\n\n\n\n<li><strong>Fotosessioner<\/strong>\u00a0N\u00e4r kostymen \u00e4r f\u00e4rdig deltar modellerna i professionella fotograferingar. De arbetar med specialiserade cosplayfotografer f\u00f6r att f\u00e5nga karakt\u00e4rens essens i h\u00f6gkvalitativa bilder.<\/li>\n\n\n\n<li><strong>Redigering och efterbearbetning<\/strong>\u00a0Fotografierna redigeras f\u00f6r att f\u00f6rb\u00e4ttra kvaliteten och l\u00e4gga till specialeffekter f\u00f6r att f\u00f6rb\u00e4ttra arbetet. Detta steg s\u00e4kerst\u00e4ller att de slutliga bilderna \u00e4r imponerande och st\u00e4mmer \u00f6verens med modellens vision.<\/li>\n\n\n\n<li><strong>Publicering och marknadsf\u00f6ring<\/strong>\u00a0Cosplaymodeller delar med sig av sina foton p\u00e5 sociala medier, specialiserade webbplatser och prenumerationsplattformar. Marknadsf\u00f6ring \u00e4r nyckeln till att n\u00e5 ut till en bredare publik och bygga upp en lojal fanbase.<\/li>\n<\/ol>\n\n\n\n<p><strong>Kom i kontakt med dina favorit Cosplay-modeller<\/strong>&nbsp;P\u00e5 v\u00e5r plattform kan du f\u00e5 direktkontakt med de cosplaymodeller du beundrar. F\u00e5 tillg\u00e5ng till exklusivt inneh\u00e5ll som smink- och kostym\u00f6vningar, bakom kulisserna-sessioner och opublicerade foton. St\u00f6d deras konst och var en del av deras kreativa resa. Med en prenumeration kan du njuta av privilegierad tillg\u00e5ng till deras arbete och hj\u00e4lpa dem att forts\u00e4tta skapa de fantastiska kostymer som kommer att inspirera dig s\u00e5 mycket.<\/p>\n\n\n\n<p>G\u00e5 med i v\u00e5r gemenskap och utforska den fascinerande v\u00e4rlden av cosplaymodeller idag!<\/p>","protected":false},"excerpt":{"rendered":"<p>\u00bfQuienes son los Modelos de Cosplay?&nbsp;Los modelos de cosplay son artistas que se especializan en dar vida a personajes de anime, manga, videojuegos y pel\u00edculas&hellip;<\/p>","protected":false},"author":1,"featured_media":0,"parent":0,"menu_order":0,"comment_status":"closed","ping_status":"closed","template":"","meta":{"footnotes":""},"class_list":["post-261","page","type-page","status-publish","hentry"],"yoast_head":"<!-- This site is optimized with the Yoast SEO plugin v26.8 - https:\/\/yoast.com\/product\/yoast-seo-wordpress\/ -->\n<title>Modelos de cosplay<\/title>\n<meta name=\"robots\" content=\"index, follow, max-snippet:-1, max-image-preview:large, max-video-preview:-1\" \/>\n<link rel=\"canonical\" href=\"https:\/\/otakuoshi.com\/sv\/cosplay-modeller\/\" \/>\n<meta property=\"og:locale\" content=\"sv_SE\" \/>\n<meta property=\"og:type\" content=\"article\" \/>\n<meta property=\"og:title\" content=\"Modelos de cosplay\" \/>\n<meta property=\"og:description\" content=\"\u00bfQuienes son los Modelos de Cosplay?&nbsp;Los modelos de cosplay son artistas que se especializan en dar vida a personajes de anime, manga, videojuegos y pel\u00edculas&hellip;\" \/>\n<meta property=\"og:url\" content=\"https:\/\/otakuoshi.com\/sv\/cosplay-modeller\/\" \/>\n<meta property=\"og:site_name\" content=\"OtakuOshi\" \/>\n<meta property=\"article:modified_time\" content=\"2025-07-21T10:22:32+00:00\" \/>\n<meta property=\"og:image\" content=\"https:\/\/otakuoshi.com\/wp-content\/uploads\/2025\/07\/cropped-logo.jpg\" \/>\n\t<meta property=\"og:image:width\" content=\"512\" \/>\n\t<meta property=\"og:image:height\" content=\"512\" \/>\n\t<meta property=\"og:image:type\" content=\"image\/jpeg\" \/>\n<meta name=\"twitter:card\" content=\"summary_large_image\" \/>\n<meta name=\"twitter:site\" content=\"@OtakuOshi\" \/>\n<meta name=\"twitter:label1\" content=\"Ber\u00e4knad l\u00e4stid\" \/>\n\t<meta name=\"twitter:data1\" content=\"2 minuter\" \/>\n<script type=\"application\/ld+json\" class=\"yoast-schema-graph\">{\"@context\":\"https:\/\/schema.org\",\"@graph\":[{\"@type\":\"WebPage\",\"@id\":\"https:\/\/otakuoshi.com\/modelos-de-cosplay\/\",\"url\":\"https:\/\/otakuoshi.com\/modelos-de-cosplay\/\",\"name\":\"Modelos de cosplay\",\"isPartOf\":{\"@id\":\"https:\/\/otakuoshi.com\/#website\"},\"datePublished\":\"2025-07-21T10:22:31+00:00\",\"dateModified\":\"2025-07-21T10:22:32+00:00\",\"breadcrumb\":{\"@id\":\"https:\/\/otakuoshi.com\/modelos-de-cosplay\/#breadcrumb\"},\"inLanguage\":\"sv-SE\",\"potentialAction\":[{\"@type\":\"ReadAction\",\"target\":[\"https:\/\/otakuoshi.com\/modelos-de-cosplay\/\"]}]},{\"@type\":\"BreadcrumbList\",\"@id\":\"https:\/\/otakuoshi.com\/modelos-de-cosplay\/#breadcrumb\",\"itemListElement\":[{\"@type\":\"ListItem\",\"position\":1,\"name\":\"Home\",\"item\":\"https:\/\/otakuoshi.com\/\"},{\"@type\":\"ListItem\",\"position\":2,\"name\":\"Modelos de cosplay\"}]},{\"@type\":\"WebSite\",\"@id\":\"https:\/\/otakuoshi.com\/#website\",\"url\":\"https:\/\/otakuoshi.com\/\",\"name\":\"OtakuOshi\",\"description\":\"\",\"publisher\":{\"@id\":\"https:\/\/otakuoshi.com\/#organization\"},\"alternateName\":\"Otaku Oshi\",\"potentialAction\":[{\"@type\":\"SearchAction\",\"target\":{\"@type\":\"EntryPoint\",\"urlTemplate\":\"https:\/\/otakuoshi.com\/?s={search_term_string}\"},\"query-input\":{\"@type\":\"PropertyValueSpecification\",\"valueRequired\":true,\"valueName\":\"search_term_string\"}}],\"inLanguage\":\"sv-SE\"},{\"@type\":\"Organization\",\"@id\":\"https:\/\/otakuoshi.com\/#organization\",\"name\":\"OtakuOshi\",\"url\":\"https:\/\/otakuoshi.com\/\",\"logo\":{\"@type\":\"ImageObject\",\"inLanguage\":\"sv-SE\",\"@id\":\"https:\/\/otakuoshi.com\/#\/schema\/logo\/image\/\",\"url\":\"https:\/\/otakuoshi.com\/wp-content\/uploads\/2025\/07\/logo.jpg\",\"contentUrl\":\"https:\/\/otakuoshi.com\/wp-content\/uploads\/2025\/07\/logo.jpg\",\"width\":458,\"height\":164,\"caption\":\"OtakuOshi\"},\"image\":{\"@id\":\"https:\/\/otakuoshi.com\/#\/schema\/logo\/image\/\"},\"sameAs\":[\"https:\/\/x.com\/OtakuOshi\"]}]}<\/script>\n<!-- \/ Yoast SEO plugin. -->","yoast_head_json":{"title":"Cosplay-modeller","robots":{"index":"index","follow":"follow","max-snippet":"max-snippet:-1","max-image-preview":"max-image-preview:large","max-video-preview":"max-video-preview:-1"},"canonical":"https:\/\/otakuoshi.com\/sv\/cosplay-modeller\/","og_locale":"sv_SE","og_type":"article","og_title":"Modelos de cosplay","og_description":"\u00bfQuienes son los Modelos de Cosplay?&nbsp;Los modelos de cosplay son artistas que se especializan en dar vida a personajes de anime, manga, videojuegos y pel\u00edculas&hellip;","og_url":"https:\/\/otakuoshi.com\/sv\/cosplay-modeller\/","og_site_name":"OtakuOshi","article_modified_time":"2025-07-21T10:22:32+00:00","og_image":[{"width":512,"height":512,"url":"https:\/\/otakuoshi.com\/wp-content\/uploads\/2025\/07\/cropped-logo.jpg","type":"image\/jpeg"}],"twitter_card":"summary_large_image","twitter_site":"@OtakuOshi","twitter_misc":{"Ber\u00e4knad l\u00e4stid":"2 minuter"},"schema":{"@context":"https:\/\/schema.org","@graph":[{"@type":"WebPage","@id":"https:\/\/otakuoshi.com\/modelos-de-cosplay\/","url":"https:\/\/otakuoshi.com\/modelos-de-cosplay\/","name":"Cosplay-modeller","isPartOf":{"@id":"https:\/\/otakuoshi.com\/#website"},"datePublished":"2025-07-21T10:22:31+00:00","dateModified":"2025-07-21T10:22:32+00:00","breadcrumb":{"@id":"https:\/\/otakuoshi.com\/modelos-de-cosplay\/#breadcrumb"},"inLanguage":"sv-SE","potentialAction":[{"@type":"ReadAction","target":["https:\/\/otakuoshi.com\/modelos-de-cosplay\/"]}]},{"@type":"BreadcrumbList","@id":"https:\/\/otakuoshi.com\/modelos-de-cosplay\/#breadcrumb","itemListElement":[{"@type":"ListItem","position":1,"name":"Home","item":"https:\/\/otakuoshi.com\/"},{"@type":"ListItem","position":2,"name":"Modelos de cosplay"}]},{"@type":"WebSite","@id":"https:\/\/otakuoshi.com\/#website","url":"https:\/\/otakuoshi.com\/","name":"OtakuOshi","description":"","publisher":{"@id":"https:\/\/otakuoshi.com\/#organization"},"alternateName":"Otaku Oshi","potentialAction":[{"@type":"SearchAction","target":{"@type":"EntryPoint","urlTemplate":"https:\/\/otakuoshi.com\/?s={search_term_string}"},"query-input":{"@type":"PropertyValueSpecification","valueRequired":true,"valueName":"search_term_string"}}],"inLanguage":"sv-SE"},{"@type":"Organization","@id":"https:\/\/otakuoshi.com\/#organization","name":"OtakuOshi","url":"https:\/\/otakuoshi.com\/","logo":{"@type":"ImageObject","inLanguage":"sv-SE","@id":"https:\/\/otakuoshi.com\/#\/schema\/logo\/image\/","url":"https:\/\/otakuoshi.com\/wp-content\/uploads\/2025\/07\/logo.jpg","contentUrl":"https:\/\/otakuoshi.com\/wp-content\/uploads\/2025\/07\/logo.jpg","width":458,"height":164,"caption":"OtakuOshi"},"image":{"@id":"https:\/\/otakuoshi.com\/#\/schema\/logo\/image\/"},"sameAs":["https:\/\/x.com\/OtakuOshi"]}]}},"_links":{"self":[{"href":"https:\/\/otakuoshi.com\/sv\/wp-json\/wp\/v2\/pages\/261","targetHints":{"allow":["GET"]}}],"collection":[{"href":"https:\/\/otakuoshi.com\/sv\/wp-json\/wp\/v2\/pages"}],"about":[{"href":"https:\/\/otakuoshi.com\/sv\/wp-json\/wp\/v2\/types\/page"}],"author":[{"embeddable":true,"href":"https:\/\/otakuoshi.com\/sv\/wp-json\/wp\/v2\/users\/1"}],"replies":[{"embeddable":true,"href":"https:\/\/otakuoshi.com\/sv\/wp-json\/wp\/v2\/comments?post=261"}],"version-history":[{"count":0,"href":"https:\/\/otakuoshi.com\/sv\/wp-json\/wp\/v2\/pages\/261\/revisions"}],"wp:attachment":[{"href":"https:\/\/otakuoshi.com\/sv\/wp-json\/wp\/v2\/media?parent=261"}],"curies":[{"name":"wp","href":"https:\/\/api.w.org\/{rel}","templated":true}]}}