{"id":262,"date":"2025-07-21T10:22:54","date_gmt":"2025-07-21T10:22:54","guid":{"rendered":"https:\/\/otakuoshi.com\/?page_id=262"},"modified":"2025-07-21T10:22:55","modified_gmt":"2025-07-21T10:22:55","slug":"cosplay-fotografer","status":"publish","type":"page","link":"https:\/\/otakuoshi.com\/sv\/cosplay-fotografer\/","title":{"rendered":"Cosplay-fotografer"},"content":{"rendered":"<p><strong>Vilka \u00e4r cosplay-fotograferna?<\/strong>&nbsp;Cosplay-fotografer \u00e4r fotografer som specialiserar sig p\u00e5 att f\u00e5nga essensen av cosplayare och deras dr\u00e4kter. Med hj\u00e4lp av sin skicklighet inom fotografi och bildkonst skapar dessa yrkesm\u00e4n fantastiska bilder som lyfter fram cosplayarnas talang och anstr\u00e4ngningar och f\u00f6rvandlar flyktiga \u00f6gonblick till best\u00e5ende minnen och konstverk.<\/p>\n\n\n\n<p><strong>Hur arbetar cosplayfotografer?<\/strong>&nbsp;En cosplayfotografs arbete \u00e4r b\u00e5de tekniskt och konstn\u00e4rligt och kr\u00e4ver en djup f\u00f6rst\u00e5else f\u00f6r fotografering och cosplaykultur. H\u00e4r visar vi dig hans process:<\/p>\n\n\n\n<ol class=\"wp-block-list\">\n<li><strong>Planering och konceptualisering<\/strong>\u00a0Fotograferna arbetar tillsammans med cosplayarna f\u00f6r att planera fotograferingen. De diskuterar konceptet, karakt\u00e4ren och detaljerna i dr\u00e4kten f\u00f6r att s\u00e4kerst\u00e4lla att fotograferingen \u00e5terspeglar karakt\u00e4rens v\u00e4sen.<\/li>\n\n\n\n<li><strong>Val av plats<\/strong>\u00a0Valet av plats \u00e4r avg\u00f6rande. Fotograferna letar efter milj\u00f6er som kompletterar karakt\u00e4ren och kostymen, fr\u00e5n studior med specifika kulisser till exteri\u00f6rer som belyser karakt\u00e4rens sammanhang.<\/li>\n\n\n\n<li><strong>Teknisk f\u00f6rberedelse<\/strong>\u00a0Fotograferna st\u00e4ller i ordning sin utrustning, inklusive kameror, objektiv, belysning och andra tillbeh\u00f6r. Justera kamerainst\u00e4llningarna efter ljusf\u00f6rh\u00e5llanden och milj\u00f6 f\u00f6r att s\u00e4kerst\u00e4lla h\u00f6g kvalitet p\u00e5 bilderna.<\/li>\n\n\n\n<li><strong>Fotografering<\/strong>\u00a0Under sessionen instruerar fotograferna cosplayarna och f\u00f6resl\u00e5r poser och vinklar som framh\u00e4ver detaljerna i dr\u00e4kten och karakt\u00e4rens personlighet. De anv\u00e4nder fotograferingstekniker f\u00f6r att f\u00e5nga b\u00e4sta ljus och komposition.<\/li>\n\n\n\n<li><strong>Redigering och efterbearbetning<\/strong>\u00a0Efter fotograferingen redigerar fotograferna bilderna f\u00f6r att f\u00f6rb\u00e4ttra kvaliteten, justera f\u00e4rgerna och l\u00e4gga till specialeffekter om det beh\u00f6vs. Denna process kan omfatta retuschering f\u00f6r att ta bort oj\u00e4mnheter och f\u00f6rb\u00e4ttra detaljerna i dr\u00e4kten.<\/li>\n\n\n\n<li><strong>Leverans och publicering<\/strong>\u00a0De slutliga bilderna levereras till cosplayarna och publiceras p\u00e5 sociala medier, onlineportf\u00f6ljer och specialiserade plattformar. Fotograferna kan ocks\u00e5 skicka in sina arbeten till utst\u00e4llningar och fotot\u00e4vlingar.<\/li>\n\n\n\n<li><strong>Samverkan med samh\u00e4llet<\/strong>\u00a0Fotograferna delar med sig av sitt arbete och samarbetar med andra yrkesverksamma och cosplayfans. Denna interaktion \u00e4r nyckeln till n\u00e4tverkande och ytterligare f\u00f6rb\u00e4ttring av deras f\u00e4rdigheter.<\/li>\n<\/ol>\n\n\n\n<p><strong>Kom i kontakt med dina favoritfotografer f\u00f6r cosplay<\/strong>&nbsp;P\u00e5 v\u00e5r plattform kan du f\u00e5 direktkontakt med cosplayfotografer som du beundrar. F\u00e5 tillg\u00e5ng till exklusivt inneh\u00e5ll som fotograferingar bakom kulisserna, fototutorials och specialredigeringar. St\u00f6d deras konst och var en del av deras kreativa resa. Med en prenumeration kan du njuta av privilegierad tillg\u00e5ng till deras arbete och hj\u00e4lpa dem att forts\u00e4tta skapa de fantastiska cosplayfoton som kommer att inspirera dig s\u00e5 mycket.<\/p>\n\n\n\n<p>G\u00e5 med i v\u00e5r gemenskap och utforska den fascinerande v\u00e4rlden av cosplayfotografer idag!<\/p>","protected":false},"excerpt":{"rendered":"<p>\u00bfQui\u00e9nes son los fot\u00f3grafos de cosplay?&nbsp;Los fot\u00f3grafos de cosplay son fot\u00f3grafos especializados en capturar la esencia de los cosplayers y sus disfraces. Utilizando su habilidad&hellip;<\/p>","protected":false},"author":1,"featured_media":0,"parent":0,"menu_order":0,"comment_status":"closed","ping_status":"closed","template":"","meta":{"footnotes":""},"class_list":["post-262","page","type-page","status-publish","hentry"],"yoast_head":"<!-- This site is optimized with the Yoast SEO plugin v26.8 - https:\/\/yoast.com\/product\/yoast-seo-wordpress\/ -->\n<title>Fot\u00f3grafos de cosplay<\/title>\n<meta name=\"robots\" content=\"index, follow, max-snippet:-1, max-image-preview:large, max-video-preview:-1\" \/>\n<link rel=\"canonical\" href=\"https:\/\/otakuoshi.com\/sv\/cosplay-fotografer\/\" \/>\n<meta property=\"og:locale\" content=\"sv_SE\" \/>\n<meta property=\"og:type\" content=\"article\" \/>\n<meta property=\"og:title\" content=\"Fot\u00f3grafos de cosplay\" \/>\n<meta property=\"og:description\" content=\"\u00bfQui\u00e9nes son los fot\u00f3grafos de cosplay?&nbsp;Los fot\u00f3grafos de cosplay son fot\u00f3grafos especializados en capturar la esencia de los cosplayers y sus disfraces. Utilizando su habilidad&hellip;\" \/>\n<meta property=\"og:url\" content=\"https:\/\/otakuoshi.com\/sv\/cosplay-fotografer\/\" \/>\n<meta property=\"og:site_name\" content=\"OtakuOshi\" \/>\n<meta property=\"article:modified_time\" content=\"2025-07-21T10:22:55+00:00\" \/>\n<meta property=\"og:image\" content=\"https:\/\/otakuoshi.com\/wp-content\/uploads\/2025\/07\/cropped-logo.jpg\" \/>\n\t<meta property=\"og:image:width\" content=\"512\" \/>\n\t<meta property=\"og:image:height\" content=\"512\" \/>\n\t<meta property=\"og:image:type\" content=\"image\/jpeg\" \/>\n<meta name=\"twitter:card\" content=\"summary_large_image\" \/>\n<meta name=\"twitter:site\" content=\"@OtakuOshi\" \/>\n<meta name=\"twitter:label1\" content=\"Ber\u00e4knad l\u00e4stid\" \/>\n\t<meta name=\"twitter:data1\" content=\"2 minuter\" \/>\n<script type=\"application\/ld+json\" class=\"yoast-schema-graph\">{\"@context\":\"https:\/\/schema.org\",\"@graph\":[{\"@type\":\"WebPage\",\"@id\":\"https:\/\/otakuoshi.com\/fotografos-de-cosplay\/\",\"url\":\"https:\/\/otakuoshi.com\/fotografos-de-cosplay\/\",\"name\":\"Fot\u00f3grafos de cosplay\",\"isPartOf\":{\"@id\":\"https:\/\/otakuoshi.com\/#website\"},\"datePublished\":\"2025-07-21T10:22:54+00:00\",\"dateModified\":\"2025-07-21T10:22:55+00:00\",\"breadcrumb\":{\"@id\":\"https:\/\/otakuoshi.com\/fotografos-de-cosplay\/#breadcrumb\"},\"inLanguage\":\"sv-SE\",\"potentialAction\":[{\"@type\":\"ReadAction\",\"target\":[\"https:\/\/otakuoshi.com\/fotografos-de-cosplay\/\"]}]},{\"@type\":\"BreadcrumbList\",\"@id\":\"https:\/\/otakuoshi.com\/fotografos-de-cosplay\/#breadcrumb\",\"itemListElement\":[{\"@type\":\"ListItem\",\"position\":1,\"name\":\"Home\",\"item\":\"https:\/\/otakuoshi.com\/\"},{\"@type\":\"ListItem\",\"position\":2,\"name\":\"Fot\u00f3grafos de cosplay\"}]},{\"@type\":\"WebSite\",\"@id\":\"https:\/\/otakuoshi.com\/#website\",\"url\":\"https:\/\/otakuoshi.com\/\",\"name\":\"OtakuOshi\",\"description\":\"\",\"publisher\":{\"@id\":\"https:\/\/otakuoshi.com\/#organization\"},\"alternateName\":\"Otaku Oshi\",\"potentialAction\":[{\"@type\":\"SearchAction\",\"target\":{\"@type\":\"EntryPoint\",\"urlTemplate\":\"https:\/\/otakuoshi.com\/?s={search_term_string}\"},\"query-input\":{\"@type\":\"PropertyValueSpecification\",\"valueRequired\":true,\"valueName\":\"search_term_string\"}}],\"inLanguage\":\"sv-SE\"},{\"@type\":\"Organization\",\"@id\":\"https:\/\/otakuoshi.com\/#organization\",\"name\":\"OtakuOshi\",\"url\":\"https:\/\/otakuoshi.com\/\",\"logo\":{\"@type\":\"ImageObject\",\"inLanguage\":\"sv-SE\",\"@id\":\"https:\/\/otakuoshi.com\/#\/schema\/logo\/image\/\",\"url\":\"https:\/\/otakuoshi.com\/wp-content\/uploads\/2025\/07\/logo.jpg\",\"contentUrl\":\"https:\/\/otakuoshi.com\/wp-content\/uploads\/2025\/07\/logo.jpg\",\"width\":458,\"height\":164,\"caption\":\"OtakuOshi\"},\"image\":{\"@id\":\"https:\/\/otakuoshi.com\/#\/schema\/logo\/image\/\"},\"sameAs\":[\"https:\/\/x.com\/OtakuOshi\"]}]}<\/script>\n<!-- \/ Yoast SEO plugin. -->","yoast_head_json":{"title":"Cosplay-fotografer","robots":{"index":"index","follow":"follow","max-snippet":"max-snippet:-1","max-image-preview":"max-image-preview:large","max-video-preview":"max-video-preview:-1"},"canonical":"https:\/\/otakuoshi.com\/sv\/cosplay-fotografer\/","og_locale":"sv_SE","og_type":"article","og_title":"Fot\u00f3grafos de cosplay","og_description":"\u00bfQui\u00e9nes son los fot\u00f3grafos de cosplay?&nbsp;Los fot\u00f3grafos de cosplay son fot\u00f3grafos especializados en capturar la esencia de los cosplayers y sus disfraces. Utilizando su habilidad&hellip;","og_url":"https:\/\/otakuoshi.com\/sv\/cosplay-fotografer\/","og_site_name":"OtakuOshi","article_modified_time":"2025-07-21T10:22:55+00:00","og_image":[{"width":512,"height":512,"url":"https:\/\/otakuoshi.com\/wp-content\/uploads\/2025\/07\/cropped-logo.jpg","type":"image\/jpeg"}],"twitter_card":"summary_large_image","twitter_site":"@OtakuOshi","twitter_misc":{"Ber\u00e4knad l\u00e4stid":"2 minuter"},"schema":{"@context":"https:\/\/schema.org","@graph":[{"@type":"WebPage","@id":"https:\/\/otakuoshi.com\/fotografos-de-cosplay\/","url":"https:\/\/otakuoshi.com\/fotografos-de-cosplay\/","name":"Cosplay-fotografer","isPartOf":{"@id":"https:\/\/otakuoshi.com\/#website"},"datePublished":"2025-07-21T10:22:54+00:00","dateModified":"2025-07-21T10:22:55+00:00","breadcrumb":{"@id":"https:\/\/otakuoshi.com\/fotografos-de-cosplay\/#breadcrumb"},"inLanguage":"sv-SE","potentialAction":[{"@type":"ReadAction","target":["https:\/\/otakuoshi.com\/fotografos-de-cosplay\/"]}]},{"@type":"BreadcrumbList","@id":"https:\/\/otakuoshi.com\/fotografos-de-cosplay\/#breadcrumb","itemListElement":[{"@type":"ListItem","position":1,"name":"Home","item":"https:\/\/otakuoshi.com\/"},{"@type":"ListItem","position":2,"name":"Fot\u00f3grafos de cosplay"}]},{"@type":"WebSite","@id":"https:\/\/otakuoshi.com\/#website","url":"https:\/\/otakuoshi.com\/","name":"OtakuOshi","description":"","publisher":{"@id":"https:\/\/otakuoshi.com\/#organization"},"alternateName":"Otaku Oshi","potentialAction":[{"@type":"SearchAction","target":{"@type":"EntryPoint","urlTemplate":"https:\/\/otakuoshi.com\/?s={search_term_string}"},"query-input":{"@type":"PropertyValueSpecification","valueRequired":true,"valueName":"search_term_string"}}],"inLanguage":"sv-SE"},{"@type":"Organization","@id":"https:\/\/otakuoshi.com\/#organization","name":"OtakuOshi","url":"https:\/\/otakuoshi.com\/","logo":{"@type":"ImageObject","inLanguage":"sv-SE","@id":"https:\/\/otakuoshi.com\/#\/schema\/logo\/image\/","url":"https:\/\/otakuoshi.com\/wp-content\/uploads\/2025\/07\/logo.jpg","contentUrl":"https:\/\/otakuoshi.com\/wp-content\/uploads\/2025\/07\/logo.jpg","width":458,"height":164,"caption":"OtakuOshi"},"image":{"@id":"https:\/\/otakuoshi.com\/#\/schema\/logo\/image\/"},"sameAs":["https:\/\/x.com\/OtakuOshi"]}]}},"_links":{"self":[{"href":"https:\/\/otakuoshi.com\/sv\/wp-json\/wp\/v2\/pages\/262","targetHints":{"allow":["GET"]}}],"collection":[{"href":"https:\/\/otakuoshi.com\/sv\/wp-json\/wp\/v2\/pages"}],"about":[{"href":"https:\/\/otakuoshi.com\/sv\/wp-json\/wp\/v2\/types\/page"}],"author":[{"embeddable":true,"href":"https:\/\/otakuoshi.com\/sv\/wp-json\/wp\/v2\/users\/1"}],"replies":[{"embeddable":true,"href":"https:\/\/otakuoshi.com\/sv\/wp-json\/wp\/v2\/comments?post=262"}],"version-history":[{"count":0,"href":"https:\/\/otakuoshi.com\/sv\/wp-json\/wp\/v2\/pages\/262\/revisions"}],"wp:attachment":[{"href":"https:\/\/otakuoshi.com\/sv\/wp-json\/wp\/v2\/media?parent=262"}],"curies":[{"name":"wp","href":"https:\/\/api.w.org\/{rel}","templated":true}]}}