{"id":263,"date":"2025-07-21T10:23:37","date_gmt":"2025-07-21T10:23:37","guid":{"rendered":"https:\/\/otakuoshi.com\/?page_id=263"},"modified":"2025-07-21T10:23:39","modified_gmt":"2025-07-21T10:23:39","slug":"forfattare-av-fanfiction","status":"publish","type":"page","link":"https:\/\/otakuoshi.com\/sv\/forfattare-av-fanfiction\/","title":{"rendered":"F\u00f6rfattare av fanfiction"},"content":{"rendered":"<p><strong>Vilka \u00e4r Fanfiction-f\u00f6rfattarna?<\/strong>&nbsp;Fanfiction-f\u00f6rfattare \u00e4r passionerade ber\u00e4ttare som skapar nya ber\u00e4ttelser baserade p\u00e5 universum och karakt\u00e4rer i sina favoritanime, manga, videospel och filmer. Dessa f\u00f6rfattare tar de element de \u00e4lskar och ut\u00f6kar dem, erbjuder nya perspektiv, alternativa intriger och karakt\u00e4rsutvecklingar som f\u00e5ngar fantasin hos fansamfundet.<\/p>\n\n\n\n<p><strong>Hur arbetar fanfictionf\u00f6rfattare?<\/strong>&nbsp;En fanfictionf\u00f6rfattares arbetsprocess \u00e4r kreativ och detaljerad, och kombinerar en k\u00e4rlek till originalverket med en egen narrativ vision. H\u00e4r \u00e4r hur de utvecklar sina ber\u00e4ttelser:<\/p>\n\n\n\n<ol class=\"wp-block-list\">\n<li><strong>Universum och karakt\u00e4rsval<\/strong>\u00a0F\u00f6rfattarna v\u00e4ljer det universum och de karakt\u00e4rer som de vill skriva om. Detta baseras p\u00e5 deras personliga koppling och intresse av att utforska nya ber\u00e4ttelser inom den v\u00e4rlden.<\/li>\n\n\n\n<li><strong>Utveckling av tomten<\/strong>\u00a0Skapa en intrig som kan variera fr\u00e5n sm\u00e5 vinjetter om karakt\u00e4rernas vardagsliv till episka alternativa sagor. Handlingen kan inneh\u00e5lla originalelement eller omtolka h\u00e4ndelser fr\u00e5n originalverket.<\/li>\n\n\n\n<li><strong>Skapande av karakt\u00e4rsskisser<\/strong>\u00a0\u00c4ven om karakt\u00e4rerna redan existerar utvecklar fanfiction-f\u00f6rfattare ofta djupare karakt\u00e4rsskisser och utforskar deras motiv, k\u00e4nslor och bakgrund mer i detalj.<\/li>\n\n\n\n<li><strong>Skriva det f\u00f6rsta utkastet<\/strong>\u00a0F\u00f6rfattarna b\u00f6rjar skriva det f\u00f6rsta utkastet till sin fanfiction. Denna process kan vara flytande eller planerad, beroende p\u00e5 f\u00f6rfattarens stil. Det viktiga \u00e4r att f\u00e5nga k\u00e4rnan i karakt\u00e4rerna och universumet n\u00e4r den nya ber\u00e4ttelsen utvecklas.<\/li>\n\n\n\n<li><strong>Korrekturl\u00e4sning och redigering<\/strong>\u00a0N\u00e4r det f\u00f6rsta utkastet \u00e4r klart reviderar och redigerar f\u00f6rfattaren sitt arbete. Det kan handla om att korrigera grammatiska fel, f\u00f6rb\u00e4ttra ber\u00e4ttelsens koherens och justera dialog och beskrivningar.<\/li>\n\n\n\n<li><strong>Feedback och beta-l\u00e4sning<\/strong>\u00a0M\u00e5nga fanfiction-f\u00f6rfattare delar sina utkast med beta-l\u00e4sare (testl\u00e4sare) som ger feedback och f\u00f6rslag p\u00e5 hur ber\u00e4ttelsen kan f\u00f6rb\u00e4ttras. Detta steg \u00e4r avg\u00f6rande f\u00f6r att polera det slutliga arbetet.<\/li>\n\n\n\n<li><strong>Publicering och delning<\/strong>\u00a0F\u00f6rfattarna publicerar sin fanfiction p\u00e5 s\u00e4rskilda onlineplattformar, till exempel Archive of Our Own (AO3), FanFiction.net och Wattpad. De delar ocks\u00e5 med sig av sina ber\u00e4ttelser p\u00e5 sociala medier och fanforum f\u00f6r att n\u00e5 ut till en bredare publik.<\/li>\n<\/ol>\n\n\n\n<p><strong>Kom i kontakt med dina favoritf\u00f6rfattare av fanfiction<\/strong>&nbsp;P\u00e5 v\u00e5r plattform kan du f\u00e5 direktkontakt med de fanfictionf\u00f6rfattare du \u00e4lskar. F\u00e5 tillg\u00e5ng till exklusivt inneh\u00e5ll, inklusive opublicerade kapitel, f\u00f6rfattarens anteckningar och bakom kulisserna i deras skrivprocesser. St\u00f6d deras konst och var en del av deras kreativa resa. Med en prenumeration kan du njuta av privilegierad tillg\u00e5ng till deras ber\u00e4ttelser och hj\u00e4lpa dem att forts\u00e4tta skapa de f\u00e4ngslande ber\u00e4ttelser du tycker s\u00e5 mycket om.<\/p>","protected":false},"excerpt":{"rendered":"<p>\u00bfQui\u00e9nes son los Escritores de Fanfiction?&nbsp;Los escritores de fanfiction son narradores apasionados que crean nuevas historias basadas en los universos y personajes de sus animes,&hellip;<\/p>","protected":false},"author":1,"featured_media":0,"parent":0,"menu_order":0,"comment_status":"closed","ping_status":"closed","template":"","meta":{"footnotes":""},"class_list":["post-263","page","type-page","status-publish","hentry"],"yoast_head":"<!-- This site is optimized with the Yoast SEO plugin v26.8 - https:\/\/yoast.com\/product\/yoast-seo-wordpress\/ -->\n<title>Escritores de fanfiction<\/title>\n<meta name=\"robots\" content=\"index, follow, max-snippet:-1, max-image-preview:large, max-video-preview:-1\" \/>\n<link rel=\"canonical\" href=\"https:\/\/otakuoshi.com\/sv\/forfattare-av-fanfiction\/\" \/>\n<meta property=\"og:locale\" content=\"sv_SE\" \/>\n<meta property=\"og:type\" content=\"article\" \/>\n<meta property=\"og:title\" content=\"Escritores de fanfiction\" \/>\n<meta property=\"og:description\" content=\"\u00bfQui\u00e9nes son los Escritores de Fanfiction?&nbsp;Los escritores de fanfiction son narradores apasionados que crean nuevas historias basadas en los universos y personajes de sus animes,&hellip;\" \/>\n<meta property=\"og:url\" content=\"https:\/\/otakuoshi.com\/sv\/forfattare-av-fanfiction\/\" \/>\n<meta property=\"og:site_name\" content=\"OtakuOshi\" \/>\n<meta property=\"article:modified_time\" content=\"2025-07-21T10:23:39+00:00\" \/>\n<meta property=\"og:image\" content=\"https:\/\/otakuoshi.com\/wp-content\/uploads\/2025\/07\/cropped-logo.jpg\" \/>\n\t<meta property=\"og:image:width\" content=\"512\" \/>\n\t<meta property=\"og:image:height\" content=\"512\" \/>\n\t<meta property=\"og:image:type\" content=\"image\/jpeg\" \/>\n<meta name=\"twitter:card\" content=\"summary_large_image\" \/>\n<meta name=\"twitter:site\" content=\"@OtakuOshi\" \/>\n<meta name=\"twitter:label1\" content=\"Ber\u00e4knad l\u00e4stid\" \/>\n\t<meta name=\"twitter:data1\" content=\"2 minuter\" \/>\n<script type=\"application\/ld+json\" class=\"yoast-schema-graph\">{\"@context\":\"https:\/\/schema.org\",\"@graph\":[{\"@type\":\"WebPage\",\"@id\":\"https:\/\/otakuoshi.com\/escritores-de-fanfiction\/\",\"url\":\"https:\/\/otakuoshi.com\/escritores-de-fanfiction\/\",\"name\":\"Escritores de fanfiction\",\"isPartOf\":{\"@id\":\"https:\/\/otakuoshi.com\/#website\"},\"datePublished\":\"2025-07-21T10:23:37+00:00\",\"dateModified\":\"2025-07-21T10:23:39+00:00\",\"breadcrumb\":{\"@id\":\"https:\/\/otakuoshi.com\/escritores-de-fanfiction\/#breadcrumb\"},\"inLanguage\":\"sv-SE\",\"potentialAction\":[{\"@type\":\"ReadAction\",\"target\":[\"https:\/\/otakuoshi.com\/escritores-de-fanfiction\/\"]}]},{\"@type\":\"BreadcrumbList\",\"@id\":\"https:\/\/otakuoshi.com\/escritores-de-fanfiction\/#breadcrumb\",\"itemListElement\":[{\"@type\":\"ListItem\",\"position\":1,\"name\":\"Home\",\"item\":\"https:\/\/otakuoshi.com\/\"},{\"@type\":\"ListItem\",\"position\":2,\"name\":\"Escritores de fanfiction\"}]},{\"@type\":\"WebSite\",\"@id\":\"https:\/\/otakuoshi.com\/#website\",\"url\":\"https:\/\/otakuoshi.com\/\",\"name\":\"OtakuOshi\",\"description\":\"\",\"publisher\":{\"@id\":\"https:\/\/otakuoshi.com\/#organization\"},\"alternateName\":\"Otaku Oshi\",\"potentialAction\":[{\"@type\":\"SearchAction\",\"target\":{\"@type\":\"EntryPoint\",\"urlTemplate\":\"https:\/\/otakuoshi.com\/?s={search_term_string}\"},\"query-input\":{\"@type\":\"PropertyValueSpecification\",\"valueRequired\":true,\"valueName\":\"search_term_string\"}}],\"inLanguage\":\"sv-SE\"},{\"@type\":\"Organization\",\"@id\":\"https:\/\/otakuoshi.com\/#organization\",\"name\":\"OtakuOshi\",\"url\":\"https:\/\/otakuoshi.com\/\",\"logo\":{\"@type\":\"ImageObject\",\"inLanguage\":\"sv-SE\",\"@id\":\"https:\/\/otakuoshi.com\/#\/schema\/logo\/image\/\",\"url\":\"https:\/\/otakuoshi.com\/wp-content\/uploads\/2025\/07\/logo.jpg\",\"contentUrl\":\"https:\/\/otakuoshi.com\/wp-content\/uploads\/2025\/07\/logo.jpg\",\"width\":458,\"height\":164,\"caption\":\"OtakuOshi\"},\"image\":{\"@id\":\"https:\/\/otakuoshi.com\/#\/schema\/logo\/image\/\"},\"sameAs\":[\"https:\/\/x.com\/OtakuOshi\"]}]}<\/script>\n<!-- \/ Yoast SEO plugin. -->","yoast_head_json":{"title":"F\u00f6rfattare av fanfiction","robots":{"index":"index","follow":"follow","max-snippet":"max-snippet:-1","max-image-preview":"max-image-preview:large","max-video-preview":"max-video-preview:-1"},"canonical":"https:\/\/otakuoshi.com\/sv\/forfattare-av-fanfiction\/","og_locale":"sv_SE","og_type":"article","og_title":"Escritores de fanfiction","og_description":"\u00bfQui\u00e9nes son los Escritores de Fanfiction?&nbsp;Los escritores de fanfiction son narradores apasionados que crean nuevas historias basadas en los universos y personajes de sus animes,&hellip;","og_url":"https:\/\/otakuoshi.com\/sv\/forfattare-av-fanfiction\/","og_site_name":"OtakuOshi","article_modified_time":"2025-07-21T10:23:39+00:00","og_image":[{"width":512,"height":512,"url":"https:\/\/otakuoshi.com\/wp-content\/uploads\/2025\/07\/cropped-logo.jpg","type":"image\/jpeg"}],"twitter_card":"summary_large_image","twitter_site":"@OtakuOshi","twitter_misc":{"Ber\u00e4knad l\u00e4stid":"2 minuter"},"schema":{"@context":"https:\/\/schema.org","@graph":[{"@type":"WebPage","@id":"https:\/\/otakuoshi.com\/escritores-de-fanfiction\/","url":"https:\/\/otakuoshi.com\/escritores-de-fanfiction\/","name":"F\u00f6rfattare av fanfiction","isPartOf":{"@id":"https:\/\/otakuoshi.com\/#website"},"datePublished":"2025-07-21T10:23:37+00:00","dateModified":"2025-07-21T10:23:39+00:00","breadcrumb":{"@id":"https:\/\/otakuoshi.com\/escritores-de-fanfiction\/#breadcrumb"},"inLanguage":"sv-SE","potentialAction":[{"@type":"ReadAction","target":["https:\/\/otakuoshi.com\/escritores-de-fanfiction\/"]}]},{"@type":"BreadcrumbList","@id":"https:\/\/otakuoshi.com\/escritores-de-fanfiction\/#breadcrumb","itemListElement":[{"@type":"ListItem","position":1,"name":"Home","item":"https:\/\/otakuoshi.com\/"},{"@type":"ListItem","position":2,"name":"Escritores de fanfiction"}]},{"@type":"WebSite","@id":"https:\/\/otakuoshi.com\/#website","url":"https:\/\/otakuoshi.com\/","name":"OtakuOshi","description":"","publisher":{"@id":"https:\/\/otakuoshi.com\/#organization"},"alternateName":"Otaku Oshi","potentialAction":[{"@type":"SearchAction","target":{"@type":"EntryPoint","urlTemplate":"https:\/\/otakuoshi.com\/?s={search_term_string}"},"query-input":{"@type":"PropertyValueSpecification","valueRequired":true,"valueName":"search_term_string"}}],"inLanguage":"sv-SE"},{"@type":"Organization","@id":"https:\/\/otakuoshi.com\/#organization","name":"OtakuOshi","url":"https:\/\/otakuoshi.com\/","logo":{"@type":"ImageObject","inLanguage":"sv-SE","@id":"https:\/\/otakuoshi.com\/#\/schema\/logo\/image\/","url":"https:\/\/otakuoshi.com\/wp-content\/uploads\/2025\/07\/logo.jpg","contentUrl":"https:\/\/otakuoshi.com\/wp-content\/uploads\/2025\/07\/logo.jpg","width":458,"height":164,"caption":"OtakuOshi"},"image":{"@id":"https:\/\/otakuoshi.com\/#\/schema\/logo\/image\/"},"sameAs":["https:\/\/x.com\/OtakuOshi"]}]}},"_links":{"self":[{"href":"https:\/\/otakuoshi.com\/sv\/wp-json\/wp\/v2\/pages\/263","targetHints":{"allow":["GET"]}}],"collection":[{"href":"https:\/\/otakuoshi.com\/sv\/wp-json\/wp\/v2\/pages"}],"about":[{"href":"https:\/\/otakuoshi.com\/sv\/wp-json\/wp\/v2\/types\/page"}],"author":[{"embeddable":true,"href":"https:\/\/otakuoshi.com\/sv\/wp-json\/wp\/v2\/users\/1"}],"replies":[{"embeddable":true,"href":"https:\/\/otakuoshi.com\/sv\/wp-json\/wp\/v2\/comments?post=263"}],"version-history":[{"count":0,"href":"https:\/\/otakuoshi.com\/sv\/wp-json\/wp\/v2\/pages\/263\/revisions"}],"wp:attachment":[{"href":"https:\/\/otakuoshi.com\/sv\/wp-json\/wp\/v2\/media?parent=263"}],"curies":[{"name":"wp","href":"https:\/\/api.w.org\/{rel}","templated":true}]}}