{"id":265,"date":"2025-07-21T10:21:48","date_gmt":"2025-07-21T10:21:48","guid":{"rendered":"https:\/\/otakuoshi.com\/?page_id=265"},"modified":"2025-07-21T10:21:49","modified_gmt":"2025-07-21T10:21:49","slug":"fanart","status":"publish","type":"page","link":"https:\/\/otakuoshi.com\/sv\/fanart\/","title":{"rendered":"Fanart"},"content":{"rendered":"<p><strong>Vilka \u00e4r Fanart-skaparna?<\/strong>&nbsp;Fanart-skapare \u00e4r beg\u00e5vade konstn\u00e4rer som omtolkar karakt\u00e4rer och scener fr\u00e5n sina favoritanime, manga, videospel och filmer. Med hj\u00e4lp av sin kreativitet och skicklighet s\u00e4tter dessa konstn\u00e4rer sin egen unika pr\u00e4gel p\u00e5 de karakt\u00e4rer och v\u00e4rldar de \u00e4lskar, och skapar konstverk som g\u00e5r djupt in i fansamh\u00e4llet.<\/p>\n\n\n\n<p><strong>Hur arbetar Fanart-skapare?<\/strong>&nbsp;Arbetsprocessen f\u00f6r en fanart-skapare \u00e4r b\u00e5de passionerad och teknisk. H\u00e4r visar vi dig hur han utvecklar sin konst:<\/p>\n\n\n\n<ol class=\"wp-block-list\">\n<li><strong>Val av tema<\/strong>\u00a0Fanart-skapare v\u00e4ljer sina favoritkarakt\u00e4rer och -scener som motiv f\u00f6r sina verk. Detta val baseras ofta p\u00e5 deras personliga koppling till karakt\u00e4ren eller serien.<\/li>\n\n\n\n<li><strong>Forskning och referenser<\/strong>\u00a0Innan konstn\u00e4ren b\u00f6rjar rita samlar han eller hon in visuella referenser f\u00f6r att f\u00f6rs\u00e4kra sig om att detaljerna i den karakt\u00e4r eller scen som ska \u00e5terskapas \u00e4r korrekt \u00e5tergivna.<\/li>\n\n\n\n<li><strong>Skissande<\/strong>\u00a0De b\u00f6rjar med prelimin\u00e4ra skisser, d\u00e4r komposition och poser fastst\u00e4lls. Dessa f\u00f6rsta skisser \u00e4r avg\u00f6rande f\u00f6r planeringen av verkets design och fl\u00f6de.<\/li>\n\n\n\n<li><strong>Detaljerad ritning<\/strong>\u00a0N\u00e4r de \u00e4r n\u00f6jda med skissen g\u00e5r kreat\u00f6rerna vidare till att rita mer detaljerat. De l\u00e4gger till exakta linjer och b\u00f6rjar forma verkets karakt\u00e4rer och element.<\/li>\n\n\n\n<li><strong>Tuschning och linjekonst<\/strong>\u00a0I det h\u00e4r skedet f\u00e4rgl\u00e4gger konstn\u00e4ren sina teckningar, definierar linjerna och ser till att varje detalj \u00e4r tydlig och skarp. Denna process ger definition och kontrast till verket.<\/li>\n\n\n\n<li><strong>F\u00e4rgl\u00e4ggning och nyanser<\/strong>\u00a0Fanart-skapare anv\u00e4nder en m\u00e4ngd olika tekniker f\u00f6r att f\u00e4rgl\u00e4gga sina verk, fr\u00e5n akvarellf\u00e4rger till digitala verktyg. L\u00e4gg till skuggor och h\u00f6gdagrar f\u00f6r att ge djup och realism \u00e5t karakt\u00e4rer och scener.<\/li>\n\n\n\n<li><strong>Slutliga detaljer och texturer<\/strong>\u00a0L\u00e4gg till finesser, t.ex. texturer och specialeffekter, som kan inkludera glitter, reflektioner och andra element som berikar konstverket.<\/li>\n\n\n\n<li><strong>Publicering och delning<\/strong>\u00a0N\u00e4r konstverket \u00e4r f\u00e4rdigt publicerar konstn\u00e4ren det p\u00e5 onlineplattformar och sociala medier, delar med sig av sin konst till fans och f\u00e5r feedback och st\u00f6d.<\/li>\n<\/ol>\n\n\n\n<p><strong>Kom i kontakt med dina favoritskapare av fanart<\/strong>&nbsp;P\u00e5 v\u00e5r plattform kan du f\u00e5 direktkontakt med de fanart-skapare du beundrar. F\u00e5 tillg\u00e5ng till exklusivt inneh\u00e5ll som handledning, skapandeprocesser och opublicerade verk. St\u00f6d deras konst och var en del av deras kreativa resa. Med en prenumeration kan du njuta av privilegierad tillg\u00e5ng till deras arbete och hj\u00e4lpa dem att forts\u00e4tta skapa de underbara fanart-verk som du h\u00e5ller s\u00e5 k\u00e4ra.<\/p>\n\n\n\n<p>G\u00e5 med i v\u00e5r community och utforska den fascinerande v\u00e4rlden av fanart-skapare idag!<\/p>","protected":false},"excerpt":{"rendered":"<p>\u00bfQuienes son los Creadores de Fanart?&nbsp;Los creadores de fanart son artistas talentosos que reinterpretan personajes y escenas de sus animes, mangas, videojuegos y pel\u00edculas favoritas.&hellip;<\/p>","protected":false},"author":1,"featured_media":0,"parent":0,"menu_order":0,"comment_status":"closed","ping_status":"closed","template":"","meta":{"footnotes":""},"class_list":["post-265","page","type-page","status-publish","hentry"],"yoast_head":"<!-- This site is optimized with the Yoast SEO plugin v26.8 - https:\/\/yoast.com\/product\/yoast-seo-wordpress\/ -->\n<title>Fanart<\/title>\n<meta name=\"robots\" content=\"index, follow, max-snippet:-1, max-image-preview:large, max-video-preview:-1\" \/>\n<link rel=\"canonical\" href=\"https:\/\/otakuoshi.com\/sv\/fanart\/\" \/>\n<meta property=\"og:locale\" content=\"sv_SE\" \/>\n<meta property=\"og:type\" content=\"article\" \/>\n<meta property=\"og:title\" content=\"Fanart\" \/>\n<meta property=\"og:description\" content=\"\u00bfQuienes son los Creadores de Fanart?&nbsp;Los creadores de fanart son artistas talentosos que reinterpretan personajes y escenas de sus animes, mangas, videojuegos y pel\u00edculas favoritas.&hellip;\" \/>\n<meta property=\"og:url\" content=\"https:\/\/otakuoshi.com\/sv\/fanart\/\" \/>\n<meta property=\"og:site_name\" content=\"OtakuOshi\" \/>\n<meta property=\"article:modified_time\" content=\"2025-07-21T10:21:49+00:00\" \/>\n<meta property=\"og:image\" content=\"https:\/\/otakuoshi.com\/wp-content\/uploads\/2025\/07\/cropped-logo.jpg\" \/>\n\t<meta property=\"og:image:width\" content=\"512\" \/>\n\t<meta property=\"og:image:height\" content=\"512\" \/>\n\t<meta property=\"og:image:type\" content=\"image\/jpeg\" \/>\n<meta name=\"twitter:card\" content=\"summary_large_image\" \/>\n<meta name=\"twitter:site\" content=\"@OtakuOshi\" \/>\n<meta name=\"twitter:label1\" content=\"Ber\u00e4knad l\u00e4stid\" \/>\n\t<meta name=\"twitter:data1\" content=\"2 minuter\" \/>\n<script type=\"application\/ld+json\" class=\"yoast-schema-graph\">{\"@context\":\"https:\/\/schema.org\",\"@graph\":[{\"@type\":\"WebPage\",\"@id\":\"https:\/\/otakuoshi.com\/fanart\/\",\"url\":\"https:\/\/otakuoshi.com\/fanart\/\",\"name\":\"Fanart\",\"isPartOf\":{\"@id\":\"https:\/\/otakuoshi.com\/#website\"},\"datePublished\":\"2025-07-21T10:21:48+00:00\",\"dateModified\":\"2025-07-21T10:21:49+00:00\",\"breadcrumb\":{\"@id\":\"https:\/\/otakuoshi.com\/fanart\/#breadcrumb\"},\"inLanguage\":\"sv-SE\",\"potentialAction\":[{\"@type\":\"ReadAction\",\"target\":[\"https:\/\/otakuoshi.com\/fanart\/\"]}]},{\"@type\":\"BreadcrumbList\",\"@id\":\"https:\/\/otakuoshi.com\/fanart\/#breadcrumb\",\"itemListElement\":[{\"@type\":\"ListItem\",\"position\":1,\"name\":\"Home\",\"item\":\"https:\/\/otakuoshi.com\/\"},{\"@type\":\"ListItem\",\"position\":2,\"name\":\"Fanart\"}]},{\"@type\":\"WebSite\",\"@id\":\"https:\/\/otakuoshi.com\/#website\",\"url\":\"https:\/\/otakuoshi.com\/\",\"name\":\"OtakuOshi\",\"description\":\"\",\"publisher\":{\"@id\":\"https:\/\/otakuoshi.com\/#organization\"},\"alternateName\":\"Otaku Oshi\",\"potentialAction\":[{\"@type\":\"SearchAction\",\"target\":{\"@type\":\"EntryPoint\",\"urlTemplate\":\"https:\/\/otakuoshi.com\/?s={search_term_string}\"},\"query-input\":{\"@type\":\"PropertyValueSpecification\",\"valueRequired\":true,\"valueName\":\"search_term_string\"}}],\"inLanguage\":\"sv-SE\"},{\"@type\":\"Organization\",\"@id\":\"https:\/\/otakuoshi.com\/#organization\",\"name\":\"OtakuOshi\",\"url\":\"https:\/\/otakuoshi.com\/\",\"logo\":{\"@type\":\"ImageObject\",\"inLanguage\":\"sv-SE\",\"@id\":\"https:\/\/otakuoshi.com\/#\/schema\/logo\/image\/\",\"url\":\"https:\/\/otakuoshi.com\/wp-content\/uploads\/2025\/07\/logo.jpg\",\"contentUrl\":\"https:\/\/otakuoshi.com\/wp-content\/uploads\/2025\/07\/logo.jpg\",\"width\":458,\"height\":164,\"caption\":\"OtakuOshi\"},\"image\":{\"@id\":\"https:\/\/otakuoshi.com\/#\/schema\/logo\/image\/\"},\"sameAs\":[\"https:\/\/x.com\/OtakuOshi\"]}]}<\/script>\n<!-- \/ Yoast SEO plugin. -->","yoast_head_json":{"title":"Fanart","robots":{"index":"index","follow":"follow","max-snippet":"max-snippet:-1","max-image-preview":"max-image-preview:large","max-video-preview":"max-video-preview:-1"},"canonical":"https:\/\/otakuoshi.com\/sv\/fanart\/","og_locale":"sv_SE","og_type":"article","og_title":"Fanart","og_description":"\u00bfQuienes son los Creadores de Fanart?&nbsp;Los creadores de fanart son artistas talentosos que reinterpretan personajes y escenas de sus animes, mangas, videojuegos y pel\u00edculas favoritas.&hellip;","og_url":"https:\/\/otakuoshi.com\/sv\/fanart\/","og_site_name":"OtakuOshi","article_modified_time":"2025-07-21T10:21:49+00:00","og_image":[{"width":512,"height":512,"url":"https:\/\/otakuoshi.com\/wp-content\/uploads\/2025\/07\/cropped-logo.jpg","type":"image\/jpeg"}],"twitter_card":"summary_large_image","twitter_site":"@OtakuOshi","twitter_misc":{"Ber\u00e4knad l\u00e4stid":"2 minuter"},"schema":{"@context":"https:\/\/schema.org","@graph":[{"@type":"WebPage","@id":"https:\/\/otakuoshi.com\/fanart\/","url":"https:\/\/otakuoshi.com\/fanart\/","name":"Fanart","isPartOf":{"@id":"https:\/\/otakuoshi.com\/#website"},"datePublished":"2025-07-21T10:21:48+00:00","dateModified":"2025-07-21T10:21:49+00:00","breadcrumb":{"@id":"https:\/\/otakuoshi.com\/fanart\/#breadcrumb"},"inLanguage":"sv-SE","potentialAction":[{"@type":"ReadAction","target":["https:\/\/otakuoshi.com\/fanart\/"]}]},{"@type":"BreadcrumbList","@id":"https:\/\/otakuoshi.com\/fanart\/#breadcrumb","itemListElement":[{"@type":"ListItem","position":1,"name":"Home","item":"https:\/\/otakuoshi.com\/"},{"@type":"ListItem","position":2,"name":"Fanart"}]},{"@type":"WebSite","@id":"https:\/\/otakuoshi.com\/#website","url":"https:\/\/otakuoshi.com\/","name":"OtakuOshi","description":"","publisher":{"@id":"https:\/\/otakuoshi.com\/#organization"},"alternateName":"Otaku Oshi","potentialAction":[{"@type":"SearchAction","target":{"@type":"EntryPoint","urlTemplate":"https:\/\/otakuoshi.com\/?s={search_term_string}"},"query-input":{"@type":"PropertyValueSpecification","valueRequired":true,"valueName":"search_term_string"}}],"inLanguage":"sv-SE"},{"@type":"Organization","@id":"https:\/\/otakuoshi.com\/#organization","name":"OtakuOshi","url":"https:\/\/otakuoshi.com\/","logo":{"@type":"ImageObject","inLanguage":"sv-SE","@id":"https:\/\/otakuoshi.com\/#\/schema\/logo\/image\/","url":"https:\/\/otakuoshi.com\/wp-content\/uploads\/2025\/07\/logo.jpg","contentUrl":"https:\/\/otakuoshi.com\/wp-content\/uploads\/2025\/07\/logo.jpg","width":458,"height":164,"caption":"OtakuOshi"},"image":{"@id":"https:\/\/otakuoshi.com\/#\/schema\/logo\/image\/"},"sameAs":["https:\/\/x.com\/OtakuOshi"]}]}},"_links":{"self":[{"href":"https:\/\/otakuoshi.com\/sv\/wp-json\/wp\/v2\/pages\/265","targetHints":{"allow":["GET"]}}],"collection":[{"href":"https:\/\/otakuoshi.com\/sv\/wp-json\/wp\/v2\/pages"}],"about":[{"href":"https:\/\/otakuoshi.com\/sv\/wp-json\/wp\/v2\/types\/page"}],"author":[{"embeddable":true,"href":"https:\/\/otakuoshi.com\/sv\/wp-json\/wp\/v2\/users\/1"}],"replies":[{"embeddable":true,"href":"https:\/\/otakuoshi.com\/sv\/wp-json\/wp\/v2\/comments?post=265"}],"version-history":[{"count":0,"href":"https:\/\/otakuoshi.com\/sv\/wp-json\/wp\/v2\/pages\/265\/revisions"}],"wp:attachment":[{"href":"https:\/\/otakuoshi.com\/sv\/wp-json\/wp\/v2\/media?parent=265"}],"curies":[{"name":"wp","href":"https:\/\/api.w.org\/{rel}","templated":true}]}}