{"id":272,"date":"2025-07-21T10:24:30","date_gmt":"2025-07-21T10:24:30","guid":{"rendered":"https:\/\/otakuoshi.com\/?page_id=272"},"modified":"2025-07-21T10:24:32","modified_gmt":"2025-07-21T10:24:32","slug":"dojinshi-forfattare","status":"publish","type":"page","link":"https:\/\/otakuoshi.com\/sv\/dojinshi-forfattare\/","title":{"rendered":"D\u014djinshi F\u00f6rfattare"},"content":{"rendered":"<p><strong>Vilka \u00e4r D\u014djinshi-f\u00f6rfattarna?<\/strong>&nbsp;D\u014djinshi-f\u00f6rfattare \u00e4r kreat\u00f6rer som producerar egenpublicerad manga, ofta baserad p\u00e5 popul\u00e4ra anime-, manga- och videospel-serier. Dessa passionerade konstn\u00e4rer tar v\u00e4lk\u00e4nda karakt\u00e4rer och universum och skapar nya ber\u00e4ttelser, utforskar alternativa intriger, f\u00f6rdjupar sig i sekund\u00e4ra karakt\u00e4rer eller erbjuder helt enkelt sin egen vision och ber\u00e4ttarstil.<\/p>\n\n\n\n<p><strong>Hur arbetar D\u014djinshi-f\u00f6rfattarna?<\/strong>&nbsp;Arbetsprocessen f\u00f6r en d\u014djinshi-f\u00f6rfattare \u00e4r en kombination av kreativitet, sj\u00e4lvdisciplin och en djup k\u00e4rlek till originalmaterialet. H\u00e4r visar vi dig deras process:<\/p>\n\n\n\n<ol class=\"wp-block-list\">\n<li><strong>Val av tema och karakt\u00e4r<\/strong>\u00a0F\u00f6rfattarna v\u00e4ljer det universum och de karakt\u00e4rer de vill skriva om. Valet baseras p\u00e5 deras personliga affinitet och de ber\u00e4ttelser de vill utforska inom ramen f\u00f6r det sammanhanget.<\/li>\n\n\n\n<li><strong>Utveckling av tomten<\/strong>\u00a0Skapa en intrig som kan vara allt fr\u00e5n korta ber\u00e4ttelser till kompletta sagor. Handlingen kan erbjuda nya perspektiv, utforska relationer som inte utvecklas i originalverket eller introducera helt nya \u00e4ventyr.<\/li>\n\n\n\n<li><strong>Storyboarding<\/strong>\u00a0Innan f\u00f6rfattaren b\u00f6rjar rita skapar han eller hon en storyboard. Detta steg hj\u00e4lper dem att planera den visuella ber\u00e4ttelsen och se till att ber\u00e4ttelsen flyter sammanh\u00e4ngande.<\/li>\n\n\n\n<li><strong>Teckning och tuschning<\/strong>\u00a0F\u00f6rfattarna till d\u014djinshi ritar och bl\u00e4strar varje sida och ser till att illustrationerna \u00e4r konsekventa och tilltalande. Denna process kan vara manuell eller digital, beroende p\u00e5 vad f\u00f6rfattaren f\u00f6redrar.<\/li>\n\n\n\n<li><strong>Korrekturl\u00e4sning och redigering<\/strong>\u00a0Efter att ha tecknat kontrollerar de sitt arbete f\u00f6r att r\u00e4tta till misstag och f\u00f6rb\u00e4ttra kvaliteten p\u00e5 konsten och ber\u00e4ttelsen. Redigeringen \u00e4r avg\u00f6rande f\u00f6r att s\u00e4kerst\u00e4lla att d\u014djinshi uppfyller deras kvalitetsstandarder.<\/li>\n\n\n\n<li><strong>Publicering och distribution<\/strong>\u00a0N\u00e4r d\u014djinshi \u00e4r f\u00e4rdigst\u00e4llda publiceras och distribueras de p\u00e5 egen hand. F\u00f6rfattarna kan s\u00e4lja sina verk p\u00e5 manga- och animekonvent, via onlinebutiker eller via digitala distributionsplattformar.<\/li>\n\n\n\n<li><strong>Samverkan med samh\u00e4llet<\/strong>\u00a0d\u014djinshi-f\u00f6rfattare delar med sig av sina verk p\u00e5 sociala medier och forum, interagerar med andra fans och f\u00e5r feedback. Denna interaktion \u00e4r viktig f\u00f6r att bygga upp en fanbas och st\u00e4ndigt f\u00f6rb\u00e4ttra sin konst.<\/li>\n<\/ol>\n\n\n\n<p><strong>Kom i kontakt med dina favorit D\u014djinshi-f\u00f6rfattare<\/strong>&nbsp;P\u00e5 v\u00e5r plattform kan du f\u00e5 direktkontakt med de d\u014djinshi-f\u00f6rfattare du \u00e4lskar. F\u00e5 tillg\u00e5ng till exklusivt inneh\u00e5ll, till exempel opublicerade kapitel, skapandeprocesser och f\u00f6rfattarens anteckningar. St\u00f6d deras konst och var en del av deras kreativa resa. Med en prenumeration kan du f\u00e5 privilegierad tillg\u00e5ng till deras arbete och hj\u00e4lpa dem att forts\u00e4tta skapa de ber\u00e4ttelser som du tycker s\u00e5 mycket om.<\/p>\n\n\n\n<p>G\u00e5 med i v\u00e5r community och utforska den fascinerande v\u00e4rlden av d\u014djinshi-f\u00f6rfattare idag!<\/p>","protected":false},"excerpt":{"rendered":"<p>\u00bfQui\u00e9n son los D\u014djinshi Autores?&nbsp;Los d\u014djinshi autores son creadores que producen mangas autoeditados, a menudo basados en series populares de anime, manga y videojuegos. Estos&hellip;<\/p>","protected":false},"author":1,"featured_media":0,"parent":0,"menu_order":0,"comment_status":"closed","ping_status":"closed","template":"","meta":{"footnotes":""},"class_list":["post-272","page","type-page","status-publish","hentry"],"yoast_head":"<!-- This site is optimized with the Yoast SEO plugin v26.8 - https:\/\/yoast.com\/product\/yoast-seo-wordpress\/ -->\n<title>Autores de D\u014djinshi<\/title>\n<meta name=\"robots\" content=\"index, follow, max-snippet:-1, max-image-preview:large, max-video-preview:-1\" \/>\n<link rel=\"canonical\" href=\"https:\/\/otakuoshi.com\/sv\/dojinshi-forfattare\/\" \/>\n<meta property=\"og:locale\" content=\"sv_SE\" \/>\n<meta property=\"og:type\" content=\"article\" \/>\n<meta property=\"og:title\" content=\"Autores de D\u014djinshi\" \/>\n<meta property=\"og:description\" content=\"\u00bfQui\u00e9n son los D\u014djinshi Autores?&nbsp;Los d\u014djinshi autores son creadores que producen mangas autoeditados, a menudo basados en series populares de anime, manga y videojuegos. Estos&hellip;\" \/>\n<meta property=\"og:url\" content=\"https:\/\/otakuoshi.com\/sv\/dojinshi-forfattare\/\" \/>\n<meta property=\"og:site_name\" content=\"OtakuOshi\" \/>\n<meta property=\"article:modified_time\" content=\"2025-07-21T10:24:32+00:00\" \/>\n<meta property=\"og:image\" content=\"https:\/\/otakuoshi.com\/wp-content\/uploads\/2025\/07\/cropped-logo.jpg\" \/>\n\t<meta property=\"og:image:width\" content=\"512\" \/>\n\t<meta property=\"og:image:height\" content=\"512\" \/>\n\t<meta property=\"og:image:type\" content=\"image\/jpeg\" \/>\n<meta name=\"twitter:card\" content=\"summary_large_image\" \/>\n<meta name=\"twitter:site\" content=\"@OtakuOshi\" \/>\n<meta name=\"twitter:label1\" content=\"Ber\u00e4knad l\u00e4stid\" \/>\n\t<meta name=\"twitter:data1\" content=\"2 minuter\" \/>\n<script type=\"application\/ld+json\" class=\"yoast-schema-graph\">{\"@context\":\"https:\/\/schema.org\",\"@graph\":[{\"@type\":\"WebPage\",\"@id\":\"https:\/\/otakuoshi.com\/autores-de-dojinshi\/\",\"url\":\"https:\/\/otakuoshi.com\/autores-de-dojinshi\/\",\"name\":\"Autores de D\u014djinshi\",\"isPartOf\":{\"@id\":\"https:\/\/otakuoshi.com\/#website\"},\"datePublished\":\"2025-07-21T10:24:30+00:00\",\"dateModified\":\"2025-07-21T10:24:32+00:00\",\"breadcrumb\":{\"@id\":\"https:\/\/otakuoshi.com\/autores-de-dojinshi\/#breadcrumb\"},\"inLanguage\":\"sv-SE\",\"potentialAction\":[{\"@type\":\"ReadAction\",\"target\":[\"https:\/\/otakuoshi.com\/autores-de-dojinshi\/\"]}]},{\"@type\":\"BreadcrumbList\",\"@id\":\"https:\/\/otakuoshi.com\/autores-de-dojinshi\/#breadcrumb\",\"itemListElement\":[{\"@type\":\"ListItem\",\"position\":1,\"name\":\"Home\",\"item\":\"https:\/\/otakuoshi.com\/\"},{\"@type\":\"ListItem\",\"position\":2,\"name\":\"Autores de D\u014djinshi\"}]},{\"@type\":\"WebSite\",\"@id\":\"https:\/\/otakuoshi.com\/#website\",\"url\":\"https:\/\/otakuoshi.com\/\",\"name\":\"OtakuOshi\",\"description\":\"\",\"publisher\":{\"@id\":\"https:\/\/otakuoshi.com\/#organization\"},\"alternateName\":\"Otaku Oshi\",\"potentialAction\":[{\"@type\":\"SearchAction\",\"target\":{\"@type\":\"EntryPoint\",\"urlTemplate\":\"https:\/\/otakuoshi.com\/?s={search_term_string}\"},\"query-input\":{\"@type\":\"PropertyValueSpecification\",\"valueRequired\":true,\"valueName\":\"search_term_string\"}}],\"inLanguage\":\"sv-SE\"},{\"@type\":\"Organization\",\"@id\":\"https:\/\/otakuoshi.com\/#organization\",\"name\":\"OtakuOshi\",\"url\":\"https:\/\/otakuoshi.com\/\",\"logo\":{\"@type\":\"ImageObject\",\"inLanguage\":\"sv-SE\",\"@id\":\"https:\/\/otakuoshi.com\/#\/schema\/logo\/image\/\",\"url\":\"https:\/\/otakuoshi.com\/wp-content\/uploads\/2025\/07\/logo.jpg\",\"contentUrl\":\"https:\/\/otakuoshi.com\/wp-content\/uploads\/2025\/07\/logo.jpg\",\"width\":458,\"height\":164,\"caption\":\"OtakuOshi\"},\"image\":{\"@id\":\"https:\/\/otakuoshi.com\/#\/schema\/logo\/image\/\"},\"sameAs\":[\"https:\/\/x.com\/OtakuOshi\"]}]}<\/script>\n<!-- \/ Yoast SEO plugin. -->","yoast_head_json":{"title":"D\u014djinshi F\u00f6rfattare","robots":{"index":"index","follow":"follow","max-snippet":"max-snippet:-1","max-image-preview":"max-image-preview:large","max-video-preview":"max-video-preview:-1"},"canonical":"https:\/\/otakuoshi.com\/sv\/dojinshi-forfattare\/","og_locale":"sv_SE","og_type":"article","og_title":"Autores de D\u014djinshi","og_description":"\u00bfQui\u00e9n son los D\u014djinshi Autores?&nbsp;Los d\u014djinshi autores son creadores que producen mangas autoeditados, a menudo basados en series populares de anime, manga y videojuegos. Estos&hellip;","og_url":"https:\/\/otakuoshi.com\/sv\/dojinshi-forfattare\/","og_site_name":"OtakuOshi","article_modified_time":"2025-07-21T10:24:32+00:00","og_image":[{"width":512,"height":512,"url":"https:\/\/otakuoshi.com\/wp-content\/uploads\/2025\/07\/cropped-logo.jpg","type":"image\/jpeg"}],"twitter_card":"summary_large_image","twitter_site":"@OtakuOshi","twitter_misc":{"Ber\u00e4knad l\u00e4stid":"2 minuter"},"schema":{"@context":"https:\/\/schema.org","@graph":[{"@type":"WebPage","@id":"https:\/\/otakuoshi.com\/autores-de-dojinshi\/","url":"https:\/\/otakuoshi.com\/autores-de-dojinshi\/","name":"D\u014djinshi F\u00f6rfattare","isPartOf":{"@id":"https:\/\/otakuoshi.com\/#website"},"datePublished":"2025-07-21T10:24:30+00:00","dateModified":"2025-07-21T10:24:32+00:00","breadcrumb":{"@id":"https:\/\/otakuoshi.com\/autores-de-dojinshi\/#breadcrumb"},"inLanguage":"sv-SE","potentialAction":[{"@type":"ReadAction","target":["https:\/\/otakuoshi.com\/autores-de-dojinshi\/"]}]},{"@type":"BreadcrumbList","@id":"https:\/\/otakuoshi.com\/autores-de-dojinshi\/#breadcrumb","itemListElement":[{"@type":"ListItem","position":1,"name":"Home","item":"https:\/\/otakuoshi.com\/"},{"@type":"ListItem","position":2,"name":"Autores de D\u014djinshi"}]},{"@type":"WebSite","@id":"https:\/\/otakuoshi.com\/#website","url":"https:\/\/otakuoshi.com\/","name":"OtakuOshi","description":"","publisher":{"@id":"https:\/\/otakuoshi.com\/#organization"},"alternateName":"Otaku Oshi","potentialAction":[{"@type":"SearchAction","target":{"@type":"EntryPoint","urlTemplate":"https:\/\/otakuoshi.com\/?s={search_term_string}"},"query-input":{"@type":"PropertyValueSpecification","valueRequired":true,"valueName":"search_term_string"}}],"inLanguage":"sv-SE"},{"@type":"Organization","@id":"https:\/\/otakuoshi.com\/#organization","name":"OtakuOshi","url":"https:\/\/otakuoshi.com\/","logo":{"@type":"ImageObject","inLanguage":"sv-SE","@id":"https:\/\/otakuoshi.com\/#\/schema\/logo\/image\/","url":"https:\/\/otakuoshi.com\/wp-content\/uploads\/2025\/07\/logo.jpg","contentUrl":"https:\/\/otakuoshi.com\/wp-content\/uploads\/2025\/07\/logo.jpg","width":458,"height":164,"caption":"OtakuOshi"},"image":{"@id":"https:\/\/otakuoshi.com\/#\/schema\/logo\/image\/"},"sameAs":["https:\/\/x.com\/OtakuOshi"]}]}},"_links":{"self":[{"href":"https:\/\/otakuoshi.com\/sv\/wp-json\/wp\/v2\/pages\/272","targetHints":{"allow":["GET"]}}],"collection":[{"href":"https:\/\/otakuoshi.com\/sv\/wp-json\/wp\/v2\/pages"}],"about":[{"href":"https:\/\/otakuoshi.com\/sv\/wp-json\/wp\/v2\/types\/page"}],"author":[{"embeddable":true,"href":"https:\/\/otakuoshi.com\/sv\/wp-json\/wp\/v2\/users\/1"}],"replies":[{"embeddable":true,"href":"https:\/\/otakuoshi.com\/sv\/wp-json\/wp\/v2\/comments?post=272"}],"version-history":[{"count":0,"href":"https:\/\/otakuoshi.com\/sv\/wp-json\/wp\/v2\/pages\/272\/revisions"}],"wp:attachment":[{"href":"https:\/\/otakuoshi.com\/sv\/wp-json\/wp\/v2\/media?parent=272"}],"curies":[{"name":"wp","href":"https:\/\/api.w.org\/{rel}","templated":true}]}}