{"id":298,"date":"2025-07-22T08:38:50","date_gmt":"2025-07-22T08:38:50","guid":{"rendered":"https:\/\/otakuoshi.com\/?page_id=298"},"modified":"2025-07-22T08:38:51","modified_gmt":"2025-07-22T08:38:51","slug":"kakor","status":"publish","type":"page","link":"https:\/\/otakuoshi.com\/sv\/kakor\/","title":{"rendered":"Kakor"},"content":{"rendered":"<p>Vi anv\u00e4nder f\u00f6ljande typer av cookies p\u00e5 OtakuOshi:<\/p>\n\n\n\n<h3 class=\"wp-block-heading\"><strong>Viktiga kakor<\/strong><\/h3>\n\n\n\n<p>Dessa inkluderar till exempel cookies som g\u00f6r att du kan logga in p\u00e5 OtakuOshi via ditt konto, komma ih\u00e5g din sessionsstatus n\u00e4r du beg\u00e4r det, komma ih\u00e5g dina spr\u00e5kpreferenser och s\u00e4kerst\u00e4lla OtakuOshis s\u00e4kerhet och bedr\u00e4geriskydd.<\/p>\n\n\n\n<h3 class=\"wp-block-heading\"><strong>Icke-v\u00e4sentliga cookies<\/strong><\/h3>\n\n\n\n<p>Om du ger oss ditt samtycke anv\u00e4nder vi icke-v\u00e4sentliga cookies f\u00f6r att k\u00e4nna igen h\u00e4nvisande anv\u00e4ndare och h\u00e4nvisande skapare inom h\u00e4nvisningsprogrammet enligt vad som anges i v\u00e5ra anv\u00e4ndarvillkor.<\/p>\n\n\n\n<p>F\u00f6r n\u00e4rvarande <strong>vi anv\u00e4nder inte teknik f\u00f6r sp\u00e5rning p\u00e5 andra webbplatser<\/strong>Vi s\u00e4ljer inte de personuppgifter vi samlar in om dig och vi delar inte heller med oss av dem f\u00f6r beteendebaserad annonsering i olika sammanhang.<\/p>\n\n\n\n<p>Mer information om vad cookies \u00e4r, varf\u00f6r vi anv\u00e4nder dem och hur du kan inaktivera, hantera eller radera dem finns i v\u00e5rt Cookiemeddelande. Alla personuppgifter som \u00e4r kopplade till cookies behandlas i enlighet med v\u00e5r integritetspolicy.<\/p>\n\n\n\n<hr class=\"wp-block-separator has-alpha-channel-opacity\"\/>\n\n\n\n<h2 class=\"wp-block-heading\">Vad \u00e4r cookies?<\/h2>\n\n\n\n<p>Cookies\" \u00e4r sm\u00e5 textstr\u00e4ngar eller datorkod som lagras lokalt p\u00e5 din enhet och som g\u00f6r det m\u00f6jligt f\u00f6r oss och v\u00e5ra tredjepartsleverant\u00f6rer av tj\u00e4nster att \"komma ih\u00e5g\" eller \"k\u00e4nna igen\" en viss webbl\u00e4sare eller enhet och i vissa fall lagra information om dem.<\/p>\n\n\n\n<hr class=\"wp-block-separator has-alpha-channel-opacity\"\/>\n\n\n\n<h2 class=\"wp-block-heading\">Hur l\u00e4nge lagras cookies p\u00e5 min enhet?<\/h2>\n\n\n\n<p><strong>Cookies f\u00f6r session:<\/strong><br>De lagras endast under den tid som webbl\u00e4sarsessionen p\u00e5g\u00e5r. N\u00e4r du st\u00e4nger webbl\u00e4saren raderas de.<\/p>\n\n\n\n<p><strong>Permanenta cookies:<\/strong><br>De lagras under en best\u00e4md tidsperiod (vanligtvis mellan 90 dagar och 2 \u00e5r, beroende p\u00e5 anv\u00e4ndning). De raderas inte n\u00e4r webbl\u00e4saren st\u00e4ngs.<\/p>\n\n\n\n<p>Ditt val kan p\u00e5verka om vi anv\u00e4nder sessionscookies eller permanenta cookies. Om du till exempel v\u00e4ljer \"Kom ih\u00e5g mig i 30 dagar\" n\u00e4r du loggar in p\u00e5 OtakuOshi, lagras en best\u00e4ndig cookie f\u00f6r att h\u00e5lla din autentisering aktiv p\u00e5 den enheten.<\/p>\n\n\n\n<hr class=\"wp-block-separator has-alpha-channel-opacity\"\/>\n\n\n\n<h2 class=\"wp-block-heading\">Vilka cookies anv\u00e4nder vi och varf\u00f6r?<\/h2>\n\n\n\n<h3 class=\"wp-block-heading\"><strong>Viktiga cookies (n\u00f6dv\u00e4ndiga f\u00f6r att OtakuOshi ska fungera):<\/strong><\/h3>\n\n\n\n<figure class=\"wp-block-table\"><table class=\"has-fixed-layout\"><thead><tr><th>Namn<\/th><th>Beskrivning<\/th><\/tr><\/thead><tbody><tr><td>_cfuvid \/ __cf_bm<\/td><td>aktivera s\u00e4kerhetsfunktioner<\/td><\/tr><tr><td>auth_id<\/td><td>Autentisering av anv\u00e4ndar-ID<\/td><\/tr><tr><td>auth_uid_{anv\u00e4ndarid}<\/td><td>kommer ih\u00e5g tv\u00e5stegsautentisering i 30 dagar p\u00e5 beg\u00e4ran<\/td><\/tr><tr><td>c<\/td><td>m\u00f6jligg\u00f6r kampanjfunktionalitet (gratis provperioder\/rabatter)<\/td><\/tr><tr><td>CloudFront-Policy \/ CloudFront-Signatur \/ CloudFront-Key-Pair-Id<\/td><td>hantering av digitala r\u00e4ttigheter<\/td><\/tr><tr><td>cookiesaccepterade<\/td><td>komma ih\u00e5g dina cookiepreferenser (\"endast v\u00e4sentliga\" eller \"alla\")<\/td><\/tr><tr><td>csrf<\/td><td>token f\u00f6r att uppr\u00e4tta s\u00e4ker anslutning<\/td><\/tr><tr><td>fp<\/td><td>webbl\u00e4sarens fingeravtryck f\u00f6r att aktivera s\u00e4kerhetsfunktioner<\/td><\/tr><tr><td>lang<\/td><td>kom ih\u00e5g spr\u00e5kinst\u00e4llningen<\/td><\/tr><tr><td>pa_url_hash<\/td><td>ger tillg\u00e5ng till anv\u00e4ndarens profil<\/td><\/tr><tr><td>sess<\/td><td>h\u00e5ller sessionsautentiseringen aktiv<\/td><\/tr><tr><td>st \/ str\u00f6mmar<\/td><td>ger tillg\u00e5ng till livestreaming och miniatyrbilder av s\u00e4ndningar<\/td><\/tr><\/tbody><\/table><\/figure>\n\n\n\n<p><strong>Att inaktivera, radera eller blockera dessa cookies i din webbl\u00e4sare kan f\u00f6rhindra att OtakuOshi, eller vissa funktioner, fungerar korrekt eller \u00f6verhuvudtaget.<\/strong><\/p>\n\n\n\n<hr class=\"wp-block-separator has-alpha-channel-opacity\"\/>\n\n\n\n<h3 class=\"wp-block-heading\"><strong>Icke-v\u00e4sentliga cookies (remissprogram)<\/strong><\/h3>\n\n\n\n<p>OtakuOshi har ett h\u00e4nvisningsprogram d\u00e4r befintliga skapare kan dela sin h\u00e4nvisningskod f\u00f6r att bjuda in andra att bli nya skapare. Programmet \u00e4r f\u00f6rem\u00e5l f\u00f6r anv\u00e4ndarvillkoren och eventuella v\u00e4rvningsbetalningar ber\u00e4knas och begr\u00e4nsas enligt vad som anges i dessa villkor.<\/p>\n\n\n\n<p>F\u00f6r att vi ska kunna k\u00e4nna igen den h\u00e4nvisande anv\u00e4ndaren och den h\u00e4nvisade skaparen \u00e4r det n\u00f6dv\u00e4ndigt att acceptera dessa icke-v\u00e4sentliga cookies. Om n\u00e5gon av dem inte accepterar dessa cookies kommer vi inte att kunna k\u00e4nna igen h\u00e4nvisningen eller utf\u00e4rda h\u00e4nvisningsbetalningar.<\/p>\n\n\n\n<figure class=\"wp-block-table\"><table class=\"has-fixed-layout\"><thead><tr><th>Namn<\/th><th>Beskrivning<\/th><\/tr><\/thead><tbody><tr><td>ref_src<\/td><td>identifierar k\u00e4llan till referentens ID (Referrer User)<\/td><\/tr><tr><td>ref<\/td><td>identifierar den h\u00e4nvisade anv\u00e4ndaren (Referring Creator)<\/td><\/tr><tr><td>reg_ref_user_id \/ reg_ref<\/td><td>bekr\u00e4ftar den refererande skaparen av den refererande anv\u00e4ndaren<\/td><\/tr><\/tbody><\/table><\/figure>\n\n\n\n<hr class=\"wp-block-separator has-alpha-channel-opacity\"\/>\n\n\n\n<h2 class=\"wp-block-heading\">Funktionalitet fr\u00e5n tredje part<\/h2>\n\n\n\n<p>Vi kontrollerar inte de cookies eller funktioner som anv\u00e4nds av tredje parts webbplatser. Informationspraxis p\u00e5 dessa webbplatser omfattas inte av denna sekretesspolicy eller detta cookiemeddelande.<\/p>\n\n\n\n<hr class=\"wp-block-separator has-alpha-channel-opacity\"\/>\n\n\n\n<h2 class=\"wp-block-heading\">Hur kontrollerar eller st\u00e4ller jag in cookies?<\/h2>\n\n\n\n<h3 class=\"wp-block-heading\"><strong>Acceptera eller avvisa icke-v\u00e4sentliga cookies<\/strong><\/h3>\n\n\n\n<p>Vi kommer endast att placera icke-v\u00e4sentliga cookies p\u00e5 din enhet om du klickar p\u00e5 \"Acceptera alla\" i cookie-bannern n\u00e4r du f\u00f6rst bes\u00f6ker OtakuOshi.<\/p>\n\n\n\n<h3 class=\"wp-block-heading\"><strong>Manuellt hantera cookies<\/strong><\/h3>\n\n\n\n<p>Du kan se \u00f6ver inst\u00e4llningarna f\u00f6r din webbl\u00e4sare eller enhet (eller webbl\u00e4sartill\u00e4gg) f\u00f6r att inaktivera, blockera eller radera vissa eller alla cookies, eller f\u00f6r att f\u00e5 varningar n\u00e4r nya cookies genereras.<\/p>\n\n\n\n<p>Se menyn \"Hj\u00e4lp\", \"Verktyg\" eller \"Inst\u00e4llningar\" i din webbl\u00e4sare eller enhet f\u00f6r mer information om hur du g\u00f6r detta.<\/p>","protected":false},"excerpt":{"rendered":"<p>Vi anv\u00e4nder f\u00f6ljande typer av cookies p\u00e5 OtakuOshi: Viktiga cookies Dessa inkluderar till exempel cookies som g\u00f6r att du kan komma \u00e5t OtakuOshi via din webbl\u00e4sare....<\/p>","protected":false},"author":1,"featured_media":0,"parent":0,"menu_order":0,"comment_status":"closed","ping_status":"closed","template":"","meta":{"footnotes":""},"class_list":["post-298","page","type-page","status-publish","hentry"],"yoast_head":"<!-- This site is optimized with the Yoast SEO plugin v26.8 - https:\/\/yoast.com\/product\/yoast-seo-wordpress\/ -->\n<title>Cookies<\/title>\n<meta name=\"robots\" content=\"index, follow, max-snippet:-1, max-image-preview:large, max-video-preview:-1\" \/>\n<link rel=\"canonical\" href=\"https:\/\/otakuoshi.com\/sv\/kakor\/\" \/>\n<meta property=\"og:locale\" content=\"sv_SE\" \/>\n<meta property=\"og:type\" content=\"article\" \/>\n<meta property=\"og:title\" content=\"Cookies\" \/>\n<meta property=\"og:description\" content=\"Utilizamos los siguientes tipos de cookies en OtakuOshi: Cookies esenciales Estas incluyen, por ejemplo, cookies que te permiten acceder a OtakuOshi a trav\u00e9s de tu&hellip;\" \/>\n<meta property=\"og:url\" content=\"https:\/\/otakuoshi.com\/sv\/kakor\/\" \/>\n<meta property=\"og:site_name\" content=\"OtakuOshi\" \/>\n<meta property=\"article:modified_time\" content=\"2025-07-22T08:38:51+00:00\" \/>\n<meta property=\"og:image\" content=\"https:\/\/otakuoshi.com\/wp-content\/uploads\/2025\/07\/cropped-logo.jpg\" \/>\n\t<meta property=\"og:image:width\" content=\"512\" \/>\n\t<meta property=\"og:image:height\" content=\"512\" \/>\n\t<meta property=\"og:image:type\" content=\"image\/jpeg\" \/>\n<meta name=\"twitter:card\" content=\"summary_large_image\" \/>\n<meta name=\"twitter:site\" content=\"@OtakuOshi\" \/>\n<meta name=\"twitter:label1\" content=\"Ber\u00e4knad l\u00e4stid\" \/>\n\t<meta name=\"twitter:data1\" content=\"3 minuter\" \/>\n<script type=\"application\/ld+json\" class=\"yoast-schema-graph\">{\"@context\":\"https:\/\/schema.org\",\"@graph\":[{\"@type\":\"WebPage\",\"@id\":\"https:\/\/otakuoshi.com\/cookies\/\",\"url\":\"https:\/\/otakuoshi.com\/cookies\/\",\"name\":\"Cookies\",\"isPartOf\":{\"@id\":\"https:\/\/otakuoshi.com\/#website\"},\"datePublished\":\"2025-07-22T08:38:50+00:00\",\"dateModified\":\"2025-07-22T08:38:51+00:00\",\"breadcrumb\":{\"@id\":\"https:\/\/otakuoshi.com\/cookies\/#breadcrumb\"},\"inLanguage\":\"sv-SE\",\"potentialAction\":[{\"@type\":\"ReadAction\",\"target\":[\"https:\/\/otakuoshi.com\/cookies\/\"]}]},{\"@type\":\"BreadcrumbList\",\"@id\":\"https:\/\/otakuoshi.com\/cookies\/#breadcrumb\",\"itemListElement\":[{\"@type\":\"ListItem\",\"position\":1,\"name\":\"Home\",\"item\":\"https:\/\/otakuoshi.com\/\"},{\"@type\":\"ListItem\",\"position\":2,\"name\":\"Cookies\"}]},{\"@type\":\"WebSite\",\"@id\":\"https:\/\/otakuoshi.com\/#website\",\"url\":\"https:\/\/otakuoshi.com\/\",\"name\":\"OtakuOshi\",\"description\":\"\",\"publisher\":{\"@id\":\"https:\/\/otakuoshi.com\/#organization\"},\"alternateName\":\"Otaku Oshi\",\"potentialAction\":[{\"@type\":\"SearchAction\",\"target\":{\"@type\":\"EntryPoint\",\"urlTemplate\":\"https:\/\/otakuoshi.com\/?s={search_term_string}\"},\"query-input\":{\"@type\":\"PropertyValueSpecification\",\"valueRequired\":true,\"valueName\":\"search_term_string\"}}],\"inLanguage\":\"sv-SE\"},{\"@type\":\"Organization\",\"@id\":\"https:\/\/otakuoshi.com\/#organization\",\"name\":\"OtakuOshi\",\"url\":\"https:\/\/otakuoshi.com\/\",\"logo\":{\"@type\":\"ImageObject\",\"inLanguage\":\"sv-SE\",\"@id\":\"https:\/\/otakuoshi.com\/#\/schema\/logo\/image\/\",\"url\":\"https:\/\/otakuoshi.com\/wp-content\/uploads\/2025\/07\/logo.jpg\",\"contentUrl\":\"https:\/\/otakuoshi.com\/wp-content\/uploads\/2025\/07\/logo.jpg\",\"width\":458,\"height\":164,\"caption\":\"OtakuOshi\"},\"image\":{\"@id\":\"https:\/\/otakuoshi.com\/#\/schema\/logo\/image\/\"},\"sameAs\":[\"https:\/\/x.com\/OtakuOshi\"]}]}<\/script>\n<!-- \/ Yoast SEO plugin. -->","yoast_head_json":{"title":"Kakor","robots":{"index":"index","follow":"follow","max-snippet":"max-snippet:-1","max-image-preview":"max-image-preview:large","max-video-preview":"max-video-preview:-1"},"canonical":"https:\/\/otakuoshi.com\/sv\/kakor\/","og_locale":"sv_SE","og_type":"article","og_title":"Cookies","og_description":"Utilizamos los siguientes tipos de cookies en OtakuOshi: Cookies esenciales Estas incluyen, por ejemplo, cookies que te permiten acceder a OtakuOshi a trav\u00e9s de tu&hellip;","og_url":"https:\/\/otakuoshi.com\/sv\/kakor\/","og_site_name":"OtakuOshi","article_modified_time":"2025-07-22T08:38:51+00:00","og_image":[{"width":512,"height":512,"url":"https:\/\/otakuoshi.com\/wp-content\/uploads\/2025\/07\/cropped-logo.jpg","type":"image\/jpeg"}],"twitter_card":"summary_large_image","twitter_site":"@OtakuOshi","twitter_misc":{"Ber\u00e4knad l\u00e4stid":"3 minuter"},"schema":{"@context":"https:\/\/schema.org","@graph":[{"@type":"WebPage","@id":"https:\/\/otakuoshi.com\/cookies\/","url":"https:\/\/otakuoshi.com\/cookies\/","name":"Kakor","isPartOf":{"@id":"https:\/\/otakuoshi.com\/#website"},"datePublished":"2025-07-22T08:38:50+00:00","dateModified":"2025-07-22T08:38:51+00:00","breadcrumb":{"@id":"https:\/\/otakuoshi.com\/cookies\/#breadcrumb"},"inLanguage":"sv-SE","potentialAction":[{"@type":"ReadAction","target":["https:\/\/otakuoshi.com\/cookies\/"]}]},{"@type":"BreadcrumbList","@id":"https:\/\/otakuoshi.com\/cookies\/#breadcrumb","itemListElement":[{"@type":"ListItem","position":1,"name":"Home","item":"https:\/\/otakuoshi.com\/"},{"@type":"ListItem","position":2,"name":"Cookies"}]},{"@type":"WebSite","@id":"https:\/\/otakuoshi.com\/#website","url":"https:\/\/otakuoshi.com\/","name":"OtakuOshi","description":"","publisher":{"@id":"https:\/\/otakuoshi.com\/#organization"},"alternateName":"Otaku Oshi","potentialAction":[{"@type":"SearchAction","target":{"@type":"EntryPoint","urlTemplate":"https:\/\/otakuoshi.com\/?s={search_term_string}"},"query-input":{"@type":"PropertyValueSpecification","valueRequired":true,"valueName":"search_term_string"}}],"inLanguage":"sv-SE"},{"@type":"Organization","@id":"https:\/\/otakuoshi.com\/#organization","name":"OtakuOshi","url":"https:\/\/otakuoshi.com\/","logo":{"@type":"ImageObject","inLanguage":"sv-SE","@id":"https:\/\/otakuoshi.com\/#\/schema\/logo\/image\/","url":"https:\/\/otakuoshi.com\/wp-content\/uploads\/2025\/07\/logo.jpg","contentUrl":"https:\/\/otakuoshi.com\/wp-content\/uploads\/2025\/07\/logo.jpg","width":458,"height":164,"caption":"OtakuOshi"},"image":{"@id":"https:\/\/otakuoshi.com\/#\/schema\/logo\/image\/"},"sameAs":["https:\/\/x.com\/OtakuOshi"]}]}},"_links":{"self":[{"href":"https:\/\/otakuoshi.com\/sv\/wp-json\/wp\/v2\/pages\/298","targetHints":{"allow":["GET"]}}],"collection":[{"href":"https:\/\/otakuoshi.com\/sv\/wp-json\/wp\/v2\/pages"}],"about":[{"href":"https:\/\/otakuoshi.com\/sv\/wp-json\/wp\/v2\/types\/page"}],"author":[{"embeddable":true,"href":"https:\/\/otakuoshi.com\/sv\/wp-json\/wp\/v2\/users\/1"}],"replies":[{"embeddable":true,"href":"https:\/\/otakuoshi.com\/sv\/wp-json\/wp\/v2\/comments?post=298"}],"version-history":[{"count":0,"href":"https:\/\/otakuoshi.com\/sv\/wp-json\/wp\/v2\/pages\/298\/revisions"}],"wp:attachment":[{"href":"https:\/\/otakuoshi.com\/sv\/wp-json\/wp\/v2\/media?parent=298"}],"curies":[{"name":"wp","href":"https:\/\/api.w.org\/{rel}","templated":true}]}}