{"id":303,"date":"2025-07-22T08:41:21","date_gmt":"2025-07-22T08:41:21","guid":{"rendered":"https:\/\/otakuoshi.com\/?page_id=303"},"modified":"2025-07-22T08:41:22","modified_gmt":"2025-07-22T08:41:22","slug":"om-oss","status":"publish","type":"page","link":"https:\/\/otakuoshi.com\/sv\/om-oss\/","title":{"rendered":"Om oss"},"content":{"rendered":"<h2 class=\"wp-block-heading\">Om oss<\/h2>\n\n\n\n<p><strong>OtakuOshi<\/strong> \u00e4r en plattform skapad av och f\u00f6r fans av anime, cosplay, konst och otaku-kultur. Vi \u00e4r ett utrymme som \u00e4r dedikerat till att st\u00e4rka oberoende skapare s\u00e5 att de kan <strong>tj\u00e4na pengar p\u00e5 din talang<\/strong>f\u00e5 kontakt med din community och dela ditt inneh\u00e5ll s\u00e4kert, direkt och utan on\u00f6diga filter.<\/p>\n\n\n\n<p>V\u00e5rt uppdrag \u00e4r att erbjuda ett <strong>specialiserat och etiskt alternativ<\/strong> d\u00e4r illustrat\u00f6rer, cosplayers, historieber\u00e4ttare, r\u00f6stsk\u00e5despelare och japanska inneh\u00e5lls\u00e4lskare kan publicera, s\u00e4lja och hantera sina skapelser utan att f\u00f6rlita sig p\u00e5 massiva sociala n\u00e4tverk som inte f\u00f6rst\u00e5r deras nisch.<\/p>\n\n\n\n<p>P\u00e5 OtakuOshi tror vi p\u00e5:<\/p>\n\n\n\n<ul class=\"wp-block-list\">\n<li><strong>Otaku-passion som kreativ motor<\/strong><\/li>\n\n\n\n<li><strong>Respekt mellan upphovsm\u00e4n och fans<\/strong><\/li>\n\n\n\n<li> <strong>Konstn\u00e4rlig frihet och ekonomisk sj\u00e4lvst\u00e4ndighet<\/strong><\/li>\n\n\n\n<li><strong>Skydd av inneh\u00e5ll och identitet<\/strong><\/li>\n<\/ul>\n\n\n\n<p>Vi arbetar med \u00f6ppenhet och engagemang fr\u00e5n <strong>Polaris Nexus LLC<\/strong>100%-projektet, som erbjuder moderna verktyg f\u00f6r skapare och anv\u00e4ndare att njuta av en s\u00e4ker, intuitiv och 100%-centrerad upplevelse i den kultur de \u00e4lskar.<\/p>\n\n\n\n<p>Oavsett om du \u00e4r en konstn\u00e4r, cosplayer eller bara ett fan som vill st\u00f6dja autentiska talanger: <strong>OtakuOshi \u00e4r ditt nya digitala hem<\/strong>.<\/p>\n\n\n\n<hr class=\"wp-block-separator has-alpha-channel-opacity\"\/>\n\n\n\n<p>Vill du ha en kortare version f\u00f6r hemsidan eller en mer k\u00e4nslom\u00e4ssig version f\u00f6r sociala medier eller presentationer? Jag kan ocks\u00e5 skapa en institutionell \"om f\u00f6retaget\"-version om du beh\u00f6ver n\u00e5got mer formellt.<\/p>","protected":false},"excerpt":{"rendered":"<p>Om oss OtakuOshi \u00e4r en plattform skapad av och f\u00f6r fans av anime, cosplay, konst och otaku-kultur. Vi \u00e4r ett utrymme dedikerat ...<\/p>","protected":false},"author":1,"featured_media":0,"parent":0,"menu_order":0,"comment_status":"closed","ping_status":"closed","template":"","meta":{"footnotes":""},"class_list":["post-303","page","type-page","status-publish","hentry"],"yoast_head":"<!-- This site is optimized with the Yoast SEO plugin v26.8 - https:\/\/yoast.com\/product\/yoast-seo-wordpress\/ -->\n<title>About us<\/title>\n<meta name=\"robots\" content=\"index, follow, max-snippet:-1, max-image-preview:large, max-video-preview:-1\" \/>\n<link rel=\"canonical\" href=\"https:\/\/otakuoshi.com\/sv\/om-oss\/\" \/>\n<meta property=\"og:locale\" content=\"sv_SE\" \/>\n<meta property=\"og:type\" content=\"article\" \/>\n<meta property=\"og:title\" content=\"About us\" \/>\n<meta property=\"og:description\" content=\"Sobre Nosotros OtakuOshi es una plataforma creada por y para fans del anime, el cosplay, el arte y la cultura otaku. Somos un espacio dedicado&hellip;\" \/>\n<meta property=\"og:url\" content=\"https:\/\/otakuoshi.com\/sv\/om-oss\/\" \/>\n<meta property=\"og:site_name\" content=\"OtakuOshi\" \/>\n<meta property=\"article:modified_time\" content=\"2025-07-22T08:41:22+00:00\" \/>\n<meta property=\"og:image\" content=\"https:\/\/otakuoshi.com\/wp-content\/uploads\/2025\/07\/cropped-logo.jpg\" \/>\n\t<meta property=\"og:image:width\" content=\"512\" \/>\n\t<meta property=\"og:image:height\" content=\"512\" \/>\n\t<meta property=\"og:image:type\" content=\"image\/jpeg\" \/>\n<meta name=\"twitter:card\" content=\"summary_large_image\" \/>\n<meta name=\"twitter:site\" content=\"@OtakuOshi\" \/>\n<meta name=\"twitter:label1\" content=\"Ber\u00e4knad l\u00e4stid\" \/>\n\t<meta name=\"twitter:data1\" content=\"1 minut\" \/>\n<script type=\"application\/ld+json\" class=\"yoast-schema-graph\">{\"@context\":\"https:\/\/schema.org\",\"@graph\":[{\"@type\":\"WebPage\",\"@id\":\"https:\/\/otakuoshi.com\/about-us\/\",\"url\":\"https:\/\/otakuoshi.com\/about-us\/\",\"name\":\"About us\",\"isPartOf\":{\"@id\":\"https:\/\/otakuoshi.com\/#website\"},\"datePublished\":\"2025-07-22T08:41:21+00:00\",\"dateModified\":\"2025-07-22T08:41:22+00:00\",\"breadcrumb\":{\"@id\":\"https:\/\/otakuoshi.com\/about-us\/#breadcrumb\"},\"inLanguage\":\"sv-SE\",\"potentialAction\":[{\"@type\":\"ReadAction\",\"target\":[\"https:\/\/otakuoshi.com\/about-us\/\"]}]},{\"@type\":\"BreadcrumbList\",\"@id\":\"https:\/\/otakuoshi.com\/about-us\/#breadcrumb\",\"itemListElement\":[{\"@type\":\"ListItem\",\"position\":1,\"name\":\"Home\",\"item\":\"https:\/\/otakuoshi.com\/\"},{\"@type\":\"ListItem\",\"position\":2,\"name\":\"About us\"}]},{\"@type\":\"WebSite\",\"@id\":\"https:\/\/otakuoshi.com\/#website\",\"url\":\"https:\/\/otakuoshi.com\/\",\"name\":\"OtakuOshi\",\"description\":\"\",\"publisher\":{\"@id\":\"https:\/\/otakuoshi.com\/#organization\"},\"alternateName\":\"Otaku Oshi\",\"potentialAction\":[{\"@type\":\"SearchAction\",\"target\":{\"@type\":\"EntryPoint\",\"urlTemplate\":\"https:\/\/otakuoshi.com\/?s={search_term_string}\"},\"query-input\":{\"@type\":\"PropertyValueSpecification\",\"valueRequired\":true,\"valueName\":\"search_term_string\"}}],\"inLanguage\":\"sv-SE\"},{\"@type\":\"Organization\",\"@id\":\"https:\/\/otakuoshi.com\/#organization\",\"name\":\"OtakuOshi\",\"url\":\"https:\/\/otakuoshi.com\/\",\"logo\":{\"@type\":\"ImageObject\",\"inLanguage\":\"sv-SE\",\"@id\":\"https:\/\/otakuoshi.com\/#\/schema\/logo\/image\/\",\"url\":\"https:\/\/otakuoshi.com\/wp-content\/uploads\/2025\/07\/logo.jpg\",\"contentUrl\":\"https:\/\/otakuoshi.com\/wp-content\/uploads\/2025\/07\/logo.jpg\",\"width\":458,\"height\":164,\"caption\":\"OtakuOshi\"},\"image\":{\"@id\":\"https:\/\/otakuoshi.com\/#\/schema\/logo\/image\/\"},\"sameAs\":[\"https:\/\/x.com\/OtakuOshi\"]}]}<\/script>\n<!-- \/ Yoast SEO plugin. -->","yoast_head_json":{"title":"Om oss","robots":{"index":"index","follow":"follow","max-snippet":"max-snippet:-1","max-image-preview":"max-image-preview:large","max-video-preview":"max-video-preview:-1"},"canonical":"https:\/\/otakuoshi.com\/sv\/om-oss\/","og_locale":"sv_SE","og_type":"article","og_title":"About us","og_description":"Sobre Nosotros OtakuOshi es una plataforma creada por y para fans del anime, el cosplay, el arte y la cultura otaku. Somos un espacio dedicado&hellip;","og_url":"https:\/\/otakuoshi.com\/sv\/om-oss\/","og_site_name":"OtakuOshi","article_modified_time":"2025-07-22T08:41:22+00:00","og_image":[{"width":512,"height":512,"url":"https:\/\/otakuoshi.com\/wp-content\/uploads\/2025\/07\/cropped-logo.jpg","type":"image\/jpeg"}],"twitter_card":"summary_large_image","twitter_site":"@OtakuOshi","twitter_misc":{"Ber\u00e4knad l\u00e4stid":"1 minut"},"schema":{"@context":"https:\/\/schema.org","@graph":[{"@type":"WebPage","@id":"https:\/\/otakuoshi.com\/about-us\/","url":"https:\/\/otakuoshi.com\/about-us\/","name":"Om oss","isPartOf":{"@id":"https:\/\/otakuoshi.com\/#website"},"datePublished":"2025-07-22T08:41:21+00:00","dateModified":"2025-07-22T08:41:22+00:00","breadcrumb":{"@id":"https:\/\/otakuoshi.com\/about-us\/#breadcrumb"},"inLanguage":"sv-SE","potentialAction":[{"@type":"ReadAction","target":["https:\/\/otakuoshi.com\/about-us\/"]}]},{"@type":"BreadcrumbList","@id":"https:\/\/otakuoshi.com\/about-us\/#breadcrumb","itemListElement":[{"@type":"ListItem","position":1,"name":"Home","item":"https:\/\/otakuoshi.com\/"},{"@type":"ListItem","position":2,"name":"About us"}]},{"@type":"WebSite","@id":"https:\/\/otakuoshi.com\/#website","url":"https:\/\/otakuoshi.com\/","name":"OtakuOshi","description":"","publisher":{"@id":"https:\/\/otakuoshi.com\/#organization"},"alternateName":"Otaku Oshi","potentialAction":[{"@type":"SearchAction","target":{"@type":"EntryPoint","urlTemplate":"https:\/\/otakuoshi.com\/?s={search_term_string}"},"query-input":{"@type":"PropertyValueSpecification","valueRequired":true,"valueName":"search_term_string"}}],"inLanguage":"sv-SE"},{"@type":"Organization","@id":"https:\/\/otakuoshi.com\/#organization","name":"OtakuOshi","url":"https:\/\/otakuoshi.com\/","logo":{"@type":"ImageObject","inLanguage":"sv-SE","@id":"https:\/\/otakuoshi.com\/#\/schema\/logo\/image\/","url":"https:\/\/otakuoshi.com\/wp-content\/uploads\/2025\/07\/logo.jpg","contentUrl":"https:\/\/otakuoshi.com\/wp-content\/uploads\/2025\/07\/logo.jpg","width":458,"height":164,"caption":"OtakuOshi"},"image":{"@id":"https:\/\/otakuoshi.com\/#\/schema\/logo\/image\/"},"sameAs":["https:\/\/x.com\/OtakuOshi"]}]}},"_links":{"self":[{"href":"https:\/\/otakuoshi.com\/sv\/wp-json\/wp\/v2\/pages\/303","targetHints":{"allow":["GET"]}}],"collection":[{"href":"https:\/\/otakuoshi.com\/sv\/wp-json\/wp\/v2\/pages"}],"about":[{"href":"https:\/\/otakuoshi.com\/sv\/wp-json\/wp\/v2\/types\/page"}],"author":[{"embeddable":true,"href":"https:\/\/otakuoshi.com\/sv\/wp-json\/wp\/v2\/users\/1"}],"replies":[{"embeddable":true,"href":"https:\/\/otakuoshi.com\/sv\/wp-json\/wp\/v2\/comments?post=303"}],"version-history":[{"count":0,"href":"https:\/\/otakuoshi.com\/sv\/wp-json\/wp\/v2\/pages\/303\/revisions"}],"wp:attachment":[{"href":"https:\/\/otakuoshi.com\/sv\/wp-json\/wp\/v2\/media?parent=303"}],"curies":[{"name":"wp","href":"https:\/\/api.w.org\/{rel}","templated":true}]}}