{"id":309,"date":"2025-07-22T08:56:00","date_gmt":"2025-07-22T08:56:00","guid":{"rendered":"https:\/\/otakuoshi.com\/?page_id=309"},"modified":"2025-07-22T08:56:01","modified_gmt":"2025-07-22T08:56:01","slug":"usc2257","status":"publish","type":"page","link":"https:\/\/otakuoshi.com\/sv\/usc2257\/","title":{"rendered":"USC2257"},"content":{"rendered":"<h2 class=\"wp-block-heading\">Inledning<\/h2>\n\n\n\n<p>Den h\u00e4r webbplatsen, <strong>OtakuOshi.com<\/strong>\u00e4r bel\u00e4get i och drivs fr\u00e5n USA och uppfyller de krav som anges i artiklarna <strong>18 U.S.C. \u00a7\u00a72257, 2257A<\/strong> y <strong>28 C.F.R. \u00a775<\/strong>i den utstr\u00e4ckning som kr\u00e4vs enligt amerikansk federal lag.<\/p>\n\n\n\n<h2 class=\"wp-block-heading\">Inneh\u00e5ll som \u00f6verensst\u00e4mmer med f\u00f6rordningen<\/h2>\n\n\n\n<p>Alla modeller, sk\u00e5despelare, sk\u00e5despelerskor och andra personer som f\u00f6rekommer i n\u00e5gon visuell skildring av sexuellt explicit beteende, verkligt eller simulerat, som finns p\u00e5 denna webbplats, <strong>var 18 \u00e5r eller \u00e4ldre<\/strong> vid tidpunkten f\u00f6r produktionen av dessa visuella bilder.<\/p>\n\n\n\n<p>De register som kr\u00e4vs f\u00f6r alla skildringar av sexuellt explicit beteende i enlighet med <strong>18 U.S.C. \u00a72257<\/strong> y <strong>28 C.F.R. \u00a7 75 och f\u00f6ljande.<\/strong>\u00e4r vederb\u00f6rligen arkiverade hos den utsedda arkivf\u00f6rvaltaren.<\/p>\n\n\n\n<h2 class=\"wp-block-heading\">Undantaget inneh\u00e5ll<\/h2>\n\n\n\n<p>Alla andra visuella avbildningar som visas p\u00e5 denna webbplats \u00e4r <strong>undantagna fr\u00e5n best\u00e4mmelserna i avsnitt 2257<\/strong> f\u00f6r att:<\/p>\n\n\n\n<ol class=\"wp-block-list\">\n<li>De utg\u00f6r inte beteenden som s\u00e4rskilt beskrivs i <strong>18 U.S.C \u00a72256(2)(A)(i) till (iv)<\/strong>;<\/li>\n\n\n\n<li>De uppvisar inte beteenden som ing\u00e5r i <strong>18 U.S.C. \u00a72257A<\/strong> och producerades efter <strong>19 mars 2009<\/strong>;<\/li>\n\n\n\n<li>De omfattar inte beteenden som beskrivs i <strong>18 U.S.C. \u00a72256(2)(A)(v)<\/strong> som producerats efter <strong>19 mars 2009<\/strong>;<\/li>\n\n\n\n<li>Visuella representationer skapades f\u00f6re <strong>3 juli 1995<\/strong>; o<\/li>\n\n\n\n<li>Detta f\u00f6retag <strong>inte fungerar som en \"producent<\/strong> med avseende p\u00e5 distribution av s\u00e5dana undantagna bilder, s\u00e5som denna term definieras i <strong>28 C.F.R. \u00a775.1(c)<\/strong>.<\/li>\n<\/ol>\n\n\n\n<h2 class=\"wp-block-heading\">Titel p\u00e5 arbetet<\/h2>\n\n\n\n<p>Titeln p\u00e5 detta arbete \u00e4r: <strong>OtakuOshi<\/strong><\/p>\n\n\n\n<h2 class=\"wp-block-heading\">Inspektion av register<\/h2>\n\n\n\n<p>Alla register som \u00e4r kopplade till de visuella avbildningar som finns p\u00e5 denna webbplats och som m\u00e5ste uppr\u00e4tth\u00e5llas i enlighet med federal lag, <strong>\u00e4r tillg\u00e4ngliga f\u00f6r inspektion av beh\u00f6riga ombud<\/strong>p\u00e5 f\u00f6ljande plats:<\/p>\n\n\n\n<p><strong>F\u00f6rvaltare av register<\/strong><br><strong>Polaris Nexus LLC<\/strong><br>1621 Central Ave, Cheyenne, WY 82001, USA.<br><\/p>\n\n\n\n<p><strong>Juridisk anm\u00e4rkning:<\/strong> Denna deklaration uppfyller kraven i lagen om <strong>Titel 18 i F\u00f6renta staternas lagbok<\/strong>och \u00e4r utformad f\u00f6r att ge full insyn och r\u00e4ttsligt skydd enligt g\u00e4llande amerikanska lagar om uttryckligt avbildande inneh\u00e5ll.<\/p>","protected":false},"excerpt":{"rendered":"<p>Inledning Denna webbplats, OtakuOshi.com, \u00e4r bel\u00e4gen i och drivs fr\u00e5n USA och uppfyller kraven i 18 U.S.C. \u00a7\u00a72257,...<\/p>","protected":false},"author":1,"featured_media":0,"parent":0,"menu_order":0,"comment_status":"closed","ping_status":"closed","template":"","meta":{"footnotes":""},"class_list":["post-309","page","type-page","status-publish","hentry"],"yoast_head":"<!-- This site is optimized with the Yoast SEO plugin v26.8 - https:\/\/yoast.com\/product\/yoast-seo-wordpress\/ -->\n<title>USC2257<\/title>\n<meta name=\"robots\" content=\"index, follow, max-snippet:-1, max-image-preview:large, max-video-preview:-1\" \/>\n<link rel=\"canonical\" href=\"https:\/\/otakuoshi.com\/sv\/usc2257\/\" \/>\n<meta property=\"og:locale\" content=\"sv_SE\" \/>\n<meta property=\"og:type\" content=\"article\" \/>\n<meta property=\"og:title\" content=\"USC2257\" \/>\n<meta property=\"og:description\" content=\"Introducci\u00f3n Este sitio web, OtakuOshi.com, est\u00e1 ubicado y operado desde los Estados Unidos y cumple con los requisitos establecidos en los art\u00edculos 18 U.S.C. \u00a7\u00a72257,&hellip;\" \/>\n<meta property=\"og:url\" content=\"https:\/\/otakuoshi.com\/sv\/usc2257\/\" \/>\n<meta property=\"og:site_name\" content=\"OtakuOshi\" \/>\n<meta property=\"article:modified_time\" content=\"2025-07-22T08:56:01+00:00\" \/>\n<meta property=\"og:image\" content=\"https:\/\/otakuoshi.com\/wp-content\/uploads\/2025\/07\/cropped-logo.jpg\" \/>\n\t<meta property=\"og:image:width\" content=\"512\" \/>\n\t<meta property=\"og:image:height\" content=\"512\" \/>\n\t<meta property=\"og:image:type\" content=\"image\/jpeg\" \/>\n<meta name=\"twitter:card\" content=\"summary_large_image\" \/>\n<meta name=\"twitter:site\" content=\"@OtakuOshi\" \/>\n<meta name=\"twitter:label1\" content=\"Ber\u00e4knad l\u00e4stid\" \/>\n\t<meta name=\"twitter:data1\" content=\"2 minuter\" \/>\n<script type=\"application\/ld+json\" class=\"yoast-schema-graph\">{\"@context\":\"https:\/\/schema.org\",\"@graph\":[{\"@type\":\"WebPage\",\"@id\":\"https:\/\/otakuoshi.com\/usc2257\/\",\"url\":\"https:\/\/otakuoshi.com\/usc2257\/\",\"name\":\"USC2257\",\"isPartOf\":{\"@id\":\"https:\/\/otakuoshi.com\/#website\"},\"datePublished\":\"2025-07-22T08:56:00+00:00\",\"dateModified\":\"2025-07-22T08:56:01+00:00\",\"breadcrumb\":{\"@id\":\"https:\/\/otakuoshi.com\/usc2257\/#breadcrumb\"},\"inLanguage\":\"sv-SE\",\"potentialAction\":[{\"@type\":\"ReadAction\",\"target\":[\"https:\/\/otakuoshi.com\/usc2257\/\"]}]},{\"@type\":\"BreadcrumbList\",\"@id\":\"https:\/\/otakuoshi.com\/usc2257\/#breadcrumb\",\"itemListElement\":[{\"@type\":\"ListItem\",\"position\":1,\"name\":\"Home\",\"item\":\"https:\/\/otakuoshi.com\/\"},{\"@type\":\"ListItem\",\"position\":2,\"name\":\"USC2257\"}]},{\"@type\":\"WebSite\",\"@id\":\"https:\/\/otakuoshi.com\/#website\",\"url\":\"https:\/\/otakuoshi.com\/\",\"name\":\"OtakuOshi\",\"description\":\"\",\"publisher\":{\"@id\":\"https:\/\/otakuoshi.com\/#organization\"},\"alternateName\":\"Otaku Oshi\",\"potentialAction\":[{\"@type\":\"SearchAction\",\"target\":{\"@type\":\"EntryPoint\",\"urlTemplate\":\"https:\/\/otakuoshi.com\/?s={search_term_string}\"},\"query-input\":{\"@type\":\"PropertyValueSpecification\",\"valueRequired\":true,\"valueName\":\"search_term_string\"}}],\"inLanguage\":\"sv-SE\"},{\"@type\":\"Organization\",\"@id\":\"https:\/\/otakuoshi.com\/#organization\",\"name\":\"OtakuOshi\",\"url\":\"https:\/\/otakuoshi.com\/\",\"logo\":{\"@type\":\"ImageObject\",\"inLanguage\":\"sv-SE\",\"@id\":\"https:\/\/otakuoshi.com\/#\/schema\/logo\/image\/\",\"url\":\"https:\/\/otakuoshi.com\/wp-content\/uploads\/2025\/07\/logo.jpg\",\"contentUrl\":\"https:\/\/otakuoshi.com\/wp-content\/uploads\/2025\/07\/logo.jpg\",\"width\":458,\"height\":164,\"caption\":\"OtakuOshi\"},\"image\":{\"@id\":\"https:\/\/otakuoshi.com\/#\/schema\/logo\/image\/\"},\"sameAs\":[\"https:\/\/x.com\/OtakuOshi\"]}]}<\/script>\n<!-- \/ Yoast SEO plugin. -->","yoast_head_json":{"title":"USC2257","robots":{"index":"index","follow":"follow","max-snippet":"max-snippet:-1","max-image-preview":"max-image-preview:large","max-video-preview":"max-video-preview:-1"},"canonical":"https:\/\/otakuoshi.com\/sv\/usc2257\/","og_locale":"sv_SE","og_type":"article","og_title":"USC2257","og_description":"Introducci\u00f3n Este sitio web, OtakuOshi.com, est\u00e1 ubicado y operado desde los Estados Unidos y cumple con los requisitos establecidos en los art\u00edculos 18 U.S.C. \u00a7\u00a72257,&hellip;","og_url":"https:\/\/otakuoshi.com\/sv\/usc2257\/","og_site_name":"OtakuOshi","article_modified_time":"2025-07-22T08:56:01+00:00","og_image":[{"width":512,"height":512,"url":"https:\/\/otakuoshi.com\/wp-content\/uploads\/2025\/07\/cropped-logo.jpg","type":"image\/jpeg"}],"twitter_card":"summary_large_image","twitter_site":"@OtakuOshi","twitter_misc":{"Ber\u00e4knad l\u00e4stid":"2 minuter"},"schema":{"@context":"https:\/\/schema.org","@graph":[{"@type":"WebPage","@id":"https:\/\/otakuoshi.com\/usc2257\/","url":"https:\/\/otakuoshi.com\/usc2257\/","name":"USC2257","isPartOf":{"@id":"https:\/\/otakuoshi.com\/#website"},"datePublished":"2025-07-22T08:56:00+00:00","dateModified":"2025-07-22T08:56:01+00:00","breadcrumb":{"@id":"https:\/\/otakuoshi.com\/usc2257\/#breadcrumb"},"inLanguage":"sv-SE","potentialAction":[{"@type":"ReadAction","target":["https:\/\/otakuoshi.com\/usc2257\/"]}]},{"@type":"BreadcrumbList","@id":"https:\/\/otakuoshi.com\/usc2257\/#breadcrumb","itemListElement":[{"@type":"ListItem","position":1,"name":"Home","item":"https:\/\/otakuoshi.com\/"},{"@type":"ListItem","position":2,"name":"USC2257"}]},{"@type":"WebSite","@id":"https:\/\/otakuoshi.com\/#website","url":"https:\/\/otakuoshi.com\/","name":"OtakuOshi","description":"","publisher":{"@id":"https:\/\/otakuoshi.com\/#organization"},"alternateName":"Otaku Oshi","potentialAction":[{"@type":"SearchAction","target":{"@type":"EntryPoint","urlTemplate":"https:\/\/otakuoshi.com\/?s={search_term_string}"},"query-input":{"@type":"PropertyValueSpecification","valueRequired":true,"valueName":"search_term_string"}}],"inLanguage":"sv-SE"},{"@type":"Organization","@id":"https:\/\/otakuoshi.com\/#organization","name":"OtakuOshi","url":"https:\/\/otakuoshi.com\/","logo":{"@type":"ImageObject","inLanguage":"sv-SE","@id":"https:\/\/otakuoshi.com\/#\/schema\/logo\/image\/","url":"https:\/\/otakuoshi.com\/wp-content\/uploads\/2025\/07\/logo.jpg","contentUrl":"https:\/\/otakuoshi.com\/wp-content\/uploads\/2025\/07\/logo.jpg","width":458,"height":164,"caption":"OtakuOshi"},"image":{"@id":"https:\/\/otakuoshi.com\/#\/schema\/logo\/image\/"},"sameAs":["https:\/\/x.com\/OtakuOshi"]}]}},"_links":{"self":[{"href":"https:\/\/otakuoshi.com\/sv\/wp-json\/wp\/v2\/pages\/309","targetHints":{"allow":["GET"]}}],"collection":[{"href":"https:\/\/otakuoshi.com\/sv\/wp-json\/wp\/v2\/pages"}],"about":[{"href":"https:\/\/otakuoshi.com\/sv\/wp-json\/wp\/v2\/types\/page"}],"author":[{"embeddable":true,"href":"https:\/\/otakuoshi.com\/sv\/wp-json\/wp\/v2\/users\/1"}],"replies":[{"embeddable":true,"href":"https:\/\/otakuoshi.com\/sv\/wp-json\/wp\/v2\/comments?post=309"}],"version-history":[{"count":0,"href":"https:\/\/otakuoshi.com\/sv\/wp-json\/wp\/v2\/pages\/309\/revisions"}],"wp:attachment":[{"href":"https:\/\/otakuoshi.com\/sv\/wp-json\/wp\/v2\/media?parent=309"}],"curies":[{"name":"wp","href":"https:\/\/api.w.org\/{rel}","templated":true}]}}