{"id":313,"date":"2025-07-22T09:01:00","date_gmt":"2025-07-22T09:01:00","guid":{"rendered":"https:\/\/otakuoshi.com\/?page_id=313"},"modified":"2025-07-22T09:01:00","modified_gmt":"2025-07-22T09:01:00","slug":"varumarke","status":"publish","type":"page","link":"https:\/\/otakuoshi.com\/sv\/varumarke\/","title":{"rendered":"Varum\u00e4rke"},"content":{"rendered":"<p><strong>OtakuOshi<\/strong> \u00e4r mer \u00e4n en plattform: det \u00e4r ett varum\u00e4rke som bygger p\u00e5 passionen, identiteten och andan i den globala otaku-kulturen.<\/p>\n\n\n\n<p>Vi f\u00f6ddes ur behovet av en plats d\u00e4r vi kunde <strong>skapare, fans och konstn\u00e4rer<\/strong> kan uttrycka sig fritt, autentiskt och professionellt representerar OtakuOshi en ny generation av digitala plattformar: specialiserade, etiska och samh\u00e4llsfokuserade.<\/p>\n\n\n\n<p>Ordet \"<strong>Oshi<\/strong>\"kommer fr\u00e5n det japanska \u63a8\u3057, en term som anv\u00e4nds f\u00f6r att h\u00e4nvisa till den karakt\u00e4r, idol eller artist som ett fan st\u00f6der helhj\u00e4rtat. Genom att koppla ihop det med \"Otaku\" definierar vi tydligt v\u00e5rt syfte: <strong>vara det digitala hem d\u00e4r fans st\u00f6djer, uppt\u00e4cker och f\u00e5r kontakt med sina sanna oshis<\/strong>.<\/p>\n\n\n\n<h3 class=\"wp-block-heading\">V\u00e5r vision<\/h3>\n\n\n\n<p>Skapa ett tillg\u00e4ngligt, s\u00e4kert och modernt ekosystem d\u00e4r alla kreat\u00f6rer med anknytning till otaku-v\u00e4rlden - cosplayers, illustrat\u00f6rer, historieber\u00e4ttare, designers, r\u00f6startister etc. - kan dela med sig av och tj\u00e4na pengar p\u00e5 sitt arbete utan on\u00f6diga begr\u00e4nsningar eller generiska plattformar.<\/p>\n\n\n\n<h3 class=\"wp-block-heading\">Vad v\u00e5rt varum\u00e4rke st\u00e5r f\u00f6r<\/h3>\n\n\n\n<ul class=\"wp-block-list\">\n<li><strong>Respekt f\u00f6r otaku-kulturen<\/strong><br>Vi hyllar deras r\u00f6tter, m\u00e5ngfald och globala utveckling.<\/li>\n\n\n\n<li><strong>\u00c4kthet och direktkontakt<\/strong><br>Inga mellanh\u00e4nder, inga ogenomskinliga algoritmer. Bara fans som st\u00f6der skaparna.<\/li>\n\n\n\n<li><strong>Integritet och s\u00e4kerhet som grund<\/strong><br>Vi skyddar b\u00e5de upphovsm\u00e4n och fans med professionella standarder.<\/li>\n\n\n\n<li><strong>Kreativitet utan gr\u00e4nser<\/strong><br>OtakuOshi \u00e4r ett fritt utrymme f\u00f6r att utforska id\u00e9er, stilar, ber\u00e4ttelser och genrer inom lagliga och etiska ramar.<\/li>\n<\/ul>\n\n\n\n<h3 class=\"wp-block-heading\">Vem riktar sig varum\u00e4rket till?<\/h3>\n\n\n\n<ul class=\"wp-block-list\">\n<li>Till <strong>fans av anime, manga, cosplay, digital konst, ASMR och narrativt inneh\u00e5ll<\/strong>.<\/li>\n\n\n\n<li>Till kreat\u00f6rer som inte passar in i traditionella plattformar.<\/li>\n\n\n\n<li>Samlare och fans som v\u00e4rdes\u00e4tter autentiska kontakter och inneh\u00e5ll som skapats med passion.<\/li>\n<\/ul>\n\n\n\n<p><strong>OtakuOshi<\/strong> \u00e4r inte en kopia. Det \u00e4r inte bara ytterligare ett socialt n\u00e4tverk.<br>Det \u00e4r ett varum\u00e4rke med ett syfte: <strong>att ge synlighet, kreativ frihet och verkliga verktyg till dem som lever fandom som en del av sin identitet.<\/strong><\/p>\n\n\n\n<p>F\u00f6r i otaku-v\u00e4rlden \u00e4r du <strong>oshi<\/strong> Det ser inte bara bra ut. Det st\u00f6ds.<br>Och OtakuOshi \u00e4r h\u00e4r f\u00f6r att g\u00f6ra det m\u00f6jligt.<\/p>","protected":false},"excerpt":{"rendered":"<p>OtakuOshi \u00e4r mer \u00e4n en plattform: det \u00e4r ett varum\u00e4rke som bygger p\u00e5 passionen, identiteten och andan i den globala otakukulturen. F\u00f6dd ur...<\/p>","protected":false},"author":1,"featured_media":0,"parent":0,"menu_order":0,"comment_status":"closed","ping_status":"closed","template":"","meta":{"footnotes":""},"class_list":["post-313","page","type-page","status-publish","hentry"],"yoast_head":"<!-- This site is optimized with the Yoast SEO plugin v26.8 - https:\/\/yoast.com\/product\/yoast-seo-wordpress\/ -->\n<title>Marca<\/title>\n<meta name=\"robots\" content=\"index, follow, max-snippet:-1, max-image-preview:large, max-video-preview:-1\" \/>\n<link rel=\"canonical\" href=\"https:\/\/otakuoshi.com\/sv\/varumarke\/\" \/>\n<meta property=\"og:locale\" content=\"sv_SE\" \/>\n<meta property=\"og:type\" content=\"article\" \/>\n<meta property=\"og:title\" content=\"Marca\" \/>\n<meta property=\"og:description\" content=\"OtakuOshi es m\u00e1s que una plataforma: es una marca construida sobre la pasi\u00f3n, la identidad y el esp\u00edritu de la cultura otaku global. Nacida de&hellip;\" \/>\n<meta property=\"og:url\" content=\"https:\/\/otakuoshi.com\/sv\/varumarke\/\" \/>\n<meta property=\"og:site_name\" content=\"OtakuOshi\" \/>\n<meta property=\"og:image\" content=\"https:\/\/otakuoshi.com\/wp-content\/uploads\/2025\/07\/cropped-logo.jpg\" \/>\n\t<meta property=\"og:image:width\" content=\"512\" \/>\n\t<meta property=\"og:image:height\" content=\"512\" \/>\n\t<meta property=\"og:image:type\" content=\"image\/jpeg\" \/>\n<meta name=\"twitter:card\" content=\"summary_large_image\" \/>\n<meta name=\"twitter:site\" content=\"@OtakuOshi\" \/>\n<meta name=\"twitter:label1\" content=\"Ber\u00e4knad l\u00e4stid\" \/>\n\t<meta name=\"twitter:data1\" content=\"2 minuter\" \/>\n<script type=\"application\/ld+json\" class=\"yoast-schema-graph\">{\"@context\":\"https:\/\/schema.org\",\"@graph\":[{\"@type\":\"WebPage\",\"@id\":\"https:\/\/otakuoshi.com\/marca\/\",\"url\":\"https:\/\/otakuoshi.com\/marca\/\",\"name\":\"Marca\",\"isPartOf\":{\"@id\":\"https:\/\/otakuoshi.com\/#website\"},\"datePublished\":\"2025-07-22T09:01:00+00:00\",\"breadcrumb\":{\"@id\":\"https:\/\/otakuoshi.com\/marca\/#breadcrumb\"},\"inLanguage\":\"sv-SE\",\"potentialAction\":[{\"@type\":\"ReadAction\",\"target\":[\"https:\/\/otakuoshi.com\/marca\/\"]}]},{\"@type\":\"BreadcrumbList\",\"@id\":\"https:\/\/otakuoshi.com\/marca\/#breadcrumb\",\"itemListElement\":[{\"@type\":\"ListItem\",\"position\":1,\"name\":\"Home\",\"item\":\"https:\/\/otakuoshi.com\/\"},{\"@type\":\"ListItem\",\"position\":2,\"name\":\"Marca\"}]},{\"@type\":\"WebSite\",\"@id\":\"https:\/\/otakuoshi.com\/#website\",\"url\":\"https:\/\/otakuoshi.com\/\",\"name\":\"OtakuOshi\",\"description\":\"\",\"publisher\":{\"@id\":\"https:\/\/otakuoshi.com\/#organization\"},\"alternateName\":\"Otaku Oshi\",\"potentialAction\":[{\"@type\":\"SearchAction\",\"target\":{\"@type\":\"EntryPoint\",\"urlTemplate\":\"https:\/\/otakuoshi.com\/?s={search_term_string}\"},\"query-input\":{\"@type\":\"PropertyValueSpecification\",\"valueRequired\":true,\"valueName\":\"search_term_string\"}}],\"inLanguage\":\"sv-SE\"},{\"@type\":\"Organization\",\"@id\":\"https:\/\/otakuoshi.com\/#organization\",\"name\":\"OtakuOshi\",\"url\":\"https:\/\/otakuoshi.com\/\",\"logo\":{\"@type\":\"ImageObject\",\"inLanguage\":\"sv-SE\",\"@id\":\"https:\/\/otakuoshi.com\/#\/schema\/logo\/image\/\",\"url\":\"https:\/\/otakuoshi.com\/wp-content\/uploads\/2025\/07\/logo.jpg\",\"contentUrl\":\"https:\/\/otakuoshi.com\/wp-content\/uploads\/2025\/07\/logo.jpg\",\"width\":458,\"height\":164,\"caption\":\"OtakuOshi\"},\"image\":{\"@id\":\"https:\/\/otakuoshi.com\/#\/schema\/logo\/image\/\"},\"sameAs\":[\"https:\/\/x.com\/OtakuOshi\"]}]}<\/script>\n<!-- \/ Yoast SEO plugin. -->","yoast_head_json":{"title":"Varum\u00e4rke","robots":{"index":"index","follow":"follow","max-snippet":"max-snippet:-1","max-image-preview":"max-image-preview:large","max-video-preview":"max-video-preview:-1"},"canonical":"https:\/\/otakuoshi.com\/sv\/varumarke\/","og_locale":"sv_SE","og_type":"article","og_title":"Marca","og_description":"OtakuOshi es m\u00e1s que una plataforma: es una marca construida sobre la pasi\u00f3n, la identidad y el esp\u00edritu de la cultura otaku global. Nacida de&hellip;","og_url":"https:\/\/otakuoshi.com\/sv\/varumarke\/","og_site_name":"OtakuOshi","og_image":[{"width":512,"height":512,"url":"https:\/\/otakuoshi.com\/wp-content\/uploads\/2025\/07\/cropped-logo.jpg","type":"image\/jpeg"}],"twitter_card":"summary_large_image","twitter_site":"@OtakuOshi","twitter_misc":{"Ber\u00e4knad l\u00e4stid":"2 minuter"},"schema":{"@context":"https:\/\/schema.org","@graph":[{"@type":"WebPage","@id":"https:\/\/otakuoshi.com\/marca\/","url":"https:\/\/otakuoshi.com\/marca\/","name":"Varum\u00e4rke","isPartOf":{"@id":"https:\/\/otakuoshi.com\/#website"},"datePublished":"2025-07-22T09:01:00+00:00","breadcrumb":{"@id":"https:\/\/otakuoshi.com\/marca\/#breadcrumb"},"inLanguage":"sv-SE","potentialAction":[{"@type":"ReadAction","target":["https:\/\/otakuoshi.com\/marca\/"]}]},{"@type":"BreadcrumbList","@id":"https:\/\/otakuoshi.com\/marca\/#breadcrumb","itemListElement":[{"@type":"ListItem","position":1,"name":"Home","item":"https:\/\/otakuoshi.com\/"},{"@type":"ListItem","position":2,"name":"Marca"}]},{"@type":"WebSite","@id":"https:\/\/otakuoshi.com\/#website","url":"https:\/\/otakuoshi.com\/","name":"OtakuOshi","description":"","publisher":{"@id":"https:\/\/otakuoshi.com\/#organization"},"alternateName":"Otaku Oshi","potentialAction":[{"@type":"SearchAction","target":{"@type":"EntryPoint","urlTemplate":"https:\/\/otakuoshi.com\/?s={search_term_string}"},"query-input":{"@type":"PropertyValueSpecification","valueRequired":true,"valueName":"search_term_string"}}],"inLanguage":"sv-SE"},{"@type":"Organization","@id":"https:\/\/otakuoshi.com\/#organization","name":"OtakuOshi","url":"https:\/\/otakuoshi.com\/","logo":{"@type":"ImageObject","inLanguage":"sv-SE","@id":"https:\/\/otakuoshi.com\/#\/schema\/logo\/image\/","url":"https:\/\/otakuoshi.com\/wp-content\/uploads\/2025\/07\/logo.jpg","contentUrl":"https:\/\/otakuoshi.com\/wp-content\/uploads\/2025\/07\/logo.jpg","width":458,"height":164,"caption":"OtakuOshi"},"image":{"@id":"https:\/\/otakuoshi.com\/#\/schema\/logo\/image\/"},"sameAs":["https:\/\/x.com\/OtakuOshi"]}]}},"_links":{"self":[{"href":"https:\/\/otakuoshi.com\/sv\/wp-json\/wp\/v2\/pages\/313","targetHints":{"allow":["GET"]}}],"collection":[{"href":"https:\/\/otakuoshi.com\/sv\/wp-json\/wp\/v2\/pages"}],"about":[{"href":"https:\/\/otakuoshi.com\/sv\/wp-json\/wp\/v2\/types\/page"}],"author":[{"embeddable":true,"href":"https:\/\/otakuoshi.com\/sv\/wp-json\/wp\/v2\/users\/1"}],"replies":[{"embeddable":true,"href":"https:\/\/otakuoshi.com\/sv\/wp-json\/wp\/v2\/comments?post=313"}],"version-history":[{"count":0,"href":"https:\/\/otakuoshi.com\/sv\/wp-json\/wp\/v2\/pages\/313\/revisions"}],"wp:attachment":[{"href":"https:\/\/otakuoshi.com\/sv\/wp-json\/wp\/v2\/media?parent=313"}],"curies":[{"name":"wp","href":"https:\/\/api.w.org\/{rel}","templated":true}]}}